{"id":133831,"date":"2024-01-12T17:57:39","date_gmt":"2024-01-12T15:57:39","guid":{"rendered":"https:\/\/metaltale.com\/produktas\/3d-metala-sienas-dekori-loft-sun-60x60-cm\/"},"modified":"2024-01-12T17:57:39","modified_gmt":"2024-01-12T15:57:39","slug":"3d-metala-sienas-dekori-loft-sun-60x60-cm","status":"publish","type":"product","link":"https:\/\/metaltale.com\/lv\/produkts\/3d-metala-sienas-dekori-loft-sun-60x60-cm\/","title":{"rendered":"3D met\u0101la sienas dekori LOFT SUN 60&#215;60 cm"},"content":{"rendered":"<div class=\"prod_data\">\n<p><strong>Modelis<\/strong> PT.A21513<br \/>\n<strong>EAN.<\/strong>  5907772074992<br \/>\n<strong>Platums (cm<\/strong> ) 60<br \/>\n<strong>Augstums (cm<\/strong> ) 60<br \/>\n<strong>Biezums (cm<\/strong> ) 2,5<br \/>\n<strong>Materi\u0101ls<\/strong> T\u0113rauds<br \/>\n<strong>Forma<\/strong> Kvadr\u0101ts<br \/>\nOrient\u0113\u0161an\u0101s Univers\u0101l\u0101<br \/>\nCiti mot\u012bvi<\/p>\n<p>&#8211; 3D met\u0101la sienu ap\u0161uvums no p\u0101rstr\u0101d\u0101ta t\u0113rauda<br \/>\n&#8211; \u012astas p\u0101rkares, kas rada satrieco\u0161u tr\u012bsdimensiju efektu.<br \/>\n&#8211; izsl\u0113gt\u0101s kr\u0101sas garant\u0113 daudzpus\u012bbu un p\u0101rlaic\u012bgumu.<br \/>\n&#8211; impregn\u0113\u0161ana ar caursp\u012bd\u012bgu laku garant\u0113 kr\u0101sas notur\u012bbu un iztur\u012bbu pret skr\u0101p\u0113jumiem.<\/p>\n<hr>\n<p>Sun met\u0101la sienu ap\u0161uvums ir m\u016bsdien\u012bguma un grezn\u012bbas piesk\u0101riens, ko varam ieviest sav\u0101 interjer\u0101. Zelta kr\u0101sas izmanto\u0161ana uz tirk\u012bza fona lieliski par\u0101da kontrastu starp debes\u012bm un sauli. Apdares ori\u0123inalit\u0101ti papildina tas, ka t\u0101 ir izgatavota no p\u0101rstr\u0101d\u0101ta t\u0113rauda. Es pievienoju vi\u0146a roku darba autentiskumu, lai neb\u016btu divu vien\u0101du eksempl\u0101ru. \u0160\u012b apdare b\u016bs skaists un ori\u0123in\u0101ls papildin\u0101jums m\u016bsu viesistabai vai gu\u013camistabai. \u0160is nelielais m\u0101kslas darbs b\u016bs lieliska d\u0101vin\u0101juma ideja. Apdares uzst\u0101d\u012b\u0161ana ir iesp\u0113jama, pateicoties komplekt\u0101 iek\u013cautajiem stiprin\u0101juma kron\u0161teiniem.<\/p>\n<\/div>\n","protected":false},"excerpt":{"rendered":"<p>Modelis PT.A21513 EAN. 5907772074992 Platums (cm ) 60 Augstums (cm ) 60 Biezums (cm ) 2,5 Materi\u0101ls T\u0113rauds Forma Kvadr\u0101ts<\/p>\n","protected":false},"featured_media":75052,"comment_status":"open","ping_status":"closed","template":"","meta":{"_acf_changed":false,"pmpro_default_level":""},"product_brand":[],"product_cat":[24055,23908],"product_tag":[],"class_list":{"0":"post-133831","1":"product","2":"type-product","3":"status-publish","4":"has-post-thumbnail","6":"product_cat-rotajumi","7":"product_cat-3d-paveikslai-lv","8":"pmpro-has-access","10":"first","11":"instock","12":"shipping-taxable","13":"purchasable","14":"product-type-simple"},"acf":[],"yoast_head":"<!-- This site is optimized with the Yoast SEO plugin v24.9 - https:\/\/yoast.com\/wordpress\/plugins\/seo\/ -->\n<title>3D met\u0101la sienas dekori LOFT SUN 60x60 cm - MetalTale.com<\/title>\n<meta name=\"robots\" content=\"index, follow, max-snippet:-1, max-image-preview:large, max-video-preview:-1\" \/>\n<link rel=\"canonical\" href=\"https:\/\/metaltale.com\/lv\/produkts\/3d-metala-sienas-dekori-loft-sun-60x60-cm\/\" \/>\n<meta property=\"og:locale\" content=\"lv_LV\" \/>\n<meta property=\"og:type\" content=\"article\" \/>\n<meta property=\"og:title\" content=\"3D met\u0101la sienas dekori LOFT SUN 60x60 cm - MetalTale.com\" \/>\n<meta property=\"og:description\" content=\"Modelis PT.A21513 EAN. 5907772074992 Platums (cm ) 60 Augstums (cm ) 60 Biezums (cm ) 2,5 Materi\u0101ls T\u0113rauds Forma Kvadr\u0101ts\" \/>\n<meta property=\"og:url\" content=\"https:\/\/metaltale.com\/lv\/produkts\/3d-metala-sienas-dekori-loft-sun-60x60-cm\/\" \/>\n<meta property=\"og:site_name\" content=\"MetalTale.com\" \/>\n<meta property=\"og:image\" content=\"https:\/\/metaltale.com\/wp-content\/uploads\/2023\/09\/Metalo-sienx173-apdaila-3D-PALx116Px116S-SAULx116.jpg\" \/>\n\t<meta property=\"og:image:width\" content=\"800\" \/>\n\t<meta property=\"og:image:height\" content=\"800\" \/>\n\t<meta property=\"og:image:type\" content=\"image\/jpeg\" \/>\n<meta name=\"twitter:card\" content=\"summary_large_image\" \/>\n<meta name=\"twitter:label1\" content=\"Est. reading time\" \/>\n\t<meta name=\"twitter:data1\" content=\"1 minute\" \/>\n<script type=\"application\/ld+json\" class=\"yoast-schema-graph\">{\"@context\":\"https:\/\/schema.org\",\"@graph\":[{\"@type\":\"WebPage\",\"@id\":\"https:\/\/metaltale.com\/lv\/produkts\/3d-metala-sienas-dekori-loft-sun-60x60-cm\/\",\"url\":\"https:\/\/metaltale.com\/lv\/produkts\/3d-metala-sienas-dekori-loft-sun-60x60-cm\/\",\"name\":\"3D met\u0101la sienas dekori LOFT SUN 60x60 cm - MetalTale.com\",\"isPartOf\":{\"@id\":\"https:\/\/metaltale.com\/lv\/#website\"},\"primaryImageOfPage\":{\"@id\":\"https:\/\/metaltale.com\/lv\/produkts\/3d-metala-sienas-dekori-loft-sun-60x60-cm\/#primaryimage\"},\"image\":{\"@id\":\"https:\/\/metaltale.com\/lv\/produkts\/3d-metala-sienas-dekori-loft-sun-60x60-cm\/#primaryimage\"},\"thumbnailUrl\":\"https:\/\/metaltale.com\/wp-content\/uploads\/2023\/09\/Metalo-sienx173-apdaila-3D-PALx116Px116S-SAULx116.jpg\",\"datePublished\":\"2024-01-12T15:57:39+00:00\",\"breadcrumb\":{\"@id\":\"https:\/\/metaltale.com\/lv\/produkts\/3d-metala-sienas-dekori-loft-sun-60x60-cm\/#breadcrumb\"},\"inLanguage\":\"lv-LV\",\"potentialAction\":[{\"@type\":\"ReadAction\",\"target\":[\"https:\/\/metaltale.com\/lv\/produkts\/3d-metala-sienas-dekori-loft-sun-60x60-cm\/\"]}]},{\"@type\":\"ImageObject\",\"inLanguage\":\"lv-LV\",\"@id\":\"https:\/\/metaltale.com\/lv\/produkts\/3d-metala-sienas-dekori-loft-sun-60x60-cm\/#primaryimage\",\"url\":\"https:\/\/metaltale.com\/wp-content\/uploads\/2023\/09\/Metalo-sienx173-apdaila-3D-PALx116Px116S-SAULx116.jpg\",\"contentUrl\":\"https:\/\/metaltale.com\/wp-content\/uploads\/2023\/09\/Metalo-sienx173-apdaila-3D-PALx116Px116S-SAULx116.jpg\",\"width\":800,\"height\":800},{\"@type\":\"BreadcrumbList\",\"@id\":\"https:\/\/metaltale.com\/lv\/produkts\/3d-metala-sienas-dekori-loft-sun-60x60-cm\/#breadcrumb\",\"itemListElement\":[{\"@type\":\"ListItem\",\"position\":1,\"name\":\"Home\",\"item\":\"https:\/\/metaltale.com\/lv\/majas\/\"},{\"@type\":\"ListItem\",\"position\":2,\"name\":\"Veikals\",\"item\":\"https:\/\/metaltale.com\/lv\/shop\/\"},{\"@type\":\"ListItem\",\"position\":3,\"name\":\"3D met\u0101la sienas dekori LOFT SUN 60&#215;60 cm\"}]},{\"@type\":\"WebSite\",\"@id\":\"https:\/\/metaltale.com\/lv\/#website\",\"url\":\"https:\/\/metaltale.com\/lv\/\",\"name\":\"Metaltale.com\",\"description\":\"\",\"potentialAction\":[{\"@type\":\"SearchAction\",\"target\":{\"@type\":\"EntryPoint\",\"urlTemplate\":\"https:\/\/metaltale.com\/lv\/?s={search_term_string}\"},\"query-input\":{\"@type\":\"PropertyValueSpecification\",\"valueRequired\":true,\"valueName\":\"search_term_string\"}}],\"inLanguage\":\"lv-LV\"}]}<\/script>\n<!-- \/ Yoast SEO plugin. -->","yoast_head_json":{"title":"3D met\u0101la sienas dekori LOFT SUN 60x60 cm - MetalTale.com","robots":{"index":"index","follow":"follow","max-snippet":"max-snippet:-1","max-image-preview":"max-image-preview:large","max-video-preview":"max-video-preview:-1"},"canonical":"https:\/\/metaltale.com\/lv\/produkts\/3d-metala-sienas-dekori-loft-sun-60x60-cm\/","og_locale":"lv_LV","og_type":"article","og_title":"3D met\u0101la sienas dekori LOFT SUN 60x60 cm - MetalTale.com","og_description":"Modelis PT.A21513 EAN. 5907772074992 Platums (cm ) 60 Augstums (cm ) 60 Biezums (cm ) 2,5 Materi\u0101ls T\u0113rauds Forma Kvadr\u0101ts","og_url":"https:\/\/metaltale.com\/lv\/produkts\/3d-metala-sienas-dekori-loft-sun-60x60-cm\/","og_site_name":"MetalTale.com","og_image":[{"width":800,"height":800,"url":"https:\/\/metaltale.com\/wp-content\/uploads\/2023\/09\/Metalo-sienx173-apdaila-3D-PALx116Px116S-SAULx116.jpg","type":"image\/jpeg"}],"twitter_card":"summary_large_image","twitter_misc":{"Est. reading time":"1 minute"},"schema":{"@context":"https:\/\/schema.org","@graph":[{"@type":"WebPage","@id":"https:\/\/metaltale.com\/lv\/produkts\/3d-metala-sienas-dekori-loft-sun-60x60-cm\/","url":"https:\/\/metaltale.com\/lv\/produkts\/3d-metala-sienas-dekori-loft-sun-60x60-cm\/","name":"3D met\u0101la sienas dekori LOFT SUN 60x60 cm - MetalTale.com","isPartOf":{"@id":"https:\/\/metaltale.com\/lv\/#website"},"primaryImageOfPage":{"@id":"https:\/\/metaltale.com\/lv\/produkts\/3d-metala-sienas-dekori-loft-sun-60x60-cm\/#primaryimage"},"image":{"@id":"https:\/\/metaltale.com\/lv\/produkts\/3d-metala-sienas-dekori-loft-sun-60x60-cm\/#primaryimage"},"thumbnailUrl":"https:\/\/metaltale.com\/wp-content\/uploads\/2023\/09\/Metalo-sienx173-apdaila-3D-PALx116Px116S-SAULx116.jpg","datePublished":"2024-01-12T15:57:39+00:00","breadcrumb":{"@id":"https:\/\/metaltale.com\/lv\/produkts\/3d-metala-sienas-dekori-loft-sun-60x60-cm\/#breadcrumb"},"inLanguage":"lv-LV","potentialAction":[{"@type":"ReadAction","target":["https:\/\/metaltale.com\/lv\/produkts\/3d-metala-sienas-dekori-loft-sun-60x60-cm\/"]}]},{"@type":"ImageObject","inLanguage":"lv-LV","@id":"https:\/\/metaltale.com\/lv\/produkts\/3d-metala-sienas-dekori-loft-sun-60x60-cm\/#primaryimage","url":"https:\/\/metaltale.com\/wp-content\/uploads\/2023\/09\/Metalo-sienx173-apdaila-3D-PALx116Px116S-SAULx116.jpg","contentUrl":"https:\/\/metaltale.com\/wp-content\/uploads\/2023\/09\/Metalo-sienx173-apdaila-3D-PALx116Px116S-SAULx116.jpg","width":800,"height":800},{"@type":"BreadcrumbList","@id":"https:\/\/metaltale.com\/lv\/produkts\/3d-metala-sienas-dekori-loft-sun-60x60-cm\/#breadcrumb","itemListElement":[{"@type":"ListItem","position":1,"name":"Home","item":"https:\/\/metaltale.com\/lv\/majas\/"},{"@type":"ListItem","position":2,"name":"Veikals","item":"https:\/\/metaltale.com\/lv\/shop\/"},{"@type":"ListItem","position":3,"name":"3D met\u0101la sienas dekori LOFT SUN 60&#215;60 cm"}]},{"@type":"WebSite","@id":"https:\/\/metaltale.com\/lv\/#website","url":"https:\/\/metaltale.com\/lv\/","name":"Metaltale.com","description":"","potentialAction":[{"@type":"SearchAction","target":{"@type":"EntryPoint","urlTemplate":"https:\/\/metaltale.com\/lv\/?s={search_term_string}"},"query-input":{"@type":"PropertyValueSpecification","valueRequired":true,"valueName":"search_term_string"}}],"inLanguage":"lv-LV"}]}},"_links":{"self":[{"href":"https:\/\/metaltale.com\/lv\/wp-json\/wp\/v2\/product\/133831","targetHints":{"allow":["GET"]}}],"collection":[{"href":"https:\/\/metaltale.com\/lv\/wp-json\/wp\/v2\/product"}],"about":[{"href":"https:\/\/metaltale.com\/lv\/wp-json\/wp\/v2\/types\/product"}],"replies":[{"embeddable":true,"href":"https:\/\/metaltale.com\/lv\/wp-json\/wp\/v2\/comments?post=133831"}],"version-history":[{"count":0,"href":"https:\/\/metaltale.com\/lv\/wp-json\/wp\/v2\/product\/133831\/revisions"}],"wp:featuredmedia":[{"embeddable":true,"href":"https:\/\/metaltale.com\/lv\/wp-json\/wp\/v2\/media\/75052"}],"wp:attachment":[{"href":"https:\/\/metaltale.com\/lv\/wp-json\/wp\/v2\/media?parent=133831"}],"wp:term":[{"taxonomy":"product_brand","embeddable":true,"href":"https:\/\/metaltale.com\/lv\/wp-json\/wp\/v2\/product_brand?post=133831"},{"taxonomy":"product_cat","embeddable":true,"href":"https:\/\/metaltale.com\/lv\/wp-json\/wp\/v2\/product_cat?post=133831"},{"taxonomy":"product_tag","embeddable":true,"href":"https:\/\/metaltale.com\/lv\/wp-json\/wp\/v2\/product_tag?post=133831"}],"curies":[{"name":"wp","href":"https:\/\/api.w.org\/{rel}","templated":true}]}}