{"id":133827,"date":"2024-02-13T14:29:05","date_gmt":"2024-02-13T12:29:05","guid":{"rendered":"https:\/\/metaltale.com\/produktas\/3d-metala-attels-loft-artwork-140x70-cm\/"},"modified":"2024-02-13T14:29:05","modified_gmt":"2024-02-13T12:29:05","slug":"3d-metala-attels-loft-artwork-140x70-cm","status":"publish","type":"product","link":"https:\/\/metaltale.com\/lv\/produkts\/3d-metala-attels-loft-artwork-140x70-cm\/","title":{"rendered":"3D met\u0101la att\u0113ls LOFT ARTWORK 140&#215;70 cm"},"content":{"rendered":"<div class=\"prod_data\">\n<p><strong>Modelis<\/strong> PT. L19431<br \/>\n<strong>EAN.<\/strong>  5907772073629<br \/>\n<strong>Platums (cm)<\/strong> 140<br \/>\n<strong>Augstums (cm<\/strong> ) 70<br \/>\n<strong>Biezums (cm<\/strong> ) 5<br \/>\n<strong>Materi\u0101ls<\/strong> T\u0113rauds<br \/>\nOrient\u0101cija Horizont\u0101l\u0101<br \/>\nCilv\u0113ki ar mot\u012bviem<\/p>\n<p>&#8211; met\u0101la 3D att\u0113ls no p\u0101rstr\u0101d\u0101ta t\u0113rauda<br \/>\n&#8211; faktiskie izvirz\u012bjumi<br \/>\n&#8211; kr\u0101sas, ko rada kr\u0101sa vai dabiska kr\u0101sas mai\u0146a un korozija.<br \/>\n&#8211; impregn\u0113\u0161ana ar caursp\u012bd\u012bgu laku garant\u0113 kr\u0101sas notur\u012bbu un iztur\u012bbu pret skr\u0101p\u0113jumiem.<br \/>\n&#8211; glezn\u0101 ir att\u0113lota retro stila sievie\u0161u grupa, un tai ir gleznas raksturs.<\/p>\n<hr>\n<p>Att\u0113ls ir t\u0101ds, k\u0101ds tas ir uzz\u012bm\u0113ts, un&#8230; t\u0113rauds! M\u0101kslas darbiem nav tipiska industri\u0101la stila. Gleznas t\u0113lu m\u0101kslinieciskais raksturs pie\u0161\u0137ir telpai pasaku raksturu, ko v\u0113l vair\u0101k pasv\u012btro retro t\u0113rpi. Melnais un dzeltenais fons pie\u0161\u0137ir smalku industri\u0101lu noska\u0146u. Telpiskie sienu dekori no met\u0101la ir inovat\u012bvs interjera m\u0101kslas veids. 3D efekta rad\u012btais dzi\u013cums izskat\u0101s intri\u0123\u0113jo\u0161i un ori\u0123in\u0101li, padarot katru kopiju unik\u0101lu. Met\u0101la 3D ir neparasts dekors un ori\u0123in\u0101la d\u0101vin\u0101juma ideja &#8211; ne tikai m\u0101kslas cien\u012bt\u0101jiem. Paredz\u0113tais p\u0101rsp\u012bl\u0113juma un noveco\u0161anas efekts, k\u0101 ar\u012b korozijas procesa izmanto\u0161ana, lai ieg\u016btu r\u016bsas kr\u0101su, atbilst nozares tendenc\u0113m, neuzspie\u017eot imid\u017ea stilu. Praktiskie stiprin\u0101juma kron\u0161teini \u013cauj viegli piek\u0101rt att\u0113lu pie sienas.<\/p>\n<\/div>\n","protected":false},"excerpt":{"rendered":"<p>Modelis PT. L19431 EAN. 5907772073629 Platums (cm) 140 Augstums (cm ) 70 Biezums (cm ) 5 Materi\u0101ls T\u0113rauds Orient\u0101cija Horizont\u0101l\u0101<\/p>\n","protected":false},"featured_media":69466,"comment_status":"open","ping_status":"closed","template":"","meta":{"_acf_changed":false,"pmpro_default_level":""},"product_brand":[],"product_cat":[24055,23908],"product_tag":[],"class_list":{"0":"post-133827","1":"product","2":"type-product","3":"status-publish","4":"has-post-thumbnail","6":"product_cat-rotajumi","7":"product_cat-3d-paveikslai-lv","8":"pmpro-has-access","10":"first","11":"instock","12":"shipping-taxable","13":"purchasable","14":"product-type-simple"},"acf":[],"yoast_head":"<!-- This site is optimized with the Yoast SEO plugin v24.9 - https:\/\/yoast.com\/wordpress\/plugins\/seo\/ -->\n<title>3D met\u0101la att\u0113ls LOFT ARTWORK 140x70 cm - MetalTale.com<\/title>\n<meta name=\"robots\" content=\"index, follow, max-snippet:-1, max-image-preview:large, max-video-preview:-1\" \/>\n<link rel=\"canonical\" href=\"https:\/\/metaltale.com\/lv\/produkts\/3d-metala-attels-loft-artwork-140x70-cm\/\" \/>\n<meta property=\"og:locale\" content=\"lv_LV\" \/>\n<meta property=\"og:type\" content=\"article\" \/>\n<meta property=\"og:title\" content=\"3D met\u0101la att\u0113ls LOFT ARTWORK 140x70 cm - MetalTale.com\" \/>\n<meta property=\"og:description\" content=\"Modelis PT. L19431 EAN. 5907772073629 Platums (cm) 140 Augstums (cm ) 70 Biezums (cm ) 5 Materi\u0101ls T\u0113rauds Orient\u0101cija Horizont\u0101l\u0101\" \/>\n<meta property=\"og:url\" content=\"https:\/\/metaltale.com\/lv\/produkts\/3d-metala-attels-loft-artwork-140x70-cm\/\" \/>\n<meta property=\"og:site_name\" content=\"MetalTale.com\" \/>\n<meta name=\"twitter:card\" content=\"summary_large_image\" \/>\n<meta name=\"twitter:label1\" content=\"Est. reading time\" \/>\n\t<meta name=\"twitter:data1\" content=\"1 minute\" \/>\n<script type=\"application\/ld+json\" class=\"yoast-schema-graph\">{\"@context\":\"https:\/\/schema.org\",\"@graph\":[{\"@type\":\"WebPage\",\"@id\":\"https:\/\/metaltale.com\/lv\/produkts\/3d-metala-attels-loft-artwork-140x70-cm\/\",\"url\":\"https:\/\/metaltale.com\/lv\/produkts\/3d-metala-attels-loft-artwork-140x70-cm\/\",\"name\":\"3D met\u0101la att\u0113ls LOFT ARTWORK 140x70 cm - MetalTale.com\",\"isPartOf\":{\"@id\":\"https:\/\/metaltale.com\/lv\/#website\"},\"primaryImageOfPage\":{\"@id\":\"https:\/\/metaltale.com\/lv\/produkts\/3d-metala-attels-loft-artwork-140x70-cm\/#primaryimage\"},\"image\":{\"@id\":\"https:\/\/metaltale.com\/lv\/produkts\/3d-metala-attels-loft-artwork-140x70-cm\/#primaryimage\"},\"thumbnailUrl\":\"https:\/\/metaltale.com\/wp-content\/uploads\/2023\/09\/Obraz-3D-LOFT-MENO-Kx16ARINIAI.jpg\",\"datePublished\":\"2024-02-13T12:29:05+00:00\",\"breadcrumb\":{\"@id\":\"https:\/\/metaltale.com\/lv\/produkts\/3d-metala-attels-loft-artwork-140x70-cm\/#breadcrumb\"},\"inLanguage\":\"lv-LV\",\"potentialAction\":[{\"@type\":\"ReadAction\",\"target\":[\"https:\/\/metaltale.com\/lv\/produkts\/3d-metala-attels-loft-artwork-140x70-cm\/\"]}]},{\"@type\":\"ImageObject\",\"inLanguage\":\"lv-LV\",\"@id\":\"https:\/\/metaltale.com\/lv\/produkts\/3d-metala-attels-loft-artwork-140x70-cm\/#primaryimage\",\"url\":\"https:\/\/metaltale.com\/wp-content\/uploads\/2023\/09\/Obraz-3D-LOFT-MENO-Kx16ARINIAI.jpg\",\"contentUrl\":\"https:\/\/metaltale.com\/wp-content\/uploads\/2023\/09\/Obraz-3D-LOFT-MENO-Kx16ARINIAI.jpg\",\"width\":800,\"height\":800},{\"@type\":\"BreadcrumbList\",\"@id\":\"https:\/\/metaltale.com\/lv\/produkts\/3d-metala-attels-loft-artwork-140x70-cm\/#breadcrumb\",\"itemListElement\":[{\"@type\":\"ListItem\",\"position\":1,\"name\":\"Home\",\"item\":\"https:\/\/metaltale.com\/lv\/majas\/\"},{\"@type\":\"ListItem\",\"position\":2,\"name\":\"Veikals\",\"item\":\"https:\/\/metaltale.com\/lv\/shop\/\"},{\"@type\":\"ListItem\",\"position\":3,\"name\":\"3D met\u0101la att\u0113ls LOFT ARTWORK 140&#215;70 cm\"}]},{\"@type\":\"WebSite\",\"@id\":\"https:\/\/metaltale.com\/lv\/#website\",\"url\":\"https:\/\/metaltale.com\/lv\/\",\"name\":\"Metaltale.com\",\"description\":\"\",\"potentialAction\":[{\"@type\":\"SearchAction\",\"target\":{\"@type\":\"EntryPoint\",\"urlTemplate\":\"https:\/\/metaltale.com\/lv\/?s={search_term_string}\"},\"query-input\":{\"@type\":\"PropertyValueSpecification\",\"valueRequired\":true,\"valueName\":\"search_term_string\"}}],\"inLanguage\":\"lv-LV\"}]}<\/script>\n<!-- \/ Yoast SEO plugin. -->","yoast_head_json":{"title":"3D met\u0101la att\u0113ls LOFT ARTWORK 140x70 cm - MetalTale.com","robots":{"index":"index","follow":"follow","max-snippet":"max-snippet:-1","max-image-preview":"max-image-preview:large","max-video-preview":"max-video-preview:-1"},"canonical":"https:\/\/metaltale.com\/lv\/produkts\/3d-metala-attels-loft-artwork-140x70-cm\/","og_locale":"lv_LV","og_type":"article","og_title":"3D met\u0101la att\u0113ls LOFT ARTWORK 140x70 cm - MetalTale.com","og_description":"Modelis PT. L19431 EAN. 5907772073629 Platums (cm) 140 Augstums (cm ) 70 Biezums (cm ) 5 Materi\u0101ls T\u0113rauds Orient\u0101cija Horizont\u0101l\u0101","og_url":"https:\/\/metaltale.com\/lv\/produkts\/3d-metala-attels-loft-artwork-140x70-cm\/","og_site_name":"MetalTale.com","twitter_card":"summary_large_image","twitter_misc":{"Est. reading time":"1 minute"},"schema":{"@context":"https:\/\/schema.org","@graph":[{"@type":"WebPage","@id":"https:\/\/metaltale.com\/lv\/produkts\/3d-metala-attels-loft-artwork-140x70-cm\/","url":"https:\/\/metaltale.com\/lv\/produkts\/3d-metala-attels-loft-artwork-140x70-cm\/","name":"3D met\u0101la att\u0113ls LOFT ARTWORK 140x70 cm - MetalTale.com","isPartOf":{"@id":"https:\/\/metaltale.com\/lv\/#website"},"primaryImageOfPage":{"@id":"https:\/\/metaltale.com\/lv\/produkts\/3d-metala-attels-loft-artwork-140x70-cm\/#primaryimage"},"image":{"@id":"https:\/\/metaltale.com\/lv\/produkts\/3d-metala-attels-loft-artwork-140x70-cm\/#primaryimage"},"thumbnailUrl":"https:\/\/metaltale.com\/wp-content\/uploads\/2023\/09\/Obraz-3D-LOFT-MENO-Kx16ARINIAI.jpg","datePublished":"2024-02-13T12:29:05+00:00","breadcrumb":{"@id":"https:\/\/metaltale.com\/lv\/produkts\/3d-metala-attels-loft-artwork-140x70-cm\/#breadcrumb"},"inLanguage":"lv-LV","potentialAction":[{"@type":"ReadAction","target":["https:\/\/metaltale.com\/lv\/produkts\/3d-metala-attels-loft-artwork-140x70-cm\/"]}]},{"@type":"ImageObject","inLanguage":"lv-LV","@id":"https:\/\/metaltale.com\/lv\/produkts\/3d-metala-attels-loft-artwork-140x70-cm\/#primaryimage","url":"https:\/\/metaltale.com\/wp-content\/uploads\/2023\/09\/Obraz-3D-LOFT-MENO-Kx16ARINIAI.jpg","contentUrl":"https:\/\/metaltale.com\/wp-content\/uploads\/2023\/09\/Obraz-3D-LOFT-MENO-Kx16ARINIAI.jpg","width":800,"height":800},{"@type":"BreadcrumbList","@id":"https:\/\/metaltale.com\/lv\/produkts\/3d-metala-attels-loft-artwork-140x70-cm\/#breadcrumb","itemListElement":[{"@type":"ListItem","position":1,"name":"Home","item":"https:\/\/metaltale.com\/lv\/majas\/"},{"@type":"ListItem","position":2,"name":"Veikals","item":"https:\/\/metaltale.com\/lv\/shop\/"},{"@type":"ListItem","position":3,"name":"3D met\u0101la att\u0113ls LOFT ARTWORK 140&#215;70 cm"}]},{"@type":"WebSite","@id":"https:\/\/metaltale.com\/lv\/#website","url":"https:\/\/metaltale.com\/lv\/","name":"Metaltale.com","description":"","potentialAction":[{"@type":"SearchAction","target":{"@type":"EntryPoint","urlTemplate":"https:\/\/metaltale.com\/lv\/?s={search_term_string}"},"query-input":{"@type":"PropertyValueSpecification","valueRequired":true,"valueName":"search_term_string"}}],"inLanguage":"lv-LV"}]}},"_links":{"self":[{"href":"https:\/\/metaltale.com\/lv\/wp-json\/wp\/v2\/product\/133827","targetHints":{"allow":["GET"]}}],"collection":[{"href":"https:\/\/metaltale.com\/lv\/wp-json\/wp\/v2\/product"}],"about":[{"href":"https:\/\/metaltale.com\/lv\/wp-json\/wp\/v2\/types\/product"}],"replies":[{"embeddable":true,"href":"https:\/\/metaltale.com\/lv\/wp-json\/wp\/v2\/comments?post=133827"}],"version-history":[{"count":0,"href":"https:\/\/metaltale.com\/lv\/wp-json\/wp\/v2\/product\/133827\/revisions"}],"wp:featuredmedia":[{"embeddable":true,"href":"https:\/\/metaltale.com\/lv\/wp-json\/wp\/v2\/media\/69466"}],"wp:attachment":[{"href":"https:\/\/metaltale.com\/lv\/wp-json\/wp\/v2\/media?parent=133827"}],"wp:term":[{"taxonomy":"product_brand","embeddable":true,"href":"https:\/\/metaltale.com\/lv\/wp-json\/wp\/v2\/product_brand?post=133827"},{"taxonomy":"product_cat","embeddable":true,"href":"https:\/\/metaltale.com\/lv\/wp-json\/wp\/v2\/product_cat?post=133827"},{"taxonomy":"product_tag","embeddable":true,"href":"https:\/\/metaltale.com\/lv\/wp-json\/wp\/v2\/product_tag?post=133827"}],"curies":[{"name":"wp","href":"https:\/\/api.w.org\/{rel}","templated":true}]}}