{"id":133824,"date":"2024-02-13T15:01:05","date_gmt":"2024-02-13T13:01:05","guid":{"rendered":"https:\/\/metaltale.com\/produktas\/3d-metala-attels-loft-giraffe-60x90-cm\/"},"modified":"2024-02-13T15:01:05","modified_gmt":"2024-02-13T13:01:05","slug":"3d-metala-attels-loft-giraffe-60x90-cm","status":"publish","type":"product","link":"https:\/\/metaltale.com\/lv\/produkts\/3d-metala-attels-loft-giraffe-60x90-cm\/","title":{"rendered":"3D met\u0101la att\u0113ls LOFT Giraffe 60&#215;90 cm"},"content":{"rendered":"<div class=\"prod_data\">\n<p><strong>Modelis<\/strong> PT. L22128<br \/>\n<strong>EAN.<\/strong>  5907772074701<br \/>\n<strong>Platums (cm<\/strong> ) 60<br \/>\n<strong>Augstums (cm<\/strong> ) 90<br \/>\n<strong>Biezums (cm<\/strong> ) 4<br \/>\n<strong>Materi\u0101ls<\/strong> T\u0113rauds<br \/>\n<strong>Formas<\/strong> Taisnst\u016bra <strong>formas<\/strong><br \/>\nOrient\u0101cija Vertik\u0101l\u0101<br \/>\nDz\u012bvnieku mot\u012bvs<\/p>\n<p>&#8211; met\u0101la 3D att\u0113ls no p\u0101rstr\u0101d\u0101ta t\u0113rauda<br \/>\n&#8211; \u012astas p\u0101rkares, kas rada satrieco\u0161u tr\u012bsdimensiju efektu.<br \/>\n&#8211; kr\u0101sas, ko rada kr\u0101sa vai dabiska kr\u0101sas mai\u0146a un korozija.<br \/>\n&#8211; impregn\u0113\u0161ana ar caursp\u012bd\u012bgu laku garant\u0113 kr\u0101sas notur\u012bbu un iztur\u012bbu pret skr\u0101p\u0113jumiem.<br \/>\n&#8211; \u0160aj\u0101 att\u0113l\u0101 redzama kr\u0101saina \u017eirafe<\/p>\n<hr>\n<p>Tr\u012bsdimensiju apdare ir ide\u0101ls risin\u0101jums ikvienam, kas mekl\u0113 ori\u0123in\u0101lu un unik\u0101lu apdari, kas b\u016bs dekorat\u012bvs elements daudzus gadus. Att\u0113la izveidei tika izmantots t\u0113rauds un koks. Glezna ir veidota ne tikai izmantoto kr\u0101su, bet ar\u012b impregn\u0113t\u0101s r\u016bsas un spraugu d\u0113\u013c neapstr\u0101d\u0101taj\u0101 t\u0113raud\u0101.<br \/>\nRoku darbs, lai nodro\u0161in\u0101tu katra izstr\u0101d\u0101juma unikalit\u0101ti. Iepriek\u0161 att\u0113l\u0101 ir redzama kr\u0101saina \u017eirafe, ta\u010du uzman\u012bba piev\u0113rsta ar\u012b fonam, uz kura m\u0113s redz\u0113sim kr\u0101sainos tekstus. \u0160is skats izgaismos m\u016bsu interjeru un piesaist\u012bs m\u016bsu viesu uzman\u012bbu. Video uzst\u0101d\u012b\u0161ana ir iesp\u0113jama, pateicoties komplekt\u0101cij\u0101 iek\u013cautajiem mont\u0101\u017eas kron\u0161teiniem.<\/p>\n<\/div>\n","protected":false},"excerpt":{"rendered":"<p>Modelis PT. L22128 EAN. 5907772074701 Platums (cm ) 60 Augstums (cm ) 90 Biezums (cm ) 4 Materi\u0101ls T\u0113rauds Formas<\/p>\n","protected":false},"featured_media":74101,"comment_status":"open","ping_status":"closed","template":"","meta":{"_acf_changed":false,"pmpro_default_level":""},"product_brand":[],"product_cat":[24055,23908],"product_tag":[],"class_list":{"0":"post-133824","1":"product","2":"type-product","3":"status-publish","4":"has-post-thumbnail","6":"product_cat-rotajumi","7":"product_cat-3d-paveikslai-lv","8":"pmpro-has-access","10":"first","11":"instock","12":"shipping-taxable","13":"purchasable","14":"product-type-simple"},"acf":[],"yoast_head":"<!-- This site is optimized with the Yoast SEO plugin v24.9 - https:\/\/yoast.com\/wordpress\/plugins\/seo\/ -->\n<title>3D met\u0101la att\u0113ls LOFT Giraffe 60x90 cm - MetalTale.com<\/title>\n<meta name=\"robots\" content=\"index, follow, max-snippet:-1, max-image-preview:large, max-video-preview:-1\" \/>\n<link rel=\"canonical\" href=\"https:\/\/metaltale.com\/lv\/produkts\/3d-metala-attels-loft-giraffe-60x90-cm\/\" \/>\n<meta property=\"og:locale\" content=\"lv_LV\" \/>\n<meta property=\"og:type\" content=\"article\" \/>\n<meta property=\"og:title\" content=\"3D met\u0101la att\u0113ls LOFT Giraffe 60x90 cm - MetalTale.com\" \/>\n<meta property=\"og:description\" content=\"Modelis PT. L22128 EAN. 5907772074701 Platums (cm ) 60 Augstums (cm ) 90 Biezums (cm ) 4 Materi\u0101ls T\u0113rauds Formas\" \/>\n<meta property=\"og:url\" content=\"https:\/\/metaltale.com\/lv\/produkts\/3d-metala-attels-loft-giraffe-60x90-cm\/\" \/>\n<meta property=\"og:site_name\" content=\"MetalTale.com\" \/>\n<meta name=\"twitter:card\" content=\"summary_large_image\" \/>\n<meta name=\"twitter:label1\" content=\"Est. reading time\" \/>\n\t<meta name=\"twitter:data1\" content=\"1 minute\" \/>\n<script type=\"application\/ld+json\" class=\"yoast-schema-graph\">{\"@context\":\"https:\/\/schema.org\",\"@graph\":[{\"@type\":\"WebPage\",\"@id\":\"https:\/\/metaltale.com\/lv\/produkts\/3d-metala-attels-loft-giraffe-60x90-cm\/\",\"url\":\"https:\/\/metaltale.com\/lv\/produkts\/3d-metala-attels-loft-giraffe-60x90-cm\/\",\"name\":\"3D met\u0101la att\u0113ls LOFT Giraffe 60x90 cm - MetalTale.com\",\"isPartOf\":{\"@id\":\"https:\/\/metaltale.com\/lv\/#website\"},\"primaryImageOfPage\":{\"@id\":\"https:\/\/metaltale.com\/lv\/produkts\/3d-metala-attels-loft-giraffe-60x90-cm\/#primaryimage\"},\"image\":{\"@id\":\"https:\/\/metaltale.com\/lv\/produkts\/3d-metala-attels-loft-giraffe-60x90-cm\/#primaryimage\"},\"thumbnailUrl\":\"https:\/\/metaltale.com\/wp-content\/uploads\/2023\/09\/3D-vaizdas-LOFTO-x17DIRAFA.jpg\",\"datePublished\":\"2024-02-13T13:01:05+00:00\",\"breadcrumb\":{\"@id\":\"https:\/\/metaltale.com\/lv\/produkts\/3d-metala-attels-loft-giraffe-60x90-cm\/#breadcrumb\"},\"inLanguage\":\"lv-LV\",\"potentialAction\":[{\"@type\":\"ReadAction\",\"target\":[\"https:\/\/metaltale.com\/lv\/produkts\/3d-metala-attels-loft-giraffe-60x90-cm\/\"]}]},{\"@type\":\"ImageObject\",\"inLanguage\":\"lv-LV\",\"@id\":\"https:\/\/metaltale.com\/lv\/produkts\/3d-metala-attels-loft-giraffe-60x90-cm\/#primaryimage\",\"url\":\"https:\/\/metaltale.com\/wp-content\/uploads\/2023\/09\/3D-vaizdas-LOFTO-x17DIRAFA.jpg\",\"contentUrl\":\"https:\/\/metaltale.com\/wp-content\/uploads\/2023\/09\/3D-vaizdas-LOFTO-x17DIRAFA.jpg\",\"width\":800,\"height\":800},{\"@type\":\"BreadcrumbList\",\"@id\":\"https:\/\/metaltale.com\/lv\/produkts\/3d-metala-attels-loft-giraffe-60x90-cm\/#breadcrumb\",\"itemListElement\":[{\"@type\":\"ListItem\",\"position\":1,\"name\":\"Home\",\"item\":\"https:\/\/metaltale.com\/lv\/majas\/\"},{\"@type\":\"ListItem\",\"position\":2,\"name\":\"Veikals\",\"item\":\"https:\/\/metaltale.com\/lv\/shop\/\"},{\"@type\":\"ListItem\",\"position\":3,\"name\":\"3D met\u0101la att\u0113ls LOFT Giraffe 60&#215;90 cm\"}]},{\"@type\":\"WebSite\",\"@id\":\"https:\/\/metaltale.com\/lv\/#website\",\"url\":\"https:\/\/metaltale.com\/lv\/\",\"name\":\"Metaltale.com\",\"description\":\"\",\"potentialAction\":[{\"@type\":\"SearchAction\",\"target\":{\"@type\":\"EntryPoint\",\"urlTemplate\":\"https:\/\/metaltale.com\/lv\/?s={search_term_string}\"},\"query-input\":{\"@type\":\"PropertyValueSpecification\",\"valueRequired\":true,\"valueName\":\"search_term_string\"}}],\"inLanguage\":\"lv-LV\"}]}<\/script>\n<!-- \/ Yoast SEO plugin. -->","yoast_head_json":{"title":"3D met\u0101la att\u0113ls LOFT Giraffe 60x90 cm - MetalTale.com","robots":{"index":"index","follow":"follow","max-snippet":"max-snippet:-1","max-image-preview":"max-image-preview:large","max-video-preview":"max-video-preview:-1"},"canonical":"https:\/\/metaltale.com\/lv\/produkts\/3d-metala-attels-loft-giraffe-60x90-cm\/","og_locale":"lv_LV","og_type":"article","og_title":"3D met\u0101la att\u0113ls LOFT Giraffe 60x90 cm - MetalTale.com","og_description":"Modelis PT. L22128 EAN. 5907772074701 Platums (cm ) 60 Augstums (cm ) 90 Biezums (cm ) 4 Materi\u0101ls T\u0113rauds Formas","og_url":"https:\/\/metaltale.com\/lv\/produkts\/3d-metala-attels-loft-giraffe-60x90-cm\/","og_site_name":"MetalTale.com","twitter_card":"summary_large_image","twitter_misc":{"Est. reading time":"1 minute"},"schema":{"@context":"https:\/\/schema.org","@graph":[{"@type":"WebPage","@id":"https:\/\/metaltale.com\/lv\/produkts\/3d-metala-attels-loft-giraffe-60x90-cm\/","url":"https:\/\/metaltale.com\/lv\/produkts\/3d-metala-attels-loft-giraffe-60x90-cm\/","name":"3D met\u0101la att\u0113ls LOFT Giraffe 60x90 cm - MetalTale.com","isPartOf":{"@id":"https:\/\/metaltale.com\/lv\/#website"},"primaryImageOfPage":{"@id":"https:\/\/metaltale.com\/lv\/produkts\/3d-metala-attels-loft-giraffe-60x90-cm\/#primaryimage"},"image":{"@id":"https:\/\/metaltale.com\/lv\/produkts\/3d-metala-attels-loft-giraffe-60x90-cm\/#primaryimage"},"thumbnailUrl":"https:\/\/metaltale.com\/wp-content\/uploads\/2023\/09\/3D-vaizdas-LOFTO-x17DIRAFA.jpg","datePublished":"2024-02-13T13:01:05+00:00","breadcrumb":{"@id":"https:\/\/metaltale.com\/lv\/produkts\/3d-metala-attels-loft-giraffe-60x90-cm\/#breadcrumb"},"inLanguage":"lv-LV","potentialAction":[{"@type":"ReadAction","target":["https:\/\/metaltale.com\/lv\/produkts\/3d-metala-attels-loft-giraffe-60x90-cm\/"]}]},{"@type":"ImageObject","inLanguage":"lv-LV","@id":"https:\/\/metaltale.com\/lv\/produkts\/3d-metala-attels-loft-giraffe-60x90-cm\/#primaryimage","url":"https:\/\/metaltale.com\/wp-content\/uploads\/2023\/09\/3D-vaizdas-LOFTO-x17DIRAFA.jpg","contentUrl":"https:\/\/metaltale.com\/wp-content\/uploads\/2023\/09\/3D-vaizdas-LOFTO-x17DIRAFA.jpg","width":800,"height":800},{"@type":"BreadcrumbList","@id":"https:\/\/metaltale.com\/lv\/produkts\/3d-metala-attels-loft-giraffe-60x90-cm\/#breadcrumb","itemListElement":[{"@type":"ListItem","position":1,"name":"Home","item":"https:\/\/metaltale.com\/lv\/majas\/"},{"@type":"ListItem","position":2,"name":"Veikals","item":"https:\/\/metaltale.com\/lv\/shop\/"},{"@type":"ListItem","position":3,"name":"3D met\u0101la att\u0113ls LOFT Giraffe 60&#215;90 cm"}]},{"@type":"WebSite","@id":"https:\/\/metaltale.com\/lv\/#website","url":"https:\/\/metaltale.com\/lv\/","name":"Metaltale.com","description":"","potentialAction":[{"@type":"SearchAction","target":{"@type":"EntryPoint","urlTemplate":"https:\/\/metaltale.com\/lv\/?s={search_term_string}"},"query-input":{"@type":"PropertyValueSpecification","valueRequired":true,"valueName":"search_term_string"}}],"inLanguage":"lv-LV"}]}},"_links":{"self":[{"href":"https:\/\/metaltale.com\/lv\/wp-json\/wp\/v2\/product\/133824","targetHints":{"allow":["GET"]}}],"collection":[{"href":"https:\/\/metaltale.com\/lv\/wp-json\/wp\/v2\/product"}],"about":[{"href":"https:\/\/metaltale.com\/lv\/wp-json\/wp\/v2\/types\/product"}],"replies":[{"embeddable":true,"href":"https:\/\/metaltale.com\/lv\/wp-json\/wp\/v2\/comments?post=133824"}],"version-history":[{"count":0,"href":"https:\/\/metaltale.com\/lv\/wp-json\/wp\/v2\/product\/133824\/revisions"}],"wp:featuredmedia":[{"embeddable":true,"href":"https:\/\/metaltale.com\/lv\/wp-json\/wp\/v2\/media\/74101"}],"wp:attachment":[{"href":"https:\/\/metaltale.com\/lv\/wp-json\/wp\/v2\/media?parent=133824"}],"wp:term":[{"taxonomy":"product_brand","embeddable":true,"href":"https:\/\/metaltale.com\/lv\/wp-json\/wp\/v2\/product_brand?post=133824"},{"taxonomy":"product_cat","embeddable":true,"href":"https:\/\/metaltale.com\/lv\/wp-json\/wp\/v2\/product_cat?post=133824"},{"taxonomy":"product_tag","embeddable":true,"href":"https:\/\/metaltale.com\/lv\/wp-json\/wp\/v2\/product_tag?post=133824"}],"curies":[{"name":"wp","href":"https:\/\/api.w.org\/{rel}","templated":true}]}}