{"id":133806,"date":"2024-02-13T13:17:48","date_gmt":"2024-02-13T11:17:48","guid":{"rendered":"https:\/\/metaltale.com\/produktas\/3d-metala-attels-loft-nature-pig-120x60-cm\/"},"modified":"2024-02-13T13:17:48","modified_gmt":"2024-02-13T11:17:48","slug":"3d-metala-attels-loft-nature-pig-120x60-cm","status":"publish","type":"product","link":"https:\/\/metaltale.com\/lv\/produkts\/3d-metala-attels-loft-nature-pig-120x60-cm\/","title":{"rendered":"3D met\u0101la att\u0113ls LOFT NATURE PIG 120&#215;60 cm"},"content":{"rendered":"<div class=\"prod_data\">\n<p><strong>Modelis<\/strong> JIS. PIG<br \/>\n<strong>EAN.<\/strong>  5907772073759<br \/>\nOrient\u0101cija Horizont\u0101l\u0101<br \/>\nDz\u012bvnieku mot\u012bvs<br \/>\n<strong>Materi\u0101ls<\/strong> T\u0113rauds<br \/>\n<strong>Biezums (cm<\/strong> ) 7<br \/>\n<strong>Platums (cm)<\/strong> 120<br \/>\n<strong>Augstums (cm<\/strong> ) 60<\/p>\n<p>&#8211; met\u0101la 3D att\u0113ls no p\u0101rstr\u0101d\u0101ta t\u0113rauda<br \/>\n&#8211; faktiskie izvirz\u012bjumi<br \/>\n&#8211; kr\u0101sas, ko rada kr\u0101sa vai dabiska kr\u0101sas mai\u0146a un korozija.<br \/>\n&#8211; impregn\u0113\u0161ana ar caursp\u012bd\u012bgu laku garant\u0113 kr\u0101sas notur\u012bbu un iztur\u012bbu pret skr\u0101p\u0113jumiem.<br \/>\n&#8211; siv\u0113ni att\u0113l\u0101<\/p>\n<hr>\n<p>\u0160\u012b glezna ir dom\u0101ta ne tikai industri\u0101l\u0101s m\u0101kslas cien\u012bt\u0101jiem, bet ar\u012b visiem, kas m\u012bl dabu. M\u016bsu met\u0101la 3D gleznas ir \u012bsti m\u0101kslas darbi, unik\u0101li un unik\u0101la dizaina. Gaum\u012bgi apvienoti p\u0101rstr\u0101d\u0101ta t\u0113rauda elementi nodro\u0161ina paredzamu un unik\u0101lu telpisko efektu. Papildus izmantotaj\u0101m kr\u0101s\u0101m att\u0113liem ir pla\u0161a kr\u0101su gamma, kas ieg\u016bta dabisk\u0101 veid\u0101. Cita starp\u0101, izmantojot impregn\u0113tas r\u016bsas vai neapstr\u0101d\u0101tas t\u0113rauda spraugas. Ar rok\u0101m veidota apdare padara katru izstr\u0101d\u0101jumu individu\u0101lu un unik\u0101lu. Lai pie\u0161\u0137irtu dzi\u013c\u0101ku industri\u0101lo stilu, ir apzin\u0101ti izmantotas &#8220;p\u0101rsp\u012bl\u0113tas&#8221;, &#8220;izsl\u0113gtas&#8221; kr\u0101sas utt. Met\u0101la 3D gleznojumi ir interjera apdare, kas lau\u017e veidolu. \u0160\u012b ir lieliska d\u0101vin\u0101juma ideja.<\/p>\n<hr>\n<\/div>\n","protected":false},"excerpt":{"rendered":"<p>Modelis JIS. PIG EAN. 5907772073759 Orient\u0101cija Horizont\u0101l\u0101 Dz\u012bvnieku mot\u012bvs Materi\u0101ls T\u0113rauds Biezums (cm ) 7 Platums (cm) 120 Augstums (cm<\/p>\n","protected":false},"featured_media":65128,"comment_status":"open","ping_status":"closed","template":"","meta":{"_acf_changed":false,"pmpro_default_level":""},"product_brand":[],"product_cat":[24055,23908],"product_tag":[],"class_list":{"0":"post-133806","1":"product","2":"type-product","3":"status-publish","4":"has-post-thumbnail","6":"product_cat-rotajumi","7":"product_cat-3d-paveikslai-lv","8":"pmpro-has-access","10":"first","11":"instock","12":"shipping-taxable","13":"purchasable","14":"product-type-simple"},"acf":[],"yoast_head":"<!-- This site is optimized with the Yoast SEO plugin v24.9 - https:\/\/yoast.com\/wordpress\/plugins\/seo\/ -->\n<title>3D met\u0101la att\u0113ls LOFT NATURE PIG 120x60 cm - MetalTale.com<\/title>\n<meta name=\"robots\" content=\"index, follow, max-snippet:-1, max-image-preview:large, max-video-preview:-1\" \/>\n<link rel=\"canonical\" href=\"https:\/\/metaltale.com\/lv\/produkts\/3d-metala-attels-loft-nature-pig-120x60-cm\/\" \/>\n<meta property=\"og:locale\" content=\"lv_LV\" \/>\n<meta property=\"og:type\" content=\"article\" \/>\n<meta property=\"og:title\" content=\"3D met\u0101la att\u0113ls LOFT NATURE PIG 120x60 cm - MetalTale.com\" \/>\n<meta property=\"og:description\" content=\"Modelis JIS. PIG EAN. 5907772073759 Orient\u0101cija Horizont\u0101l\u0101 Dz\u012bvnieku mot\u012bvs Materi\u0101ls T\u0113rauds Biezums (cm ) 7 Platums (cm) 120 Augstums (cm\" \/>\n<meta property=\"og:url\" content=\"https:\/\/metaltale.com\/lv\/produkts\/3d-metala-attels-loft-nature-pig-120x60-cm\/\" \/>\n<meta property=\"og:site_name\" content=\"MetalTale.com\" \/>\n<meta name=\"twitter:card\" content=\"summary_large_image\" \/>\n<meta name=\"twitter:label1\" content=\"Est. reading time\" \/>\n\t<meta name=\"twitter:data1\" content=\"1 minute\" \/>\n<script type=\"application\/ld+json\" class=\"yoast-schema-graph\">{\"@context\":\"https:\/\/schema.org\",\"@graph\":[{\"@type\":\"WebPage\",\"@id\":\"https:\/\/metaltale.com\/lv\/produkts\/3d-metala-attels-loft-nature-pig-120x60-cm\/\",\"url\":\"https:\/\/metaltale.com\/lv\/produkts\/3d-metala-attels-loft-nature-pig-120x60-cm\/\",\"name\":\"3D met\u0101la att\u0113ls LOFT NATURE PIG 120x60 cm - MetalTale.com\",\"isPartOf\":{\"@id\":\"https:\/\/metaltale.com\/lv\/#website\"},\"primaryImageOfPage\":{\"@id\":\"https:\/\/metaltale.com\/lv\/produkts\/3d-metala-attels-loft-nature-pig-120x60-cm\/#primaryimage\"},\"image\":{\"@id\":\"https:\/\/metaltale.com\/lv\/produkts\/3d-metala-attels-loft-nature-pig-120x60-cm\/#primaryimage\"},\"thumbnailUrl\":\"https:\/\/metaltale.com\/wp-content\/uploads\/2023\/09\/3D-PIG-vaizdas.jpg\",\"datePublished\":\"2024-02-13T11:17:48+00:00\",\"breadcrumb\":{\"@id\":\"https:\/\/metaltale.com\/lv\/produkts\/3d-metala-attels-loft-nature-pig-120x60-cm\/#breadcrumb\"},\"inLanguage\":\"lv-LV\",\"potentialAction\":[{\"@type\":\"ReadAction\",\"target\":[\"https:\/\/metaltale.com\/lv\/produkts\/3d-metala-attels-loft-nature-pig-120x60-cm\/\"]}]},{\"@type\":\"ImageObject\",\"inLanguage\":\"lv-LV\",\"@id\":\"https:\/\/metaltale.com\/lv\/produkts\/3d-metala-attels-loft-nature-pig-120x60-cm\/#primaryimage\",\"url\":\"https:\/\/metaltale.com\/wp-content\/uploads\/2023\/09\/3D-PIG-vaizdas.jpg\",\"contentUrl\":\"https:\/\/metaltale.com\/wp-content\/uploads\/2023\/09\/3D-PIG-vaizdas.jpg\",\"width\":800,\"height\":800},{\"@type\":\"BreadcrumbList\",\"@id\":\"https:\/\/metaltale.com\/lv\/produkts\/3d-metala-attels-loft-nature-pig-120x60-cm\/#breadcrumb\",\"itemListElement\":[{\"@type\":\"ListItem\",\"position\":1,\"name\":\"Home\",\"item\":\"https:\/\/metaltale.com\/lv\/majas\/\"},{\"@type\":\"ListItem\",\"position\":2,\"name\":\"Veikals\",\"item\":\"https:\/\/metaltale.com\/lv\/shop\/\"},{\"@type\":\"ListItem\",\"position\":3,\"name\":\"3D met\u0101la att\u0113ls LOFT NATURE PIG 120&#215;60 cm\"}]},{\"@type\":\"WebSite\",\"@id\":\"https:\/\/metaltale.com\/lv\/#website\",\"url\":\"https:\/\/metaltale.com\/lv\/\",\"name\":\"Metaltale.com\",\"description\":\"\",\"potentialAction\":[{\"@type\":\"SearchAction\",\"target\":{\"@type\":\"EntryPoint\",\"urlTemplate\":\"https:\/\/metaltale.com\/lv\/?s={search_term_string}\"},\"query-input\":{\"@type\":\"PropertyValueSpecification\",\"valueRequired\":true,\"valueName\":\"search_term_string\"}}],\"inLanguage\":\"lv-LV\"}]}<\/script>\n<!-- \/ Yoast SEO plugin. -->","yoast_head_json":{"title":"3D met\u0101la att\u0113ls LOFT NATURE PIG 120x60 cm - MetalTale.com","robots":{"index":"index","follow":"follow","max-snippet":"max-snippet:-1","max-image-preview":"max-image-preview:large","max-video-preview":"max-video-preview:-1"},"canonical":"https:\/\/metaltale.com\/lv\/produkts\/3d-metala-attels-loft-nature-pig-120x60-cm\/","og_locale":"lv_LV","og_type":"article","og_title":"3D met\u0101la att\u0113ls LOFT NATURE PIG 120x60 cm - MetalTale.com","og_description":"Modelis JIS. PIG EAN. 5907772073759 Orient\u0101cija Horizont\u0101l\u0101 Dz\u012bvnieku mot\u012bvs Materi\u0101ls T\u0113rauds Biezums (cm ) 7 Platums (cm) 120 Augstums (cm","og_url":"https:\/\/metaltale.com\/lv\/produkts\/3d-metala-attels-loft-nature-pig-120x60-cm\/","og_site_name":"MetalTale.com","twitter_card":"summary_large_image","twitter_misc":{"Est. reading time":"1 minute"},"schema":{"@context":"https:\/\/schema.org","@graph":[{"@type":"WebPage","@id":"https:\/\/metaltale.com\/lv\/produkts\/3d-metala-attels-loft-nature-pig-120x60-cm\/","url":"https:\/\/metaltale.com\/lv\/produkts\/3d-metala-attels-loft-nature-pig-120x60-cm\/","name":"3D met\u0101la att\u0113ls LOFT NATURE PIG 120x60 cm - MetalTale.com","isPartOf":{"@id":"https:\/\/metaltale.com\/lv\/#website"},"primaryImageOfPage":{"@id":"https:\/\/metaltale.com\/lv\/produkts\/3d-metala-attels-loft-nature-pig-120x60-cm\/#primaryimage"},"image":{"@id":"https:\/\/metaltale.com\/lv\/produkts\/3d-metala-attels-loft-nature-pig-120x60-cm\/#primaryimage"},"thumbnailUrl":"https:\/\/metaltale.com\/wp-content\/uploads\/2023\/09\/3D-PIG-vaizdas.jpg","datePublished":"2024-02-13T11:17:48+00:00","breadcrumb":{"@id":"https:\/\/metaltale.com\/lv\/produkts\/3d-metala-attels-loft-nature-pig-120x60-cm\/#breadcrumb"},"inLanguage":"lv-LV","potentialAction":[{"@type":"ReadAction","target":["https:\/\/metaltale.com\/lv\/produkts\/3d-metala-attels-loft-nature-pig-120x60-cm\/"]}]},{"@type":"ImageObject","inLanguage":"lv-LV","@id":"https:\/\/metaltale.com\/lv\/produkts\/3d-metala-attels-loft-nature-pig-120x60-cm\/#primaryimage","url":"https:\/\/metaltale.com\/wp-content\/uploads\/2023\/09\/3D-PIG-vaizdas.jpg","contentUrl":"https:\/\/metaltale.com\/wp-content\/uploads\/2023\/09\/3D-PIG-vaizdas.jpg","width":800,"height":800},{"@type":"BreadcrumbList","@id":"https:\/\/metaltale.com\/lv\/produkts\/3d-metala-attels-loft-nature-pig-120x60-cm\/#breadcrumb","itemListElement":[{"@type":"ListItem","position":1,"name":"Home","item":"https:\/\/metaltale.com\/lv\/majas\/"},{"@type":"ListItem","position":2,"name":"Veikals","item":"https:\/\/metaltale.com\/lv\/shop\/"},{"@type":"ListItem","position":3,"name":"3D met\u0101la att\u0113ls LOFT NATURE PIG 120&#215;60 cm"}]},{"@type":"WebSite","@id":"https:\/\/metaltale.com\/lv\/#website","url":"https:\/\/metaltale.com\/lv\/","name":"Metaltale.com","description":"","potentialAction":[{"@type":"SearchAction","target":{"@type":"EntryPoint","urlTemplate":"https:\/\/metaltale.com\/lv\/?s={search_term_string}"},"query-input":{"@type":"PropertyValueSpecification","valueRequired":true,"valueName":"search_term_string"}}],"inLanguage":"lv-LV"}]}},"_links":{"self":[{"href":"https:\/\/metaltale.com\/lv\/wp-json\/wp\/v2\/product\/133806","targetHints":{"allow":["GET"]}}],"collection":[{"href":"https:\/\/metaltale.com\/lv\/wp-json\/wp\/v2\/product"}],"about":[{"href":"https:\/\/metaltale.com\/lv\/wp-json\/wp\/v2\/types\/product"}],"replies":[{"embeddable":true,"href":"https:\/\/metaltale.com\/lv\/wp-json\/wp\/v2\/comments?post=133806"}],"version-history":[{"count":0,"href":"https:\/\/metaltale.com\/lv\/wp-json\/wp\/v2\/product\/133806\/revisions"}],"wp:featuredmedia":[{"embeddable":true,"href":"https:\/\/metaltale.com\/lv\/wp-json\/wp\/v2\/media\/65128"}],"wp:attachment":[{"href":"https:\/\/metaltale.com\/lv\/wp-json\/wp\/v2\/media?parent=133806"}],"wp:term":[{"taxonomy":"product_brand","embeddable":true,"href":"https:\/\/metaltale.com\/lv\/wp-json\/wp\/v2\/product_brand?post=133806"},{"taxonomy":"product_cat","embeddable":true,"href":"https:\/\/metaltale.com\/lv\/wp-json\/wp\/v2\/product_cat?post=133806"},{"taxonomy":"product_tag","embeddable":true,"href":"https:\/\/metaltale.com\/lv\/wp-json\/wp\/v2\/product_tag?post=133806"}],"curies":[{"name":"wp","href":"https:\/\/api.w.org\/{rel}","templated":true}]}}