{"id":133801,"date":"2024-02-13T13:17:08","date_gmt":"2024-02-13T11:17:08","guid":{"rendered":"https:\/\/metaltale.com\/produktas\/3d-metala-attels-loft-nature-zebra-75x150-cm\/"},"modified":"2024-02-13T13:17:08","modified_gmt":"2024-02-13T11:17:08","slug":"3d-metala-attels-loft-nature-zebra-75x150-cm","status":"publish","type":"product","link":"https:\/\/metaltale.com\/lv\/produkts\/3d-metala-attels-loft-nature-zebra-75x150-cm\/","title":{"rendered":"3D met\u0101la att\u0113ls LOFT NATURE ZEBRA 75&#215;150 cm"},"content":{"rendered":"<div class=\"prod_data\">\n<p><strong>Modelis<\/strong> PT. T-100835<br \/>\n<strong>EAN.<\/strong>  5907772071991<br \/>\nOrient\u0101cija Vertik\u0101l\u0101<br \/>\nDz\u012bvnieku mot\u012bvs<br \/>\n<strong>Materi\u0101ls<\/strong> T\u0113rauds<br \/>\n<strong>Biezums (cm<\/strong> ) 7<br \/>\n<strong>Platums (cm<\/strong> ) 75<br \/>\n<strong>Augstums (cm<\/strong> ) 150<\/p>\n<p>&#8211; neparasts tr\u012bsdimensiju att\u0113ls no p\u0101rstr\u0101d\u0101ta t\u0113rauda.<br \/>\n&#8211; izstr\u0101d\u0101jumam ir skaidrs 3D efekts<br \/>\n&#8211; att\u0113ls ir iekr\u0101sots ar kr\u0101su, izmantojot dabisko kr\u0101sas mai\u0146u un t\u0113rauda r\u016bsu.<br \/>\n&#8211; impregn\u0113\u0161ana ar caursp\u012bd\u012bgu laku garant\u0113 virs vid\u0113j\u0101 l\u012bme\u0146a kr\u0101sas notur\u012bbu.<\/p>\n<hr>\n<p>3D gleznas ir ide\u0101la d\u0101vin\u0101juma ideja, kas ilgus gadus rot\u0101s j\u016bsu interjeru un rais\u012bs siltas atmi\u0146as. Pla\u0161ie, zemnieciskie dekori, kas veidoti p\u0113c manekenu principiem, ne\u013cauj jums vienaldz\u012bgi iziet vienam gar\u0101m otram. Tie piesaista uzman\u012bbu, atdz\u012bvina, papildina vai izce\u013c b\u0113ni\u0146u interjera raksturu. 3D gleznojumi ir \u012bsti m\u0101kslas darbi ar rok\u0101m veidotu apdari, dabisku t\u0113rauda kr\u0101sas mai\u0146u un dekorat\u012bvo deta\u013cu bag\u0101t\u012bbu, kam nav analogu tradicion\u0101laj\u0101 glezniec\u012bb\u0101. Pla\u0161ais Rustykalneuchwyty.pl pieejamo telpisko rot\u0101jumu kl\u0101sts \u013cauj jums izv\u0113l\u0113ties pareizo j\u016bsu interjera iek\u0101rtojumam.<\/p>\n<hr>\n<\/div>\n","protected":false},"excerpt":{"rendered":"<p>Modelis PT. T-100835 EAN. 5907772071991 Orient\u0101cija Vertik\u0101l\u0101 Dz\u012bvnieku mot\u012bvs Materi\u0101ls T\u0113rauds Biezums (cm ) 7 Platums (cm ) 75 Augstums<\/p>\n","protected":false},"featured_media":64792,"comment_status":"open","ping_status":"closed","template":"","meta":{"_acf_changed":false,"pmpro_default_level":""},"product_brand":[],"product_cat":[24055,23908],"product_tag":[],"class_list":{"0":"post-133801","1":"product","2":"type-product","3":"status-publish","4":"has-post-thumbnail","6":"product_cat-rotajumi","7":"product_cat-3d-paveikslai-lv","8":"pmpro-has-access","10":"first","11":"instock","12":"shipping-taxable","13":"purchasable","14":"product-type-simple"},"acf":[],"yoast_head":"<!-- This site is optimized with the Yoast SEO plugin v24.9 - https:\/\/yoast.com\/wordpress\/plugins\/seo\/ -->\n<title>3D met\u0101la att\u0113ls LOFT NATURE ZEBRA 75x150 cm - MetalTale.com<\/title>\n<meta name=\"robots\" content=\"index, follow, max-snippet:-1, max-image-preview:large, max-video-preview:-1\" \/>\n<link rel=\"canonical\" href=\"https:\/\/metaltale.com\/lv\/produkts\/3d-metala-attels-loft-nature-zebra-75x150-cm\/\" \/>\n<meta property=\"og:locale\" content=\"lv_LV\" \/>\n<meta property=\"og:type\" content=\"article\" \/>\n<meta property=\"og:title\" content=\"3D met\u0101la att\u0113ls LOFT NATURE ZEBRA 75x150 cm - MetalTale.com\" \/>\n<meta property=\"og:description\" content=\"Modelis PT. T-100835 EAN. 5907772071991 Orient\u0101cija Vertik\u0101l\u0101 Dz\u012bvnieku mot\u012bvs Materi\u0101ls T\u0113rauds Biezums (cm ) 7 Platums (cm ) 75 Augstums\" \/>\n<meta property=\"og:url\" content=\"https:\/\/metaltale.com\/lv\/produkts\/3d-metala-attels-loft-nature-zebra-75x150-cm\/\" \/>\n<meta property=\"og:site_name\" content=\"MetalTale.com\" \/>\n<meta property=\"og:image\" content=\"http:\/\/metaltale.com\/wp-content\/uploads\/2023\/09\/ZEBRA-3D-vaizdas.jpg\" \/>\n\t<meta property=\"og:image:width\" content=\"800\" \/>\n\t<meta property=\"og:image:height\" content=\"800\" \/>\n\t<meta property=\"og:image:type\" content=\"image\/jpeg\" \/>\n<meta name=\"twitter:card\" content=\"summary_large_image\" \/>\n<meta name=\"twitter:label1\" content=\"Est. reading time\" \/>\n\t<meta name=\"twitter:data1\" content=\"1 minute\" \/>\n<script type=\"application\/ld+json\" class=\"yoast-schema-graph\">{\"@context\":\"https:\/\/schema.org\",\"@graph\":[{\"@type\":\"WebPage\",\"@id\":\"https:\/\/metaltale.com\/lv\/produkts\/3d-metala-attels-loft-nature-zebra-75x150-cm\/\",\"url\":\"https:\/\/metaltale.com\/lv\/produkts\/3d-metala-attels-loft-nature-zebra-75x150-cm\/\",\"name\":\"3D met\u0101la att\u0113ls LOFT NATURE ZEBRA 75x150 cm - MetalTale.com\",\"isPartOf\":{\"@id\":\"https:\/\/metaltale.com\/lv\/#website\"},\"primaryImageOfPage\":{\"@id\":\"https:\/\/metaltale.com\/lv\/produkts\/3d-metala-attels-loft-nature-zebra-75x150-cm\/#primaryimage\"},\"image\":{\"@id\":\"https:\/\/metaltale.com\/lv\/produkts\/3d-metala-attels-loft-nature-zebra-75x150-cm\/#primaryimage\"},\"thumbnailUrl\":\"https:\/\/metaltale.com\/wp-content\/uploads\/2023\/09\/ZEBRA-3D-vaizdas.jpg\",\"datePublished\":\"2024-02-13T11:17:08+00:00\",\"breadcrumb\":{\"@id\":\"https:\/\/metaltale.com\/lv\/produkts\/3d-metala-attels-loft-nature-zebra-75x150-cm\/#breadcrumb\"},\"inLanguage\":\"lv-LV\",\"potentialAction\":[{\"@type\":\"ReadAction\",\"target\":[\"https:\/\/metaltale.com\/lv\/produkts\/3d-metala-attels-loft-nature-zebra-75x150-cm\/\"]}]},{\"@type\":\"ImageObject\",\"inLanguage\":\"lv-LV\",\"@id\":\"https:\/\/metaltale.com\/lv\/produkts\/3d-metala-attels-loft-nature-zebra-75x150-cm\/#primaryimage\",\"url\":\"https:\/\/metaltale.com\/wp-content\/uploads\/2023\/09\/ZEBRA-3D-vaizdas.jpg\",\"contentUrl\":\"https:\/\/metaltale.com\/wp-content\/uploads\/2023\/09\/ZEBRA-3D-vaizdas.jpg\",\"width\":800,\"height\":800},{\"@type\":\"BreadcrumbList\",\"@id\":\"https:\/\/metaltale.com\/lv\/produkts\/3d-metala-attels-loft-nature-zebra-75x150-cm\/#breadcrumb\",\"itemListElement\":[{\"@type\":\"ListItem\",\"position\":1,\"name\":\"Home\",\"item\":\"https:\/\/metaltale.com\/lv\/majas\/\"},{\"@type\":\"ListItem\",\"position\":2,\"name\":\"Veikals\",\"item\":\"https:\/\/metaltale.com\/lv\/shop\/\"},{\"@type\":\"ListItem\",\"position\":3,\"name\":\"3D met\u0101la att\u0113ls LOFT NATURE ZEBRA 75&#215;150 cm\"}]},{\"@type\":\"WebSite\",\"@id\":\"https:\/\/metaltale.com\/lv\/#website\",\"url\":\"https:\/\/metaltale.com\/lv\/\",\"name\":\"Metaltale.com\",\"description\":\"\",\"potentialAction\":[{\"@type\":\"SearchAction\",\"target\":{\"@type\":\"EntryPoint\",\"urlTemplate\":\"https:\/\/metaltale.com\/lv\/?s={search_term_string}\"},\"query-input\":{\"@type\":\"PropertyValueSpecification\",\"valueRequired\":true,\"valueName\":\"search_term_string\"}}],\"inLanguage\":\"lv-LV\"}]}<\/script>\n<!-- \/ Yoast SEO plugin. -->","yoast_head_json":{"title":"3D met\u0101la att\u0113ls LOFT NATURE ZEBRA 75x150 cm - MetalTale.com","robots":{"index":"index","follow":"follow","max-snippet":"max-snippet:-1","max-image-preview":"max-image-preview:large","max-video-preview":"max-video-preview:-1"},"canonical":"https:\/\/metaltale.com\/lv\/produkts\/3d-metala-attels-loft-nature-zebra-75x150-cm\/","og_locale":"lv_LV","og_type":"article","og_title":"3D met\u0101la att\u0113ls LOFT NATURE ZEBRA 75x150 cm - MetalTale.com","og_description":"Modelis PT. T-100835 EAN. 5907772071991 Orient\u0101cija Vertik\u0101l\u0101 Dz\u012bvnieku mot\u012bvs Materi\u0101ls T\u0113rauds Biezums (cm ) 7 Platums (cm ) 75 Augstums","og_url":"https:\/\/metaltale.com\/lv\/produkts\/3d-metala-attels-loft-nature-zebra-75x150-cm\/","og_site_name":"MetalTale.com","og_image":[{"width":800,"height":800,"url":"http:\/\/metaltale.com\/wp-content\/uploads\/2023\/09\/ZEBRA-3D-vaizdas.jpg","type":"image\/jpeg"}],"twitter_card":"summary_large_image","twitter_misc":{"Est. reading time":"1 minute"},"schema":{"@context":"https:\/\/schema.org","@graph":[{"@type":"WebPage","@id":"https:\/\/metaltale.com\/lv\/produkts\/3d-metala-attels-loft-nature-zebra-75x150-cm\/","url":"https:\/\/metaltale.com\/lv\/produkts\/3d-metala-attels-loft-nature-zebra-75x150-cm\/","name":"3D met\u0101la att\u0113ls LOFT NATURE ZEBRA 75x150 cm - MetalTale.com","isPartOf":{"@id":"https:\/\/metaltale.com\/lv\/#website"},"primaryImageOfPage":{"@id":"https:\/\/metaltale.com\/lv\/produkts\/3d-metala-attels-loft-nature-zebra-75x150-cm\/#primaryimage"},"image":{"@id":"https:\/\/metaltale.com\/lv\/produkts\/3d-metala-attels-loft-nature-zebra-75x150-cm\/#primaryimage"},"thumbnailUrl":"https:\/\/metaltale.com\/wp-content\/uploads\/2023\/09\/ZEBRA-3D-vaizdas.jpg","datePublished":"2024-02-13T11:17:08+00:00","breadcrumb":{"@id":"https:\/\/metaltale.com\/lv\/produkts\/3d-metala-attels-loft-nature-zebra-75x150-cm\/#breadcrumb"},"inLanguage":"lv-LV","potentialAction":[{"@type":"ReadAction","target":["https:\/\/metaltale.com\/lv\/produkts\/3d-metala-attels-loft-nature-zebra-75x150-cm\/"]}]},{"@type":"ImageObject","inLanguage":"lv-LV","@id":"https:\/\/metaltale.com\/lv\/produkts\/3d-metala-attels-loft-nature-zebra-75x150-cm\/#primaryimage","url":"https:\/\/metaltale.com\/wp-content\/uploads\/2023\/09\/ZEBRA-3D-vaizdas.jpg","contentUrl":"https:\/\/metaltale.com\/wp-content\/uploads\/2023\/09\/ZEBRA-3D-vaizdas.jpg","width":800,"height":800},{"@type":"BreadcrumbList","@id":"https:\/\/metaltale.com\/lv\/produkts\/3d-metala-attels-loft-nature-zebra-75x150-cm\/#breadcrumb","itemListElement":[{"@type":"ListItem","position":1,"name":"Home","item":"https:\/\/metaltale.com\/lv\/majas\/"},{"@type":"ListItem","position":2,"name":"Veikals","item":"https:\/\/metaltale.com\/lv\/shop\/"},{"@type":"ListItem","position":3,"name":"3D met\u0101la att\u0113ls LOFT NATURE ZEBRA 75&#215;150 cm"}]},{"@type":"WebSite","@id":"https:\/\/metaltale.com\/lv\/#website","url":"https:\/\/metaltale.com\/lv\/","name":"Metaltale.com","description":"","potentialAction":[{"@type":"SearchAction","target":{"@type":"EntryPoint","urlTemplate":"https:\/\/metaltale.com\/lv\/?s={search_term_string}"},"query-input":{"@type":"PropertyValueSpecification","valueRequired":true,"valueName":"search_term_string"}}],"inLanguage":"lv-LV"}]}},"_links":{"self":[{"href":"https:\/\/metaltale.com\/lv\/wp-json\/wp\/v2\/product\/133801","targetHints":{"allow":["GET"]}}],"collection":[{"href":"https:\/\/metaltale.com\/lv\/wp-json\/wp\/v2\/product"}],"about":[{"href":"https:\/\/metaltale.com\/lv\/wp-json\/wp\/v2\/types\/product"}],"replies":[{"embeddable":true,"href":"https:\/\/metaltale.com\/lv\/wp-json\/wp\/v2\/comments?post=133801"}],"version-history":[{"count":0,"href":"https:\/\/metaltale.com\/lv\/wp-json\/wp\/v2\/product\/133801\/revisions"}],"wp:featuredmedia":[{"embeddable":true,"href":"https:\/\/metaltale.com\/lv\/wp-json\/wp\/v2\/media\/64792"}],"wp:attachment":[{"href":"https:\/\/metaltale.com\/lv\/wp-json\/wp\/v2\/media?parent=133801"}],"wp:term":[{"taxonomy":"product_brand","embeddable":true,"href":"https:\/\/metaltale.com\/lv\/wp-json\/wp\/v2\/product_brand?post=133801"},{"taxonomy":"product_cat","embeddable":true,"href":"https:\/\/metaltale.com\/lv\/wp-json\/wp\/v2\/product_cat?post=133801"},{"taxonomy":"product_tag","embeddable":true,"href":"https:\/\/metaltale.com\/lv\/wp-json\/wp\/v2\/product_tag?post=133801"}],"curies":[{"name":"wp","href":"https:\/\/api.w.org\/{rel}","templated":true}]}}