{"id":133786,"date":"2024-02-13T15:19:44","date_gmt":"2024-02-13T13:19:44","guid":{"rendered":"https:\/\/metaltale.com\/produktas\/industriala-stila-tv-skapitis-factory-pine-1\/"},"modified":"2024-02-13T15:19:44","modified_gmt":"2024-02-13T13:19:44","slug":"industriala-stila-tv-skapitis-factory-pine-1","status":"publish","type":"product","link":"https:\/\/metaltale.com\/lv\/produkts\/industriala-stila-tv-skapitis-factory-pine-1\/","title":{"rendered":"Industri\u0101l\u0101 stila TV skap\u012btis FACTORY PINE 1"},"content":{"rendered":"<div class=\"prod_data\">\n<p>ZA.FAC.A1 <strong>modelis<\/strong><br \/>\nFACTORY PINE <strong>kolekcija<\/strong><br \/>\n<strong>EAN.<\/strong>  5905369915741<br \/>\n<strong>Materi\u0101ls<\/strong> Priede, t\u0113rauds<br \/>\n<strong>Kop\u0113jais augstums (cm<\/strong> ) 61<br \/>\nKop\u0113jais platums (cm ) 120<br \/>\n<strong>Dzi\u013cums (cm<\/strong> ) 40<br \/>\n<strong>Pieg\u0101des veids<\/strong> Piln\u012bb\u0101 samont\u0113ts produkts<br \/>\n<strong>Papildu inform\u0101cija<\/strong> Atvilktne &#8211; platums 43 cm, dzi\u013cums 27 cm, augstums 12,5 cm<\/p>\n<p>&#8211; Industri\u0101lais TV skap\u012btis no priedes koka un t\u0113rauda<br \/>\n&#8211; lod\u012b\u0161u gult\u0146u sl\u012bd\u0146i atvieglo atvilkt\u0146u iz\u0146em\u0161anu<br \/>\n&#8211; b\u012bd\u0101m\u0101 priek\u0161puse, kas nosedz plauktus, ir praktisks un dizaina risin\u0101jums.<br \/>\n&#8211; 80&#215;20 mm sl\u0113gta profila konstrukcija stabilit\u0101tei un iztur\u012bbai<br \/>\n&#8211; ar bezkr\u0101sainu laku impregn\u0113ts t\u0113rauds aizsardz\u012bbai pret boj\u0101jumiem un skr\u0101p\u0113jumiem.<br \/>\n&#8211; atvilktnes izgatavotas tikai no finier\u0113tas koksnes &#8211; uzst\u0101d\u012b\u0161anas laik\u0101 tiek izmantotas redzamas naglas.<br \/>\n&#8211; starp atl\u012bm\u0113tiem d\u0113\u013ciem var rasties spraugas, kas neietekm\u0113 lieto\u0161anas \u0113rtumu.<br \/>\n&#8211; p\u0101rstr\u0101d\u0101ta priedes koksne, kas pies\u016bcin\u0101ta ar laku uz \u016bdens b\u0101zes.<br \/>\n&#8211; paredz\u0113t\u0101 noveco\u0161anas ietekme izpau\u017eas k\u0101 redzami skr\u0101p\u0113jumi uz virsmas un j\u016btama koka tekst\u016bra.<br \/>\n&#8211; izstr\u0101d\u0101jumu kr\u0101sa var at\u0161\u0137irties no galerij\u0101 redzamajiem att\u0113liem, kas var b\u016bt saist\u012bts ar individu\u0101liem monitora iestat\u012bjumiem vai materi\u0101lu \u012bpa\u0161\u012bb\u0101m &#8211; t\u0113rauds un priedes koksne ir izejmateri\u0101li, kuru kr\u0101sa, nokr\u0101sa un tekst\u016bra var at\u0161\u0137irties no parauga uz paraugu vai no partijas uz partiju.<\/p>\n<hr>\n<p>Lofta stils, kas parasti asoci\u0113jas ar pla\u0161umu un atv\u0113rtu telpu, ir ien\u0101cis pat neliel\u0101s m\u0101j\u0101s. Prie\u017eu viesistabas m\u0113be\u013cu kolekcija Factory pied\u0101v\u0101 industri\u0101las m\u0113beles ar izm\u0113riem, kas ieder\u0113sies pat studijas tipa dz\u012bvok\u013ca viesistab\u0101. Koka TV skap\u012btis ir augst\u0101k\u0101s kvalit\u0101tes, r\u016bpn\u012bc\u0101 ra\u017eots izstr\u0101d\u0101jums, kas j\u016bsu m\u0101joklim pie\u0161\u0137ir neuzkr\u012bto\u0161u, senas r\u016bpn\u012bcas noska\u0146u. Stabil\u0101 sl\u0113gt\u0101 profila konstrukcija garant\u0113 iztur\u012bbu, bet otrreiz\u0113ji p\u0101rstr\u0101d\u0101tie pane\u013ci, kas savienoti bez l\u012bm\u0113\u0161anas, nodro\u0161ina unik\u0101lu un p\u0101rlaic\u012bgu dizainu. Noveco\u0161anas sekas ir skr\u0101p\u0113jumi uz t\u0113rauda, redzami savienojumi un kniedes. Koksnes \u012bpa\u0161\u012bbas noz\u012bm\u0113, ka nesl\u012bp\u0113t\u0101m pl\u0101ksn\u0113m var b\u016bt spraugas un nelielas plaisas, kas pie\u0161\u0137ir m\u0113bel\u0113m industri\u0101lu raksturu. Div\u0101s dzi\u013c\u0101s atvilktn\u0113s ir dokumenti un citi s\u012bkumi, bet plauktos aiz b\u012bd\u0101m\u0101s priek\u0161\u0113j\u0101s da\u013cas ir pasl\u0113pta TV tehnika. Skap\u012b ir ar\u012b atv\u0113rums kabe\u013ciem.<\/p>\n<\/div>\n","protected":false},"excerpt":{"rendered":"<p>ZA.FAC.A1 modelis FACTORY PINE kolekcija EAN. 5905369915741 Materi\u0101ls Priede, t\u0113rauds Kop\u0113jais augstums (cm ) 61 Kop\u0113jais platums (cm ) 120<\/p>\n","protected":false},"featured_media":119624,"comment_status":"open","ping_status":"closed","template":"","meta":{"_acf_changed":false,"pmpro_default_level":""},"product_brand":[],"product_cat":[24057,24091],"product_tag":[],"class_list":{"0":"post-133786","1":"product","2":"type-product","3":"status-publish","4":"has-post-thumbnail","6":"product_cat-rupnieciskas-mebeles","7":"product_cat-televizoru-skapji","8":"pmpro-has-access","10":"first","11":"instock","12":"shipping-taxable","13":"purchasable","14":"product-type-simple"},"acf":[],"yoast_head":"<!-- This site is optimized with the Yoast SEO plugin v24.9 - https:\/\/yoast.com\/wordpress\/plugins\/seo\/ -->\n<title>Industri\u0101l\u0101 stila TV skap\u012btis FACTORY PINE 1 - MetalTale.com<\/title>\n<meta name=\"robots\" content=\"index, follow, max-snippet:-1, max-image-preview:large, max-video-preview:-1\" \/>\n<link rel=\"canonical\" href=\"https:\/\/metaltale.com\/lv\/produkts\/industriala-stila-tv-skapitis-factory-pine-1\/\" \/>\n<meta property=\"og:locale\" content=\"lv_LV\" \/>\n<meta property=\"og:type\" content=\"article\" \/>\n<meta property=\"og:title\" content=\"Industri\u0101l\u0101 stila TV skap\u012btis FACTORY PINE 1 - MetalTale.com\" \/>\n<meta property=\"og:description\" content=\"ZA.FAC.A1 modelis FACTORY PINE kolekcija EAN. 5905369915741 Materi\u0101ls Priede, t\u0113rauds Kop\u0113jais augstums (cm ) 61 Kop\u0113jais platums (cm ) 120\" \/>\n<meta property=\"og:url\" content=\"https:\/\/metaltale.com\/lv\/produkts\/industriala-stila-tv-skapitis-factory-pine-1\/\" \/>\n<meta property=\"og:site_name\" content=\"MetalTale.com\" \/>\n<meta name=\"twitter:card\" content=\"summary_large_image\" \/>\n<meta name=\"twitter:label1\" content=\"Est. reading time\" \/>\n\t<meta name=\"twitter:data1\" content=\"2 minutes\" \/>\n<script type=\"application\/ld+json\" class=\"yoast-schema-graph\">{\"@context\":\"https:\/\/schema.org\",\"@graph\":[{\"@type\":\"WebPage\",\"@id\":\"https:\/\/metaltale.com\/lv\/produkts\/industriala-stila-tv-skapitis-factory-pine-1\/\",\"url\":\"https:\/\/metaltale.com\/lv\/produkts\/industriala-stila-tv-skapitis-factory-pine-1\/\",\"name\":\"Industri\u0101l\u0101 stila TV skap\u012btis FACTORY PINE 1 - MetalTale.com\",\"isPartOf\":{\"@id\":\"https:\/\/metaltale.com\/lv\/#website\"},\"primaryImageOfPage\":{\"@id\":\"https:\/\/metaltale.com\/lv\/produkts\/industriala-stila-tv-skapitis-factory-pine-1\/#primaryimage\"},\"image\":{\"@id\":\"https:\/\/metaltale.com\/lv\/produkts\/industriala-stila-tv-skapitis-factory-pine-1\/#primaryimage\"},\"thumbnailUrl\":\"https:\/\/metaltale.com\/wp-content\/uploads\/2023\/12\/televizoriaus-spintele-6.jpg\",\"datePublished\":\"2024-02-13T13:19:44+00:00\",\"breadcrumb\":{\"@id\":\"https:\/\/metaltale.com\/lv\/produkts\/industriala-stila-tv-skapitis-factory-pine-1\/#breadcrumb\"},\"inLanguage\":\"lv-LV\",\"potentialAction\":[{\"@type\":\"ReadAction\",\"target\":[\"https:\/\/metaltale.com\/lv\/produkts\/industriala-stila-tv-skapitis-factory-pine-1\/\"]}]},{\"@type\":\"ImageObject\",\"inLanguage\":\"lv-LV\",\"@id\":\"https:\/\/metaltale.com\/lv\/produkts\/industriala-stila-tv-skapitis-factory-pine-1\/#primaryimage\",\"url\":\"https:\/\/metaltale.com\/wp-content\/uploads\/2023\/12\/televizoriaus-spintele-6.jpg\",\"contentUrl\":\"https:\/\/metaltale.com\/wp-content\/uploads\/2023\/12\/televizoriaus-spintele-6.jpg\",\"width\":800,\"height\":800,\"caption\":\"TV spintele\"},{\"@type\":\"BreadcrumbList\",\"@id\":\"https:\/\/metaltale.com\/lv\/produkts\/industriala-stila-tv-skapitis-factory-pine-1\/#breadcrumb\",\"itemListElement\":[{\"@type\":\"ListItem\",\"position\":1,\"name\":\"Home\",\"item\":\"https:\/\/metaltale.com\/lv\/majas\/\"},{\"@type\":\"ListItem\",\"position\":2,\"name\":\"Veikals\",\"item\":\"https:\/\/metaltale.com\/lv\/shop\/\"},{\"@type\":\"ListItem\",\"position\":3,\"name\":\"Industri\u0101l\u0101 stila TV skap\u012btis FACTORY PINE 1\"}]},{\"@type\":\"WebSite\",\"@id\":\"https:\/\/metaltale.com\/lv\/#website\",\"url\":\"https:\/\/metaltale.com\/lv\/\",\"name\":\"Metaltale.com\",\"description\":\"\",\"potentialAction\":[{\"@type\":\"SearchAction\",\"target\":{\"@type\":\"EntryPoint\",\"urlTemplate\":\"https:\/\/metaltale.com\/lv\/?s={search_term_string}\"},\"query-input\":{\"@type\":\"PropertyValueSpecification\",\"valueRequired\":true,\"valueName\":\"search_term_string\"}}],\"inLanguage\":\"lv-LV\"}]}<\/script>\n<!-- \/ Yoast SEO plugin. -->","yoast_head_json":{"title":"Industri\u0101l\u0101 stila TV skap\u012btis FACTORY PINE 1 - MetalTale.com","robots":{"index":"index","follow":"follow","max-snippet":"max-snippet:-1","max-image-preview":"max-image-preview:large","max-video-preview":"max-video-preview:-1"},"canonical":"https:\/\/metaltale.com\/lv\/produkts\/industriala-stila-tv-skapitis-factory-pine-1\/","og_locale":"lv_LV","og_type":"article","og_title":"Industri\u0101l\u0101 stila TV skap\u012btis FACTORY PINE 1 - MetalTale.com","og_description":"ZA.FAC.A1 modelis FACTORY PINE kolekcija EAN. 5905369915741 Materi\u0101ls Priede, t\u0113rauds Kop\u0113jais augstums (cm ) 61 Kop\u0113jais platums (cm ) 120","og_url":"https:\/\/metaltale.com\/lv\/produkts\/industriala-stila-tv-skapitis-factory-pine-1\/","og_site_name":"MetalTale.com","twitter_card":"summary_large_image","twitter_misc":{"Est. reading time":"2 minutes"},"schema":{"@context":"https:\/\/schema.org","@graph":[{"@type":"WebPage","@id":"https:\/\/metaltale.com\/lv\/produkts\/industriala-stila-tv-skapitis-factory-pine-1\/","url":"https:\/\/metaltale.com\/lv\/produkts\/industriala-stila-tv-skapitis-factory-pine-1\/","name":"Industri\u0101l\u0101 stila TV skap\u012btis FACTORY PINE 1 - MetalTale.com","isPartOf":{"@id":"https:\/\/metaltale.com\/lv\/#website"},"primaryImageOfPage":{"@id":"https:\/\/metaltale.com\/lv\/produkts\/industriala-stila-tv-skapitis-factory-pine-1\/#primaryimage"},"image":{"@id":"https:\/\/metaltale.com\/lv\/produkts\/industriala-stila-tv-skapitis-factory-pine-1\/#primaryimage"},"thumbnailUrl":"https:\/\/metaltale.com\/wp-content\/uploads\/2023\/12\/televizoriaus-spintele-6.jpg","datePublished":"2024-02-13T13:19:44+00:00","breadcrumb":{"@id":"https:\/\/metaltale.com\/lv\/produkts\/industriala-stila-tv-skapitis-factory-pine-1\/#breadcrumb"},"inLanguage":"lv-LV","potentialAction":[{"@type":"ReadAction","target":["https:\/\/metaltale.com\/lv\/produkts\/industriala-stila-tv-skapitis-factory-pine-1\/"]}]},{"@type":"ImageObject","inLanguage":"lv-LV","@id":"https:\/\/metaltale.com\/lv\/produkts\/industriala-stila-tv-skapitis-factory-pine-1\/#primaryimage","url":"https:\/\/metaltale.com\/wp-content\/uploads\/2023\/12\/televizoriaus-spintele-6.jpg","contentUrl":"https:\/\/metaltale.com\/wp-content\/uploads\/2023\/12\/televizoriaus-spintele-6.jpg","width":800,"height":800,"caption":"TV spintele"},{"@type":"BreadcrumbList","@id":"https:\/\/metaltale.com\/lv\/produkts\/industriala-stila-tv-skapitis-factory-pine-1\/#breadcrumb","itemListElement":[{"@type":"ListItem","position":1,"name":"Home","item":"https:\/\/metaltale.com\/lv\/majas\/"},{"@type":"ListItem","position":2,"name":"Veikals","item":"https:\/\/metaltale.com\/lv\/shop\/"},{"@type":"ListItem","position":3,"name":"Industri\u0101l\u0101 stila TV skap\u012btis FACTORY PINE 1"}]},{"@type":"WebSite","@id":"https:\/\/metaltale.com\/lv\/#website","url":"https:\/\/metaltale.com\/lv\/","name":"Metaltale.com","description":"","potentialAction":[{"@type":"SearchAction","target":{"@type":"EntryPoint","urlTemplate":"https:\/\/metaltale.com\/lv\/?s={search_term_string}"},"query-input":{"@type":"PropertyValueSpecification","valueRequired":true,"valueName":"search_term_string"}}],"inLanguage":"lv-LV"}]}},"_links":{"self":[{"href":"https:\/\/metaltale.com\/lv\/wp-json\/wp\/v2\/product\/133786","targetHints":{"allow":["GET"]}}],"collection":[{"href":"https:\/\/metaltale.com\/lv\/wp-json\/wp\/v2\/product"}],"about":[{"href":"https:\/\/metaltale.com\/lv\/wp-json\/wp\/v2\/types\/product"}],"replies":[{"embeddable":true,"href":"https:\/\/metaltale.com\/lv\/wp-json\/wp\/v2\/comments?post=133786"}],"version-history":[{"count":0,"href":"https:\/\/metaltale.com\/lv\/wp-json\/wp\/v2\/product\/133786\/revisions"}],"wp:featuredmedia":[{"embeddable":true,"href":"https:\/\/metaltale.com\/lv\/wp-json\/wp\/v2\/media\/119624"}],"wp:attachment":[{"href":"https:\/\/metaltale.com\/lv\/wp-json\/wp\/v2\/media?parent=133786"}],"wp:term":[{"taxonomy":"product_brand","embeddable":true,"href":"https:\/\/metaltale.com\/lv\/wp-json\/wp\/v2\/product_brand?post=133786"},{"taxonomy":"product_cat","embeddable":true,"href":"https:\/\/metaltale.com\/lv\/wp-json\/wp\/v2\/product_cat?post=133786"},{"taxonomy":"product_tag","embeddable":true,"href":"https:\/\/metaltale.com\/lv\/wp-json\/wp\/v2\/product_tag?post=133786"}],"curies":[{"name":"wp","href":"https:\/\/api.w.org\/{rel}","templated":true}]}}