{"id":133769,"date":"2024-02-13T14:03:04","date_gmt":"2024-02-13T12:03:04","guid":{"rendered":"https:\/\/metaltale.com\/produktas\/tualetes-un-velas-masinas-slutenes-maisitajs-melns-york-vienvietigs\/"},"modified":"2024-02-13T14:03:04","modified_gmt":"2024-02-13T12:03:04","slug":"tualetes-un-velas-masinas-slutenes-maisitajs-melns-york-vienvietigs","status":"publish","type":"product","link":"https:\/\/metaltale.com\/lv\/produkts\/tualetes-un-velas-masinas-slutenes-maisitajs-melns-york-vienvietigs\/","title":{"rendered":"Tualetes un ve\u013cas ma\u0161\u012bnas \u0161\u013c\u016btenes mais\u012bt\u0101js melns YORK vienviet\u012bgs"},"content":{"rendered":"<div class=\"prod_data\"><strong>Modelis<\/strong> WX.03.BLA  <br \/>Jorkas <strong>kolekcija<\/strong>  <br \/><strong>EAN.<\/strong>  5905369904394  <br \/><strong>Iztekas garums (cm<\/strong> ) 1  <br \/>Materi\u0101ls Misi\u0146\u0161 <br \/>Kop\u0113jais augstums (cm ) 4,5 <br \/>V\u012btnes diametrs (collas ) 1\/2 <br \/><strong>Kop\u0113j\u0101 projekcija (cm<\/strong> ) 10,5  <br \/><strong>Kr\u0101sa<\/strong> Melna  <br \/>Apdare M\u012bksta, sat\u012bna efekts <\/p>\n<p>&#8211; Misi\u0146a, pret koroziju iztur\u012bgs st\u016bra kr\u0101ns ve\u013cas ma\u0161\u012bnai vai tualetei<br \/>&#8211; keramikas galvi\u0146a perfekta bl\u012bv\u0113juma nodro\u0161in\u0101\u0161anai<br \/>&#8211; Vid\u0113ji ilgs kalpo\u0161anas laiks, ko garant\u0113 augst\u0101kie ra\u017eo\u0161anas standarti.<br \/>&#8211; viegla apkope &#8211; silts \u016bdens un PH neitr\u0101las ziepes.<br \/>&#8211; apskatiet citus YORK kolekcijas produktus<\/p>\n<hr>\n<p>Viena tualetes \u0161\u013c\u016btene un ve\u013cas ma\u0161\u012bnas kr\u0101ns ir neaizst\u0101jams produkts katr\u0101 m\u0101j\u0101 un dz\u012bvokl\u012b. Elegants melns kr\u0101sojums ar smalkiem skr\u0101p\u0113jumiem, kas piem\u0113rots jebkuram interjera stilam. Vienk\u0101r\u0161s un klasisks ir vienl\u012bdz univers\u0101ls.  <\/p>\n<hr>\n<\/div>\n","protected":false},"excerpt":{"rendered":"<p>Modelis WX.03.BLA Jorkas kolekcija EAN. 5905369904394 Iztekas garums (cm ) 1 Materi\u0101ls Misi\u0146\u0161 Kop\u0113jais augstums (cm ) 4,5 V\u012btnes diametrs<\/p>\n","protected":false},"featured_media":84855,"comment_status":"open","ping_status":"closed","template":"","meta":{"_acf_changed":false,"pmpro_default_level":""},"product_brand":[],"product_cat":[24111],"product_tag":[],"class_list":{"0":"post-133769","1":"product","2":"type-product","3":"status-publish","4":"has-post-thumbnail","6":"product_cat-udens-krani-un-varsti","7":"pmpro-has-access","9":"first","10":"instock","11":"shipping-taxable","12":"purchasable","13":"product-type-simple"},"acf":[],"yoast_head":"<!-- This site is optimized with the Yoast SEO plugin v24.9 - https:\/\/yoast.com\/wordpress\/plugins\/seo\/ -->\n<title>Tualetes un ve\u013cas ma\u0161\u012bnas \u0161\u013c\u016btenes mais\u012bt\u0101js melns YORK vienviet\u012bgs - MetalTale.com<\/title>\n<meta name=\"robots\" content=\"index, follow, max-snippet:-1, max-image-preview:large, max-video-preview:-1\" \/>\n<link rel=\"canonical\" href=\"https:\/\/metaltale.com\/lv\/produkts\/tualetes-un-velas-masinas-slutenes-maisitajs-melns-york-vienvietigs\/\" \/>\n<meta property=\"og:locale\" content=\"lv_LV\" \/>\n<meta property=\"og:type\" content=\"article\" \/>\n<meta property=\"og:title\" content=\"Tualetes un ve\u013cas ma\u0161\u012bnas \u0161\u013c\u016btenes mais\u012bt\u0101js melns YORK vienviet\u012bgs - MetalTale.com\" \/>\n<meta property=\"og:description\" content=\"Modelis WX.03.BLA Jorkas kolekcija EAN. 5905369904394 Iztekas garums (cm ) 1 Materi\u0101ls Misi\u0146\u0161 Kop\u0113jais augstums (cm ) 4,5 V\u012btnes diametrs\" \/>\n<meta property=\"og:url\" content=\"https:\/\/metaltale.com\/lv\/produkts\/tualetes-un-velas-masinas-slutenes-maisitajs-melns-york-vienvietigs\/\" \/>\n<meta property=\"og:site_name\" content=\"MetalTale.com\" \/>\n<meta property=\"og:image\" content=\"http:\/\/metaltale.com\/wp-content\/uploads\/2023\/10\/Kranikas-JORKAS-3.jpg\" \/>\n\t<meta property=\"og:image:width\" content=\"800\" \/>\n\t<meta property=\"og:image:height\" content=\"800\" \/>\n\t<meta property=\"og:image:type\" content=\"image\/jpeg\" \/>\n<meta name=\"twitter:card\" content=\"summary_large_image\" \/>\n<meta name=\"twitter:label1\" content=\"Est. reading time\" \/>\n\t<meta name=\"twitter:data1\" content=\"1 minute\" \/>\n<script type=\"application\/ld+json\" class=\"yoast-schema-graph\">{\"@context\":\"https:\/\/schema.org\",\"@graph\":[{\"@type\":\"WebPage\",\"@id\":\"https:\/\/metaltale.com\/lv\/produkts\/tualetes-un-velas-masinas-slutenes-maisitajs-melns-york-vienvietigs\/\",\"url\":\"https:\/\/metaltale.com\/lv\/produkts\/tualetes-un-velas-masinas-slutenes-maisitajs-melns-york-vienvietigs\/\",\"name\":\"Tualetes un ve\u013cas ma\u0161\u012bnas \u0161\u013c\u016btenes mais\u012bt\u0101js melns YORK vienviet\u012bgs - MetalTale.com\",\"isPartOf\":{\"@id\":\"https:\/\/metaltale.com\/lv\/#website\"},\"primaryImageOfPage\":{\"@id\":\"https:\/\/metaltale.com\/lv\/produkts\/tualetes-un-velas-masinas-slutenes-maisitajs-melns-york-vienvietigs\/#primaryimage\"},\"image\":{\"@id\":\"https:\/\/metaltale.com\/lv\/produkts\/tualetes-un-velas-masinas-slutenes-maisitajs-melns-york-vienvietigs\/#primaryimage\"},\"thumbnailUrl\":\"https:\/\/metaltale.com\/wp-content\/uploads\/2023\/10\/Kranikas-JORKAS-3.jpg\",\"datePublished\":\"2024-02-13T12:03:04+00:00\",\"breadcrumb\":{\"@id\":\"https:\/\/metaltale.com\/lv\/produkts\/tualetes-un-velas-masinas-slutenes-maisitajs-melns-york-vienvietigs\/#breadcrumb\"},\"inLanguage\":\"lv-LV\",\"potentialAction\":[{\"@type\":\"ReadAction\",\"target\":[\"https:\/\/metaltale.com\/lv\/produkts\/tualetes-un-velas-masinas-slutenes-maisitajs-melns-york-vienvietigs\/\"]}]},{\"@type\":\"ImageObject\",\"inLanguage\":\"lv-LV\",\"@id\":\"https:\/\/metaltale.com\/lv\/produkts\/tualetes-un-velas-masinas-slutenes-maisitajs-melns-york-vienvietigs\/#primaryimage\",\"url\":\"https:\/\/metaltale.com\/wp-content\/uploads\/2023\/10\/Kranikas-JORKAS-3.jpg\",\"contentUrl\":\"https:\/\/metaltale.com\/wp-content\/uploads\/2023\/10\/Kranikas-JORKAS-3.jpg\",\"width\":800,\"height\":800,\"caption\":\"WC ir skalbimo ma\u0161inos \u017earnos mai\u0161ytuvas juodas YORK viengubas\"},{\"@type\":\"BreadcrumbList\",\"@id\":\"https:\/\/metaltale.com\/lv\/produkts\/tualetes-un-velas-masinas-slutenes-maisitajs-melns-york-vienvietigs\/#breadcrumb\",\"itemListElement\":[{\"@type\":\"ListItem\",\"position\":1,\"name\":\"Home\",\"item\":\"https:\/\/metaltale.com\/lv\/majas\/\"},{\"@type\":\"ListItem\",\"position\":2,\"name\":\"Veikals\",\"item\":\"https:\/\/metaltale.com\/lv\/shop\/\"},{\"@type\":\"ListItem\",\"position\":3,\"name\":\"Tualetes un ve\u013cas ma\u0161\u012bnas \u0161\u013c\u016btenes mais\u012bt\u0101js melns YORK vienviet\u012bgs\"}]},{\"@type\":\"WebSite\",\"@id\":\"https:\/\/metaltale.com\/lv\/#website\",\"url\":\"https:\/\/metaltale.com\/lv\/\",\"name\":\"Metaltale.com\",\"description\":\"\",\"potentialAction\":[{\"@type\":\"SearchAction\",\"target\":{\"@type\":\"EntryPoint\",\"urlTemplate\":\"https:\/\/metaltale.com\/lv\/?s={search_term_string}\"},\"query-input\":{\"@type\":\"PropertyValueSpecification\",\"valueRequired\":true,\"valueName\":\"search_term_string\"}}],\"inLanguage\":\"lv-LV\"}]}<\/script>\n<!-- \/ Yoast SEO plugin. -->","yoast_head_json":{"title":"Tualetes un ve\u013cas ma\u0161\u012bnas \u0161\u013c\u016btenes mais\u012bt\u0101js melns YORK vienviet\u012bgs - MetalTale.com","robots":{"index":"index","follow":"follow","max-snippet":"max-snippet:-1","max-image-preview":"max-image-preview:large","max-video-preview":"max-video-preview:-1"},"canonical":"https:\/\/metaltale.com\/lv\/produkts\/tualetes-un-velas-masinas-slutenes-maisitajs-melns-york-vienvietigs\/","og_locale":"lv_LV","og_type":"article","og_title":"Tualetes un ve\u013cas ma\u0161\u012bnas \u0161\u013c\u016btenes mais\u012bt\u0101js melns YORK vienviet\u012bgs - MetalTale.com","og_description":"Modelis WX.03.BLA Jorkas kolekcija EAN. 5905369904394 Iztekas garums (cm ) 1 Materi\u0101ls Misi\u0146\u0161 Kop\u0113jais augstums (cm ) 4,5 V\u012btnes diametrs","og_url":"https:\/\/metaltale.com\/lv\/produkts\/tualetes-un-velas-masinas-slutenes-maisitajs-melns-york-vienvietigs\/","og_site_name":"MetalTale.com","og_image":[{"width":800,"height":800,"url":"http:\/\/metaltale.com\/wp-content\/uploads\/2023\/10\/Kranikas-JORKAS-3.jpg","type":"image\/jpeg"}],"twitter_card":"summary_large_image","twitter_misc":{"Est. reading time":"1 minute"},"schema":{"@context":"https:\/\/schema.org","@graph":[{"@type":"WebPage","@id":"https:\/\/metaltale.com\/lv\/produkts\/tualetes-un-velas-masinas-slutenes-maisitajs-melns-york-vienvietigs\/","url":"https:\/\/metaltale.com\/lv\/produkts\/tualetes-un-velas-masinas-slutenes-maisitajs-melns-york-vienvietigs\/","name":"Tualetes un ve\u013cas ma\u0161\u012bnas \u0161\u013c\u016btenes mais\u012bt\u0101js melns YORK vienviet\u012bgs - MetalTale.com","isPartOf":{"@id":"https:\/\/metaltale.com\/lv\/#website"},"primaryImageOfPage":{"@id":"https:\/\/metaltale.com\/lv\/produkts\/tualetes-un-velas-masinas-slutenes-maisitajs-melns-york-vienvietigs\/#primaryimage"},"image":{"@id":"https:\/\/metaltale.com\/lv\/produkts\/tualetes-un-velas-masinas-slutenes-maisitajs-melns-york-vienvietigs\/#primaryimage"},"thumbnailUrl":"https:\/\/metaltale.com\/wp-content\/uploads\/2023\/10\/Kranikas-JORKAS-3.jpg","datePublished":"2024-02-13T12:03:04+00:00","breadcrumb":{"@id":"https:\/\/metaltale.com\/lv\/produkts\/tualetes-un-velas-masinas-slutenes-maisitajs-melns-york-vienvietigs\/#breadcrumb"},"inLanguage":"lv-LV","potentialAction":[{"@type":"ReadAction","target":["https:\/\/metaltale.com\/lv\/produkts\/tualetes-un-velas-masinas-slutenes-maisitajs-melns-york-vienvietigs\/"]}]},{"@type":"ImageObject","inLanguage":"lv-LV","@id":"https:\/\/metaltale.com\/lv\/produkts\/tualetes-un-velas-masinas-slutenes-maisitajs-melns-york-vienvietigs\/#primaryimage","url":"https:\/\/metaltale.com\/wp-content\/uploads\/2023\/10\/Kranikas-JORKAS-3.jpg","contentUrl":"https:\/\/metaltale.com\/wp-content\/uploads\/2023\/10\/Kranikas-JORKAS-3.jpg","width":800,"height":800,"caption":"WC ir skalbimo ma\u0161inos \u017earnos mai\u0161ytuvas juodas YORK viengubas"},{"@type":"BreadcrumbList","@id":"https:\/\/metaltale.com\/lv\/produkts\/tualetes-un-velas-masinas-slutenes-maisitajs-melns-york-vienvietigs\/#breadcrumb","itemListElement":[{"@type":"ListItem","position":1,"name":"Home","item":"https:\/\/metaltale.com\/lv\/majas\/"},{"@type":"ListItem","position":2,"name":"Veikals","item":"https:\/\/metaltale.com\/lv\/shop\/"},{"@type":"ListItem","position":3,"name":"Tualetes un ve\u013cas ma\u0161\u012bnas \u0161\u013c\u016btenes mais\u012bt\u0101js melns YORK vienviet\u012bgs"}]},{"@type":"WebSite","@id":"https:\/\/metaltale.com\/lv\/#website","url":"https:\/\/metaltale.com\/lv\/","name":"Metaltale.com","description":"","potentialAction":[{"@type":"SearchAction","target":{"@type":"EntryPoint","urlTemplate":"https:\/\/metaltale.com\/lv\/?s={search_term_string}"},"query-input":{"@type":"PropertyValueSpecification","valueRequired":true,"valueName":"search_term_string"}}],"inLanguage":"lv-LV"}]}},"_links":{"self":[{"href":"https:\/\/metaltale.com\/lv\/wp-json\/wp\/v2\/product\/133769","targetHints":{"allow":["GET"]}}],"collection":[{"href":"https:\/\/metaltale.com\/lv\/wp-json\/wp\/v2\/product"}],"about":[{"href":"https:\/\/metaltale.com\/lv\/wp-json\/wp\/v2\/types\/product"}],"replies":[{"embeddable":true,"href":"https:\/\/metaltale.com\/lv\/wp-json\/wp\/v2\/comments?post=133769"}],"version-history":[{"count":0,"href":"https:\/\/metaltale.com\/lv\/wp-json\/wp\/v2\/product\/133769\/revisions"}],"wp:featuredmedia":[{"embeddable":true,"href":"https:\/\/metaltale.com\/lv\/wp-json\/wp\/v2\/media\/84855"}],"wp:attachment":[{"href":"https:\/\/metaltale.com\/lv\/wp-json\/wp\/v2\/media?parent=133769"}],"wp:term":[{"taxonomy":"product_brand","embeddable":true,"href":"https:\/\/metaltale.com\/lv\/wp-json\/wp\/v2\/product_brand?post=133769"},{"taxonomy":"product_cat","embeddable":true,"href":"https:\/\/metaltale.com\/lv\/wp-json\/wp\/v2\/product_cat?post=133769"},{"taxonomy":"product_tag","embeddable":true,"href":"https:\/\/metaltale.com\/lv\/wp-json\/wp\/v2\/product_tag?post=133769"}],"curies":[{"name":"wp","href":"https:\/\/api.w.org\/{rel}","templated":true}]}}