{"id":133768,"date":"2024-02-13T14:03:04","date_gmt":"2024-02-13T12:03:04","guid":{"rendered":"https:\/\/metaltale.com\/produktas\/slutenes-maisitajs-melns-lexie-iss\/"},"modified":"2024-02-13T14:03:04","modified_gmt":"2024-02-13T12:03:04","slug":"slutenes-maisitajs-melns-lexie-iss","status":"publish","type":"product","link":"https:\/\/metaltale.com\/lv\/produkts\/slutenes-maisitajs-melns-lexie-iss\/","title":{"rendered":"\u0160\u013c\u016btenes mais\u012bt\u0101js melns LEXIE \u012bss"},"content":{"rendered":"<div class=\"prod_data\">WX <strong>modelis<\/strong>. HT91708  <br \/>Lola &amp; Lexie kolekcija <br \/><strong>EAN.<\/strong>  5905369904332  <br \/><strong>Iztekas garums (cm<\/strong> ) 3  <br \/>Materi\u0101ls Misi\u0146\u0161 <br \/><strong>Kop\u0113jais augstums (cm<\/strong> ) 9  <br \/>V\u012btnes diametrs (collas ) 1\/2 <br \/><strong>Kop\u0113j\u0101 projekcija (cm<\/strong> ) 9  <br \/><strong>Kr\u0101sa<\/strong> Melna  <br \/>Apdare M\u012bksta, sat\u012bna efekts <br \/><strong>Papildu inform\u0101cija<\/strong> Jauc\u0113jkr\u0101ns ar 3\/4&#8242; galu  <\/p>\n<p>&#8211; misi\u0146a v\u0101rsts  <br \/>&#8211; keramikas galvi\u0146a perfekta bl\u012bv\u0113juma nodro\u0161in\u0101\u0161anai<br \/>&#8211; visaugst\u0101kais ra\u017eo\u0161anas standarts<br \/>&#8211; viegla apkope &#8211; silts \u016bdens un PH neitr\u0101las ziepes.<br \/>&#8211; skat\u012bt citus Lola &amp;; Lexie kolekcijas mode\u013cus<\/p>\n<hr>\n<p dir=\"ltr\">Retro stila misi\u0146a \u0161\u013c\u016btenes mais\u012bt\u0101js lieto\u0161anai iek\u0161telp\u0101s. V\u0101rsts darbojas k\u0101 savienot\u0101js ve\u013cas ma\u0161\u012bnai, tualetei vai trauku mazg\u0101jamajai ma\u0161\u012bnai. Elegant\u0101 meln\u0101 kr\u0101sa un kr\u0101na rot\u0101jumi ir \u012bpa\u0161i burv\u012bgi un stil\u012bgi. Gropes uz kr\u0101na malas atvieglo t\u0101 lieto\u0161anu.<\/p>\n<\/div>\n","protected":false},"excerpt":{"rendered":"<p>WX modelis. HT91708 Lola &amp; Lexie kolekcija EAN. 5905369904332 Iztekas garums (cm ) 3 Materi\u0101ls Misi\u0146\u0161 Kop\u0113jais augstums (cm )<\/p>\n","protected":false},"featured_media":84791,"comment_status":"open","ping_status":"closed","template":"","meta":{"_acf_changed":false,"pmpro_default_level":""},"product_brand":[],"product_cat":[24111],"product_tag":[],"class_list":{"0":"post-133768","1":"product","2":"type-product","3":"status-publish","4":"has-post-thumbnail","6":"product_cat-udens-krani-un-varsti","7":"pmpro-has-access","9":"first","10":"instock","11":"shipping-taxable","12":"purchasable","13":"product-type-simple"},"acf":[],"yoast_head":"<!-- This site is optimized with the Yoast SEO plugin v24.9 - https:\/\/yoast.com\/wordpress\/plugins\/seo\/ -->\n<title>\u0160\u013c\u016btenes mais\u012bt\u0101js melns LEXIE \u012bss - MetalTale.com<\/title>\n<meta name=\"robots\" content=\"index, follow, max-snippet:-1, max-image-preview:large, max-video-preview:-1\" \/>\n<link rel=\"canonical\" href=\"https:\/\/metaltale.com\/lv\/produkts\/slutenes-maisitajs-melns-lexie-iss\/\" \/>\n<meta property=\"og:locale\" content=\"lv_LV\" \/>\n<meta property=\"og:type\" content=\"article\" \/>\n<meta property=\"og:title\" content=\"\u0160\u013c\u016btenes mais\u012bt\u0101js melns LEXIE \u012bss - MetalTale.com\" \/>\n<meta property=\"og:description\" content=\"WX modelis. HT91708 Lola &amp; Lexie kolekcija EAN. 5905369904332 Iztekas garums (cm ) 3 Materi\u0101ls Misi\u0146\u0161 Kop\u0113jais augstums (cm )\" \/>\n<meta property=\"og:url\" content=\"https:\/\/metaltale.com\/lv\/produkts\/slutenes-maisitajs-melns-lexie-iss\/\" \/>\n<meta property=\"og:site_name\" content=\"MetalTale.com\" \/>\n<meta name=\"twitter:card\" content=\"summary_large_image\" \/>\n<meta name=\"twitter:label1\" content=\"Est. reading time\" \/>\n\t<meta name=\"twitter:data1\" content=\"1 minute\" \/>\n<script type=\"application\/ld+json\" class=\"yoast-schema-graph\">{\"@context\":\"https:\/\/schema.org\",\"@graph\":[{\"@type\":\"WebPage\",\"@id\":\"https:\/\/metaltale.com\/lv\/produkts\/slutenes-maisitajs-melns-lexie-iss\/\",\"url\":\"https:\/\/metaltale.com\/lv\/produkts\/slutenes-maisitajs-melns-lexie-iss\/\",\"name\":\"\u0160\u013c\u016btenes mais\u012bt\u0101js melns LEXIE \u012bss - MetalTale.com\",\"isPartOf\":{\"@id\":\"https:\/\/metaltale.com\/lv\/#website\"},\"primaryImageOfPage\":{\"@id\":\"https:\/\/metaltale.com\/lv\/produkts\/slutenes-maisitajs-melns-lexie-iss\/#primaryimage\"},\"image\":{\"@id\":\"https:\/\/metaltale.com\/lv\/produkts\/slutenes-maisitajs-melns-lexie-iss\/#primaryimage\"},\"thumbnailUrl\":\"https:\/\/metaltale.com\/wp-content\/uploads\/2023\/10\/Kranik-LEXIE.jpg\",\"datePublished\":\"2024-02-13T12:03:04+00:00\",\"breadcrumb\":{\"@id\":\"https:\/\/metaltale.com\/lv\/produkts\/slutenes-maisitajs-melns-lexie-iss\/#breadcrumb\"},\"inLanguage\":\"lv-LV\",\"potentialAction\":[{\"@type\":\"ReadAction\",\"target\":[\"https:\/\/metaltale.com\/lv\/produkts\/slutenes-maisitajs-melns-lexie-iss\/\"]}]},{\"@type\":\"ImageObject\",\"inLanguage\":\"lv-LV\",\"@id\":\"https:\/\/metaltale.com\/lv\/produkts\/slutenes-maisitajs-melns-lexie-iss\/#primaryimage\",\"url\":\"https:\/\/metaltale.com\/wp-content\/uploads\/2023\/10\/Kranik-LEXIE.jpg\",\"contentUrl\":\"https:\/\/metaltale.com\/wp-content\/uploads\/2023\/10\/Kranik-LEXIE.jpg\",\"width\":800,\"height\":800},{\"@type\":\"BreadcrumbList\",\"@id\":\"https:\/\/metaltale.com\/lv\/produkts\/slutenes-maisitajs-melns-lexie-iss\/#breadcrumb\",\"itemListElement\":[{\"@type\":\"ListItem\",\"position\":1,\"name\":\"Home\",\"item\":\"https:\/\/metaltale.com\/lv\/majas\/\"},{\"@type\":\"ListItem\",\"position\":2,\"name\":\"Veikals\",\"item\":\"https:\/\/metaltale.com\/lv\/shop\/\"},{\"@type\":\"ListItem\",\"position\":3,\"name\":\"\u0160\u013c\u016btenes mais\u012bt\u0101js melns LEXIE \u012bss\"}]},{\"@type\":\"WebSite\",\"@id\":\"https:\/\/metaltale.com\/lv\/#website\",\"url\":\"https:\/\/metaltale.com\/lv\/\",\"name\":\"Metaltale.com\",\"description\":\"\",\"potentialAction\":[{\"@type\":\"SearchAction\",\"target\":{\"@type\":\"EntryPoint\",\"urlTemplate\":\"https:\/\/metaltale.com\/lv\/?s={search_term_string}\"},\"query-input\":{\"@type\":\"PropertyValueSpecification\",\"valueRequired\":true,\"valueName\":\"search_term_string\"}}],\"inLanguage\":\"lv-LV\"}]}<\/script>\n<!-- \/ Yoast SEO plugin. -->","yoast_head_json":{"title":"\u0160\u013c\u016btenes mais\u012bt\u0101js melns LEXIE \u012bss - MetalTale.com","robots":{"index":"index","follow":"follow","max-snippet":"max-snippet:-1","max-image-preview":"max-image-preview:large","max-video-preview":"max-video-preview:-1"},"canonical":"https:\/\/metaltale.com\/lv\/produkts\/slutenes-maisitajs-melns-lexie-iss\/","og_locale":"lv_LV","og_type":"article","og_title":"\u0160\u013c\u016btenes mais\u012bt\u0101js melns LEXIE \u012bss - MetalTale.com","og_description":"WX modelis. HT91708 Lola &amp; Lexie kolekcija EAN. 5905369904332 Iztekas garums (cm ) 3 Materi\u0101ls Misi\u0146\u0161 Kop\u0113jais augstums (cm )","og_url":"https:\/\/metaltale.com\/lv\/produkts\/slutenes-maisitajs-melns-lexie-iss\/","og_site_name":"MetalTale.com","twitter_card":"summary_large_image","twitter_misc":{"Est. reading time":"1 minute"},"schema":{"@context":"https:\/\/schema.org","@graph":[{"@type":"WebPage","@id":"https:\/\/metaltale.com\/lv\/produkts\/slutenes-maisitajs-melns-lexie-iss\/","url":"https:\/\/metaltale.com\/lv\/produkts\/slutenes-maisitajs-melns-lexie-iss\/","name":"\u0160\u013c\u016btenes mais\u012bt\u0101js melns LEXIE \u012bss - MetalTale.com","isPartOf":{"@id":"https:\/\/metaltale.com\/lv\/#website"},"primaryImageOfPage":{"@id":"https:\/\/metaltale.com\/lv\/produkts\/slutenes-maisitajs-melns-lexie-iss\/#primaryimage"},"image":{"@id":"https:\/\/metaltale.com\/lv\/produkts\/slutenes-maisitajs-melns-lexie-iss\/#primaryimage"},"thumbnailUrl":"https:\/\/metaltale.com\/wp-content\/uploads\/2023\/10\/Kranik-LEXIE.jpg","datePublished":"2024-02-13T12:03:04+00:00","breadcrumb":{"@id":"https:\/\/metaltale.com\/lv\/produkts\/slutenes-maisitajs-melns-lexie-iss\/#breadcrumb"},"inLanguage":"lv-LV","potentialAction":[{"@type":"ReadAction","target":["https:\/\/metaltale.com\/lv\/produkts\/slutenes-maisitajs-melns-lexie-iss\/"]}]},{"@type":"ImageObject","inLanguage":"lv-LV","@id":"https:\/\/metaltale.com\/lv\/produkts\/slutenes-maisitajs-melns-lexie-iss\/#primaryimage","url":"https:\/\/metaltale.com\/wp-content\/uploads\/2023\/10\/Kranik-LEXIE.jpg","contentUrl":"https:\/\/metaltale.com\/wp-content\/uploads\/2023\/10\/Kranik-LEXIE.jpg","width":800,"height":800},{"@type":"BreadcrumbList","@id":"https:\/\/metaltale.com\/lv\/produkts\/slutenes-maisitajs-melns-lexie-iss\/#breadcrumb","itemListElement":[{"@type":"ListItem","position":1,"name":"Home","item":"https:\/\/metaltale.com\/lv\/majas\/"},{"@type":"ListItem","position":2,"name":"Veikals","item":"https:\/\/metaltale.com\/lv\/shop\/"},{"@type":"ListItem","position":3,"name":"\u0160\u013c\u016btenes mais\u012bt\u0101js melns LEXIE \u012bss"}]},{"@type":"WebSite","@id":"https:\/\/metaltale.com\/lv\/#website","url":"https:\/\/metaltale.com\/lv\/","name":"Metaltale.com","description":"","potentialAction":[{"@type":"SearchAction","target":{"@type":"EntryPoint","urlTemplate":"https:\/\/metaltale.com\/lv\/?s={search_term_string}"},"query-input":{"@type":"PropertyValueSpecification","valueRequired":true,"valueName":"search_term_string"}}],"inLanguage":"lv-LV"}]}},"_links":{"self":[{"href":"https:\/\/metaltale.com\/lv\/wp-json\/wp\/v2\/product\/133768","targetHints":{"allow":["GET"]}}],"collection":[{"href":"https:\/\/metaltale.com\/lv\/wp-json\/wp\/v2\/product"}],"about":[{"href":"https:\/\/metaltale.com\/lv\/wp-json\/wp\/v2\/types\/product"}],"replies":[{"embeddable":true,"href":"https:\/\/metaltale.com\/lv\/wp-json\/wp\/v2\/comments?post=133768"}],"version-history":[{"count":0,"href":"https:\/\/metaltale.com\/lv\/wp-json\/wp\/v2\/product\/133768\/revisions"}],"wp:featuredmedia":[{"embeddable":true,"href":"https:\/\/metaltale.com\/lv\/wp-json\/wp\/v2\/media\/84791"}],"wp:attachment":[{"href":"https:\/\/metaltale.com\/lv\/wp-json\/wp\/v2\/media?parent=133768"}],"wp:term":[{"taxonomy":"product_brand","embeddable":true,"href":"https:\/\/metaltale.com\/lv\/wp-json\/wp\/v2\/product_brand?post=133768"},{"taxonomy":"product_cat","embeddable":true,"href":"https:\/\/metaltale.com\/lv\/wp-json\/wp\/v2\/product_cat?post=133768"},{"taxonomy":"product_tag","embeddable":true,"href":"https:\/\/metaltale.com\/lv\/wp-json\/wp\/v2\/product_tag?post=133768"}],"curies":[{"name":"wp","href":"https:\/\/api.w.org\/{rel}","templated":true}]}}