{"id":133747,"date":"2024-01-25T12:06:13","date_gmt":"2024-01-25T10:06:13","guid":{"rendered":"https:\/\/metaltale.com\/produktas\/virtuves-krans-ar-izvelkamu-izsmidzinataju-belper-melns\/"},"modified":"2024-01-25T12:06:13","modified_gmt":"2024-01-25T10:06:13","slug":"virtuves-krans-ar-izvelkamu-izsmidzinataju-belper-melns","status":"publish","type":"product","link":"https:\/\/metaltale.com\/lv\/produkts\/virtuves-krans-ar-izvelkamu-izsmidzinataju-belper-melns\/","title":{"rendered":"Virtuves kr\u0101ns ar izvelkamu izsmidzin\u0101t\u0101ju BELPER, melns"},"content":{"rendered":"<div class=\"prod_data\">\n<p><strong>Modelis<\/strong> WX.1227.BLA<br \/>\nVienk\u0101r\u0161i retro <strong>kolekcija<\/strong><br \/>\n<strong>EAN.<\/strong>  5905369900044<br \/>\n<strong>\u0136emm\u012b\u0161gliemezis garums (cm<\/strong> ) Izvilkts aptuveni 100 cm garum\u0101<br \/>\n<strong>Materi\u0101ls<\/strong> Misi\u0146\u0161<br \/>\n<strong>Kop\u0113jais augstums (cm<\/strong> ) 40<br \/>\n<strong>Perlators (aerators<\/strong> ) J\u0101<br \/>\n<strong>Rot\u0113jo\u0161s izsmidzin\u0101t\u0101js<\/strong> J\u0101<br \/>\nKr\u0101sa Melna<br \/>\n<strong>Apdare<\/strong> M\u012bksta, sat\u012bna efekts<\/p>\n<p>&#8211; Misi\u0146a br\u012bvi st\u0101vo\u0161s mais\u012bt\u0101js ar izvelkamu izsmidzin\u0101t\u0101ju<br \/>\n&#8211; rot\u0113jo\u0161s izsmidzin\u0101t\u0101js \u016bdens pl\u016bsmas novirz\u012b\u0161anai<br \/>\n&#8211; keramikas galva nodro\u0161ina pareizu \u016bdens sadali ilg\u0101k nek\u0101 vid\u0113ji ilg\u0101 kalpo\u0161anas laik\u0101.<br \/>\n&#8211; aerators &#8211; aerators, kas nodro\u0161ina maz\u0101ku \u016bdens pat\u0113ri\u0146u.<br \/>\n&#8211; divu veidu vienm\u0113r\u012bga un izklied\u0113ta pl\u016bsma \u013cauj izv\u0113l\u0113ties vispiem\u0113rot\u0101ko mazg\u0101\u0161anai, skalo\u0161anai, ielejot.<br \/>\n&#8211; Ieliekamais izsmidzin\u0101t\u0101js nodro\u0161ina liel\u0101ku lieto\u0161anas \u0113rtumu un pla\u0161\u0101ku pielietojumu kl\u0101stu.<br \/>\n&#8211; visu mont\u0101\u017eas elementu un instrukciju saturs garant\u0113 \u0101tru un intuit\u012bvu mont\u0101\u017eu.<\/p>\n<hr>\n<p>Melnais virtuves kr\u0101ns ar no\u0146emamu izsmidzin\u0101t\u0101ju ir ide\u0101ls modelis \u012bpa\u0161iem uzdevumiem virtuv\u0113. Stat\u012bg\u0101 mais\u012bt\u0101ja lielais izsmidzin\u0101t\u0101js apmierin\u0101s pat vispras\u012bg\u0101k\u0101s d\u0101mas vai m\u0101jsaimnieces v\u0113lmes. Viena svira \u013cauj viegli un \u0101tri regul\u0113t sprauslas intensit\u0101ti un \u016bdens temperat\u016bru. Savuk\u0101rt divi \u016bdens str\u016bklas re\u017e\u012bmi (norm\u0101ls vai du\u0161a) ar intuit\u012bvu sl\u0113dzi izsmidzin\u0101t\u0101ja s\u0101nos \u013cauj piel\u0101got sprauslas veidu atbilsto\u0161i j\u016bsu vajadz\u012bb\u0101m. Virtuves kr\u0101ns ar izvelkamo izsmidzin\u0101t\u0101ju ar klasisku izskatu pie\u0161\u0137irs j\u016bsu virtuvei industri\u0101l\u0101, lauku vai retro stila \u0161armu. Br\u012bvi st\u0101vo\u0161\u0101 mais\u012bt\u0101ja meln\u0101 kr\u0101sa interjeram pie\u0161\u0137ir eleganci, vienlaikus priec\u0113jot ar savu minim\u0101lisma izskatu.<\/p>\n<\/div>\n","protected":false},"excerpt":{"rendered":"<p>Modelis WX.1227.BLA Vienk\u0101r\u0161i retro kolekcija EAN. 5905369900044 \u0136emm\u012b\u0161gliemezis garums (cm ) Izvilkts aptuveni 100 cm garum\u0101 Materi\u0101ls Misi\u0146\u0161 Kop\u0113jais augstums<\/p>\n","protected":false},"featured_media":97027,"comment_status":"open","ping_status":"closed","template":"","meta":{"_acf_changed":false,"pmpro_default_level":""},"product_brand":[],"product_cat":[24097,24096],"product_tag":[],"class_list":{"0":"post-133747","1":"product","2":"type-product","3":"status-publish","4":"has-post-thumbnail","6":"product_cat-brivi-stavosi-virtuves-maisitaji","7":"product_cat-virtuves-maisitaji","8":"pmpro-has-access","10":"first","11":"instock","12":"shipping-taxable","13":"purchasable","14":"product-type-simple"},"acf":[],"yoast_head":"<!-- This site is optimized with the Yoast SEO plugin v24.9 - https:\/\/yoast.com\/wordpress\/plugins\/seo\/ -->\n<title>Virtuves kr\u0101ns ar izvelkamu izsmidzin\u0101t\u0101ju BELPER, melns - MetalTale.com<\/title>\n<meta name=\"robots\" content=\"index, follow, max-snippet:-1, max-image-preview:large, max-video-preview:-1\" \/>\n<link rel=\"canonical\" href=\"https:\/\/metaltale.com\/lv\/produkts\/virtuves-krans-ar-izvelkamu-izsmidzinataju-belper-melns\/\" \/>\n<meta property=\"og:locale\" content=\"lv_LV\" \/>\n<meta property=\"og:type\" content=\"article\" \/>\n<meta property=\"og:title\" content=\"Virtuves kr\u0101ns ar izvelkamu izsmidzin\u0101t\u0101ju BELPER, melns - MetalTale.com\" \/>\n<meta property=\"og:description\" content=\"Modelis WX.1227.BLA Vienk\u0101r\u0161i retro kolekcija EAN. 5905369900044 \u0136emm\u012b\u0161gliemezis garums (cm ) Izvilkts aptuveni 100 cm garum\u0101 Materi\u0101ls Misi\u0146\u0161 Kop\u0113jais augstums\" \/>\n<meta property=\"og:url\" content=\"https:\/\/metaltale.com\/lv\/produkts\/virtuves-krans-ar-izvelkamu-izsmidzinataju-belper-melns\/\" \/>\n<meta property=\"og:site_name\" content=\"MetalTale.com\" \/>\n<meta property=\"og:image\" content=\"https:\/\/metaltale.com\/wp-content\/uploads\/2023\/11\/Virtuvinis-maix161ytuvas-stovi-su-ix161traukiamu-snapeliu-juodai-BELPER.jpg\" \/>\n\t<meta property=\"og:image:width\" content=\"800\" \/>\n\t<meta property=\"og:image:height\" content=\"800\" \/>\n\t<meta property=\"og:image:type\" content=\"image\/jpeg\" \/>\n<meta name=\"twitter:card\" content=\"summary_large_image\" \/>\n<meta name=\"twitter:label1\" content=\"Est. reading time\" \/>\n\t<meta name=\"twitter:data1\" content=\"1 minute\" \/>\n<script type=\"application\/ld+json\" class=\"yoast-schema-graph\">{\"@context\":\"https:\/\/schema.org\",\"@graph\":[{\"@type\":\"WebPage\",\"@id\":\"https:\/\/metaltale.com\/lv\/produkts\/virtuves-krans-ar-izvelkamu-izsmidzinataju-belper-melns\/\",\"url\":\"https:\/\/metaltale.com\/lv\/produkts\/virtuves-krans-ar-izvelkamu-izsmidzinataju-belper-melns\/\",\"name\":\"Virtuves kr\u0101ns ar izvelkamu izsmidzin\u0101t\u0101ju BELPER, melns - MetalTale.com\",\"isPartOf\":{\"@id\":\"https:\/\/metaltale.com\/lv\/#website\"},\"primaryImageOfPage\":{\"@id\":\"https:\/\/metaltale.com\/lv\/produkts\/virtuves-krans-ar-izvelkamu-izsmidzinataju-belper-melns\/#primaryimage\"},\"image\":{\"@id\":\"https:\/\/metaltale.com\/lv\/produkts\/virtuves-krans-ar-izvelkamu-izsmidzinataju-belper-melns\/#primaryimage\"},\"thumbnailUrl\":\"https:\/\/metaltale.com\/wp-content\/uploads\/2023\/11\/Virtuvinis-maix161ytuvas-stovi-su-ix161traukiamu-snapeliu-juodai-BELPER.jpg\",\"datePublished\":\"2024-01-25T10:06:13+00:00\",\"breadcrumb\":{\"@id\":\"https:\/\/metaltale.com\/lv\/produkts\/virtuves-krans-ar-izvelkamu-izsmidzinataju-belper-melns\/#breadcrumb\"},\"inLanguage\":\"lv-LV\",\"potentialAction\":[{\"@type\":\"ReadAction\",\"target\":[\"https:\/\/metaltale.com\/lv\/produkts\/virtuves-krans-ar-izvelkamu-izsmidzinataju-belper-melns\/\"]}]},{\"@type\":\"ImageObject\",\"inLanguage\":\"lv-LV\",\"@id\":\"https:\/\/metaltale.com\/lv\/produkts\/virtuves-krans-ar-izvelkamu-izsmidzinataju-belper-melns\/#primaryimage\",\"url\":\"https:\/\/metaltale.com\/wp-content\/uploads\/2023\/11\/Virtuvinis-maix161ytuvas-stovi-su-ix161traukiamu-snapeliu-juodai-BELPER.jpg\",\"contentUrl\":\"https:\/\/metaltale.com\/wp-content\/uploads\/2023\/11\/Virtuvinis-maix161ytuvas-stovi-su-ix161traukiamu-snapeliu-juodai-BELPER.jpg\",\"width\":800,\"height\":800,\"caption\":\"Virtuves kr\u0101ns ar izvelkamu izsmidzin\u0101t\u0101ju BELPER, melns\"},{\"@type\":\"BreadcrumbList\",\"@id\":\"https:\/\/metaltale.com\/lv\/produkts\/virtuves-krans-ar-izvelkamu-izsmidzinataju-belper-melns\/#breadcrumb\",\"itemListElement\":[{\"@type\":\"ListItem\",\"position\":1,\"name\":\"Home\",\"item\":\"https:\/\/metaltale.com\/lv\/majas\/\"},{\"@type\":\"ListItem\",\"position\":2,\"name\":\"Veikals\",\"item\":\"https:\/\/metaltale.com\/lv\/shop\/\"},{\"@type\":\"ListItem\",\"position\":3,\"name\":\"Virtuves kr\u0101ns ar izvelkamu izsmidzin\u0101t\u0101ju BELPER, melns\"}]},{\"@type\":\"WebSite\",\"@id\":\"https:\/\/metaltale.com\/lv\/#website\",\"url\":\"https:\/\/metaltale.com\/lv\/\",\"name\":\"Metaltale.com\",\"description\":\"\",\"potentialAction\":[{\"@type\":\"SearchAction\",\"target\":{\"@type\":\"EntryPoint\",\"urlTemplate\":\"https:\/\/metaltale.com\/lv\/?s={search_term_string}\"},\"query-input\":{\"@type\":\"PropertyValueSpecification\",\"valueRequired\":true,\"valueName\":\"search_term_string\"}}],\"inLanguage\":\"lv-LV\"}]}<\/script>\n<!-- \/ Yoast SEO plugin. -->","yoast_head_json":{"title":"Virtuves kr\u0101ns ar izvelkamu izsmidzin\u0101t\u0101ju BELPER, melns - MetalTale.com","robots":{"index":"index","follow":"follow","max-snippet":"max-snippet:-1","max-image-preview":"max-image-preview:large","max-video-preview":"max-video-preview:-1"},"canonical":"https:\/\/metaltale.com\/lv\/produkts\/virtuves-krans-ar-izvelkamu-izsmidzinataju-belper-melns\/","og_locale":"lv_LV","og_type":"article","og_title":"Virtuves kr\u0101ns ar izvelkamu izsmidzin\u0101t\u0101ju BELPER, melns - MetalTale.com","og_description":"Modelis WX.1227.BLA Vienk\u0101r\u0161i retro kolekcija EAN. 5905369900044 \u0136emm\u012b\u0161gliemezis garums (cm ) Izvilkts aptuveni 100 cm garum\u0101 Materi\u0101ls Misi\u0146\u0161 Kop\u0113jais augstums","og_url":"https:\/\/metaltale.com\/lv\/produkts\/virtuves-krans-ar-izvelkamu-izsmidzinataju-belper-melns\/","og_site_name":"MetalTale.com","og_image":[{"width":800,"height":800,"url":"https:\/\/metaltale.com\/wp-content\/uploads\/2023\/11\/Virtuvinis-maix161ytuvas-stovi-su-ix161traukiamu-snapeliu-juodai-BELPER.jpg","type":"image\/jpeg"}],"twitter_card":"summary_large_image","twitter_misc":{"Est. reading time":"1 minute"},"schema":{"@context":"https:\/\/schema.org","@graph":[{"@type":"WebPage","@id":"https:\/\/metaltale.com\/lv\/produkts\/virtuves-krans-ar-izvelkamu-izsmidzinataju-belper-melns\/","url":"https:\/\/metaltale.com\/lv\/produkts\/virtuves-krans-ar-izvelkamu-izsmidzinataju-belper-melns\/","name":"Virtuves kr\u0101ns ar izvelkamu izsmidzin\u0101t\u0101ju BELPER, melns - MetalTale.com","isPartOf":{"@id":"https:\/\/metaltale.com\/lv\/#website"},"primaryImageOfPage":{"@id":"https:\/\/metaltale.com\/lv\/produkts\/virtuves-krans-ar-izvelkamu-izsmidzinataju-belper-melns\/#primaryimage"},"image":{"@id":"https:\/\/metaltale.com\/lv\/produkts\/virtuves-krans-ar-izvelkamu-izsmidzinataju-belper-melns\/#primaryimage"},"thumbnailUrl":"https:\/\/metaltale.com\/wp-content\/uploads\/2023\/11\/Virtuvinis-maix161ytuvas-stovi-su-ix161traukiamu-snapeliu-juodai-BELPER.jpg","datePublished":"2024-01-25T10:06:13+00:00","breadcrumb":{"@id":"https:\/\/metaltale.com\/lv\/produkts\/virtuves-krans-ar-izvelkamu-izsmidzinataju-belper-melns\/#breadcrumb"},"inLanguage":"lv-LV","potentialAction":[{"@type":"ReadAction","target":["https:\/\/metaltale.com\/lv\/produkts\/virtuves-krans-ar-izvelkamu-izsmidzinataju-belper-melns\/"]}]},{"@type":"ImageObject","inLanguage":"lv-LV","@id":"https:\/\/metaltale.com\/lv\/produkts\/virtuves-krans-ar-izvelkamu-izsmidzinataju-belper-melns\/#primaryimage","url":"https:\/\/metaltale.com\/wp-content\/uploads\/2023\/11\/Virtuvinis-maix161ytuvas-stovi-su-ix161traukiamu-snapeliu-juodai-BELPER.jpg","contentUrl":"https:\/\/metaltale.com\/wp-content\/uploads\/2023\/11\/Virtuvinis-maix161ytuvas-stovi-su-ix161traukiamu-snapeliu-juodai-BELPER.jpg","width":800,"height":800,"caption":"Virtuves kr\u0101ns ar izvelkamu izsmidzin\u0101t\u0101ju BELPER, melns"},{"@type":"BreadcrumbList","@id":"https:\/\/metaltale.com\/lv\/produkts\/virtuves-krans-ar-izvelkamu-izsmidzinataju-belper-melns\/#breadcrumb","itemListElement":[{"@type":"ListItem","position":1,"name":"Home","item":"https:\/\/metaltale.com\/lv\/majas\/"},{"@type":"ListItem","position":2,"name":"Veikals","item":"https:\/\/metaltale.com\/lv\/shop\/"},{"@type":"ListItem","position":3,"name":"Virtuves kr\u0101ns ar izvelkamu izsmidzin\u0101t\u0101ju BELPER, melns"}]},{"@type":"WebSite","@id":"https:\/\/metaltale.com\/lv\/#website","url":"https:\/\/metaltale.com\/lv\/","name":"Metaltale.com","description":"","potentialAction":[{"@type":"SearchAction","target":{"@type":"EntryPoint","urlTemplate":"https:\/\/metaltale.com\/lv\/?s={search_term_string}"},"query-input":{"@type":"PropertyValueSpecification","valueRequired":true,"valueName":"search_term_string"}}],"inLanguage":"lv-LV"}]}},"_links":{"self":[{"href":"https:\/\/metaltale.com\/lv\/wp-json\/wp\/v2\/product\/133747","targetHints":{"allow":["GET"]}}],"collection":[{"href":"https:\/\/metaltale.com\/lv\/wp-json\/wp\/v2\/product"}],"about":[{"href":"https:\/\/metaltale.com\/lv\/wp-json\/wp\/v2\/types\/product"}],"replies":[{"embeddable":true,"href":"https:\/\/metaltale.com\/lv\/wp-json\/wp\/v2\/comments?post=133747"}],"version-history":[{"count":0,"href":"https:\/\/metaltale.com\/lv\/wp-json\/wp\/v2\/product\/133747\/revisions"}],"wp:featuredmedia":[{"embeddable":true,"href":"https:\/\/metaltale.com\/lv\/wp-json\/wp\/v2\/media\/97027"}],"wp:attachment":[{"href":"https:\/\/metaltale.com\/lv\/wp-json\/wp\/v2\/media?parent=133747"}],"wp:term":[{"taxonomy":"product_brand","embeddable":true,"href":"https:\/\/metaltale.com\/lv\/wp-json\/wp\/v2\/product_brand?post=133747"},{"taxonomy":"product_cat","embeddable":true,"href":"https:\/\/metaltale.com\/lv\/wp-json\/wp\/v2\/product_cat?post=133747"},{"taxonomy":"product_tag","embeddable":true,"href":"https:\/\/metaltale.com\/lv\/wp-json\/wp\/v2\/product_tag?post=133747"}],"curies":[{"name":"wp","href":"https:\/\/api.w.org\/{rel}","templated":true}]}}