{"id":133746,"date":"2024-02-13T15:09:04","date_gmt":"2024-02-13T13:09:04","guid":{"rendered":"https:\/\/metaltale.com\/produktas\/virtuves-krans-plain-antiki-bruns\/"},"modified":"2024-02-13T15:09:04","modified_gmt":"2024-02-13T13:09:04","slug":"virtuves-krans-plain-antiki-bruns","status":"publish","type":"product","link":"https:\/\/metaltale.com\/lv\/produkts\/virtuves-krans-plain-antiki-bruns\/","title":{"rendered":"Virtuves kr\u0101ns PLAIN, ant\u012bki br\u016bns"},"content":{"rendered":"<div class=\"prod_data\">\n<p>QZ <strong>modelis<\/strong>. CF-163-RZL<br \/>\nModern\u0101 <strong>kolekcija<\/strong><br \/>\n<strong>EAN.<\/strong>  5905369929748<br \/>\n<strong>Augstums (cm<\/strong> ) 39<br \/>\n<strong>Izsmidzin\u0101t\u0101ja garums (cm<\/strong> ) 17,5<br \/>\n<strong>Augstums l\u012bdz izsmidzin\u0101t\u0101jam (cm<\/strong> ) 28<br \/>\n<strong>Materi\u0101ls<\/strong> Ner\u016bs\u0113jo\u0161ais t\u0113rauds<br \/>\n<strong>Kr\u0101sa<\/strong> Antique bronze<br \/>\n<strong>Apdares<\/strong> sp\u012bdums<br \/>\n<strong>Rot\u0113jo\u0161s izsmidzin\u0101t\u0101js<\/strong> J\u0101<br \/>\n<strong>Perlators (aerators<\/strong> ) J\u0101<br \/>\n<strong>Pamatnes diametrs (cm)<\/strong> 4,6<br \/>\n<strong>Kop\u0113j\u0101 projekcija (cm<\/strong> ) 23<\/p>\n<p>Br\u012bvi st\u0101vo\u0161s mais\u012bt\u0101js no ner\u016bs\u0113jo\u0161\u0101 t\u0113rauda<\/p>\n<p>360&#8242; rot\u0113jo\u0161s izsmidzin\u0101t\u0101js<\/p>\n<p>Aerators &#8211; aerators, kas samazina \u016bdens pat\u0113ri\u0146u<\/p>\n<p>keramikas galva &#8211; elements, kas nodro\u0161ina pareizu \u016bdens sadali.<\/p>\n<p>visas uzst\u0101d\u012b\u0161anai nepiecie\u0161am\u0101s sast\u0101vda\u013cas komplekt\u0101 (\u0161\u013c\u016btene, galda skr\u016bve, skr\u016bvju bl\u012bves).<\/p>\n<hr>\n<p>Augstais virtuves kr\u0101ns unik\u0101l\u0101 ant\u012bk\u0101 br\u016bn\u0101 kr\u0101s\u0101 ir izcils modelis, kas piesaista uzman\u012bbu visos aspektos. Virtuves kr\u0101nam ir augstas kvalit\u0101tes rot\u0113jo\u0161s izsmidzin\u0101t\u0101js, kas \u013cauj viegli piel\u0101got \u016bdens pl\u016bsmas virzienu atbilsto\u0161i j\u016bsu vajadz\u012bb\u0101m. Tom\u0113r vienk\u0101r\u0161\u0101 forma un lieko dekorat\u012bvo deta\u013cu tr\u016bkums padara \u0161o galda virsmu mais\u012bt\u0101ju viegli lietojamu ar\u012b b\u0113ni\u0146os un industri\u0101l\u0101s iek\u0101rt\u0101s. \u0160is kr\u0101ns ir \u013coti funkcion\u0101ls un vienlaikus dizaina izstr\u0101d\u0101jums, kam neviens nevar\u0113s paiet gar\u0101m bez aizdom\u0101m.<\/p>\n<\/div>\n","protected":false},"excerpt":{"rendered":"<p>QZ modelis. CF-163-RZL Modern\u0101 kolekcija EAN. 5905369929748 Augstums (cm ) 39 Izsmidzin\u0101t\u0101ja garums (cm ) 17,5 Augstums l\u012bdz izsmidzin\u0101t\u0101jam (cm<\/p>\n","protected":false},"featured_media":92748,"comment_status":"open","ping_status":"closed","template":"","meta":{"_acf_changed":false,"pmpro_default_level":""},"product_brand":[],"product_cat":[24097,24096],"product_tag":[],"class_list":{"0":"post-133746","1":"product","2":"type-product","3":"status-publish","4":"has-post-thumbnail","6":"product_cat-brivi-stavosi-virtuves-maisitaji","7":"product_cat-virtuves-maisitaji","8":"pmpro-has-access","10":"first","11":"instock","12":"shipping-taxable","13":"purchasable","14":"product-type-simple"},"acf":[],"yoast_head":"<!-- This site is optimized with the Yoast SEO plugin v24.9 - https:\/\/yoast.com\/wordpress\/plugins\/seo\/ -->\n<title>Virtuves kr\u0101ns PLAIN, ant\u012bki br\u016bns - MetalTale.com<\/title>\n<meta name=\"robots\" content=\"index, follow, max-snippet:-1, max-image-preview:large, max-video-preview:-1\" \/>\n<link rel=\"canonical\" href=\"https:\/\/metaltale.com\/lv\/produkts\/virtuves-krans-plain-antiki-bruns\/\" \/>\n<meta property=\"og:locale\" content=\"lv_LV\" \/>\n<meta property=\"og:type\" content=\"article\" \/>\n<meta property=\"og:title\" content=\"Virtuves kr\u0101ns PLAIN, ant\u012bki br\u016bns - MetalTale.com\" \/>\n<meta property=\"og:description\" content=\"QZ modelis. CF-163-RZL Modern\u0101 kolekcija EAN. 5905369929748 Augstums (cm ) 39 Izsmidzin\u0101t\u0101ja garums (cm ) 17,5 Augstums l\u012bdz izsmidzin\u0101t\u0101jam (cm\" \/>\n<meta property=\"og:url\" content=\"https:\/\/metaltale.com\/lv\/produkts\/virtuves-krans-plain-antiki-bruns\/\" \/>\n<meta property=\"og:site_name\" content=\"MetalTale.com\" \/>\n<meta property=\"og:image\" content=\"https:\/\/metaltale.com\/wp-content\/uploads\/2023\/10\/Virtuvinis-maix161ytuvas-stovi-antikvarinis-rudas-PLAIN.jpg\" \/>\n\t<meta property=\"og:image:width\" content=\"800\" \/>\n\t<meta property=\"og:image:height\" content=\"800\" \/>\n\t<meta property=\"og:image:type\" content=\"image\/jpeg\" \/>\n<meta name=\"twitter:card\" content=\"summary_large_image\" \/>\n<meta name=\"twitter:label1\" content=\"Est. reading time\" \/>\n\t<meta name=\"twitter:data1\" content=\"1 minute\" \/>\n<script type=\"application\/ld+json\" class=\"yoast-schema-graph\">{\"@context\":\"https:\/\/schema.org\",\"@graph\":[{\"@type\":\"WebPage\",\"@id\":\"https:\/\/metaltale.com\/lv\/produkts\/virtuves-krans-plain-antiki-bruns\/\",\"url\":\"https:\/\/metaltale.com\/lv\/produkts\/virtuves-krans-plain-antiki-bruns\/\",\"name\":\"Virtuves kr\u0101ns PLAIN, ant\u012bki br\u016bns - MetalTale.com\",\"isPartOf\":{\"@id\":\"https:\/\/metaltale.com\/lv\/#website\"},\"primaryImageOfPage\":{\"@id\":\"https:\/\/metaltale.com\/lv\/produkts\/virtuves-krans-plain-antiki-bruns\/#primaryimage\"},\"image\":{\"@id\":\"https:\/\/metaltale.com\/lv\/produkts\/virtuves-krans-plain-antiki-bruns\/#primaryimage\"},\"thumbnailUrl\":\"https:\/\/metaltale.com\/wp-content\/uploads\/2023\/10\/Virtuvinis-maix161ytuvas-stovi-antikvarinis-rudas-PLAIN.jpg\",\"datePublished\":\"2024-02-13T13:09:04+00:00\",\"breadcrumb\":{\"@id\":\"https:\/\/metaltale.com\/lv\/produkts\/virtuves-krans-plain-antiki-bruns\/#breadcrumb\"},\"inLanguage\":\"lv-LV\",\"potentialAction\":[{\"@type\":\"ReadAction\",\"target\":[\"https:\/\/metaltale.com\/lv\/produkts\/virtuves-krans-plain-antiki-bruns\/\"]}]},{\"@type\":\"ImageObject\",\"inLanguage\":\"lv-LV\",\"@id\":\"https:\/\/metaltale.com\/lv\/produkts\/virtuves-krans-plain-antiki-bruns\/#primaryimage\",\"url\":\"https:\/\/metaltale.com\/wp-content\/uploads\/2023\/10\/Virtuvinis-maix161ytuvas-stovi-antikvarinis-rudas-PLAIN.jpg\",\"contentUrl\":\"https:\/\/metaltale.com\/wp-content\/uploads\/2023\/10\/Virtuvinis-maix161ytuvas-stovi-antikvarinis-rudas-PLAIN.jpg\",\"width\":800,\"height\":800,\"caption\":\"Virtuves kr\u0101ns PLAIN, ant\u012bki br\u016bns\"},{\"@type\":\"BreadcrumbList\",\"@id\":\"https:\/\/metaltale.com\/lv\/produkts\/virtuves-krans-plain-antiki-bruns\/#breadcrumb\",\"itemListElement\":[{\"@type\":\"ListItem\",\"position\":1,\"name\":\"Home\",\"item\":\"https:\/\/metaltale.com\/lv\/majas\/\"},{\"@type\":\"ListItem\",\"position\":2,\"name\":\"Veikals\",\"item\":\"https:\/\/metaltale.com\/lv\/shop\/\"},{\"@type\":\"ListItem\",\"position\":3,\"name\":\"Virtuves kr\u0101ns PLAIN, ant\u012bki br\u016bns\"}]},{\"@type\":\"WebSite\",\"@id\":\"https:\/\/metaltale.com\/lv\/#website\",\"url\":\"https:\/\/metaltale.com\/lv\/\",\"name\":\"Metaltale.com\",\"description\":\"\",\"potentialAction\":[{\"@type\":\"SearchAction\",\"target\":{\"@type\":\"EntryPoint\",\"urlTemplate\":\"https:\/\/metaltale.com\/lv\/?s={search_term_string}\"},\"query-input\":{\"@type\":\"PropertyValueSpecification\",\"valueRequired\":true,\"valueName\":\"search_term_string\"}}],\"inLanguage\":\"lv-LV\"}]}<\/script>\n<!-- \/ Yoast SEO plugin. -->","yoast_head_json":{"title":"Virtuves kr\u0101ns PLAIN, ant\u012bki br\u016bns - MetalTale.com","robots":{"index":"index","follow":"follow","max-snippet":"max-snippet:-1","max-image-preview":"max-image-preview:large","max-video-preview":"max-video-preview:-1"},"canonical":"https:\/\/metaltale.com\/lv\/produkts\/virtuves-krans-plain-antiki-bruns\/","og_locale":"lv_LV","og_type":"article","og_title":"Virtuves kr\u0101ns PLAIN, ant\u012bki br\u016bns - MetalTale.com","og_description":"QZ modelis. CF-163-RZL Modern\u0101 kolekcija EAN. 5905369929748 Augstums (cm ) 39 Izsmidzin\u0101t\u0101ja garums (cm ) 17,5 Augstums l\u012bdz izsmidzin\u0101t\u0101jam (cm","og_url":"https:\/\/metaltale.com\/lv\/produkts\/virtuves-krans-plain-antiki-bruns\/","og_site_name":"MetalTale.com","og_image":[{"width":800,"height":800,"url":"https:\/\/metaltale.com\/wp-content\/uploads\/2023\/10\/Virtuvinis-maix161ytuvas-stovi-antikvarinis-rudas-PLAIN.jpg","type":"image\/jpeg"}],"twitter_card":"summary_large_image","twitter_misc":{"Est. reading time":"1 minute"},"schema":{"@context":"https:\/\/schema.org","@graph":[{"@type":"WebPage","@id":"https:\/\/metaltale.com\/lv\/produkts\/virtuves-krans-plain-antiki-bruns\/","url":"https:\/\/metaltale.com\/lv\/produkts\/virtuves-krans-plain-antiki-bruns\/","name":"Virtuves kr\u0101ns PLAIN, ant\u012bki br\u016bns - MetalTale.com","isPartOf":{"@id":"https:\/\/metaltale.com\/lv\/#website"},"primaryImageOfPage":{"@id":"https:\/\/metaltale.com\/lv\/produkts\/virtuves-krans-plain-antiki-bruns\/#primaryimage"},"image":{"@id":"https:\/\/metaltale.com\/lv\/produkts\/virtuves-krans-plain-antiki-bruns\/#primaryimage"},"thumbnailUrl":"https:\/\/metaltale.com\/wp-content\/uploads\/2023\/10\/Virtuvinis-maix161ytuvas-stovi-antikvarinis-rudas-PLAIN.jpg","datePublished":"2024-02-13T13:09:04+00:00","breadcrumb":{"@id":"https:\/\/metaltale.com\/lv\/produkts\/virtuves-krans-plain-antiki-bruns\/#breadcrumb"},"inLanguage":"lv-LV","potentialAction":[{"@type":"ReadAction","target":["https:\/\/metaltale.com\/lv\/produkts\/virtuves-krans-plain-antiki-bruns\/"]}]},{"@type":"ImageObject","inLanguage":"lv-LV","@id":"https:\/\/metaltale.com\/lv\/produkts\/virtuves-krans-plain-antiki-bruns\/#primaryimage","url":"https:\/\/metaltale.com\/wp-content\/uploads\/2023\/10\/Virtuvinis-maix161ytuvas-stovi-antikvarinis-rudas-PLAIN.jpg","contentUrl":"https:\/\/metaltale.com\/wp-content\/uploads\/2023\/10\/Virtuvinis-maix161ytuvas-stovi-antikvarinis-rudas-PLAIN.jpg","width":800,"height":800,"caption":"Virtuves kr\u0101ns PLAIN, ant\u012bki br\u016bns"},{"@type":"BreadcrumbList","@id":"https:\/\/metaltale.com\/lv\/produkts\/virtuves-krans-plain-antiki-bruns\/#breadcrumb","itemListElement":[{"@type":"ListItem","position":1,"name":"Home","item":"https:\/\/metaltale.com\/lv\/majas\/"},{"@type":"ListItem","position":2,"name":"Veikals","item":"https:\/\/metaltale.com\/lv\/shop\/"},{"@type":"ListItem","position":3,"name":"Virtuves kr\u0101ns PLAIN, ant\u012bki br\u016bns"}]},{"@type":"WebSite","@id":"https:\/\/metaltale.com\/lv\/#website","url":"https:\/\/metaltale.com\/lv\/","name":"Metaltale.com","description":"","potentialAction":[{"@type":"SearchAction","target":{"@type":"EntryPoint","urlTemplate":"https:\/\/metaltale.com\/lv\/?s={search_term_string}"},"query-input":{"@type":"PropertyValueSpecification","valueRequired":true,"valueName":"search_term_string"}}],"inLanguage":"lv-LV"}]}},"_links":{"self":[{"href":"https:\/\/metaltale.com\/lv\/wp-json\/wp\/v2\/product\/133746","targetHints":{"allow":["GET"]}}],"collection":[{"href":"https:\/\/metaltale.com\/lv\/wp-json\/wp\/v2\/product"}],"about":[{"href":"https:\/\/metaltale.com\/lv\/wp-json\/wp\/v2\/types\/product"}],"replies":[{"embeddable":true,"href":"https:\/\/metaltale.com\/lv\/wp-json\/wp\/v2\/comments?post=133746"}],"version-history":[{"count":0,"href":"https:\/\/metaltale.com\/lv\/wp-json\/wp\/v2\/product\/133746\/revisions"}],"wp:featuredmedia":[{"embeddable":true,"href":"https:\/\/metaltale.com\/lv\/wp-json\/wp\/v2\/media\/92748"}],"wp:attachment":[{"href":"https:\/\/metaltale.com\/lv\/wp-json\/wp\/v2\/media?parent=133746"}],"wp:term":[{"taxonomy":"product_brand","embeddable":true,"href":"https:\/\/metaltale.com\/lv\/wp-json\/wp\/v2\/product_brand?post=133746"},{"taxonomy":"product_cat","embeddable":true,"href":"https:\/\/metaltale.com\/lv\/wp-json\/wp\/v2\/product_cat?post=133746"},{"taxonomy":"product_tag","embeddable":true,"href":"https:\/\/metaltale.com\/lv\/wp-json\/wp\/v2\/product_tag?post=133746"}],"curies":[{"name":"wp","href":"https:\/\/api.w.org\/{rel}","templated":true}]}}