{"id":133732,"date":"2024-02-13T15:09:04","date_gmt":"2024-02-13T13:09:04","guid":{"rendered":"https:\/\/metaltale.com\/produktas\/virtuves-krana-stativs-antikais-misins-paprasta\/"},"modified":"2024-02-13T15:09:04","modified_gmt":"2024-02-13T13:09:04","slug":"virtuves-krana-stativs-antikais-misins-paprasta","status":"publish","type":"product","link":"https:\/\/metaltale.com\/lv\/produkts\/virtuves-krana-stativs-antikais-misins-paprasta\/","title":{"rendered":"Virtuves kr\u0101na stat\u012bvs ant\u012bkais misi\u0146\u0161 PAPRASTA"},"content":{"rendered":"<div class=\"prod_data\">QZ <strong>modelis<\/strong>. CF-001-AMD  <br \/>Modern\u0101 <strong>kolekcija<\/strong>  <br \/><strong>EAN.<\/strong>  5905369929656  <br \/><strong>Augstums (cm<\/strong> ) 41  <br \/><strong>Platums (cm<\/strong> ) 24  <br \/>Pamatnes diametrs (cm) 5 <br \/>Izsmidzin\u0101t\u0101ja garums (cm ) 16 <br \/>Augstums l\u012bdz izsmidzin\u0101t\u0101jam (cm ) 20 <br \/><strong>Materi\u0101ls<\/strong> Ner\u016bs\u0113jo\u0161ais t\u0113rauds  <br \/>Kr\u0101sa Ant\u012bkais misi\u0146\u0161 <br \/>Apdares sp\u012bdums <br \/>Rot\u0113jo\u0161s izsmidzin\u0101t\u0101js J\u0101 <br \/>Perlators (aerators ) J\u0101 <\/p>\n<p>Br\u012bvi st\u0101vo\u0161s mais\u012bt\u0101js no ner\u016bs\u0113jo\u0161\u0101 t\u0113rauda<\/p>\n<p>360&#8242; rot\u0113jo\u0161s izsmidzin\u0101t\u0101js<\/p>\n<p>ievelkams izsmidzin\u0101t\u0101js \u0113rtai trauku mazg\u0101\u0161anai trauku mazg\u0101jam\u0101 ma\u0161\u012bn\u0101<\/p>\n<p>keramikas galva &#8211; elements, kas nodro\u0161ina pareizu \u016bdens sadali.<\/p>\n<p>Aerators &#8211; aerators, kas samazina \u016bdens pat\u0113ri\u0146u<\/p>\n<p>Regul\u0113jama \u016bdens pl\u016bsma, izmantojot spiedpogu, divas iesp\u0113jas<\/p>\n<p>visas uzst\u0101d\u012b\u0161anai nepiecie\u0161am\u0101s sast\u0101vda\u013cas komplekt\u0101 (\u0161\u013c\u016btene, galda skr\u016bve, skr\u016bvju bl\u012bves).<\/p>\n<p>viegla apkope &#8211; silts \u016bdens un PH neitr\u0101las ziepes.<\/p>\n<p>Skat\u012bt citus kolekcijas Modern mode\u013cus<\/p>\n<hr>\n<p>\u0160is virtuves mais\u012bt\u0101js ir ide\u0101ls risin\u0101jums jebkurai modernai virtuvei. Ir v\u0113rts atcer\u0113ties, ka papildus dekorat\u012bvajiem aspektiem virtuves apr\u012bkojumam j\u0101b\u016bt funkcion\u0101lam, un tas ir vienk\u0101r\u0161s kr\u0101ns. Iesp\u0113ja pagriezt un vienlaikus izvilkt izsmidzin\u0101t\u0101ju padara mazg\u0101\u0161anu daudz vienk\u0101r\u0161\u0101ku. Ergonomiskais rokturis \u013cauj regul\u0113t \u016bdens pl\u016bsmu un temperat\u016bru. Elegantais dizains un hroma kr\u0101sa padara to par lielisku izv\u0113li m\u016bsdien\u012bgam interjeram.  <\/p>\n<\/div>\n","protected":false},"excerpt":{"rendered":"<p>QZ modelis. CF-001-AMD Modern\u0101 kolekcija EAN. 5905369929656 Augstums (cm ) 41 Platums (cm ) 24 Pamatnes diametrs (cm) 5 Izsmidzin\u0101t\u0101ja<\/p>\n","protected":false},"featured_media":92374,"comment_status":"open","ping_status":"closed","template":"","meta":{"_acf_changed":false,"pmpro_default_level":""},"product_brand":[],"product_cat":[24097],"product_tag":[],"class_list":{"0":"post-133732","1":"product","2":"type-product","3":"status-publish","4":"has-post-thumbnail","6":"product_cat-brivi-stavosi-virtuves-maisitaji","7":"pmpro-has-access","9":"first","10":"instock","11":"shipping-taxable","12":"purchasable","13":"product-type-simple"},"acf":[],"yoast_head":"<!-- This site is optimized with the Yoast SEO plugin v24.9 - https:\/\/yoast.com\/wordpress\/plugins\/seo\/ -->\n<title>Virtuves kr\u0101na stat\u012bvs ant\u012bkais misi\u0146\u0161 PAPRASTA - MetalTale.com<\/title>\n<meta name=\"robots\" content=\"index, follow, max-snippet:-1, max-image-preview:large, max-video-preview:-1\" \/>\n<link rel=\"canonical\" href=\"https:\/\/metaltale.com\/lv\/produkts\/virtuves-krana-stativs-antikais-misins-paprasta\/\" \/>\n<meta property=\"og:locale\" content=\"lv_LV\" \/>\n<meta property=\"og:type\" content=\"article\" \/>\n<meta property=\"og:title\" content=\"Virtuves kr\u0101na stat\u012bvs ant\u012bkais misi\u0146\u0161 PAPRASTA - MetalTale.com\" \/>\n<meta property=\"og:description\" content=\"QZ modelis. CF-001-AMD Modern\u0101 kolekcija EAN. 5905369929656 Augstums (cm ) 41 Platums (cm ) 24 Pamatnes diametrs (cm) 5 Izsmidzin\u0101t\u0101ja\" \/>\n<meta property=\"og:url\" content=\"https:\/\/metaltale.com\/lv\/produkts\/virtuves-krana-stativs-antikais-misins-paprasta\/\" \/>\n<meta property=\"og:site_name\" content=\"MetalTale.com\" \/>\n<meta property=\"og:image\" content=\"http:\/\/metaltale.com\/wp-content\/uploads\/2023\/10\/Virtuvinio-maix161ytuvo-stovis-antikvarinis-x17Ealvaris-PAPRASTA.jpg\" \/>\n\t<meta property=\"og:image:width\" content=\"800\" \/>\n\t<meta property=\"og:image:height\" content=\"800\" \/>\n\t<meta property=\"og:image:type\" content=\"image\/jpeg\" \/>\n<meta name=\"twitter:card\" content=\"summary_large_image\" \/>\n<meta name=\"twitter:label1\" content=\"Est. reading time\" \/>\n\t<meta name=\"twitter:data1\" content=\"1 minute\" \/>\n<script type=\"application\/ld+json\" class=\"yoast-schema-graph\">{\"@context\":\"https:\/\/schema.org\",\"@graph\":[{\"@type\":\"WebPage\",\"@id\":\"https:\/\/metaltale.com\/lv\/produkts\/virtuves-krana-stativs-antikais-misins-paprasta\/\",\"url\":\"https:\/\/metaltale.com\/lv\/produkts\/virtuves-krana-stativs-antikais-misins-paprasta\/\",\"name\":\"Virtuves kr\u0101na stat\u012bvs ant\u012bkais misi\u0146\u0161 PAPRASTA - MetalTale.com\",\"isPartOf\":{\"@id\":\"https:\/\/metaltale.com\/lv\/#website\"},\"primaryImageOfPage\":{\"@id\":\"https:\/\/metaltale.com\/lv\/produkts\/virtuves-krana-stativs-antikais-misins-paprasta\/#primaryimage\"},\"image\":{\"@id\":\"https:\/\/metaltale.com\/lv\/produkts\/virtuves-krana-stativs-antikais-misins-paprasta\/#primaryimage\"},\"thumbnailUrl\":\"https:\/\/metaltale.com\/wp-content\/uploads\/2023\/10\/Virtuvinio-maix161ytuvo-stovis-antikvarinis-x17Ealvaris-PAPRASTA.jpg\",\"datePublished\":\"2024-02-13T13:09:04+00:00\",\"breadcrumb\":{\"@id\":\"https:\/\/metaltale.com\/lv\/produkts\/virtuves-krana-stativs-antikais-misins-paprasta\/#breadcrumb\"},\"inLanguage\":\"lv-LV\",\"potentialAction\":[{\"@type\":\"ReadAction\",\"target\":[\"https:\/\/metaltale.com\/lv\/produkts\/virtuves-krana-stativs-antikais-misins-paprasta\/\"]}]},{\"@type\":\"ImageObject\",\"inLanguage\":\"lv-LV\",\"@id\":\"https:\/\/metaltale.com\/lv\/produkts\/virtuves-krana-stativs-antikais-misins-paprasta\/#primaryimage\",\"url\":\"https:\/\/metaltale.com\/wp-content\/uploads\/2023\/10\/Virtuvinio-maix161ytuvo-stovis-antikvarinis-x17Ealvaris-PAPRASTA.jpg\",\"contentUrl\":\"https:\/\/metaltale.com\/wp-content\/uploads\/2023\/10\/Virtuvinio-maix161ytuvo-stovis-antikvarinis-x17Ealvaris-PAPRASTA.jpg\",\"width\":800,\"height\":800},{\"@type\":\"BreadcrumbList\",\"@id\":\"https:\/\/metaltale.com\/lv\/produkts\/virtuves-krana-stativs-antikais-misins-paprasta\/#breadcrumb\",\"itemListElement\":[{\"@type\":\"ListItem\",\"position\":1,\"name\":\"Home\",\"item\":\"https:\/\/metaltale.com\/lv\/majas\/\"},{\"@type\":\"ListItem\",\"position\":2,\"name\":\"Veikals\",\"item\":\"https:\/\/metaltale.com\/lv\/shop\/\"},{\"@type\":\"ListItem\",\"position\":3,\"name\":\"Virtuves kr\u0101na stat\u012bvs ant\u012bkais misi\u0146\u0161 PAPRASTA\"}]},{\"@type\":\"WebSite\",\"@id\":\"https:\/\/metaltale.com\/lv\/#website\",\"url\":\"https:\/\/metaltale.com\/lv\/\",\"name\":\"Metaltale.com\",\"description\":\"\",\"potentialAction\":[{\"@type\":\"SearchAction\",\"target\":{\"@type\":\"EntryPoint\",\"urlTemplate\":\"https:\/\/metaltale.com\/lv\/?s={search_term_string}\"},\"query-input\":{\"@type\":\"PropertyValueSpecification\",\"valueRequired\":true,\"valueName\":\"search_term_string\"}}],\"inLanguage\":\"lv-LV\"}]}<\/script>\n<!-- \/ Yoast SEO plugin. -->","yoast_head_json":{"title":"Virtuves kr\u0101na stat\u012bvs ant\u012bkais misi\u0146\u0161 PAPRASTA - MetalTale.com","robots":{"index":"index","follow":"follow","max-snippet":"max-snippet:-1","max-image-preview":"max-image-preview:large","max-video-preview":"max-video-preview:-1"},"canonical":"https:\/\/metaltale.com\/lv\/produkts\/virtuves-krana-stativs-antikais-misins-paprasta\/","og_locale":"lv_LV","og_type":"article","og_title":"Virtuves kr\u0101na stat\u012bvs ant\u012bkais misi\u0146\u0161 PAPRASTA - MetalTale.com","og_description":"QZ modelis. CF-001-AMD Modern\u0101 kolekcija EAN. 5905369929656 Augstums (cm ) 41 Platums (cm ) 24 Pamatnes diametrs (cm) 5 Izsmidzin\u0101t\u0101ja","og_url":"https:\/\/metaltale.com\/lv\/produkts\/virtuves-krana-stativs-antikais-misins-paprasta\/","og_site_name":"MetalTale.com","og_image":[{"width":800,"height":800,"url":"http:\/\/metaltale.com\/wp-content\/uploads\/2023\/10\/Virtuvinio-maix161ytuvo-stovis-antikvarinis-x17Ealvaris-PAPRASTA.jpg","type":"image\/jpeg"}],"twitter_card":"summary_large_image","twitter_misc":{"Est. reading time":"1 minute"},"schema":{"@context":"https:\/\/schema.org","@graph":[{"@type":"WebPage","@id":"https:\/\/metaltale.com\/lv\/produkts\/virtuves-krana-stativs-antikais-misins-paprasta\/","url":"https:\/\/metaltale.com\/lv\/produkts\/virtuves-krana-stativs-antikais-misins-paprasta\/","name":"Virtuves kr\u0101na stat\u012bvs ant\u012bkais misi\u0146\u0161 PAPRASTA - MetalTale.com","isPartOf":{"@id":"https:\/\/metaltale.com\/lv\/#website"},"primaryImageOfPage":{"@id":"https:\/\/metaltale.com\/lv\/produkts\/virtuves-krana-stativs-antikais-misins-paprasta\/#primaryimage"},"image":{"@id":"https:\/\/metaltale.com\/lv\/produkts\/virtuves-krana-stativs-antikais-misins-paprasta\/#primaryimage"},"thumbnailUrl":"https:\/\/metaltale.com\/wp-content\/uploads\/2023\/10\/Virtuvinio-maix161ytuvo-stovis-antikvarinis-x17Ealvaris-PAPRASTA.jpg","datePublished":"2024-02-13T13:09:04+00:00","breadcrumb":{"@id":"https:\/\/metaltale.com\/lv\/produkts\/virtuves-krana-stativs-antikais-misins-paprasta\/#breadcrumb"},"inLanguage":"lv-LV","potentialAction":[{"@type":"ReadAction","target":["https:\/\/metaltale.com\/lv\/produkts\/virtuves-krana-stativs-antikais-misins-paprasta\/"]}]},{"@type":"ImageObject","inLanguage":"lv-LV","@id":"https:\/\/metaltale.com\/lv\/produkts\/virtuves-krana-stativs-antikais-misins-paprasta\/#primaryimage","url":"https:\/\/metaltale.com\/wp-content\/uploads\/2023\/10\/Virtuvinio-maix161ytuvo-stovis-antikvarinis-x17Ealvaris-PAPRASTA.jpg","contentUrl":"https:\/\/metaltale.com\/wp-content\/uploads\/2023\/10\/Virtuvinio-maix161ytuvo-stovis-antikvarinis-x17Ealvaris-PAPRASTA.jpg","width":800,"height":800},{"@type":"BreadcrumbList","@id":"https:\/\/metaltale.com\/lv\/produkts\/virtuves-krana-stativs-antikais-misins-paprasta\/#breadcrumb","itemListElement":[{"@type":"ListItem","position":1,"name":"Home","item":"https:\/\/metaltale.com\/lv\/majas\/"},{"@type":"ListItem","position":2,"name":"Veikals","item":"https:\/\/metaltale.com\/lv\/shop\/"},{"@type":"ListItem","position":3,"name":"Virtuves kr\u0101na stat\u012bvs ant\u012bkais misi\u0146\u0161 PAPRASTA"}]},{"@type":"WebSite","@id":"https:\/\/metaltale.com\/lv\/#website","url":"https:\/\/metaltale.com\/lv\/","name":"Metaltale.com","description":"","potentialAction":[{"@type":"SearchAction","target":{"@type":"EntryPoint","urlTemplate":"https:\/\/metaltale.com\/lv\/?s={search_term_string}"},"query-input":{"@type":"PropertyValueSpecification","valueRequired":true,"valueName":"search_term_string"}}],"inLanguage":"lv-LV"}]}},"_links":{"self":[{"href":"https:\/\/metaltale.com\/lv\/wp-json\/wp\/v2\/product\/133732","targetHints":{"allow":["GET"]}}],"collection":[{"href":"https:\/\/metaltale.com\/lv\/wp-json\/wp\/v2\/product"}],"about":[{"href":"https:\/\/metaltale.com\/lv\/wp-json\/wp\/v2\/types\/product"}],"replies":[{"embeddable":true,"href":"https:\/\/metaltale.com\/lv\/wp-json\/wp\/v2\/comments?post=133732"}],"version-history":[{"count":0,"href":"https:\/\/metaltale.com\/lv\/wp-json\/wp\/v2\/product\/133732\/revisions"}],"wp:featuredmedia":[{"embeddable":true,"href":"https:\/\/metaltale.com\/lv\/wp-json\/wp\/v2\/media\/92374"}],"wp:attachment":[{"href":"https:\/\/metaltale.com\/lv\/wp-json\/wp\/v2\/media?parent=133732"}],"wp:term":[{"taxonomy":"product_brand","embeddable":true,"href":"https:\/\/metaltale.com\/lv\/wp-json\/wp\/v2\/product_brand?post=133732"},{"taxonomy":"product_cat","embeddable":true,"href":"https:\/\/metaltale.com\/lv\/wp-json\/wp\/v2\/product_cat?post=133732"},{"taxonomy":"product_tag","embeddable":true,"href":"https:\/\/metaltale.com\/lv\/wp-json\/wp\/v2\/product_tag?post=133732"}],"curies":[{"name":"wp","href":"https:\/\/api.w.org\/{rel}","templated":true}]}}