{"id":133725,"date":"2024-02-13T15:25:05","date_gmt":"2024-02-13T13:25:05","guid":{"rendered":"https:\/\/metaltale.com\/produktas\/mansarda-sienas-pulkstenis-motocykl\/"},"modified":"2024-02-13T15:25:05","modified_gmt":"2024-02-13T13:25:05","slug":"mansarda-sienas-pulkstenis-motocykl","status":"publish","type":"product","link":"https:\/\/metaltale.com\/lv\/produkts\/mansarda-sienas-pulkstenis-motocykl\/","title":{"rendered":"Mansarda sienas pulkstenis MOTOCYKL"},"content":{"rendered":"<div class=\"prod_data\"><strong>Modelis<\/strong> DI.6742  <br \/><strong>Materi\u0101ls<\/strong> T\u0113rauds, stikls  <br \/><strong>Kop\u0113jais augstums (cm<\/strong> ) 50  <br \/><strong>Kop\u0113jais platums (cm<\/strong> ) 120  <br \/><strong>Dzi\u013cums (cm<\/strong> ) 11  <\/p>\n<p>industri\u0101l\u0101 stila piekaramais pulkstenis<\/p>\n<p>motocikla formas t\u0113rauda izstr\u0101d\u0101jums<\/p>\n<p>neparasts, bet m\u016b\u017e\u012bgs sienas dekors<\/p>\n<hr>\n<p>\u0160is unik\u0101lais sienas dekors j\u016bsu interjer\u0101 ienes\u012bs mazliet motociklistu gara un b\u016bs lieliska izklaide visiem motociklu faniem. Motocikls ir izgatavots no t\u0113rauda, kas garant\u0113 t\u0101 iztur\u012bbu un iztur\u012bbu. Pulkste\u0146a novieto\u0161ana motocikla centr\u0101 pie\u0161\u0137ir tam funkcion\u0101lu raksturu un padara to par dekor\u0113\u0161anas centr\u0101lo punktu. Pied\u0101v\u0101tais pulkstenis ir lielisks veids, k\u0101 uzsv\u0113rt j\u016bsu hobijus un telpas raksturu.<\/p>\n<\/div>\n","protected":false},"excerpt":{"rendered":"<p>Modelis DI.6742 Materi\u0101ls T\u0113rauds, stikls Kop\u0113jais augstums (cm ) 50 Kop\u0113jais platums (cm ) 120 Dzi\u013cums (cm ) 11 industri\u0101l\u0101<\/p>\n","protected":false},"featured_media":115095,"comment_status":"open","ping_status":"closed","template":"","meta":{"_acf_changed":false,"pmpro_default_level":""},"product_brand":[],"product_cat":[24110],"product_tag":[],"class_list":{"0":"post-133725","1":"product","2":"type-product","3":"status-publish","4":"has-post-thumbnail","6":"product_cat-sienas-pulksteni","7":"pmpro-has-access","9":"first","10":"instock","11":"shipping-taxable","12":"purchasable","13":"product-type-simple"},"acf":[],"yoast_head":"<!-- This site is optimized with the Yoast SEO plugin v24.9 - https:\/\/yoast.com\/wordpress\/plugins\/seo\/ -->\n<title>Mansarda sienas pulkstenis MOTOCYKL - MetalTale.com<\/title>\n<meta name=\"robots\" content=\"index, follow, max-snippet:-1, max-image-preview:large, max-video-preview:-1\" \/>\n<link rel=\"canonical\" href=\"https:\/\/metaltale.com\/lv\/produkts\/mansarda-sienas-pulkstenis-motocykl\/\" \/>\n<meta property=\"og:locale\" content=\"lv_LV\" \/>\n<meta property=\"og:type\" content=\"article\" \/>\n<meta property=\"og:title\" content=\"Mansarda sienas pulkstenis MOTOCYKL - MetalTale.com\" \/>\n<meta property=\"og:description\" content=\"Modelis DI.6742 Materi\u0101ls T\u0113rauds, stikls Kop\u0113jais augstums (cm ) 50 Kop\u0113jais platums (cm ) 120 Dzi\u013cums (cm ) 11 industri\u0101l\u0101\" \/>\n<meta property=\"og:url\" content=\"https:\/\/metaltale.com\/lv\/produkts\/mansarda-sienas-pulkstenis-motocykl\/\" \/>\n<meta property=\"og:site_name\" content=\"MetalTale.com\" \/>\n<meta name=\"twitter:card\" content=\"summary_large_image\" \/>\n<meta name=\"twitter:label1\" content=\"Est. reading time\" \/>\n\t<meta name=\"twitter:data1\" content=\"1 minute\" \/>\n<script type=\"application\/ld+json\" class=\"yoast-schema-graph\">{\"@context\":\"https:\/\/schema.org\",\"@graph\":[{\"@type\":\"WebPage\",\"@id\":\"https:\/\/metaltale.com\/lv\/produkts\/mansarda-sienas-pulkstenis-motocykl\/\",\"url\":\"https:\/\/metaltale.com\/lv\/produkts\/mansarda-sienas-pulkstenis-motocykl\/\",\"name\":\"Mansarda sienas pulkstenis MOTOCYKL - MetalTale.com\",\"isPartOf\":{\"@id\":\"https:\/\/metaltale.com\/lv\/#website\"},\"primaryImageOfPage\":{\"@id\":\"https:\/\/metaltale.com\/lv\/produkts\/mansarda-sienas-pulkstenis-motocykl\/#primaryimage\"},\"image\":{\"@id\":\"https:\/\/metaltale.com\/lv\/produkts\/mansarda-sienas-pulkstenis-motocykl\/#primaryimage\"},\"thumbnailUrl\":\"https:\/\/metaltale.com\/wp-content\/uploads\/2023\/11\/Palx117px117s-sieninis-laikrodis-MOTOCYKL.jpg\",\"datePublished\":\"2024-02-13T13:25:05+00:00\",\"breadcrumb\":{\"@id\":\"https:\/\/metaltale.com\/lv\/produkts\/mansarda-sienas-pulkstenis-motocykl\/#breadcrumb\"},\"inLanguage\":\"lv-LV\",\"potentialAction\":[{\"@type\":\"ReadAction\",\"target\":[\"https:\/\/metaltale.com\/lv\/produkts\/mansarda-sienas-pulkstenis-motocykl\/\"]}]},{\"@type\":\"ImageObject\",\"inLanguage\":\"lv-LV\",\"@id\":\"https:\/\/metaltale.com\/lv\/produkts\/mansarda-sienas-pulkstenis-motocykl\/#primaryimage\",\"url\":\"https:\/\/metaltale.com\/wp-content\/uploads\/2023\/11\/Palx117px117s-sieninis-laikrodis-MOTOCYKL.jpg\",\"contentUrl\":\"https:\/\/metaltale.com\/wp-content\/uploads\/2023\/11\/Palx117px117s-sieninis-laikrodis-MOTOCYKL.jpg\",\"width\":800,\"height\":800},{\"@type\":\"BreadcrumbList\",\"@id\":\"https:\/\/metaltale.com\/lv\/produkts\/mansarda-sienas-pulkstenis-motocykl\/#breadcrumb\",\"itemListElement\":[{\"@type\":\"ListItem\",\"position\":1,\"name\":\"Home\",\"item\":\"https:\/\/metaltale.com\/lv\/majas\/\"},{\"@type\":\"ListItem\",\"position\":2,\"name\":\"Veikals\",\"item\":\"https:\/\/metaltale.com\/lv\/shop\/\"},{\"@type\":\"ListItem\",\"position\":3,\"name\":\"Mansarda sienas pulkstenis MOTOCYKL\"}]},{\"@type\":\"WebSite\",\"@id\":\"https:\/\/metaltale.com\/lv\/#website\",\"url\":\"https:\/\/metaltale.com\/lv\/\",\"name\":\"Metaltale.com\",\"description\":\"\",\"potentialAction\":[{\"@type\":\"SearchAction\",\"target\":{\"@type\":\"EntryPoint\",\"urlTemplate\":\"https:\/\/metaltale.com\/lv\/?s={search_term_string}\"},\"query-input\":{\"@type\":\"PropertyValueSpecification\",\"valueRequired\":true,\"valueName\":\"search_term_string\"}}],\"inLanguage\":\"lv-LV\"}]}<\/script>\n<!-- \/ Yoast SEO plugin. -->","yoast_head_json":{"title":"Mansarda sienas pulkstenis MOTOCYKL - MetalTale.com","robots":{"index":"index","follow":"follow","max-snippet":"max-snippet:-1","max-image-preview":"max-image-preview:large","max-video-preview":"max-video-preview:-1"},"canonical":"https:\/\/metaltale.com\/lv\/produkts\/mansarda-sienas-pulkstenis-motocykl\/","og_locale":"lv_LV","og_type":"article","og_title":"Mansarda sienas pulkstenis MOTOCYKL - MetalTale.com","og_description":"Modelis DI.6742 Materi\u0101ls T\u0113rauds, stikls Kop\u0113jais augstums (cm ) 50 Kop\u0113jais platums (cm ) 120 Dzi\u013cums (cm ) 11 industri\u0101l\u0101","og_url":"https:\/\/metaltale.com\/lv\/produkts\/mansarda-sienas-pulkstenis-motocykl\/","og_site_name":"MetalTale.com","twitter_card":"summary_large_image","twitter_misc":{"Est. reading time":"1 minute"},"schema":{"@context":"https:\/\/schema.org","@graph":[{"@type":"WebPage","@id":"https:\/\/metaltale.com\/lv\/produkts\/mansarda-sienas-pulkstenis-motocykl\/","url":"https:\/\/metaltale.com\/lv\/produkts\/mansarda-sienas-pulkstenis-motocykl\/","name":"Mansarda sienas pulkstenis MOTOCYKL - MetalTale.com","isPartOf":{"@id":"https:\/\/metaltale.com\/lv\/#website"},"primaryImageOfPage":{"@id":"https:\/\/metaltale.com\/lv\/produkts\/mansarda-sienas-pulkstenis-motocykl\/#primaryimage"},"image":{"@id":"https:\/\/metaltale.com\/lv\/produkts\/mansarda-sienas-pulkstenis-motocykl\/#primaryimage"},"thumbnailUrl":"https:\/\/metaltale.com\/wp-content\/uploads\/2023\/11\/Palx117px117s-sieninis-laikrodis-MOTOCYKL.jpg","datePublished":"2024-02-13T13:25:05+00:00","breadcrumb":{"@id":"https:\/\/metaltale.com\/lv\/produkts\/mansarda-sienas-pulkstenis-motocykl\/#breadcrumb"},"inLanguage":"lv-LV","potentialAction":[{"@type":"ReadAction","target":["https:\/\/metaltale.com\/lv\/produkts\/mansarda-sienas-pulkstenis-motocykl\/"]}]},{"@type":"ImageObject","inLanguage":"lv-LV","@id":"https:\/\/metaltale.com\/lv\/produkts\/mansarda-sienas-pulkstenis-motocykl\/#primaryimage","url":"https:\/\/metaltale.com\/wp-content\/uploads\/2023\/11\/Palx117px117s-sieninis-laikrodis-MOTOCYKL.jpg","contentUrl":"https:\/\/metaltale.com\/wp-content\/uploads\/2023\/11\/Palx117px117s-sieninis-laikrodis-MOTOCYKL.jpg","width":800,"height":800},{"@type":"BreadcrumbList","@id":"https:\/\/metaltale.com\/lv\/produkts\/mansarda-sienas-pulkstenis-motocykl\/#breadcrumb","itemListElement":[{"@type":"ListItem","position":1,"name":"Home","item":"https:\/\/metaltale.com\/lv\/majas\/"},{"@type":"ListItem","position":2,"name":"Veikals","item":"https:\/\/metaltale.com\/lv\/shop\/"},{"@type":"ListItem","position":3,"name":"Mansarda sienas pulkstenis MOTOCYKL"}]},{"@type":"WebSite","@id":"https:\/\/metaltale.com\/lv\/#website","url":"https:\/\/metaltale.com\/lv\/","name":"Metaltale.com","description":"","potentialAction":[{"@type":"SearchAction","target":{"@type":"EntryPoint","urlTemplate":"https:\/\/metaltale.com\/lv\/?s={search_term_string}"},"query-input":{"@type":"PropertyValueSpecification","valueRequired":true,"valueName":"search_term_string"}}],"inLanguage":"lv-LV"}]}},"_links":{"self":[{"href":"https:\/\/metaltale.com\/lv\/wp-json\/wp\/v2\/product\/133725","targetHints":{"allow":["GET"]}}],"collection":[{"href":"https:\/\/metaltale.com\/lv\/wp-json\/wp\/v2\/product"}],"about":[{"href":"https:\/\/metaltale.com\/lv\/wp-json\/wp\/v2\/types\/product"}],"replies":[{"embeddable":true,"href":"https:\/\/metaltale.com\/lv\/wp-json\/wp\/v2\/comments?post=133725"}],"version-history":[{"count":0,"href":"https:\/\/metaltale.com\/lv\/wp-json\/wp\/v2\/product\/133725\/revisions"}],"wp:featuredmedia":[{"embeddable":true,"href":"https:\/\/metaltale.com\/lv\/wp-json\/wp\/v2\/media\/115095"}],"wp:attachment":[{"href":"https:\/\/metaltale.com\/lv\/wp-json\/wp\/v2\/media?parent=133725"}],"wp:term":[{"taxonomy":"product_brand","embeddable":true,"href":"https:\/\/metaltale.com\/lv\/wp-json\/wp\/v2\/product_brand?post=133725"},{"taxonomy":"product_cat","embeddable":true,"href":"https:\/\/metaltale.com\/lv\/wp-json\/wp\/v2\/product_cat?post=133725"},{"taxonomy":"product_tag","embeddable":true,"href":"https:\/\/metaltale.com\/lv\/wp-json\/wp\/v2\/product_tag?post=133725"}],"curies":[{"name":"wp","href":"https:\/\/api.w.org\/{rel}","templated":true}]}}