{"id":133712,"date":"2024-02-13T15:25:05","date_gmt":"2024-02-13T13:25:05","guid":{"rendered":"https:\/\/metaltale.com\/produktas\/sign-2-beninu-sienas-pulkstenis\/"},"modified":"2024-02-13T15:25:05","modified_gmt":"2024-02-13T13:25:05","slug":"sign-2-beninu-sienas-pulkstenis","status":"publish","type":"product","link":"https:\/\/metaltale.com\/lv\/produkts\/sign-2-beninu-sienas-pulkstenis\/","title":{"rendered":"SIGN 2 b\u0113ni\u0146u sienas pulkstenis"},"content":{"rendered":"<div class=\"prod_data\"><strong>Modelis<\/strong> DI.6743  <br \/><strong>Materi\u0101ls<\/strong> T\u0113rauds  <br \/><strong>Kop\u0113jais augstums (cm<\/strong> ) 70  <br \/><strong>Kop\u0113jais platums (cm<\/strong> ) 85  <br \/><strong>Dzi\u013cums (cm<\/strong> ) 30  <br \/>Kr\u0101sa Melna, zelta <br \/><strong>Pieg\u0101des veids<\/strong> Izstr\u0101d\u0101jums, kas izgatavots no mini mont\u0101\u017eas elementiem  <\/p>\n<p>industri\u0101l\u0101 stila piekaramais pulkstenis<\/p>\n<p>izstr\u0101d\u0101juma konstrukcija, kas sast\u0101v no skr\u016bv\u0113jamiem elementiem<\/p>\n<p>neparasts, bet m\u016b\u017e\u012bgs sienas dekors<\/p>\n<hr>\n<p>Pied\u0101v\u0101tais lidma\u0161\u012bnas propellera pulkstenis ir ne tikai funkcion\u0101la laika m\u0113r\u012b\u0161anas ier\u012bce, bet ar\u012b aizraujo\u0161s dekors, kas atg\u0101dina par aizraujo\u0161o avi\u0101cijas pasauli. Propelleris ir sadal\u012bts tr\u012bs da\u013c\u0101s ar cipariem, kas nor\u0101da stundas. Pulkste\u0146a vid\u016b ir tradicion\u0101l\u0101s rokas, kas r\u0101da laiku. \u0160\u0101ds dekors iepriecin\u0101s visus avi\u0101cijas entuziastus un k\u013c\u016bs par spilgtu dekorat\u012bvu akcentu m\u016bsu telp\u0101.<\/p>\n<\/div>\n","protected":false},"excerpt":{"rendered":"<p>Modelis DI.6743 Materi\u0101ls T\u0113rauds Kop\u0113jais augstums (cm ) 70 Kop\u0113jais platums (cm ) 85 Dzi\u013cums (cm ) 30 Kr\u0101sa Melna,<\/p>\n","protected":false},"featured_media":98800,"comment_status":"open","ping_status":"closed","template":"","meta":{"_acf_changed":false,"pmpro_default_level":""},"product_brand":[],"product_cat":[24110],"product_tag":[],"class_list":{"0":"post-133712","1":"product","2":"type-product","3":"status-publish","4":"has-post-thumbnail","6":"product_cat-sienas-pulksteni","7":"pmpro-has-access","9":"first","10":"instock","11":"shipping-taxable","12":"purchasable","13":"product-type-simple"},"acf":[],"yoast_head":"<!-- This site is optimized with the Yoast SEO plugin v24.9 - https:\/\/yoast.com\/wordpress\/plugins\/seo\/ -->\n<title>SIGN 2 b\u0113ni\u0146u sienas pulkstenis - MetalTale.com<\/title>\n<meta name=\"robots\" content=\"index, follow, max-snippet:-1, max-image-preview:large, max-video-preview:-1\" \/>\n<link rel=\"canonical\" href=\"https:\/\/metaltale.com\/lv\/produkts\/sign-2-beninu-sienas-pulkstenis\/\" \/>\n<meta property=\"og:locale\" content=\"lv_LV\" \/>\n<meta property=\"og:type\" content=\"article\" \/>\n<meta property=\"og:title\" content=\"SIGN 2 b\u0113ni\u0146u sienas pulkstenis - MetalTale.com\" \/>\n<meta property=\"og:description\" content=\"Modelis DI.6743 Materi\u0101ls T\u0113rauds Kop\u0113jais augstums (cm ) 70 Kop\u0113jais platums (cm ) 85 Dzi\u013cums (cm ) 30 Kr\u0101sa Melna,\" \/>\n<meta property=\"og:url\" content=\"https:\/\/metaltale.com\/lv\/produkts\/sign-2-beninu-sienas-pulkstenis\/\" \/>\n<meta property=\"og:site_name\" content=\"MetalTale.com\" \/>\n<meta name=\"twitter:card\" content=\"summary_large_image\" \/>\n<meta name=\"twitter:label1\" content=\"Est. reading time\" \/>\n\t<meta name=\"twitter:data1\" content=\"1 minute\" \/>\n<script type=\"application\/ld+json\" class=\"yoast-schema-graph\">{\"@context\":\"https:\/\/schema.org\",\"@graph\":[{\"@type\":\"WebPage\",\"@id\":\"https:\/\/metaltale.com\/lv\/produkts\/sign-2-beninu-sienas-pulkstenis\/\",\"url\":\"https:\/\/metaltale.com\/lv\/produkts\/sign-2-beninu-sienas-pulkstenis\/\",\"name\":\"SIGN 2 b\u0113ni\u0146u sienas pulkstenis - MetalTale.com\",\"isPartOf\":{\"@id\":\"https:\/\/metaltale.com\/lv\/#website\"},\"primaryImageOfPage\":{\"@id\":\"https:\/\/metaltale.com\/lv\/produkts\/sign-2-beninu-sienas-pulkstenis\/#primaryimage\"},\"image\":{\"@id\":\"https:\/\/metaltale.com\/lv\/produkts\/sign-2-beninu-sienas-pulkstenis\/#primaryimage\"},\"thumbnailUrl\":\"https:\/\/metaltale.com\/wp-content\/uploads\/2023\/11\/Palx117px117s-sieninis-laikrodis-SIGN-2.jpg\",\"datePublished\":\"2024-02-13T13:25:05+00:00\",\"breadcrumb\":{\"@id\":\"https:\/\/metaltale.com\/lv\/produkts\/sign-2-beninu-sienas-pulkstenis\/#breadcrumb\"},\"inLanguage\":\"lv-LV\",\"potentialAction\":[{\"@type\":\"ReadAction\",\"target\":[\"https:\/\/metaltale.com\/lv\/produkts\/sign-2-beninu-sienas-pulkstenis\/\"]}]},{\"@type\":\"ImageObject\",\"inLanguage\":\"lv-LV\",\"@id\":\"https:\/\/metaltale.com\/lv\/produkts\/sign-2-beninu-sienas-pulkstenis\/#primaryimage\",\"url\":\"https:\/\/metaltale.com\/wp-content\/uploads\/2023\/11\/Palx117px117s-sieninis-laikrodis-SIGN-2.jpg\",\"contentUrl\":\"https:\/\/metaltale.com\/wp-content\/uploads\/2023\/11\/Palx117px117s-sieninis-laikrodis-SIGN-2.jpg\",\"width\":800,\"height\":800},{\"@type\":\"BreadcrumbList\",\"@id\":\"https:\/\/metaltale.com\/lv\/produkts\/sign-2-beninu-sienas-pulkstenis\/#breadcrumb\",\"itemListElement\":[{\"@type\":\"ListItem\",\"position\":1,\"name\":\"Home\",\"item\":\"https:\/\/metaltale.com\/lv\/majas\/\"},{\"@type\":\"ListItem\",\"position\":2,\"name\":\"Veikals\",\"item\":\"https:\/\/metaltale.com\/lv\/shop\/\"},{\"@type\":\"ListItem\",\"position\":3,\"name\":\"SIGN 2 b\u0113ni\u0146u sienas pulkstenis\"}]},{\"@type\":\"WebSite\",\"@id\":\"https:\/\/metaltale.com\/lv\/#website\",\"url\":\"https:\/\/metaltale.com\/lv\/\",\"name\":\"Metaltale.com\",\"description\":\"\",\"potentialAction\":[{\"@type\":\"SearchAction\",\"target\":{\"@type\":\"EntryPoint\",\"urlTemplate\":\"https:\/\/metaltale.com\/lv\/?s={search_term_string}\"},\"query-input\":{\"@type\":\"PropertyValueSpecification\",\"valueRequired\":true,\"valueName\":\"search_term_string\"}}],\"inLanguage\":\"lv-LV\"}]}<\/script>\n<!-- \/ Yoast SEO plugin. -->","yoast_head_json":{"title":"SIGN 2 b\u0113ni\u0146u sienas pulkstenis - MetalTale.com","robots":{"index":"index","follow":"follow","max-snippet":"max-snippet:-1","max-image-preview":"max-image-preview:large","max-video-preview":"max-video-preview:-1"},"canonical":"https:\/\/metaltale.com\/lv\/produkts\/sign-2-beninu-sienas-pulkstenis\/","og_locale":"lv_LV","og_type":"article","og_title":"SIGN 2 b\u0113ni\u0146u sienas pulkstenis - MetalTale.com","og_description":"Modelis DI.6743 Materi\u0101ls T\u0113rauds Kop\u0113jais augstums (cm ) 70 Kop\u0113jais platums (cm ) 85 Dzi\u013cums (cm ) 30 Kr\u0101sa Melna,","og_url":"https:\/\/metaltale.com\/lv\/produkts\/sign-2-beninu-sienas-pulkstenis\/","og_site_name":"MetalTale.com","twitter_card":"summary_large_image","twitter_misc":{"Est. reading time":"1 minute"},"schema":{"@context":"https:\/\/schema.org","@graph":[{"@type":"WebPage","@id":"https:\/\/metaltale.com\/lv\/produkts\/sign-2-beninu-sienas-pulkstenis\/","url":"https:\/\/metaltale.com\/lv\/produkts\/sign-2-beninu-sienas-pulkstenis\/","name":"SIGN 2 b\u0113ni\u0146u sienas pulkstenis - MetalTale.com","isPartOf":{"@id":"https:\/\/metaltale.com\/lv\/#website"},"primaryImageOfPage":{"@id":"https:\/\/metaltale.com\/lv\/produkts\/sign-2-beninu-sienas-pulkstenis\/#primaryimage"},"image":{"@id":"https:\/\/metaltale.com\/lv\/produkts\/sign-2-beninu-sienas-pulkstenis\/#primaryimage"},"thumbnailUrl":"https:\/\/metaltale.com\/wp-content\/uploads\/2023\/11\/Palx117px117s-sieninis-laikrodis-SIGN-2.jpg","datePublished":"2024-02-13T13:25:05+00:00","breadcrumb":{"@id":"https:\/\/metaltale.com\/lv\/produkts\/sign-2-beninu-sienas-pulkstenis\/#breadcrumb"},"inLanguage":"lv-LV","potentialAction":[{"@type":"ReadAction","target":["https:\/\/metaltale.com\/lv\/produkts\/sign-2-beninu-sienas-pulkstenis\/"]}]},{"@type":"ImageObject","inLanguage":"lv-LV","@id":"https:\/\/metaltale.com\/lv\/produkts\/sign-2-beninu-sienas-pulkstenis\/#primaryimage","url":"https:\/\/metaltale.com\/wp-content\/uploads\/2023\/11\/Palx117px117s-sieninis-laikrodis-SIGN-2.jpg","contentUrl":"https:\/\/metaltale.com\/wp-content\/uploads\/2023\/11\/Palx117px117s-sieninis-laikrodis-SIGN-2.jpg","width":800,"height":800},{"@type":"BreadcrumbList","@id":"https:\/\/metaltale.com\/lv\/produkts\/sign-2-beninu-sienas-pulkstenis\/#breadcrumb","itemListElement":[{"@type":"ListItem","position":1,"name":"Home","item":"https:\/\/metaltale.com\/lv\/majas\/"},{"@type":"ListItem","position":2,"name":"Veikals","item":"https:\/\/metaltale.com\/lv\/shop\/"},{"@type":"ListItem","position":3,"name":"SIGN 2 b\u0113ni\u0146u sienas pulkstenis"}]},{"@type":"WebSite","@id":"https:\/\/metaltale.com\/lv\/#website","url":"https:\/\/metaltale.com\/lv\/","name":"Metaltale.com","description":"","potentialAction":[{"@type":"SearchAction","target":{"@type":"EntryPoint","urlTemplate":"https:\/\/metaltale.com\/lv\/?s={search_term_string}"},"query-input":{"@type":"PropertyValueSpecification","valueRequired":true,"valueName":"search_term_string"}}],"inLanguage":"lv-LV"}]}},"_links":{"self":[{"href":"https:\/\/metaltale.com\/lv\/wp-json\/wp\/v2\/product\/133712","targetHints":{"allow":["GET"]}}],"collection":[{"href":"https:\/\/metaltale.com\/lv\/wp-json\/wp\/v2\/product"}],"about":[{"href":"https:\/\/metaltale.com\/lv\/wp-json\/wp\/v2\/types\/product"}],"replies":[{"embeddable":true,"href":"https:\/\/metaltale.com\/lv\/wp-json\/wp\/v2\/comments?post=133712"}],"version-history":[{"count":0,"href":"https:\/\/metaltale.com\/lv\/wp-json\/wp\/v2\/product\/133712\/revisions"}],"wp:featuredmedia":[{"embeddable":true,"href":"https:\/\/metaltale.com\/lv\/wp-json\/wp\/v2\/media\/98800"}],"wp:attachment":[{"href":"https:\/\/metaltale.com\/lv\/wp-json\/wp\/v2\/media?parent=133712"}],"wp:term":[{"taxonomy":"product_brand","embeddable":true,"href":"https:\/\/metaltale.com\/lv\/wp-json\/wp\/v2\/product_brand?post=133712"},{"taxonomy":"product_cat","embeddable":true,"href":"https:\/\/metaltale.com\/lv\/wp-json\/wp\/v2\/product_cat?post=133712"},{"taxonomy":"product_tag","embeddable":true,"href":"https:\/\/metaltale.com\/lv\/wp-json\/wp\/v2\/product_tag?post=133712"}],"curies":[{"name":"wp","href":"https:\/\/api.w.org\/{rel}","templated":true}]}}