{"id":133709,"date":"2024-02-13T15:25:05","date_gmt":"2024-02-13T13:25:05","guid":{"rendered":"https:\/\/metaltale.com\/produktas\/brooke-terauda-stavoss-svecturis\/"},"modified":"2024-02-13T15:25:05","modified_gmt":"2024-02-13T13:25:05","slug":"brooke-terauda-stavoss-svecturis","status":"publish","type":"product","link":"https:\/\/metaltale.com\/lv\/produkts\/brooke-terauda-stavoss-svecturis\/","title":{"rendered":"BROOKE t\u0113rauda st\u0101vo\u0161s sve\u010dturis"},"content":{"rendered":"<div class=\"prod_data\"><strong>Modelis<\/strong> AF.794.825.00  <br \/><strong>EAN.<\/strong>  5905369927355  <br \/><strong>Materi\u0101ls<\/strong> Dzelzs  <br \/>Kop\u0113jais augstums (cm ) 15 <br \/><strong>Kop\u0113jais diametrs (cm<\/strong> ) 6  <br \/><strong>Kr\u0101sa<\/strong> Melna  <\/p>\n<p>&#8211; dzelzs st\u0101v sve\u010dturis<br \/>&#8211; ar rok\u0101m kalti, katra gabala unikalit\u0101te.<br \/>&#8211; virsma ir apzin\u0101ti novecojusi, lai izceltu izstr\u0101d\u0101juma raksturu.<br \/>&#8211; \u0161im sve\u010dturim izv\u0113lieties sveci, kuras diametrs ir 2,2 cm.<\/p>\n<hr>\n<p>\u0160is melnais ar rok\u0101m kaltais sve\u010dturis ir stil\u012bgs papildin\u0101jums lauku interjeram. Vienk\u0101r\u0161ais dizains apvienojum\u0101 ar \u0101mura nospiedumiem un sl\u012bp\u0113\u0161anas p\u0113d\u0101m rada unik\u0101lu efektu, kas lieliski izskat\u012bsies uz j\u016bsu \u0113damgalda un kumodes. Brooke priek\u0161roc\u012bba ir vienk\u0101r\u0161a forma un apzin\u0101ta neregularit\u0101te.  <\/p>\n<\/div>\n","protected":false},"excerpt":{"rendered":"<p>Modelis AF.794.825.00 EAN. 5905369927355 Materi\u0101ls Dzelzs Kop\u0113jais augstums (cm ) 15 Kop\u0113jais diametrs (cm ) 6 Kr\u0101sa Melna &#8211; dzelzs<\/p>\n","protected":false},"featured_media":96148,"comment_status":"open","ping_status":"closed","template":"","meta":{"_acf_changed":false,"pmpro_default_level":""},"product_brand":[],"product_cat":[24105],"product_tag":[],"class_list":{"0":"post-133709","1":"product","2":"type-product","3":"status-publish","4":"has-post-thumbnail","6":"product_cat-uzcelamie-svecturi","7":"pmpro-has-access","9":"first","10":"instock","11":"shipping-taxable","12":"purchasable","13":"product-type-simple"},"acf":[],"yoast_head":"<!-- This site is optimized with the Yoast SEO plugin v24.9 - https:\/\/yoast.com\/wordpress\/plugins\/seo\/ -->\n<title>BROOKE t\u0113rauda st\u0101vo\u0161s sve\u010dturis - MetalTale.com<\/title>\n<meta name=\"robots\" content=\"index, follow, max-snippet:-1, max-image-preview:large, max-video-preview:-1\" \/>\n<link rel=\"canonical\" href=\"https:\/\/metaltale.com\/lv\/produkts\/brooke-terauda-stavoss-svecturis\/\" \/>\n<meta property=\"og:locale\" content=\"lv_LV\" \/>\n<meta property=\"og:type\" content=\"article\" \/>\n<meta property=\"og:title\" content=\"BROOKE t\u0113rauda st\u0101vo\u0161s sve\u010dturis - MetalTale.com\" \/>\n<meta property=\"og:description\" content=\"Modelis AF.794.825.00 EAN. 5905369927355 Materi\u0101ls Dzelzs Kop\u0113jais augstums (cm ) 15 Kop\u0113jais diametrs (cm ) 6 Kr\u0101sa Melna &#8211; dzelzs\" \/>\n<meta property=\"og:url\" content=\"https:\/\/metaltale.com\/lv\/produkts\/brooke-terauda-stavoss-svecturis\/\" \/>\n<meta property=\"og:site_name\" content=\"MetalTale.com\" \/>\n<meta name=\"twitter:card\" content=\"summary_large_image\" \/>\n<meta name=\"twitter:label1\" content=\"Est. reading time\" \/>\n\t<meta name=\"twitter:data1\" content=\"1 minute\" \/>\n<script type=\"application\/ld+json\" class=\"yoast-schema-graph\">{\"@context\":\"https:\/\/schema.org\",\"@graph\":[{\"@type\":\"WebPage\",\"@id\":\"https:\/\/metaltale.com\/lv\/produkts\/brooke-terauda-stavoss-svecturis\/\",\"url\":\"https:\/\/metaltale.com\/lv\/produkts\/brooke-terauda-stavoss-svecturis\/\",\"name\":\"BROOKE t\u0113rauda st\u0101vo\u0161s sve\u010dturis - MetalTale.com\",\"isPartOf\":{\"@id\":\"https:\/\/metaltale.com\/lv\/#website\"},\"primaryImageOfPage\":{\"@id\":\"https:\/\/metaltale.com\/lv\/produkts\/brooke-terauda-stavoss-svecturis\/#primaryimage\"},\"image\":{\"@id\":\"https:\/\/metaltale.com\/lv\/produkts\/brooke-terauda-stavoss-svecturis\/#primaryimage\"},\"thumbnailUrl\":\"https:\/\/metaltale.com\/wp-content\/uploads\/2023\/10\/BROOKE-x17Evakidx117.jpg\",\"datePublished\":\"2024-02-13T13:25:05+00:00\",\"breadcrumb\":{\"@id\":\"https:\/\/metaltale.com\/lv\/produkts\/brooke-terauda-stavoss-svecturis\/#breadcrumb\"},\"inLanguage\":\"lv-LV\",\"potentialAction\":[{\"@type\":\"ReadAction\",\"target\":[\"https:\/\/metaltale.com\/lv\/produkts\/brooke-terauda-stavoss-svecturis\/\"]}]},{\"@type\":\"ImageObject\",\"inLanguage\":\"lv-LV\",\"@id\":\"https:\/\/metaltale.com\/lv\/produkts\/brooke-terauda-stavoss-svecturis\/#primaryimage\",\"url\":\"https:\/\/metaltale.com\/wp-content\/uploads\/2023\/10\/BROOKE-x17Evakidx117.jpg\",\"contentUrl\":\"https:\/\/metaltale.com\/wp-content\/uploads\/2023\/10\/BROOKE-x17Evakidx117.jpg\",\"width\":800,\"height\":800},{\"@type\":\"BreadcrumbList\",\"@id\":\"https:\/\/metaltale.com\/lv\/produkts\/brooke-terauda-stavoss-svecturis\/#breadcrumb\",\"itemListElement\":[{\"@type\":\"ListItem\",\"position\":1,\"name\":\"Home\",\"item\":\"https:\/\/metaltale.com\/lv\/majas\/\"},{\"@type\":\"ListItem\",\"position\":2,\"name\":\"Veikals\",\"item\":\"https:\/\/metaltale.com\/lv\/shop\/\"},{\"@type\":\"ListItem\",\"position\":3,\"name\":\"BROOKE t\u0113rauda st\u0101vo\u0161s sve\u010dturis\"}]},{\"@type\":\"WebSite\",\"@id\":\"https:\/\/metaltale.com\/lv\/#website\",\"url\":\"https:\/\/metaltale.com\/lv\/\",\"name\":\"Metaltale.com\",\"description\":\"\",\"potentialAction\":[{\"@type\":\"SearchAction\",\"target\":{\"@type\":\"EntryPoint\",\"urlTemplate\":\"https:\/\/metaltale.com\/lv\/?s={search_term_string}\"},\"query-input\":{\"@type\":\"PropertyValueSpecification\",\"valueRequired\":true,\"valueName\":\"search_term_string\"}}],\"inLanguage\":\"lv-LV\"}]}<\/script>\n<!-- \/ Yoast SEO plugin. -->","yoast_head_json":{"title":"BROOKE t\u0113rauda st\u0101vo\u0161s sve\u010dturis - MetalTale.com","robots":{"index":"index","follow":"follow","max-snippet":"max-snippet:-1","max-image-preview":"max-image-preview:large","max-video-preview":"max-video-preview:-1"},"canonical":"https:\/\/metaltale.com\/lv\/produkts\/brooke-terauda-stavoss-svecturis\/","og_locale":"lv_LV","og_type":"article","og_title":"BROOKE t\u0113rauda st\u0101vo\u0161s sve\u010dturis - MetalTale.com","og_description":"Modelis AF.794.825.00 EAN. 5905369927355 Materi\u0101ls Dzelzs Kop\u0113jais augstums (cm ) 15 Kop\u0113jais diametrs (cm ) 6 Kr\u0101sa Melna &#8211; dzelzs","og_url":"https:\/\/metaltale.com\/lv\/produkts\/brooke-terauda-stavoss-svecturis\/","og_site_name":"MetalTale.com","twitter_card":"summary_large_image","twitter_misc":{"Est. reading time":"1 minute"},"schema":{"@context":"https:\/\/schema.org","@graph":[{"@type":"WebPage","@id":"https:\/\/metaltale.com\/lv\/produkts\/brooke-terauda-stavoss-svecturis\/","url":"https:\/\/metaltale.com\/lv\/produkts\/brooke-terauda-stavoss-svecturis\/","name":"BROOKE t\u0113rauda st\u0101vo\u0161s sve\u010dturis - MetalTale.com","isPartOf":{"@id":"https:\/\/metaltale.com\/lv\/#website"},"primaryImageOfPage":{"@id":"https:\/\/metaltale.com\/lv\/produkts\/brooke-terauda-stavoss-svecturis\/#primaryimage"},"image":{"@id":"https:\/\/metaltale.com\/lv\/produkts\/brooke-terauda-stavoss-svecturis\/#primaryimage"},"thumbnailUrl":"https:\/\/metaltale.com\/wp-content\/uploads\/2023\/10\/BROOKE-x17Evakidx117.jpg","datePublished":"2024-02-13T13:25:05+00:00","breadcrumb":{"@id":"https:\/\/metaltale.com\/lv\/produkts\/brooke-terauda-stavoss-svecturis\/#breadcrumb"},"inLanguage":"lv-LV","potentialAction":[{"@type":"ReadAction","target":["https:\/\/metaltale.com\/lv\/produkts\/brooke-terauda-stavoss-svecturis\/"]}]},{"@type":"ImageObject","inLanguage":"lv-LV","@id":"https:\/\/metaltale.com\/lv\/produkts\/brooke-terauda-stavoss-svecturis\/#primaryimage","url":"https:\/\/metaltale.com\/wp-content\/uploads\/2023\/10\/BROOKE-x17Evakidx117.jpg","contentUrl":"https:\/\/metaltale.com\/wp-content\/uploads\/2023\/10\/BROOKE-x17Evakidx117.jpg","width":800,"height":800},{"@type":"BreadcrumbList","@id":"https:\/\/metaltale.com\/lv\/produkts\/brooke-terauda-stavoss-svecturis\/#breadcrumb","itemListElement":[{"@type":"ListItem","position":1,"name":"Home","item":"https:\/\/metaltale.com\/lv\/majas\/"},{"@type":"ListItem","position":2,"name":"Veikals","item":"https:\/\/metaltale.com\/lv\/shop\/"},{"@type":"ListItem","position":3,"name":"BROOKE t\u0113rauda st\u0101vo\u0161s sve\u010dturis"}]},{"@type":"WebSite","@id":"https:\/\/metaltale.com\/lv\/#website","url":"https:\/\/metaltale.com\/lv\/","name":"Metaltale.com","description":"","potentialAction":[{"@type":"SearchAction","target":{"@type":"EntryPoint","urlTemplate":"https:\/\/metaltale.com\/lv\/?s={search_term_string}"},"query-input":{"@type":"PropertyValueSpecification","valueRequired":true,"valueName":"search_term_string"}}],"inLanguage":"lv-LV"}]}},"_links":{"self":[{"href":"https:\/\/metaltale.com\/lv\/wp-json\/wp\/v2\/product\/133709","targetHints":{"allow":["GET"]}}],"collection":[{"href":"https:\/\/metaltale.com\/lv\/wp-json\/wp\/v2\/product"}],"about":[{"href":"https:\/\/metaltale.com\/lv\/wp-json\/wp\/v2\/types\/product"}],"replies":[{"embeddable":true,"href":"https:\/\/metaltale.com\/lv\/wp-json\/wp\/v2\/comments?post=133709"}],"version-history":[{"count":0,"href":"https:\/\/metaltale.com\/lv\/wp-json\/wp\/v2\/product\/133709\/revisions"}],"wp:featuredmedia":[{"embeddable":true,"href":"https:\/\/metaltale.com\/lv\/wp-json\/wp\/v2\/media\/96148"}],"wp:attachment":[{"href":"https:\/\/metaltale.com\/lv\/wp-json\/wp\/v2\/media?parent=133709"}],"wp:term":[{"taxonomy":"product_brand","embeddable":true,"href":"https:\/\/metaltale.com\/lv\/wp-json\/wp\/v2\/product_brand?post=133709"},{"taxonomy":"product_cat","embeddable":true,"href":"https:\/\/metaltale.com\/lv\/wp-json\/wp\/v2\/product_cat?post=133709"},{"taxonomy":"product_tag","embeddable":true,"href":"https:\/\/metaltale.com\/lv\/wp-json\/wp\/v2\/product_tag?post=133709"}],"curies":[{"name":"wp","href":"https:\/\/api.w.org\/{rel}","templated":true}]}}