{"id":133700,"date":"2024-02-13T15:25:05","date_gmt":"2024-02-13T13:25:05","guid":{"rendered":"https:\/\/metaltale.com\/produktas\/mansarda-sienas-pulkstenis-tooth-wheels\/"},"modified":"2024-02-13T15:25:05","modified_gmt":"2024-02-13T13:25:05","slug":"mansarda-sienas-pulkstenis-tooth-wheels","status":"publish","type":"product","link":"https:\/\/metaltale.com\/lv\/produkts\/mansarda-sienas-pulkstenis-tooth-wheels\/","title":{"rendered":"Mansarda sienas pulkstenis TOOTH WHEELS"},"content":{"rendered":"<div class=\"prod_data\"><strong>Modelis<\/strong> DI.7327  <br \/><strong>Materi\u0101ls<\/strong> Met\u0101ls, stikls  <br \/><strong>Kop\u0113jais augstums (cm<\/strong> ) 53  <br \/><strong>Kop\u0113jais platums (cm<\/strong> ) 48  <br \/><strong>Dzi\u013cums (cm<\/strong> ) 10  <\/p>\n<p>industri\u0101l\u0101 stila piekaramais pulkstenis<\/p>\n<p>produktu dizains ar r\u016bpnieciskiem elementiem<\/p>\n<p>neparasts, bet m\u016b\u017e\u012bgs sienas dekors<\/p>\n<hr>\n<p>M\u016bsu pulkstenis ir unik\u0101la funkcionalit\u0101tes un est\u0113tikas kombin\u0101cija, kas aizved j\u016bs uz aizraujo\u0161u meh\u0101nismu un tehnolo\u0123iju pasauli. Unik\u0101lo dizainu veido dekorat\u012bvie elementi zobratu form\u0101, kas pie\u0161\u0137ir tam industri\u0101lu, neapstr\u0101d\u0101tu raksturu. Papildu elementi, piem\u0113ram, met\u0101la konteiners ar v\u0101rstu, termometrs un higrometrs, pasv\u012btro produkta r\u016bpniecisko raksturu. Ierosin\u0101tais pulkstenis ir ne tikai instruments laika uzskaitei, bet ar\u012b uzkr\u012bto\u0161s dekors un daudz\u0161\u0137aut\u0146ains telpas elements.<\/p>\n<\/div>\n","protected":false},"excerpt":{"rendered":"<p>Modelis DI.7327 Materi\u0101ls Met\u0101ls, stikls Kop\u0113jais augstums (cm ) 53 Kop\u0113jais platums (cm ) 48 Dzi\u013cums (cm ) 10 industri\u0101l\u0101<\/p>\n","protected":false},"featured_media":96088,"comment_status":"open","ping_status":"closed","template":"","meta":{"_acf_changed":false,"pmpro_default_level":""},"product_brand":[],"product_cat":[24110],"product_tag":[],"class_list":{"0":"post-133700","1":"product","2":"type-product","3":"status-publish","4":"has-post-thumbnail","6":"product_cat-sienas-pulksteni","7":"pmpro-has-access","9":"first","10":"instock","11":"shipping-taxable","12":"purchasable","13":"product-type-simple"},"acf":[],"yoast_head":"<!-- This site is optimized with the Yoast SEO plugin v24.9 - https:\/\/yoast.com\/wordpress\/plugins\/seo\/ -->\n<title>Mansarda sienas pulkstenis TOOTH WHEELS - MetalTale.com<\/title>\n<meta name=\"robots\" content=\"index, follow, max-snippet:-1, max-image-preview:large, max-video-preview:-1\" \/>\n<link rel=\"canonical\" href=\"https:\/\/metaltale.com\/lv\/produkts\/mansarda-sienas-pulkstenis-tooth-wheels\/\" \/>\n<meta property=\"og:locale\" content=\"lv_LV\" \/>\n<meta property=\"og:type\" content=\"article\" \/>\n<meta property=\"og:title\" content=\"Mansarda sienas pulkstenis TOOTH WHEELS - MetalTale.com\" \/>\n<meta property=\"og:description\" content=\"Modelis DI.7327 Materi\u0101ls Met\u0101ls, stikls Kop\u0113jais augstums (cm ) 53 Kop\u0113jais platums (cm ) 48 Dzi\u013cums (cm ) 10 industri\u0101l\u0101\" \/>\n<meta property=\"og:url\" content=\"https:\/\/metaltale.com\/lv\/produkts\/mansarda-sienas-pulkstenis-tooth-wheels\/\" \/>\n<meta property=\"og:site_name\" content=\"MetalTale.com\" \/>\n<meta name=\"twitter:card\" content=\"summary_large_image\" \/>\n<meta name=\"twitter:label1\" content=\"Est. reading time\" \/>\n\t<meta name=\"twitter:data1\" content=\"1 minute\" \/>\n<script type=\"application\/ld+json\" class=\"yoast-schema-graph\">{\"@context\":\"https:\/\/schema.org\",\"@graph\":[{\"@type\":\"WebPage\",\"@id\":\"https:\/\/metaltale.com\/lv\/produkts\/mansarda-sienas-pulkstenis-tooth-wheels\/\",\"url\":\"https:\/\/metaltale.com\/lv\/produkts\/mansarda-sienas-pulkstenis-tooth-wheels\/\",\"name\":\"Mansarda sienas pulkstenis TOOTH WHEELS - MetalTale.com\",\"isPartOf\":{\"@id\":\"https:\/\/metaltale.com\/lv\/#website\"},\"primaryImageOfPage\":{\"@id\":\"https:\/\/metaltale.com\/lv\/produkts\/mansarda-sienas-pulkstenis-tooth-wheels\/#primaryimage\"},\"image\":{\"@id\":\"https:\/\/metaltale.com\/lv\/produkts\/mansarda-sienas-pulkstenis-tooth-wheels\/#primaryimage\"},\"thumbnailUrl\":\"https:\/\/metaltale.com\/wp-content\/uploads\/2023\/10\/Palx117px117s-sieninis-laikrodis-TOOTH-WHEELS.jpg\",\"datePublished\":\"2024-02-13T13:25:05+00:00\",\"breadcrumb\":{\"@id\":\"https:\/\/metaltale.com\/lv\/produkts\/mansarda-sienas-pulkstenis-tooth-wheels\/#breadcrumb\"},\"inLanguage\":\"lv-LV\",\"potentialAction\":[{\"@type\":\"ReadAction\",\"target\":[\"https:\/\/metaltale.com\/lv\/produkts\/mansarda-sienas-pulkstenis-tooth-wheels\/\"]}]},{\"@type\":\"ImageObject\",\"inLanguage\":\"lv-LV\",\"@id\":\"https:\/\/metaltale.com\/lv\/produkts\/mansarda-sienas-pulkstenis-tooth-wheels\/#primaryimage\",\"url\":\"https:\/\/metaltale.com\/wp-content\/uploads\/2023\/10\/Palx117px117s-sieninis-laikrodis-TOOTH-WHEELS.jpg\",\"contentUrl\":\"https:\/\/metaltale.com\/wp-content\/uploads\/2023\/10\/Palx117px117s-sieninis-laikrodis-TOOTH-WHEELS.jpg\",\"width\":800,\"height\":800},{\"@type\":\"BreadcrumbList\",\"@id\":\"https:\/\/metaltale.com\/lv\/produkts\/mansarda-sienas-pulkstenis-tooth-wheels\/#breadcrumb\",\"itemListElement\":[{\"@type\":\"ListItem\",\"position\":1,\"name\":\"Home\",\"item\":\"https:\/\/metaltale.com\/lv\/majas\/\"},{\"@type\":\"ListItem\",\"position\":2,\"name\":\"Veikals\",\"item\":\"https:\/\/metaltale.com\/lv\/shop\/\"},{\"@type\":\"ListItem\",\"position\":3,\"name\":\"Mansarda sienas pulkstenis TOOTH WHEELS\"}]},{\"@type\":\"WebSite\",\"@id\":\"https:\/\/metaltale.com\/lv\/#website\",\"url\":\"https:\/\/metaltale.com\/lv\/\",\"name\":\"Metaltale.com\",\"description\":\"\",\"potentialAction\":[{\"@type\":\"SearchAction\",\"target\":{\"@type\":\"EntryPoint\",\"urlTemplate\":\"https:\/\/metaltale.com\/lv\/?s={search_term_string}\"},\"query-input\":{\"@type\":\"PropertyValueSpecification\",\"valueRequired\":true,\"valueName\":\"search_term_string\"}}],\"inLanguage\":\"lv-LV\"}]}<\/script>\n<!-- \/ Yoast SEO plugin. -->","yoast_head_json":{"title":"Mansarda sienas pulkstenis TOOTH WHEELS - MetalTale.com","robots":{"index":"index","follow":"follow","max-snippet":"max-snippet:-1","max-image-preview":"max-image-preview:large","max-video-preview":"max-video-preview:-1"},"canonical":"https:\/\/metaltale.com\/lv\/produkts\/mansarda-sienas-pulkstenis-tooth-wheels\/","og_locale":"lv_LV","og_type":"article","og_title":"Mansarda sienas pulkstenis TOOTH WHEELS - MetalTale.com","og_description":"Modelis DI.7327 Materi\u0101ls Met\u0101ls, stikls Kop\u0113jais augstums (cm ) 53 Kop\u0113jais platums (cm ) 48 Dzi\u013cums (cm ) 10 industri\u0101l\u0101","og_url":"https:\/\/metaltale.com\/lv\/produkts\/mansarda-sienas-pulkstenis-tooth-wheels\/","og_site_name":"MetalTale.com","twitter_card":"summary_large_image","twitter_misc":{"Est. reading time":"1 minute"},"schema":{"@context":"https:\/\/schema.org","@graph":[{"@type":"WebPage","@id":"https:\/\/metaltale.com\/lv\/produkts\/mansarda-sienas-pulkstenis-tooth-wheels\/","url":"https:\/\/metaltale.com\/lv\/produkts\/mansarda-sienas-pulkstenis-tooth-wheels\/","name":"Mansarda sienas pulkstenis TOOTH WHEELS - MetalTale.com","isPartOf":{"@id":"https:\/\/metaltale.com\/lv\/#website"},"primaryImageOfPage":{"@id":"https:\/\/metaltale.com\/lv\/produkts\/mansarda-sienas-pulkstenis-tooth-wheels\/#primaryimage"},"image":{"@id":"https:\/\/metaltale.com\/lv\/produkts\/mansarda-sienas-pulkstenis-tooth-wheels\/#primaryimage"},"thumbnailUrl":"https:\/\/metaltale.com\/wp-content\/uploads\/2023\/10\/Palx117px117s-sieninis-laikrodis-TOOTH-WHEELS.jpg","datePublished":"2024-02-13T13:25:05+00:00","breadcrumb":{"@id":"https:\/\/metaltale.com\/lv\/produkts\/mansarda-sienas-pulkstenis-tooth-wheels\/#breadcrumb"},"inLanguage":"lv-LV","potentialAction":[{"@type":"ReadAction","target":["https:\/\/metaltale.com\/lv\/produkts\/mansarda-sienas-pulkstenis-tooth-wheels\/"]}]},{"@type":"ImageObject","inLanguage":"lv-LV","@id":"https:\/\/metaltale.com\/lv\/produkts\/mansarda-sienas-pulkstenis-tooth-wheels\/#primaryimage","url":"https:\/\/metaltale.com\/wp-content\/uploads\/2023\/10\/Palx117px117s-sieninis-laikrodis-TOOTH-WHEELS.jpg","contentUrl":"https:\/\/metaltale.com\/wp-content\/uploads\/2023\/10\/Palx117px117s-sieninis-laikrodis-TOOTH-WHEELS.jpg","width":800,"height":800},{"@type":"BreadcrumbList","@id":"https:\/\/metaltale.com\/lv\/produkts\/mansarda-sienas-pulkstenis-tooth-wheels\/#breadcrumb","itemListElement":[{"@type":"ListItem","position":1,"name":"Home","item":"https:\/\/metaltale.com\/lv\/majas\/"},{"@type":"ListItem","position":2,"name":"Veikals","item":"https:\/\/metaltale.com\/lv\/shop\/"},{"@type":"ListItem","position":3,"name":"Mansarda sienas pulkstenis TOOTH WHEELS"}]},{"@type":"WebSite","@id":"https:\/\/metaltale.com\/lv\/#website","url":"https:\/\/metaltale.com\/lv\/","name":"Metaltale.com","description":"","potentialAction":[{"@type":"SearchAction","target":{"@type":"EntryPoint","urlTemplate":"https:\/\/metaltale.com\/lv\/?s={search_term_string}"},"query-input":{"@type":"PropertyValueSpecification","valueRequired":true,"valueName":"search_term_string"}}],"inLanguage":"lv-LV"}]}},"_links":{"self":[{"href":"https:\/\/metaltale.com\/lv\/wp-json\/wp\/v2\/product\/133700","targetHints":{"allow":["GET"]}}],"collection":[{"href":"https:\/\/metaltale.com\/lv\/wp-json\/wp\/v2\/product"}],"about":[{"href":"https:\/\/metaltale.com\/lv\/wp-json\/wp\/v2\/types\/product"}],"replies":[{"embeddable":true,"href":"https:\/\/metaltale.com\/lv\/wp-json\/wp\/v2\/comments?post=133700"}],"version-history":[{"count":0,"href":"https:\/\/metaltale.com\/lv\/wp-json\/wp\/v2\/product\/133700\/revisions"}],"wp:featuredmedia":[{"embeddable":true,"href":"https:\/\/metaltale.com\/lv\/wp-json\/wp\/v2\/media\/96088"}],"wp:attachment":[{"href":"https:\/\/metaltale.com\/lv\/wp-json\/wp\/v2\/media?parent=133700"}],"wp:term":[{"taxonomy":"product_brand","embeddable":true,"href":"https:\/\/metaltale.com\/lv\/wp-json\/wp\/v2\/product_brand?post=133700"},{"taxonomy":"product_cat","embeddable":true,"href":"https:\/\/metaltale.com\/lv\/wp-json\/wp\/v2\/product_cat?post=133700"},{"taxonomy":"product_tag","embeddable":true,"href":"https:\/\/metaltale.com\/lv\/wp-json\/wp\/v2\/product_tag?post=133700"}],"curies":[{"name":"wp","href":"https:\/\/api.w.org\/{rel}","templated":true}]}}