{"id":133693,"date":"2024-02-13T15:25:05","date_gmt":"2024-02-13T13:25:05","guid":{"rendered":"https:\/\/metaltale.com\/produktas\/koka-beninu-sienas-pulkstenis\/"},"modified":"2024-02-13T15:25:05","modified_gmt":"2024-02-13T13:25:05","slug":"koka-beninu-sienas-pulkstenis","status":"publish","type":"product","link":"https:\/\/metaltale.com\/lv\/produkts\/koka-beninu-sienas-pulkstenis\/","title":{"rendered":"Koka b\u0113ni\u0146u sienas pulkstenis"},"content":{"rendered":"<div class=\"prod_data\">DI.7516 <strong>modelis<\/strong>  <br \/><strong>Materi\u0101ls<\/strong> Koks, stikls  <br \/><strong>Dzi\u013cums (cm<\/strong> ) 5  <br \/><strong>Kop\u0113jais diametrs (cm<\/strong> ) 80  <\/p>\n<p>modern\u0101 stila piekaramais pulkstenis<\/p>\n<p>izstr\u0101d\u0101jums, kas sast\u0101v no koka elementiem un k\u016bpin\u0101ta stikla.<\/p>\n<p>neparasts, bet m\u016b\u017e\u012bgs sienas dekors<\/p>\n<hr>\n<p>M\u016bsu minim\u0101lisma pulkstenis ir ne tikai laika m\u0113r\u012b\u0161anas r\u012bks, bet ar\u012b izsmalcin\u0101ts dekors, kas pie\u0161\u0137ir telpai elegantu izskatu. T\u0101 ir lieliska izv\u0113le tiem, kas nov\u0113rt\u0113 vienk\u0101r\u0161\u012bbu un izsmalcin\u0101tu dizainu. Galvenais pulkste\u0146a elements ir k\u016bpin\u0101ta stikla panelis ap ciparn\u012bcu. Koka elementu izmanto\u0161ana pie\u0161\u0137ir tai unik\u0101lu raksturu, savuk\u0101rt d\u016bmots stikls pie\u0161\u0137ir tai dzi\u013cumu. T\u0101 minim\u0101lisma est\u0113tika padara to ide\u0101li piem\u0113rotu visda\u017e\u0101d\u0101kajiem interjera stiliem &#8211; no modern\u0101 l\u012bdz skandin\u0101viskajam. Tas ir daudzpus\u012bgs dekorat\u012bvs elements.<\/p>\n<\/div>\n","protected":false},"excerpt":{"rendered":"<p>DI.7516 modelis Materi\u0101ls Koks, stikls Dzi\u013cums (cm ) 5 Kop\u0113jais diametrs (cm ) 80 modern\u0101 stila piekaramais pulkstenis izstr\u0101d\u0101jums, kas<\/p>\n","protected":false},"featured_media":96073,"comment_status":"open","ping_status":"closed","template":"","meta":{"_acf_changed":false,"pmpro_default_level":""},"product_brand":[],"product_cat":[24110],"product_tag":[],"class_list":{"0":"post-133693","1":"product","2":"type-product","3":"status-publish","4":"has-post-thumbnail","6":"product_cat-sienas-pulksteni","7":"pmpro-has-access","9":"first","10":"instock","11":"shipping-taxable","12":"purchasable","13":"product-type-simple"},"acf":[],"yoast_head":"<!-- This site is optimized with the Yoast SEO plugin v24.9 - https:\/\/yoast.com\/wordpress\/plugins\/seo\/ -->\n<title>Koka b\u0113ni\u0146u sienas pulkstenis - MetalTale.com<\/title>\n<meta name=\"robots\" content=\"index, follow, max-snippet:-1, max-image-preview:large, max-video-preview:-1\" \/>\n<link rel=\"canonical\" href=\"https:\/\/metaltale.com\/lv\/produkts\/koka-beninu-sienas-pulkstenis\/\" \/>\n<meta property=\"og:locale\" content=\"lv_LV\" \/>\n<meta property=\"og:type\" content=\"article\" \/>\n<meta property=\"og:title\" content=\"Koka b\u0113ni\u0146u sienas pulkstenis - MetalTale.com\" \/>\n<meta property=\"og:description\" content=\"DI.7516 modelis Materi\u0101ls Koks, stikls Dzi\u013cums (cm ) 5 Kop\u0113jais diametrs (cm ) 80 modern\u0101 stila piekaramais pulkstenis izstr\u0101d\u0101jums, kas\" \/>\n<meta property=\"og:url\" content=\"https:\/\/metaltale.com\/lv\/produkts\/koka-beninu-sienas-pulkstenis\/\" \/>\n<meta property=\"og:site_name\" content=\"MetalTale.com\" \/>\n<meta name=\"twitter:card\" content=\"summary_large_image\" \/>\n<meta name=\"twitter:label1\" content=\"Est. reading time\" \/>\n\t<meta name=\"twitter:data1\" content=\"1 minute\" \/>\n<script type=\"application\/ld+json\" class=\"yoast-schema-graph\">{\"@context\":\"https:\/\/schema.org\",\"@graph\":[{\"@type\":\"WebPage\",\"@id\":\"https:\/\/metaltale.com\/lv\/produkts\/koka-beninu-sienas-pulkstenis\/\",\"url\":\"https:\/\/metaltale.com\/lv\/produkts\/koka-beninu-sienas-pulkstenis\/\",\"name\":\"Koka b\u0113ni\u0146u sienas pulkstenis - MetalTale.com\",\"isPartOf\":{\"@id\":\"https:\/\/metaltale.com\/lv\/#website\"},\"primaryImageOfPage\":{\"@id\":\"https:\/\/metaltale.com\/lv\/produkts\/koka-beninu-sienas-pulkstenis\/#primaryimage\"},\"image\":{\"@id\":\"https:\/\/metaltale.com\/lv\/produkts\/koka-beninu-sienas-pulkstenis\/#primaryimage\"},\"thumbnailUrl\":\"https:\/\/metaltale.com\/wp-content\/uploads\/2023\/10\/Medinis-palx117px117s-sieninis-laikrodis.jpg\",\"datePublished\":\"2024-02-13T13:25:05+00:00\",\"breadcrumb\":{\"@id\":\"https:\/\/metaltale.com\/lv\/produkts\/koka-beninu-sienas-pulkstenis\/#breadcrumb\"},\"inLanguage\":\"lv-LV\",\"potentialAction\":[{\"@type\":\"ReadAction\",\"target\":[\"https:\/\/metaltale.com\/lv\/produkts\/koka-beninu-sienas-pulkstenis\/\"]}]},{\"@type\":\"ImageObject\",\"inLanguage\":\"lv-LV\",\"@id\":\"https:\/\/metaltale.com\/lv\/produkts\/koka-beninu-sienas-pulkstenis\/#primaryimage\",\"url\":\"https:\/\/metaltale.com\/wp-content\/uploads\/2023\/10\/Medinis-palx117px117s-sieninis-laikrodis.jpg\",\"contentUrl\":\"https:\/\/metaltale.com\/wp-content\/uploads\/2023\/10\/Medinis-palx117px117s-sieninis-laikrodis.jpg\",\"width\":800,\"height\":800},{\"@type\":\"BreadcrumbList\",\"@id\":\"https:\/\/metaltale.com\/lv\/produkts\/koka-beninu-sienas-pulkstenis\/#breadcrumb\",\"itemListElement\":[{\"@type\":\"ListItem\",\"position\":1,\"name\":\"Home\",\"item\":\"https:\/\/metaltale.com\/lv\/majas\/\"},{\"@type\":\"ListItem\",\"position\":2,\"name\":\"Veikals\",\"item\":\"https:\/\/metaltale.com\/lv\/shop\/\"},{\"@type\":\"ListItem\",\"position\":3,\"name\":\"Koka b\u0113ni\u0146u sienas pulkstenis\"}]},{\"@type\":\"WebSite\",\"@id\":\"https:\/\/metaltale.com\/lv\/#website\",\"url\":\"https:\/\/metaltale.com\/lv\/\",\"name\":\"Metaltale.com\",\"description\":\"\",\"potentialAction\":[{\"@type\":\"SearchAction\",\"target\":{\"@type\":\"EntryPoint\",\"urlTemplate\":\"https:\/\/metaltale.com\/lv\/?s={search_term_string}\"},\"query-input\":{\"@type\":\"PropertyValueSpecification\",\"valueRequired\":true,\"valueName\":\"search_term_string\"}}],\"inLanguage\":\"lv-LV\"}]}<\/script>\n<!-- \/ Yoast SEO plugin. -->","yoast_head_json":{"title":"Koka b\u0113ni\u0146u sienas pulkstenis - MetalTale.com","robots":{"index":"index","follow":"follow","max-snippet":"max-snippet:-1","max-image-preview":"max-image-preview:large","max-video-preview":"max-video-preview:-1"},"canonical":"https:\/\/metaltale.com\/lv\/produkts\/koka-beninu-sienas-pulkstenis\/","og_locale":"lv_LV","og_type":"article","og_title":"Koka b\u0113ni\u0146u sienas pulkstenis - MetalTale.com","og_description":"DI.7516 modelis Materi\u0101ls Koks, stikls Dzi\u013cums (cm ) 5 Kop\u0113jais diametrs (cm ) 80 modern\u0101 stila piekaramais pulkstenis izstr\u0101d\u0101jums, kas","og_url":"https:\/\/metaltale.com\/lv\/produkts\/koka-beninu-sienas-pulkstenis\/","og_site_name":"MetalTale.com","twitter_card":"summary_large_image","twitter_misc":{"Est. reading time":"1 minute"},"schema":{"@context":"https:\/\/schema.org","@graph":[{"@type":"WebPage","@id":"https:\/\/metaltale.com\/lv\/produkts\/koka-beninu-sienas-pulkstenis\/","url":"https:\/\/metaltale.com\/lv\/produkts\/koka-beninu-sienas-pulkstenis\/","name":"Koka b\u0113ni\u0146u sienas pulkstenis - MetalTale.com","isPartOf":{"@id":"https:\/\/metaltale.com\/lv\/#website"},"primaryImageOfPage":{"@id":"https:\/\/metaltale.com\/lv\/produkts\/koka-beninu-sienas-pulkstenis\/#primaryimage"},"image":{"@id":"https:\/\/metaltale.com\/lv\/produkts\/koka-beninu-sienas-pulkstenis\/#primaryimage"},"thumbnailUrl":"https:\/\/metaltale.com\/wp-content\/uploads\/2023\/10\/Medinis-palx117px117s-sieninis-laikrodis.jpg","datePublished":"2024-02-13T13:25:05+00:00","breadcrumb":{"@id":"https:\/\/metaltale.com\/lv\/produkts\/koka-beninu-sienas-pulkstenis\/#breadcrumb"},"inLanguage":"lv-LV","potentialAction":[{"@type":"ReadAction","target":["https:\/\/metaltale.com\/lv\/produkts\/koka-beninu-sienas-pulkstenis\/"]}]},{"@type":"ImageObject","inLanguage":"lv-LV","@id":"https:\/\/metaltale.com\/lv\/produkts\/koka-beninu-sienas-pulkstenis\/#primaryimage","url":"https:\/\/metaltale.com\/wp-content\/uploads\/2023\/10\/Medinis-palx117px117s-sieninis-laikrodis.jpg","contentUrl":"https:\/\/metaltale.com\/wp-content\/uploads\/2023\/10\/Medinis-palx117px117s-sieninis-laikrodis.jpg","width":800,"height":800},{"@type":"BreadcrumbList","@id":"https:\/\/metaltale.com\/lv\/produkts\/koka-beninu-sienas-pulkstenis\/#breadcrumb","itemListElement":[{"@type":"ListItem","position":1,"name":"Home","item":"https:\/\/metaltale.com\/lv\/majas\/"},{"@type":"ListItem","position":2,"name":"Veikals","item":"https:\/\/metaltale.com\/lv\/shop\/"},{"@type":"ListItem","position":3,"name":"Koka b\u0113ni\u0146u sienas pulkstenis"}]},{"@type":"WebSite","@id":"https:\/\/metaltale.com\/lv\/#website","url":"https:\/\/metaltale.com\/lv\/","name":"Metaltale.com","description":"","potentialAction":[{"@type":"SearchAction","target":{"@type":"EntryPoint","urlTemplate":"https:\/\/metaltale.com\/lv\/?s={search_term_string}"},"query-input":{"@type":"PropertyValueSpecification","valueRequired":true,"valueName":"search_term_string"}}],"inLanguage":"lv-LV"}]}},"_links":{"self":[{"href":"https:\/\/metaltale.com\/lv\/wp-json\/wp\/v2\/product\/133693","targetHints":{"allow":["GET"]}}],"collection":[{"href":"https:\/\/metaltale.com\/lv\/wp-json\/wp\/v2\/product"}],"about":[{"href":"https:\/\/metaltale.com\/lv\/wp-json\/wp\/v2\/types\/product"}],"replies":[{"embeddable":true,"href":"https:\/\/metaltale.com\/lv\/wp-json\/wp\/v2\/comments?post=133693"}],"version-history":[{"count":0,"href":"https:\/\/metaltale.com\/lv\/wp-json\/wp\/v2\/product\/133693\/revisions"}],"wp:featuredmedia":[{"embeddable":true,"href":"https:\/\/metaltale.com\/lv\/wp-json\/wp\/v2\/media\/96073"}],"wp:attachment":[{"href":"https:\/\/metaltale.com\/lv\/wp-json\/wp\/v2\/media?parent=133693"}],"wp:term":[{"taxonomy":"product_brand","embeddable":true,"href":"https:\/\/metaltale.com\/lv\/wp-json\/wp\/v2\/product_brand?post=133693"},{"taxonomy":"product_cat","embeddable":true,"href":"https:\/\/metaltale.com\/lv\/wp-json\/wp\/v2\/product_cat?post=133693"},{"taxonomy":"product_tag","embeddable":true,"href":"https:\/\/metaltale.com\/lv\/wp-json\/wp\/v2\/product_tag?post=133693"}],"curies":[{"name":"wp","href":"https:\/\/api.w.org\/{rel}","templated":true}]}}