{"id":133692,"date":"2024-02-13T15:25:05","date_gmt":"2024-02-13T13:25:05","guid":{"rendered":"https:\/\/metaltale.com\/produktas\/mansarda-sienas-pulkstenis-motocikls\/"},"modified":"2024-02-13T15:25:05","modified_gmt":"2024-02-13T13:25:05","slug":"mansarda-sienas-pulkstenis-motocikls","status":"publish","type":"product","link":"https:\/\/metaltale.com\/lv\/produkts\/mansarda-sienas-pulkstenis-motocikls\/","title":{"rendered":"Mansarda sienas pulkstenis MOTOCIKLS"},"content":{"rendered":"<div class=\"prod_data\">DI.8411 <strong>modelis<\/strong>  <br \/><strong>Materi\u0101ls<\/strong> Koks, t\u0113rauds, stikls  <br \/><strong>Kop\u0113jais augstums (cm<\/strong> ) 120  <br \/><strong>Kop\u0113jais platums (cm<\/strong> ) 60  <br \/><strong>Dzi\u013cums (cm<\/strong> ) 6  <\/p>\n<p>3D met\u0101la sienas rot\u0101jums k\u0101 pulkstenis ar trim ciparn\u012bc\u0101m<\/p>\n<p>pieklusin\u0101tas kr\u0101sas un koka un t\u0113rauda kombin\u0101cija, kas sader ar da\u017e\u0101diem interjera stiliem.<\/p>\n<p>neparasts, bet m\u016b\u017e\u012bgs sienas dekors<\/p>\n<hr>\n<p>M\u016bsu sienas apdare ir izgatavota no augstas kvalit\u0101tes materi\u0101liem. Apdares fons ir izgatavots no koka, kas pie\u0161\u0137ir tai siltu un m\u0101j\u012bgu noska\u0146u. Motociklu fig\u016bras ir izgatavotas no iztur\u012bga met\u0101la, kas garant\u0113 iztur\u012bbu un iztur\u012bbu. Katram motociklam priek\u0161\u0113j\u0101 rite\u0146a viet\u0101 ir pulkste\u0146a ciparn\u012bca. \u0160\u0101da kompoz\u012bcija ir neparasts komplekts, kas piesaist\u012bs uzman\u012bbu. Tas ir lielisks veids, k\u0101 interjeram pie\u0161\u0137irt raksturu un stilu.<\/p>\n<\/div>\n","protected":false},"excerpt":{"rendered":"<p>DI.8411 modelis Materi\u0101ls Koks, t\u0113rauds, stikls Kop\u0113jais augstums (cm ) 120 Kop\u0113jais platums (cm ) 60 Dzi\u013cums (cm ) 6<\/p>\n","protected":false},"featured_media":96046,"comment_status":"open","ping_status":"closed","template":"","meta":{"_acf_changed":false,"pmpro_default_level":""},"product_brand":[],"product_cat":[24110],"product_tag":[],"class_list":{"0":"post-133692","1":"product","2":"type-product","3":"status-publish","4":"has-post-thumbnail","6":"product_cat-sienas-pulksteni","7":"pmpro-has-access","9":"first","10":"instock","11":"shipping-taxable","12":"purchasable","13":"product-type-simple"},"acf":[],"yoast_head":"<!-- This site is optimized with the Yoast SEO plugin v24.9 - https:\/\/yoast.com\/wordpress\/plugins\/seo\/ -->\n<title>Mansarda sienas pulkstenis MOTOCIKLS - MetalTale.com<\/title>\n<meta name=\"robots\" content=\"index, follow, max-snippet:-1, max-image-preview:large, max-video-preview:-1\" \/>\n<link rel=\"canonical\" href=\"https:\/\/metaltale.com\/lv\/produkts\/mansarda-sienas-pulkstenis-motocikls\/\" \/>\n<meta property=\"og:locale\" content=\"lv_LV\" \/>\n<meta property=\"og:type\" content=\"article\" \/>\n<meta property=\"og:title\" content=\"Mansarda sienas pulkstenis MOTOCIKLS - MetalTale.com\" \/>\n<meta property=\"og:description\" content=\"DI.8411 modelis Materi\u0101ls Koks, t\u0113rauds, stikls Kop\u0113jais augstums (cm ) 120 Kop\u0113jais platums (cm ) 60 Dzi\u013cums (cm ) 6\" \/>\n<meta property=\"og:url\" content=\"https:\/\/metaltale.com\/lv\/produkts\/mansarda-sienas-pulkstenis-motocikls\/\" \/>\n<meta property=\"og:site_name\" content=\"MetalTale.com\" \/>\n<meta name=\"twitter:card\" content=\"summary_large_image\" \/>\n<meta name=\"twitter:label1\" content=\"Est. reading time\" \/>\n\t<meta name=\"twitter:data1\" content=\"1 minute\" \/>\n<script type=\"application\/ld+json\" class=\"yoast-schema-graph\">{\"@context\":\"https:\/\/schema.org\",\"@graph\":[{\"@type\":\"WebPage\",\"@id\":\"https:\/\/metaltale.com\/lv\/produkts\/mansarda-sienas-pulkstenis-motocikls\/\",\"url\":\"https:\/\/metaltale.com\/lv\/produkts\/mansarda-sienas-pulkstenis-motocikls\/\",\"name\":\"Mansarda sienas pulkstenis MOTOCIKLS - MetalTale.com\",\"isPartOf\":{\"@id\":\"https:\/\/metaltale.com\/lv\/#website\"},\"primaryImageOfPage\":{\"@id\":\"https:\/\/metaltale.com\/lv\/produkts\/mansarda-sienas-pulkstenis-motocikls\/#primaryimage\"},\"image\":{\"@id\":\"https:\/\/metaltale.com\/lv\/produkts\/mansarda-sienas-pulkstenis-motocikls\/#primaryimage\"},\"thumbnailUrl\":\"https:\/\/metaltale.com\/wp-content\/uploads\/2023\/10\/Palx117px117s-sieninis-laikrodis-MOTOCIKLAS.jpg\",\"datePublished\":\"2024-02-13T13:25:05+00:00\",\"breadcrumb\":{\"@id\":\"https:\/\/metaltale.com\/lv\/produkts\/mansarda-sienas-pulkstenis-motocikls\/#breadcrumb\"},\"inLanguage\":\"lv-LV\",\"potentialAction\":[{\"@type\":\"ReadAction\",\"target\":[\"https:\/\/metaltale.com\/lv\/produkts\/mansarda-sienas-pulkstenis-motocikls\/\"]}]},{\"@type\":\"ImageObject\",\"inLanguage\":\"lv-LV\",\"@id\":\"https:\/\/metaltale.com\/lv\/produkts\/mansarda-sienas-pulkstenis-motocikls\/#primaryimage\",\"url\":\"https:\/\/metaltale.com\/wp-content\/uploads\/2023\/10\/Palx117px117s-sieninis-laikrodis-MOTOCIKLAS.jpg\",\"contentUrl\":\"https:\/\/metaltale.com\/wp-content\/uploads\/2023\/10\/Palx117px117s-sieninis-laikrodis-MOTOCIKLAS.jpg\",\"width\":800,\"height\":800},{\"@type\":\"BreadcrumbList\",\"@id\":\"https:\/\/metaltale.com\/lv\/produkts\/mansarda-sienas-pulkstenis-motocikls\/#breadcrumb\",\"itemListElement\":[{\"@type\":\"ListItem\",\"position\":1,\"name\":\"Home\",\"item\":\"https:\/\/metaltale.com\/lv\/majas\/\"},{\"@type\":\"ListItem\",\"position\":2,\"name\":\"Veikals\",\"item\":\"https:\/\/metaltale.com\/lv\/shop\/\"},{\"@type\":\"ListItem\",\"position\":3,\"name\":\"Mansarda sienas pulkstenis MOTOCIKLS\"}]},{\"@type\":\"WebSite\",\"@id\":\"https:\/\/metaltale.com\/lv\/#website\",\"url\":\"https:\/\/metaltale.com\/lv\/\",\"name\":\"Metaltale.com\",\"description\":\"\",\"potentialAction\":[{\"@type\":\"SearchAction\",\"target\":{\"@type\":\"EntryPoint\",\"urlTemplate\":\"https:\/\/metaltale.com\/lv\/?s={search_term_string}\"},\"query-input\":{\"@type\":\"PropertyValueSpecification\",\"valueRequired\":true,\"valueName\":\"search_term_string\"}}],\"inLanguage\":\"lv-LV\"}]}<\/script>\n<!-- \/ Yoast SEO plugin. -->","yoast_head_json":{"title":"Mansarda sienas pulkstenis MOTOCIKLS - MetalTale.com","robots":{"index":"index","follow":"follow","max-snippet":"max-snippet:-1","max-image-preview":"max-image-preview:large","max-video-preview":"max-video-preview:-1"},"canonical":"https:\/\/metaltale.com\/lv\/produkts\/mansarda-sienas-pulkstenis-motocikls\/","og_locale":"lv_LV","og_type":"article","og_title":"Mansarda sienas pulkstenis MOTOCIKLS - MetalTale.com","og_description":"DI.8411 modelis Materi\u0101ls Koks, t\u0113rauds, stikls Kop\u0113jais augstums (cm ) 120 Kop\u0113jais platums (cm ) 60 Dzi\u013cums (cm ) 6","og_url":"https:\/\/metaltale.com\/lv\/produkts\/mansarda-sienas-pulkstenis-motocikls\/","og_site_name":"MetalTale.com","twitter_card":"summary_large_image","twitter_misc":{"Est. reading time":"1 minute"},"schema":{"@context":"https:\/\/schema.org","@graph":[{"@type":"WebPage","@id":"https:\/\/metaltale.com\/lv\/produkts\/mansarda-sienas-pulkstenis-motocikls\/","url":"https:\/\/metaltale.com\/lv\/produkts\/mansarda-sienas-pulkstenis-motocikls\/","name":"Mansarda sienas pulkstenis MOTOCIKLS - MetalTale.com","isPartOf":{"@id":"https:\/\/metaltale.com\/lv\/#website"},"primaryImageOfPage":{"@id":"https:\/\/metaltale.com\/lv\/produkts\/mansarda-sienas-pulkstenis-motocikls\/#primaryimage"},"image":{"@id":"https:\/\/metaltale.com\/lv\/produkts\/mansarda-sienas-pulkstenis-motocikls\/#primaryimage"},"thumbnailUrl":"https:\/\/metaltale.com\/wp-content\/uploads\/2023\/10\/Palx117px117s-sieninis-laikrodis-MOTOCIKLAS.jpg","datePublished":"2024-02-13T13:25:05+00:00","breadcrumb":{"@id":"https:\/\/metaltale.com\/lv\/produkts\/mansarda-sienas-pulkstenis-motocikls\/#breadcrumb"},"inLanguage":"lv-LV","potentialAction":[{"@type":"ReadAction","target":["https:\/\/metaltale.com\/lv\/produkts\/mansarda-sienas-pulkstenis-motocikls\/"]}]},{"@type":"ImageObject","inLanguage":"lv-LV","@id":"https:\/\/metaltale.com\/lv\/produkts\/mansarda-sienas-pulkstenis-motocikls\/#primaryimage","url":"https:\/\/metaltale.com\/wp-content\/uploads\/2023\/10\/Palx117px117s-sieninis-laikrodis-MOTOCIKLAS.jpg","contentUrl":"https:\/\/metaltale.com\/wp-content\/uploads\/2023\/10\/Palx117px117s-sieninis-laikrodis-MOTOCIKLAS.jpg","width":800,"height":800},{"@type":"BreadcrumbList","@id":"https:\/\/metaltale.com\/lv\/produkts\/mansarda-sienas-pulkstenis-motocikls\/#breadcrumb","itemListElement":[{"@type":"ListItem","position":1,"name":"Home","item":"https:\/\/metaltale.com\/lv\/majas\/"},{"@type":"ListItem","position":2,"name":"Veikals","item":"https:\/\/metaltale.com\/lv\/shop\/"},{"@type":"ListItem","position":3,"name":"Mansarda sienas pulkstenis MOTOCIKLS"}]},{"@type":"WebSite","@id":"https:\/\/metaltale.com\/lv\/#website","url":"https:\/\/metaltale.com\/lv\/","name":"Metaltale.com","description":"","potentialAction":[{"@type":"SearchAction","target":{"@type":"EntryPoint","urlTemplate":"https:\/\/metaltale.com\/lv\/?s={search_term_string}"},"query-input":{"@type":"PropertyValueSpecification","valueRequired":true,"valueName":"search_term_string"}}],"inLanguage":"lv-LV"}]}},"_links":{"self":[{"href":"https:\/\/metaltale.com\/lv\/wp-json\/wp\/v2\/product\/133692","targetHints":{"allow":["GET"]}}],"collection":[{"href":"https:\/\/metaltale.com\/lv\/wp-json\/wp\/v2\/product"}],"about":[{"href":"https:\/\/metaltale.com\/lv\/wp-json\/wp\/v2\/types\/product"}],"replies":[{"embeddable":true,"href":"https:\/\/metaltale.com\/lv\/wp-json\/wp\/v2\/comments?post=133692"}],"version-history":[{"count":0,"href":"https:\/\/metaltale.com\/lv\/wp-json\/wp\/v2\/product\/133692\/revisions"}],"wp:featuredmedia":[{"embeddable":true,"href":"https:\/\/metaltale.com\/lv\/wp-json\/wp\/v2\/media\/96046"}],"wp:attachment":[{"href":"https:\/\/metaltale.com\/lv\/wp-json\/wp\/v2\/media?parent=133692"}],"wp:term":[{"taxonomy":"product_brand","embeddable":true,"href":"https:\/\/metaltale.com\/lv\/wp-json\/wp\/v2\/product_brand?post=133692"},{"taxonomy":"product_cat","embeddable":true,"href":"https:\/\/metaltale.com\/lv\/wp-json\/wp\/v2\/product_cat?post=133692"},{"taxonomy":"product_tag","embeddable":true,"href":"https:\/\/metaltale.com\/lv\/wp-json\/wp\/v2\/product_tag?post=133692"}],"curies":[{"name":"wp","href":"https:\/\/api.w.org\/{rel}","templated":true}]}}