{"id":133687,"date":"2024-02-13T15:25:05","date_gmt":"2024-02-13T13:25:05","guid":{"rendered":"https:\/\/metaltale.com\/produktas\/timber-beninu-sienas-pulkstenis\/"},"modified":"2024-02-13T15:25:05","modified_gmt":"2024-02-13T13:25:05","slug":"timber-beninu-sienas-pulkstenis","status":"publish","type":"product","link":"https:\/\/metaltale.com\/lv\/produkts\/timber-beninu-sienas-pulkstenis\/","title":{"rendered":"TIMBER b\u0113ni\u0146u sienas pulkstenis"},"content":{"rendered":"<div class=\"prod_data\">DI.7517 <strong>modelis<\/strong>  <br \/><strong>Materi\u0101ls<\/strong> Koks, stikls  <br \/><strong>Dzi\u013cums (cm<\/strong> ) 5  <br \/><strong>Kop\u0113jais diametrs (cm<\/strong> ) 40  <\/p>\n<p>modern\u0101 stila piekaramais pulkstenis<\/p>\n<p>izstr\u0101d\u0101jums, kas sast\u0101v no koka elementiem un k\u016bpin\u0101ta stikla.<\/p>\n<p>neparasts, bet m\u016b\u017e\u012bgs sienas dekors<\/p>\n<hr>\n<p>M\u016bsu minim\u0101lisma stila sienas pulkstenis ir elegances un vienk\u0101r\u0161\u012bbas esence, kas lieliski iederas m\u016bsdienu interjer\u0101. \u0160is unik\u0101lais pulkstenis apvieno klasisku formu un novatorisku est\u0113tiku. Koka apmales, k\u0101 ar\u012b koka kvadr\u0101ti\u0146u, kuros att\u0113lots laiks, izmanto\u0161ana pie\u0161\u0137ir pulkste\u0146am siltu un dabisku noska\u0146u. Stikla d\u016bmakain\u0101 kr\u0101sa pie\u0161\u0137ir pulkste\u0146am dzi\u013cumu un nosl\u0113pumain\u012bbu, kas v\u0113l vair\u0101k pastiprina t\u0101 unikalit\u0101ti. Stikls ir ne tikai praktisks, bet ar\u012b stilistisks elements, kas izce\u013c m\u016bsdien\u012bgu dizainu.<\/p>\n<\/div>\n","protected":false},"excerpt":{"rendered":"<p>DI.7517 modelis Materi\u0101ls Koks, stikls Dzi\u013cums (cm ) 5 Kop\u0113jais diametrs (cm ) 40 modern\u0101 stila piekaramais pulkstenis izstr\u0101d\u0101jums, kas<\/p>\n","protected":false},"featured_media":96061,"comment_status":"open","ping_status":"closed","template":"","meta":{"_acf_changed":false,"pmpro_default_level":""},"product_brand":[],"product_cat":[24110],"product_tag":[],"class_list":{"0":"post-133687","1":"product","2":"type-product","3":"status-publish","4":"has-post-thumbnail","6":"product_cat-sienas-pulksteni","7":"pmpro-has-access","9":"first","10":"instock","11":"shipping-taxable","12":"purchasable","13":"product-type-simple"},"acf":[],"yoast_head":"<!-- This site is optimized with the Yoast SEO plugin v24.9 - https:\/\/yoast.com\/wordpress\/plugins\/seo\/ -->\n<title>TIMBER b\u0113ni\u0146u sienas pulkstenis - MetalTale.com<\/title>\n<meta name=\"robots\" content=\"index, follow, max-snippet:-1, max-image-preview:large, max-video-preview:-1\" \/>\n<link rel=\"canonical\" href=\"https:\/\/metaltale.com\/lv\/produkts\/timber-beninu-sienas-pulkstenis\/\" \/>\n<meta property=\"og:locale\" content=\"lv_LV\" \/>\n<meta property=\"og:type\" content=\"article\" \/>\n<meta property=\"og:title\" content=\"TIMBER b\u0113ni\u0146u sienas pulkstenis - MetalTale.com\" \/>\n<meta property=\"og:description\" content=\"DI.7517 modelis Materi\u0101ls Koks, stikls Dzi\u013cums (cm ) 5 Kop\u0113jais diametrs (cm ) 40 modern\u0101 stila piekaramais pulkstenis izstr\u0101d\u0101jums, kas\" \/>\n<meta property=\"og:url\" content=\"https:\/\/metaltale.com\/lv\/produkts\/timber-beninu-sienas-pulkstenis\/\" \/>\n<meta property=\"og:site_name\" content=\"MetalTale.com\" \/>\n<meta name=\"twitter:card\" content=\"summary_large_image\" \/>\n<meta name=\"twitter:label1\" content=\"Est. reading time\" \/>\n\t<meta name=\"twitter:data1\" content=\"1 minute\" \/>\n<script type=\"application\/ld+json\" class=\"yoast-schema-graph\">{\"@context\":\"https:\/\/schema.org\",\"@graph\":[{\"@type\":\"WebPage\",\"@id\":\"https:\/\/metaltale.com\/lv\/produkts\/timber-beninu-sienas-pulkstenis\/\",\"url\":\"https:\/\/metaltale.com\/lv\/produkts\/timber-beninu-sienas-pulkstenis\/\",\"name\":\"TIMBER b\u0113ni\u0146u sienas pulkstenis - MetalTale.com\",\"isPartOf\":{\"@id\":\"https:\/\/metaltale.com\/lv\/#website\"},\"primaryImageOfPage\":{\"@id\":\"https:\/\/metaltale.com\/lv\/produkts\/timber-beninu-sienas-pulkstenis\/#primaryimage\"},\"image\":{\"@id\":\"https:\/\/metaltale.com\/lv\/produkts\/timber-beninu-sienas-pulkstenis\/#primaryimage\"},\"thumbnailUrl\":\"https:\/\/metaltale.com\/wp-content\/uploads\/2023\/10\/TIMBER-loft-sieninis-laikrodis.jpg\",\"datePublished\":\"2024-02-13T13:25:05+00:00\",\"breadcrumb\":{\"@id\":\"https:\/\/metaltale.com\/lv\/produkts\/timber-beninu-sienas-pulkstenis\/#breadcrumb\"},\"inLanguage\":\"lv-LV\",\"potentialAction\":[{\"@type\":\"ReadAction\",\"target\":[\"https:\/\/metaltale.com\/lv\/produkts\/timber-beninu-sienas-pulkstenis\/\"]}]},{\"@type\":\"ImageObject\",\"inLanguage\":\"lv-LV\",\"@id\":\"https:\/\/metaltale.com\/lv\/produkts\/timber-beninu-sienas-pulkstenis\/#primaryimage\",\"url\":\"https:\/\/metaltale.com\/wp-content\/uploads\/2023\/10\/TIMBER-loft-sieninis-laikrodis.jpg\",\"contentUrl\":\"https:\/\/metaltale.com\/wp-content\/uploads\/2023\/10\/TIMBER-loft-sieninis-laikrodis.jpg\",\"width\":800,\"height\":800},{\"@type\":\"BreadcrumbList\",\"@id\":\"https:\/\/metaltale.com\/lv\/produkts\/timber-beninu-sienas-pulkstenis\/#breadcrumb\",\"itemListElement\":[{\"@type\":\"ListItem\",\"position\":1,\"name\":\"Home\",\"item\":\"https:\/\/metaltale.com\/lv\/majas\/\"},{\"@type\":\"ListItem\",\"position\":2,\"name\":\"Veikals\",\"item\":\"https:\/\/metaltale.com\/lv\/shop\/\"},{\"@type\":\"ListItem\",\"position\":3,\"name\":\"TIMBER b\u0113ni\u0146u sienas pulkstenis\"}]},{\"@type\":\"WebSite\",\"@id\":\"https:\/\/metaltale.com\/lv\/#website\",\"url\":\"https:\/\/metaltale.com\/lv\/\",\"name\":\"Metaltale.com\",\"description\":\"\",\"potentialAction\":[{\"@type\":\"SearchAction\",\"target\":{\"@type\":\"EntryPoint\",\"urlTemplate\":\"https:\/\/metaltale.com\/lv\/?s={search_term_string}\"},\"query-input\":{\"@type\":\"PropertyValueSpecification\",\"valueRequired\":true,\"valueName\":\"search_term_string\"}}],\"inLanguage\":\"lv-LV\"}]}<\/script>\n<!-- \/ Yoast SEO plugin. -->","yoast_head_json":{"title":"TIMBER b\u0113ni\u0146u sienas pulkstenis - MetalTale.com","robots":{"index":"index","follow":"follow","max-snippet":"max-snippet:-1","max-image-preview":"max-image-preview:large","max-video-preview":"max-video-preview:-1"},"canonical":"https:\/\/metaltale.com\/lv\/produkts\/timber-beninu-sienas-pulkstenis\/","og_locale":"lv_LV","og_type":"article","og_title":"TIMBER b\u0113ni\u0146u sienas pulkstenis - MetalTale.com","og_description":"DI.7517 modelis Materi\u0101ls Koks, stikls Dzi\u013cums (cm ) 5 Kop\u0113jais diametrs (cm ) 40 modern\u0101 stila piekaramais pulkstenis izstr\u0101d\u0101jums, kas","og_url":"https:\/\/metaltale.com\/lv\/produkts\/timber-beninu-sienas-pulkstenis\/","og_site_name":"MetalTale.com","twitter_card":"summary_large_image","twitter_misc":{"Est. reading time":"1 minute"},"schema":{"@context":"https:\/\/schema.org","@graph":[{"@type":"WebPage","@id":"https:\/\/metaltale.com\/lv\/produkts\/timber-beninu-sienas-pulkstenis\/","url":"https:\/\/metaltale.com\/lv\/produkts\/timber-beninu-sienas-pulkstenis\/","name":"TIMBER b\u0113ni\u0146u sienas pulkstenis - MetalTale.com","isPartOf":{"@id":"https:\/\/metaltale.com\/lv\/#website"},"primaryImageOfPage":{"@id":"https:\/\/metaltale.com\/lv\/produkts\/timber-beninu-sienas-pulkstenis\/#primaryimage"},"image":{"@id":"https:\/\/metaltale.com\/lv\/produkts\/timber-beninu-sienas-pulkstenis\/#primaryimage"},"thumbnailUrl":"https:\/\/metaltale.com\/wp-content\/uploads\/2023\/10\/TIMBER-loft-sieninis-laikrodis.jpg","datePublished":"2024-02-13T13:25:05+00:00","breadcrumb":{"@id":"https:\/\/metaltale.com\/lv\/produkts\/timber-beninu-sienas-pulkstenis\/#breadcrumb"},"inLanguage":"lv-LV","potentialAction":[{"@type":"ReadAction","target":["https:\/\/metaltale.com\/lv\/produkts\/timber-beninu-sienas-pulkstenis\/"]}]},{"@type":"ImageObject","inLanguage":"lv-LV","@id":"https:\/\/metaltale.com\/lv\/produkts\/timber-beninu-sienas-pulkstenis\/#primaryimage","url":"https:\/\/metaltale.com\/wp-content\/uploads\/2023\/10\/TIMBER-loft-sieninis-laikrodis.jpg","contentUrl":"https:\/\/metaltale.com\/wp-content\/uploads\/2023\/10\/TIMBER-loft-sieninis-laikrodis.jpg","width":800,"height":800},{"@type":"BreadcrumbList","@id":"https:\/\/metaltale.com\/lv\/produkts\/timber-beninu-sienas-pulkstenis\/#breadcrumb","itemListElement":[{"@type":"ListItem","position":1,"name":"Home","item":"https:\/\/metaltale.com\/lv\/majas\/"},{"@type":"ListItem","position":2,"name":"Veikals","item":"https:\/\/metaltale.com\/lv\/shop\/"},{"@type":"ListItem","position":3,"name":"TIMBER b\u0113ni\u0146u sienas pulkstenis"}]},{"@type":"WebSite","@id":"https:\/\/metaltale.com\/lv\/#website","url":"https:\/\/metaltale.com\/lv\/","name":"Metaltale.com","description":"","potentialAction":[{"@type":"SearchAction","target":{"@type":"EntryPoint","urlTemplate":"https:\/\/metaltale.com\/lv\/?s={search_term_string}"},"query-input":{"@type":"PropertyValueSpecification","valueRequired":true,"valueName":"search_term_string"}}],"inLanguage":"lv-LV"}]}},"_links":{"self":[{"href":"https:\/\/metaltale.com\/lv\/wp-json\/wp\/v2\/product\/133687","targetHints":{"allow":["GET"]}}],"collection":[{"href":"https:\/\/metaltale.com\/lv\/wp-json\/wp\/v2\/product"}],"about":[{"href":"https:\/\/metaltale.com\/lv\/wp-json\/wp\/v2\/types\/product"}],"replies":[{"embeddable":true,"href":"https:\/\/metaltale.com\/lv\/wp-json\/wp\/v2\/comments?post=133687"}],"version-history":[{"count":0,"href":"https:\/\/metaltale.com\/lv\/wp-json\/wp\/v2\/product\/133687\/revisions"}],"wp:featuredmedia":[{"embeddable":true,"href":"https:\/\/metaltale.com\/lv\/wp-json\/wp\/v2\/media\/96061"}],"wp:attachment":[{"href":"https:\/\/metaltale.com\/lv\/wp-json\/wp\/v2\/media?parent=133687"}],"wp:term":[{"taxonomy":"product_brand","embeddable":true,"href":"https:\/\/metaltale.com\/lv\/wp-json\/wp\/v2\/product_brand?post=133687"},{"taxonomy":"product_cat","embeddable":true,"href":"https:\/\/metaltale.com\/lv\/wp-json\/wp\/v2\/product_cat?post=133687"},{"taxonomy":"product_tag","embeddable":true,"href":"https:\/\/metaltale.com\/lv\/wp-json\/wp\/v2\/product_tag?post=133687"}],"curies":[{"name":"wp","href":"https:\/\/api.w.org\/{rel}","templated":true}]}}