{"id":133685,"date":"2024-02-13T15:25:05","date_gmt":"2024-02-13T13:25:05","guid":{"rendered":"https:\/\/metaltale.com\/produktas\/otis-beninu-sienas-pulkstenis\/"},"modified":"2024-02-13T15:25:05","modified_gmt":"2024-02-13T13:25:05","slug":"otis-beninu-sienas-pulkstenis","status":"publish","type":"product","link":"https:\/\/metaltale.com\/lv\/produkts\/otis-beninu-sienas-pulkstenis\/","title":{"rendered":"OTIS b\u0113ni\u0146u sienas pulkstenis"},"content":{"rendered":"<div class=\"prod_data\">DI.8754 <strong>modelis<\/strong>  <br \/><strong>Materi\u0101ls<\/strong> T\u0113rauds, stikls  <br \/><strong>Kop\u0113jais augstums (cm<\/strong> ) 71  <br \/><strong>Kop\u0113jais platums (cm<\/strong> ) 50  <br \/><strong>Dzi\u013cums (cm<\/strong> ) 12  <\/p>\n<p>industri\u0101l\u0101 stila piekaramais pulkstenis<\/p>\n<p>izstr\u0101d\u0101juma konstrukcija, kas ietver \u016bdens caurules, termometru un higrometru.<\/p>\n<p>neparasts, bet m\u016b\u017e\u012bgs sienas dekors<\/p>\n<hr>\n<p>M\u016bsu pulkstenis ir izstr\u0101d\u0101ts, dom\u0101jot par tiem, kam pat\u012bk industri\u0101lais stils. Tas ir izgatavots no santehnikas caurul\u0113m, un tam ir neapstr\u0101d\u0101ts un moderns izskats, kas lieliski iederas b\u0113ni\u0146u vai vintage interjer\u0101. Tam ir ar\u012b dekorat\u012bvi elementi, piem\u0113ram, termometrs un higrometrs, lai uzsv\u0113rtu t\u0101 r\u016bpniecisko raksturu. \u0160is pulkstenis ir ne tikai laika m\u0113r\u012b\u0161anas r\u012bks, bet ar\u012b unik\u0101ls dekorat\u012bvs elements, kas pie\u0161\u0137ir raksturu jebkurai telpai.<\/p>\n<\/div>\n","protected":false},"excerpt":{"rendered":"<p>DI.8754 modelis Materi\u0101ls T\u0113rauds, stikls Kop\u0113jais augstums (cm ) 71 Kop\u0113jais platums (cm ) 50 Dzi\u013cums (cm ) 12 industri\u0101l\u0101<\/p>\n","protected":false},"featured_media":96031,"comment_status":"open","ping_status":"closed","template":"","meta":{"_acf_changed":false,"pmpro_default_level":""},"product_brand":[],"product_cat":[24110],"product_tag":[],"class_list":{"0":"post-133685","1":"product","2":"type-product","3":"status-publish","4":"has-post-thumbnail","6":"product_cat-sienas-pulksteni","7":"pmpro-has-access","9":"first","10":"instock","11":"shipping-taxable","12":"purchasable","13":"product-type-simple"},"acf":[],"yoast_head":"<!-- This site is optimized with the Yoast SEO plugin v24.9 - https:\/\/yoast.com\/wordpress\/plugins\/seo\/ -->\n<title>OTIS b\u0113ni\u0146u sienas pulkstenis - MetalTale.com<\/title>\n<meta name=\"robots\" content=\"index, follow, max-snippet:-1, max-image-preview:large, max-video-preview:-1\" \/>\n<link rel=\"canonical\" href=\"https:\/\/metaltale.com\/lv\/produkts\/otis-beninu-sienas-pulkstenis\/\" \/>\n<meta property=\"og:locale\" content=\"lv_LV\" \/>\n<meta property=\"og:type\" content=\"article\" \/>\n<meta property=\"og:title\" content=\"OTIS b\u0113ni\u0146u sienas pulkstenis - MetalTale.com\" \/>\n<meta property=\"og:description\" content=\"DI.8754 modelis Materi\u0101ls T\u0113rauds, stikls Kop\u0113jais augstums (cm ) 71 Kop\u0113jais platums (cm ) 50 Dzi\u013cums (cm ) 12 industri\u0101l\u0101\" \/>\n<meta property=\"og:url\" content=\"https:\/\/metaltale.com\/lv\/produkts\/otis-beninu-sienas-pulkstenis\/\" \/>\n<meta property=\"og:site_name\" content=\"MetalTale.com\" \/>\n<meta name=\"twitter:card\" content=\"summary_large_image\" \/>\n<meta name=\"twitter:label1\" content=\"Est. reading time\" \/>\n\t<meta name=\"twitter:data1\" content=\"1 minute\" \/>\n<script type=\"application\/ld+json\" class=\"yoast-schema-graph\">{\"@context\":\"https:\/\/schema.org\",\"@graph\":[{\"@type\":\"WebPage\",\"@id\":\"https:\/\/metaltale.com\/lv\/produkts\/otis-beninu-sienas-pulkstenis\/\",\"url\":\"https:\/\/metaltale.com\/lv\/produkts\/otis-beninu-sienas-pulkstenis\/\",\"name\":\"OTIS b\u0113ni\u0146u sienas pulkstenis - MetalTale.com\",\"isPartOf\":{\"@id\":\"https:\/\/metaltale.com\/lv\/#website\"},\"primaryImageOfPage\":{\"@id\":\"https:\/\/metaltale.com\/lv\/produkts\/otis-beninu-sienas-pulkstenis\/#primaryimage\"},\"image\":{\"@id\":\"https:\/\/metaltale.com\/lv\/produkts\/otis-beninu-sienas-pulkstenis\/#primaryimage\"},\"thumbnailUrl\":\"https:\/\/metaltale.com\/wp-content\/uploads\/2023\/10\/Palx117px117s-sieninis-laikrodis-OTIS.jpg\",\"datePublished\":\"2024-02-13T13:25:05+00:00\",\"breadcrumb\":{\"@id\":\"https:\/\/metaltale.com\/lv\/produkts\/otis-beninu-sienas-pulkstenis\/#breadcrumb\"},\"inLanguage\":\"lv-LV\",\"potentialAction\":[{\"@type\":\"ReadAction\",\"target\":[\"https:\/\/metaltale.com\/lv\/produkts\/otis-beninu-sienas-pulkstenis\/\"]}]},{\"@type\":\"ImageObject\",\"inLanguage\":\"lv-LV\",\"@id\":\"https:\/\/metaltale.com\/lv\/produkts\/otis-beninu-sienas-pulkstenis\/#primaryimage\",\"url\":\"https:\/\/metaltale.com\/wp-content\/uploads\/2023\/10\/Palx117px117s-sieninis-laikrodis-OTIS.jpg\",\"contentUrl\":\"https:\/\/metaltale.com\/wp-content\/uploads\/2023\/10\/Palx117px117s-sieninis-laikrodis-OTIS.jpg\",\"width\":800,\"height\":800},{\"@type\":\"BreadcrumbList\",\"@id\":\"https:\/\/metaltale.com\/lv\/produkts\/otis-beninu-sienas-pulkstenis\/#breadcrumb\",\"itemListElement\":[{\"@type\":\"ListItem\",\"position\":1,\"name\":\"Home\",\"item\":\"https:\/\/metaltale.com\/lv\/majas\/\"},{\"@type\":\"ListItem\",\"position\":2,\"name\":\"Veikals\",\"item\":\"https:\/\/metaltale.com\/lv\/shop\/\"},{\"@type\":\"ListItem\",\"position\":3,\"name\":\"OTIS b\u0113ni\u0146u sienas pulkstenis\"}]},{\"@type\":\"WebSite\",\"@id\":\"https:\/\/metaltale.com\/lv\/#website\",\"url\":\"https:\/\/metaltale.com\/lv\/\",\"name\":\"Metaltale.com\",\"description\":\"\",\"potentialAction\":[{\"@type\":\"SearchAction\",\"target\":{\"@type\":\"EntryPoint\",\"urlTemplate\":\"https:\/\/metaltale.com\/lv\/?s={search_term_string}\"},\"query-input\":{\"@type\":\"PropertyValueSpecification\",\"valueRequired\":true,\"valueName\":\"search_term_string\"}}],\"inLanguage\":\"lv-LV\"}]}<\/script>\n<!-- \/ Yoast SEO plugin. -->","yoast_head_json":{"title":"OTIS b\u0113ni\u0146u sienas pulkstenis - MetalTale.com","robots":{"index":"index","follow":"follow","max-snippet":"max-snippet:-1","max-image-preview":"max-image-preview:large","max-video-preview":"max-video-preview:-1"},"canonical":"https:\/\/metaltale.com\/lv\/produkts\/otis-beninu-sienas-pulkstenis\/","og_locale":"lv_LV","og_type":"article","og_title":"OTIS b\u0113ni\u0146u sienas pulkstenis - MetalTale.com","og_description":"DI.8754 modelis Materi\u0101ls T\u0113rauds, stikls Kop\u0113jais augstums (cm ) 71 Kop\u0113jais platums (cm ) 50 Dzi\u013cums (cm ) 12 industri\u0101l\u0101","og_url":"https:\/\/metaltale.com\/lv\/produkts\/otis-beninu-sienas-pulkstenis\/","og_site_name":"MetalTale.com","twitter_card":"summary_large_image","twitter_misc":{"Est. reading time":"1 minute"},"schema":{"@context":"https:\/\/schema.org","@graph":[{"@type":"WebPage","@id":"https:\/\/metaltale.com\/lv\/produkts\/otis-beninu-sienas-pulkstenis\/","url":"https:\/\/metaltale.com\/lv\/produkts\/otis-beninu-sienas-pulkstenis\/","name":"OTIS b\u0113ni\u0146u sienas pulkstenis - MetalTale.com","isPartOf":{"@id":"https:\/\/metaltale.com\/lv\/#website"},"primaryImageOfPage":{"@id":"https:\/\/metaltale.com\/lv\/produkts\/otis-beninu-sienas-pulkstenis\/#primaryimage"},"image":{"@id":"https:\/\/metaltale.com\/lv\/produkts\/otis-beninu-sienas-pulkstenis\/#primaryimage"},"thumbnailUrl":"https:\/\/metaltale.com\/wp-content\/uploads\/2023\/10\/Palx117px117s-sieninis-laikrodis-OTIS.jpg","datePublished":"2024-02-13T13:25:05+00:00","breadcrumb":{"@id":"https:\/\/metaltale.com\/lv\/produkts\/otis-beninu-sienas-pulkstenis\/#breadcrumb"},"inLanguage":"lv-LV","potentialAction":[{"@type":"ReadAction","target":["https:\/\/metaltale.com\/lv\/produkts\/otis-beninu-sienas-pulkstenis\/"]}]},{"@type":"ImageObject","inLanguage":"lv-LV","@id":"https:\/\/metaltale.com\/lv\/produkts\/otis-beninu-sienas-pulkstenis\/#primaryimage","url":"https:\/\/metaltale.com\/wp-content\/uploads\/2023\/10\/Palx117px117s-sieninis-laikrodis-OTIS.jpg","contentUrl":"https:\/\/metaltale.com\/wp-content\/uploads\/2023\/10\/Palx117px117s-sieninis-laikrodis-OTIS.jpg","width":800,"height":800},{"@type":"BreadcrumbList","@id":"https:\/\/metaltale.com\/lv\/produkts\/otis-beninu-sienas-pulkstenis\/#breadcrumb","itemListElement":[{"@type":"ListItem","position":1,"name":"Home","item":"https:\/\/metaltale.com\/lv\/majas\/"},{"@type":"ListItem","position":2,"name":"Veikals","item":"https:\/\/metaltale.com\/lv\/shop\/"},{"@type":"ListItem","position":3,"name":"OTIS b\u0113ni\u0146u sienas pulkstenis"}]},{"@type":"WebSite","@id":"https:\/\/metaltale.com\/lv\/#website","url":"https:\/\/metaltale.com\/lv\/","name":"Metaltale.com","description":"","potentialAction":[{"@type":"SearchAction","target":{"@type":"EntryPoint","urlTemplate":"https:\/\/metaltale.com\/lv\/?s={search_term_string}"},"query-input":{"@type":"PropertyValueSpecification","valueRequired":true,"valueName":"search_term_string"}}],"inLanguage":"lv-LV"}]}},"_links":{"self":[{"href":"https:\/\/metaltale.com\/lv\/wp-json\/wp\/v2\/product\/133685","targetHints":{"allow":["GET"]}}],"collection":[{"href":"https:\/\/metaltale.com\/lv\/wp-json\/wp\/v2\/product"}],"about":[{"href":"https:\/\/metaltale.com\/lv\/wp-json\/wp\/v2\/types\/product"}],"replies":[{"embeddable":true,"href":"https:\/\/metaltale.com\/lv\/wp-json\/wp\/v2\/comments?post=133685"}],"version-history":[{"count":0,"href":"https:\/\/metaltale.com\/lv\/wp-json\/wp\/v2\/product\/133685\/revisions"}],"wp:featuredmedia":[{"embeddable":true,"href":"https:\/\/metaltale.com\/lv\/wp-json\/wp\/v2\/media\/96031"}],"wp:attachment":[{"href":"https:\/\/metaltale.com\/lv\/wp-json\/wp\/v2\/media?parent=133685"}],"wp:term":[{"taxonomy":"product_brand","embeddable":true,"href":"https:\/\/metaltale.com\/lv\/wp-json\/wp\/v2\/product_brand?post=133685"},{"taxonomy":"product_cat","embeddable":true,"href":"https:\/\/metaltale.com\/lv\/wp-json\/wp\/v2\/product_cat?post=133685"},{"taxonomy":"product_tag","embeddable":true,"href":"https:\/\/metaltale.com\/lv\/wp-json\/wp\/v2\/product_tag?post=133685"}],"curies":[{"name":"wp","href":"https:\/\/api.w.org\/{rel}","templated":true}]}}