{"id":133679,"date":"2024-02-13T15:25:05","date_gmt":"2024-02-13T13:25:05","guid":{"rendered":"https:\/\/metaltale.com\/produktas\/wilson-virtuves-margas\/"},"modified":"2024-02-13T15:25:05","modified_gmt":"2024-02-13T13:25:05","slug":"wilson-virtuves-margas","status":"publish","type":"product","link":"https:\/\/metaltale.com\/lv\/produkts\/wilson-virtuves-margas\/","title":{"rendered":"WILSON virtuves margas"},"content":{"rendered":"<div class=\"prod_data\"><strong>Modelis<\/strong> AF.794.93-PRGR  <br \/><strong>Materi\u0101ls<\/strong> Met\u0101ls  <br \/><strong> [cm]Kop\u0113jais garums<\/strong> 60, 91 <strong> <\/strong> <br \/>Kop\u0113jais augstums (cm ) 8 <br \/>Kop\u0113j\u0101 projekcija (cm ) 4 <br \/><strong>Kr\u0101sa<\/strong> Melna  <\/p>\n<p>&#8211; melna met\u0101la virtuves margas<br \/>&#8211; roktura garumam atbilsto\u0161u \u0101\u0137u skaitu.<br \/>&#8211; vienk\u0101r\u0161s dizains, kas piem\u0113rots gan lauku, gan moderniem uz\u0146\u0113mumiem<br \/>Stiprin\u0101juma skr\u016bves nav iek\u013cautas<\/p>\n<hr>\n<p>Kas b\u016btu virtuve bez praktisk\u0101m marg\u0101m? &#8220;Wilson \u013cauj gudri p\u0101rvald\u012bt telpu starp skapjiem. Piel\u0101gojoties m\u0101jsaimniec\u012bbas vajadz\u012bb\u0101m, tas lieliski darbojas k\u0101 virtuves piederumu stat\u012bvs, gar\u0161augu stat\u012bvs, audumu stat\u012bvs. T\u0101 vienk\u0101r\u0161\u012bba un p\u0101rlaic\u012bgums \u013cauj viegli piel\u0101goties popul\u0101r\u0101m interjera dizaina tendenc\u0113m.<\/p>\n<\/div>\n","protected":false},"excerpt":{"rendered":"<p>Modelis AF.794.93-PRGR Materi\u0101ls Met\u0101ls [cm]Kop\u0113jais garums 60, 91 Kop\u0113jais augstums (cm ) 8 Kop\u0113j\u0101 projekcija (cm ) 4 Kr\u0101sa Melna<\/p>\n","protected":false},"featured_media":71683,"comment_status":"open","ping_status":"closed","template":"","meta":{"_acf_changed":false,"pmpro_default_level":""},"product_brand":[],"product_cat":[24055],"product_tag":[],"class_list":{"0":"post-133679","1":"product","2":"type-product","3":"status-publish","4":"has-post-thumbnail","6":"product_cat-rotajumi","7":"pmpro-has-access","9":"first","10":"instock","11":"shipping-taxable","12":"purchasable","13":"product-type-simple"},"acf":[],"yoast_head":"<!-- This site is optimized with the Yoast SEO plugin v24.9 - https:\/\/yoast.com\/wordpress\/plugins\/seo\/ -->\n<title>WILSON virtuves margas - MetalTale.com<\/title>\n<meta name=\"robots\" content=\"index, follow, max-snippet:-1, max-image-preview:large, max-video-preview:-1\" \/>\n<link rel=\"canonical\" href=\"https:\/\/metaltale.com\/lv\/produkts\/wilson-virtuves-margas\/\" \/>\n<meta property=\"og:locale\" content=\"lv_LV\" \/>\n<meta property=\"og:type\" content=\"article\" \/>\n<meta property=\"og:title\" content=\"WILSON virtuves margas - MetalTale.com\" \/>\n<meta property=\"og:description\" content=\"Modelis AF.794.93-PRGR Materi\u0101ls Met\u0101ls [cm]Kop\u0113jais garums 60, 91 Kop\u0113jais augstums (cm ) 8 Kop\u0113j\u0101 projekcija (cm ) 4 Kr\u0101sa Melna\" \/>\n<meta property=\"og:url\" content=\"https:\/\/metaltale.com\/lv\/produkts\/wilson-virtuves-margas\/\" \/>\n<meta property=\"og:site_name\" content=\"MetalTale.com\" \/>\n<meta name=\"twitter:card\" content=\"summary_large_image\" \/>\n<meta name=\"twitter:label1\" content=\"Est. reading time\" \/>\n\t<meta name=\"twitter:data1\" content=\"1 minute\" \/>\n<script type=\"application\/ld+json\" class=\"yoast-schema-graph\">{\"@context\":\"https:\/\/schema.org\",\"@graph\":[{\"@type\":\"WebPage\",\"@id\":\"https:\/\/metaltale.com\/lv\/produkts\/wilson-virtuves-margas\/\",\"url\":\"https:\/\/metaltale.com\/lv\/produkts\/wilson-virtuves-margas\/\",\"name\":\"WILSON virtuves margas - MetalTale.com\",\"isPartOf\":{\"@id\":\"https:\/\/metaltale.com\/lv\/#website\"},\"primaryImageOfPage\":{\"@id\":\"https:\/\/metaltale.com\/lv\/produkts\/wilson-virtuves-margas\/#primaryimage\"},\"image\":{\"@id\":\"https:\/\/metaltale.com\/lv\/produkts\/wilson-virtuves-margas\/#primaryimage\"},\"thumbnailUrl\":\"https:\/\/metaltale.com\/wp-content\/uploads\/2023\/09\/Turx117klai-kuchenny-WILSON-91cm.jpg\",\"datePublished\":\"2024-02-13T13:25:05+00:00\",\"breadcrumb\":{\"@id\":\"https:\/\/metaltale.com\/lv\/produkts\/wilson-virtuves-margas\/#breadcrumb\"},\"inLanguage\":\"lv-LV\",\"potentialAction\":[{\"@type\":\"ReadAction\",\"target\":[\"https:\/\/metaltale.com\/lv\/produkts\/wilson-virtuves-margas\/\"]}]},{\"@type\":\"ImageObject\",\"inLanguage\":\"lv-LV\",\"@id\":\"https:\/\/metaltale.com\/lv\/produkts\/wilson-virtuves-margas\/#primaryimage\",\"url\":\"https:\/\/metaltale.com\/wp-content\/uploads\/2023\/09\/Turx117klai-kuchenny-WILSON-91cm.jpg\",\"contentUrl\":\"https:\/\/metaltale.com\/wp-content\/uploads\/2023\/09\/Turx117klai-kuchenny-WILSON-91cm.jpg\",\"width\":800,\"height\":800},{\"@type\":\"BreadcrumbList\",\"@id\":\"https:\/\/metaltale.com\/lv\/produkts\/wilson-virtuves-margas\/#breadcrumb\",\"itemListElement\":[{\"@type\":\"ListItem\",\"position\":1,\"name\":\"Home\",\"item\":\"https:\/\/metaltale.com\/lv\/majas\/\"},{\"@type\":\"ListItem\",\"position\":2,\"name\":\"Veikals\",\"item\":\"https:\/\/metaltale.com\/lv\/shop\/\"},{\"@type\":\"ListItem\",\"position\":3,\"name\":\"WILSON virtuves margas\"}]},{\"@type\":\"WebSite\",\"@id\":\"https:\/\/metaltale.com\/lv\/#website\",\"url\":\"https:\/\/metaltale.com\/lv\/\",\"name\":\"Metaltale.com\",\"description\":\"\",\"potentialAction\":[{\"@type\":\"SearchAction\",\"target\":{\"@type\":\"EntryPoint\",\"urlTemplate\":\"https:\/\/metaltale.com\/lv\/?s={search_term_string}\"},\"query-input\":{\"@type\":\"PropertyValueSpecification\",\"valueRequired\":true,\"valueName\":\"search_term_string\"}}],\"inLanguage\":\"lv-LV\"}]}<\/script>\n<!-- \/ Yoast SEO plugin. -->","yoast_head_json":{"title":"WILSON virtuves margas - MetalTale.com","robots":{"index":"index","follow":"follow","max-snippet":"max-snippet:-1","max-image-preview":"max-image-preview:large","max-video-preview":"max-video-preview:-1"},"canonical":"https:\/\/metaltale.com\/lv\/produkts\/wilson-virtuves-margas\/","og_locale":"lv_LV","og_type":"article","og_title":"WILSON virtuves margas - MetalTale.com","og_description":"Modelis AF.794.93-PRGR Materi\u0101ls Met\u0101ls [cm]Kop\u0113jais garums 60, 91 Kop\u0113jais augstums (cm ) 8 Kop\u0113j\u0101 projekcija (cm ) 4 Kr\u0101sa Melna","og_url":"https:\/\/metaltale.com\/lv\/produkts\/wilson-virtuves-margas\/","og_site_name":"MetalTale.com","twitter_card":"summary_large_image","twitter_misc":{"Est. reading time":"1 minute"},"schema":{"@context":"https:\/\/schema.org","@graph":[{"@type":"WebPage","@id":"https:\/\/metaltale.com\/lv\/produkts\/wilson-virtuves-margas\/","url":"https:\/\/metaltale.com\/lv\/produkts\/wilson-virtuves-margas\/","name":"WILSON virtuves margas - MetalTale.com","isPartOf":{"@id":"https:\/\/metaltale.com\/lv\/#website"},"primaryImageOfPage":{"@id":"https:\/\/metaltale.com\/lv\/produkts\/wilson-virtuves-margas\/#primaryimage"},"image":{"@id":"https:\/\/metaltale.com\/lv\/produkts\/wilson-virtuves-margas\/#primaryimage"},"thumbnailUrl":"https:\/\/metaltale.com\/wp-content\/uploads\/2023\/09\/Turx117klai-kuchenny-WILSON-91cm.jpg","datePublished":"2024-02-13T13:25:05+00:00","breadcrumb":{"@id":"https:\/\/metaltale.com\/lv\/produkts\/wilson-virtuves-margas\/#breadcrumb"},"inLanguage":"lv-LV","potentialAction":[{"@type":"ReadAction","target":["https:\/\/metaltale.com\/lv\/produkts\/wilson-virtuves-margas\/"]}]},{"@type":"ImageObject","inLanguage":"lv-LV","@id":"https:\/\/metaltale.com\/lv\/produkts\/wilson-virtuves-margas\/#primaryimage","url":"https:\/\/metaltale.com\/wp-content\/uploads\/2023\/09\/Turx117klai-kuchenny-WILSON-91cm.jpg","contentUrl":"https:\/\/metaltale.com\/wp-content\/uploads\/2023\/09\/Turx117klai-kuchenny-WILSON-91cm.jpg","width":800,"height":800},{"@type":"BreadcrumbList","@id":"https:\/\/metaltale.com\/lv\/produkts\/wilson-virtuves-margas\/#breadcrumb","itemListElement":[{"@type":"ListItem","position":1,"name":"Home","item":"https:\/\/metaltale.com\/lv\/majas\/"},{"@type":"ListItem","position":2,"name":"Veikals","item":"https:\/\/metaltale.com\/lv\/shop\/"},{"@type":"ListItem","position":3,"name":"WILSON virtuves margas"}]},{"@type":"WebSite","@id":"https:\/\/metaltale.com\/lv\/#website","url":"https:\/\/metaltale.com\/lv\/","name":"Metaltale.com","description":"","potentialAction":[{"@type":"SearchAction","target":{"@type":"EntryPoint","urlTemplate":"https:\/\/metaltale.com\/lv\/?s={search_term_string}"},"query-input":{"@type":"PropertyValueSpecification","valueRequired":true,"valueName":"search_term_string"}}],"inLanguage":"lv-LV"}]}},"_links":{"self":[{"href":"https:\/\/metaltale.com\/lv\/wp-json\/wp\/v2\/product\/133679","targetHints":{"allow":["GET"]}}],"collection":[{"href":"https:\/\/metaltale.com\/lv\/wp-json\/wp\/v2\/product"}],"about":[{"href":"https:\/\/metaltale.com\/lv\/wp-json\/wp\/v2\/types\/product"}],"replies":[{"embeddable":true,"href":"https:\/\/metaltale.com\/lv\/wp-json\/wp\/v2\/comments?post=133679"}],"version-history":[{"count":0,"href":"https:\/\/metaltale.com\/lv\/wp-json\/wp\/v2\/product\/133679\/revisions"}],"wp:featuredmedia":[{"embeddable":true,"href":"https:\/\/metaltale.com\/lv\/wp-json\/wp\/v2\/media\/71683"}],"wp:attachment":[{"href":"https:\/\/metaltale.com\/lv\/wp-json\/wp\/v2\/media?parent=133679"}],"wp:term":[{"taxonomy":"product_brand","embeddable":true,"href":"https:\/\/metaltale.com\/lv\/wp-json\/wp\/v2\/product_brand?post=133679"},{"taxonomy":"product_cat","embeddable":true,"href":"https:\/\/metaltale.com\/lv\/wp-json\/wp\/v2\/product_cat?post=133679"},{"taxonomy":"product_tag","embeddable":true,"href":"https:\/\/metaltale.com\/lv\/wp-json\/wp\/v2\/product_tag?post=133679"}],"curies":[{"name":"wp","href":"https:\/\/api.w.org\/{rel}","templated":true}]}}