{"id":133654,"date":"2024-02-13T15:23:56","date_gmt":"2024-02-13T13:23:56","guid":{"rendered":"https:\/\/metaltale.com\/produktas\/virtuves-krana-stativs-melns-swan\/"},"modified":"2024-02-13T15:23:56","modified_gmt":"2024-02-13T13:23:56","slug":"virtuves-krana-stativs-melns-swan","status":"publish","type":"product","link":"https:\/\/metaltale.com\/lv\/produkts\/virtuves-krana-stativs-melns-swan\/","title":{"rendered":"Virtuves kr\u0101na stat\u012bvs melns SWAN"},"content":{"rendered":"<div class=\"prod_data\"><strong>Modelis<\/strong> QZ.CF-023-CZ  <br \/>Modern\u0101 <strong>kolekcija<\/strong>  <br \/>Augstums (cm ) 43 <br \/><strong>Platums (cm<\/strong> ) 22  <br \/>Pamatnes diametrs (cm) 5,2 <br \/>Izsmidzin\u0101t\u0101ja garums (cm ) 17 <br \/>Augstums l\u012bdz izsmidzin\u0101t\u0101jam (cm ) 18 <br \/><strong>Materi\u0101ls<\/strong> Ner\u016bs\u0113jo\u0161ais t\u0113rauds  <br \/><strong>Kr\u0101sa<\/strong> Melna  <br \/>Apdare Mat\u0113ta, glanc\u0113ta <br \/>Rot\u0113jo\u0161s izsmidzin\u0101t\u0101js J\u0101 <br \/>Perlators (aerators ) J\u0101 <\/p>\n<p>Sienas mais\u012bt\u0101js no ner\u016bs\u0113jo\u0161\u0101 t\u0113rauda<\/p>\n<p>360&#8242; rot\u0113jo\u0161ais izsmidzin\u0101t\u0101js<\/p>\n<p>elast\u012bgs izvelkams uzgalis \u0113rtai trauku mazg\u0101\u0161anai trauku mazg\u0101jam\u0101 ma\u0161\u012bn\u0101.<\/p>\n<p>keramikas galva &#8211; elements, kas nodro\u0161ina pareizu \u016bdens sadali.<\/p>\n<p>aerators \u016bdens pat\u0113ri\u0146a samazin\u0101\u0161anai<\/p>\n<p>\u016bdens pl\u016bsmas regul\u0113\u0161ana ar spiedpogu, ar iesp\u0113ju izv\u0113l\u0113ties no div\u0101m iesp\u0113j\u0101m.<\/p>\n<p>Komplekt\u0101 ir iek\u013cauti visi uzst\u0101d\u012b\u0161anai nepiecie\u0161amie elementi (\u0161\u013c\u016btene, galda skr\u016bve, skr\u016bvju bl\u012bves).<\/p>\n<p>skat\u012bt. citi kolekcijas Modern mode\u013ci<\/p>\n<hr>\n<p>Swan br\u012bvi st\u0101vo\u0161ais virtuves mais\u012bt\u0101js ir pied\u0101v\u0101jums, kas iepriecin\u0101s ikvienu, kur\u0161 mekl\u0113 netradicion\u0101lus risin\u0101jumus. \u0160o jauc\u0113jkr\u0101nu raksturo elast\u012bgais izvelkamais izsmidzin\u0101t\u0101js, kas ikdienas darbiem virtuv\u0113 pie\u0161\u0137ir br\u012bv\u012bbas elementu. Ekskluz\u012bv\u0101 priek\u0161roc\u012bba ir iesp\u0113ja ar vienu pogas piesk\u0101rienu neman\u0101mi main\u012bt \u016bdens pl\u016bsmu no fiks\u0113t\u0101 uz du\u0161as re\u017e\u012bmu. Tas padara trauku, aug\u013cu un d\u0101rze\u0146u skalo\u0161anu efekt\u012bv\u0101ku un \u0113rt\u0101ku nek\u0101 jebkad agr\u0101k. No iztur\u012bgiem materi\u0101liem izgatavotais virtuves kr\u0101ns mat\u0113ti meln\u0101 kr\u0101s\u0101 ne tikai nodro\u0161ina iztur\u012bbu un iztur\u012bbu, bet ar\u012b iederas da\u017e\u0101d\u0101s virtuves telp\u0101s, pie\u0161\u0137irot t\u0101m m\u016bsdien\u012bgu grezn\u012bbu.<\/p>\n<\/div>\n","protected":false},"excerpt":{"rendered":"<p>Modelis QZ.CF-023-CZ Modern\u0101 kolekcija Augstums (cm ) 43 Platums (cm ) 22 Pamatnes diametrs (cm) 5,2 Izsmidzin\u0101t\u0101ja garums (cm )<\/p>\n","protected":false},"featured_media":104591,"comment_status":"open","ping_status":"closed","template":"","meta":{"_acf_changed":false,"pmpro_default_level":""},"product_brand":[],"product_cat":[24097],"product_tag":[],"class_list":{"0":"post-133654","1":"product","2":"type-product","3":"status-publish","4":"has-post-thumbnail","6":"product_cat-brivi-stavosi-virtuves-maisitaji","7":"pmpro-has-access","9":"first","10":"instock","11":"shipping-taxable","12":"purchasable","13":"product-type-simple"},"acf":[],"yoast_head":"<!-- This site is optimized with the Yoast SEO plugin v24.9 - https:\/\/yoast.com\/wordpress\/plugins\/seo\/ -->\n<title>Virtuves kr\u0101na stat\u012bvs melns SWAN - MetalTale.com<\/title>\n<meta name=\"robots\" content=\"index, follow, max-snippet:-1, max-image-preview:large, max-video-preview:-1\" \/>\n<link rel=\"canonical\" href=\"https:\/\/metaltale.com\/lv\/produkts\/virtuves-krana-stativs-melns-swan\/\" \/>\n<meta property=\"og:locale\" content=\"lv_LV\" \/>\n<meta property=\"og:type\" content=\"article\" \/>\n<meta property=\"og:title\" content=\"Virtuves kr\u0101na stat\u012bvs melns SWAN - MetalTale.com\" \/>\n<meta property=\"og:description\" content=\"Modelis QZ.CF-023-CZ Modern\u0101 kolekcija Augstums (cm ) 43 Platums (cm ) 22 Pamatnes diametrs (cm) 5,2 Izsmidzin\u0101t\u0101ja garums (cm )\" \/>\n<meta property=\"og:url\" content=\"https:\/\/metaltale.com\/lv\/produkts\/virtuves-krana-stativs-melns-swan\/\" \/>\n<meta property=\"og:site_name\" content=\"MetalTale.com\" \/>\n<meta property=\"og:image\" content=\"http:\/\/metaltale.com\/wp-content\/uploads\/2023\/11\/Virtuvx117s-maix161ytuvo-stovas-juodas-SWAN.jpg\" \/>\n\t<meta property=\"og:image:width\" content=\"800\" \/>\n\t<meta property=\"og:image:height\" content=\"800\" \/>\n\t<meta property=\"og:image:type\" content=\"image\/jpeg\" \/>\n<meta name=\"twitter:card\" content=\"summary_large_image\" \/>\n<meta name=\"twitter:label1\" content=\"Est. reading time\" \/>\n\t<meta name=\"twitter:data1\" content=\"1 minute\" \/>\n<script type=\"application\/ld+json\" class=\"yoast-schema-graph\">{\"@context\":\"https:\/\/schema.org\",\"@graph\":[{\"@type\":\"WebPage\",\"@id\":\"https:\/\/metaltale.com\/lv\/produkts\/virtuves-krana-stativs-melns-swan\/\",\"url\":\"https:\/\/metaltale.com\/lv\/produkts\/virtuves-krana-stativs-melns-swan\/\",\"name\":\"Virtuves kr\u0101na stat\u012bvs melns SWAN - MetalTale.com\",\"isPartOf\":{\"@id\":\"https:\/\/metaltale.com\/lv\/#website\"},\"primaryImageOfPage\":{\"@id\":\"https:\/\/metaltale.com\/lv\/produkts\/virtuves-krana-stativs-melns-swan\/#primaryimage\"},\"image\":{\"@id\":\"https:\/\/metaltale.com\/lv\/produkts\/virtuves-krana-stativs-melns-swan\/#primaryimage\"},\"thumbnailUrl\":\"https:\/\/metaltale.com\/wp-content\/uploads\/2023\/11\/Virtuvx117s-maix161ytuvo-stovas-juodas-SWAN.jpg\",\"datePublished\":\"2024-02-13T13:23:56+00:00\",\"breadcrumb\":{\"@id\":\"https:\/\/metaltale.com\/lv\/produkts\/virtuves-krana-stativs-melns-swan\/#breadcrumb\"},\"inLanguage\":\"lv-LV\",\"potentialAction\":[{\"@type\":\"ReadAction\",\"target\":[\"https:\/\/metaltale.com\/lv\/produkts\/virtuves-krana-stativs-melns-swan\/\"]}]},{\"@type\":\"ImageObject\",\"inLanguage\":\"lv-LV\",\"@id\":\"https:\/\/metaltale.com\/lv\/produkts\/virtuves-krana-stativs-melns-swan\/#primaryimage\",\"url\":\"https:\/\/metaltale.com\/wp-content\/uploads\/2023\/11\/Virtuvx117s-maix161ytuvo-stovas-juodas-SWAN.jpg\",\"contentUrl\":\"https:\/\/metaltale.com\/wp-content\/uploads\/2023\/11\/Virtuvx117s-maix161ytuvo-stovas-juodas-SWAN.jpg\",\"width\":800,\"height\":800},{\"@type\":\"BreadcrumbList\",\"@id\":\"https:\/\/metaltale.com\/lv\/produkts\/virtuves-krana-stativs-melns-swan\/#breadcrumb\",\"itemListElement\":[{\"@type\":\"ListItem\",\"position\":1,\"name\":\"Home\",\"item\":\"https:\/\/metaltale.com\/lv\/majas\/\"},{\"@type\":\"ListItem\",\"position\":2,\"name\":\"Veikals\",\"item\":\"https:\/\/metaltale.com\/lv\/shop\/\"},{\"@type\":\"ListItem\",\"position\":3,\"name\":\"Virtuves kr\u0101na stat\u012bvs melns SWAN\"}]},{\"@type\":\"WebSite\",\"@id\":\"https:\/\/metaltale.com\/lv\/#website\",\"url\":\"https:\/\/metaltale.com\/lv\/\",\"name\":\"Metaltale.com\",\"description\":\"\",\"potentialAction\":[{\"@type\":\"SearchAction\",\"target\":{\"@type\":\"EntryPoint\",\"urlTemplate\":\"https:\/\/metaltale.com\/lv\/?s={search_term_string}\"},\"query-input\":{\"@type\":\"PropertyValueSpecification\",\"valueRequired\":true,\"valueName\":\"search_term_string\"}}],\"inLanguage\":\"lv-LV\"}]}<\/script>\n<!-- \/ Yoast SEO plugin. -->","yoast_head_json":{"title":"Virtuves kr\u0101na stat\u012bvs melns SWAN - MetalTale.com","robots":{"index":"index","follow":"follow","max-snippet":"max-snippet:-1","max-image-preview":"max-image-preview:large","max-video-preview":"max-video-preview:-1"},"canonical":"https:\/\/metaltale.com\/lv\/produkts\/virtuves-krana-stativs-melns-swan\/","og_locale":"lv_LV","og_type":"article","og_title":"Virtuves kr\u0101na stat\u012bvs melns SWAN - MetalTale.com","og_description":"Modelis QZ.CF-023-CZ Modern\u0101 kolekcija Augstums (cm ) 43 Platums (cm ) 22 Pamatnes diametrs (cm) 5,2 Izsmidzin\u0101t\u0101ja garums (cm )","og_url":"https:\/\/metaltale.com\/lv\/produkts\/virtuves-krana-stativs-melns-swan\/","og_site_name":"MetalTale.com","og_image":[{"width":800,"height":800,"url":"http:\/\/metaltale.com\/wp-content\/uploads\/2023\/11\/Virtuvx117s-maix161ytuvo-stovas-juodas-SWAN.jpg","type":"image\/jpeg"}],"twitter_card":"summary_large_image","twitter_misc":{"Est. reading time":"1 minute"},"schema":{"@context":"https:\/\/schema.org","@graph":[{"@type":"WebPage","@id":"https:\/\/metaltale.com\/lv\/produkts\/virtuves-krana-stativs-melns-swan\/","url":"https:\/\/metaltale.com\/lv\/produkts\/virtuves-krana-stativs-melns-swan\/","name":"Virtuves kr\u0101na stat\u012bvs melns SWAN - MetalTale.com","isPartOf":{"@id":"https:\/\/metaltale.com\/lv\/#website"},"primaryImageOfPage":{"@id":"https:\/\/metaltale.com\/lv\/produkts\/virtuves-krana-stativs-melns-swan\/#primaryimage"},"image":{"@id":"https:\/\/metaltale.com\/lv\/produkts\/virtuves-krana-stativs-melns-swan\/#primaryimage"},"thumbnailUrl":"https:\/\/metaltale.com\/wp-content\/uploads\/2023\/11\/Virtuvx117s-maix161ytuvo-stovas-juodas-SWAN.jpg","datePublished":"2024-02-13T13:23:56+00:00","breadcrumb":{"@id":"https:\/\/metaltale.com\/lv\/produkts\/virtuves-krana-stativs-melns-swan\/#breadcrumb"},"inLanguage":"lv-LV","potentialAction":[{"@type":"ReadAction","target":["https:\/\/metaltale.com\/lv\/produkts\/virtuves-krana-stativs-melns-swan\/"]}]},{"@type":"ImageObject","inLanguage":"lv-LV","@id":"https:\/\/metaltale.com\/lv\/produkts\/virtuves-krana-stativs-melns-swan\/#primaryimage","url":"https:\/\/metaltale.com\/wp-content\/uploads\/2023\/11\/Virtuvx117s-maix161ytuvo-stovas-juodas-SWAN.jpg","contentUrl":"https:\/\/metaltale.com\/wp-content\/uploads\/2023\/11\/Virtuvx117s-maix161ytuvo-stovas-juodas-SWAN.jpg","width":800,"height":800},{"@type":"BreadcrumbList","@id":"https:\/\/metaltale.com\/lv\/produkts\/virtuves-krana-stativs-melns-swan\/#breadcrumb","itemListElement":[{"@type":"ListItem","position":1,"name":"Home","item":"https:\/\/metaltale.com\/lv\/majas\/"},{"@type":"ListItem","position":2,"name":"Veikals","item":"https:\/\/metaltale.com\/lv\/shop\/"},{"@type":"ListItem","position":3,"name":"Virtuves kr\u0101na stat\u012bvs melns SWAN"}]},{"@type":"WebSite","@id":"https:\/\/metaltale.com\/lv\/#website","url":"https:\/\/metaltale.com\/lv\/","name":"Metaltale.com","description":"","potentialAction":[{"@type":"SearchAction","target":{"@type":"EntryPoint","urlTemplate":"https:\/\/metaltale.com\/lv\/?s={search_term_string}"},"query-input":{"@type":"PropertyValueSpecification","valueRequired":true,"valueName":"search_term_string"}}],"inLanguage":"lv-LV"}]}},"_links":{"self":[{"href":"https:\/\/metaltale.com\/lv\/wp-json\/wp\/v2\/product\/133654","targetHints":{"allow":["GET"]}}],"collection":[{"href":"https:\/\/metaltale.com\/lv\/wp-json\/wp\/v2\/product"}],"about":[{"href":"https:\/\/metaltale.com\/lv\/wp-json\/wp\/v2\/types\/product"}],"replies":[{"embeddable":true,"href":"https:\/\/metaltale.com\/lv\/wp-json\/wp\/v2\/comments?post=133654"}],"version-history":[{"count":0,"href":"https:\/\/metaltale.com\/lv\/wp-json\/wp\/v2\/product\/133654\/revisions"}],"wp:featuredmedia":[{"embeddable":true,"href":"https:\/\/metaltale.com\/lv\/wp-json\/wp\/v2\/media\/104591"}],"wp:attachment":[{"href":"https:\/\/metaltale.com\/lv\/wp-json\/wp\/v2\/media?parent=133654"}],"wp:term":[{"taxonomy":"product_brand","embeddable":true,"href":"https:\/\/metaltale.com\/lv\/wp-json\/wp\/v2\/product_brand?post=133654"},{"taxonomy":"product_cat","embeddable":true,"href":"https:\/\/metaltale.com\/lv\/wp-json\/wp\/v2\/product_cat?post=133654"},{"taxonomy":"product_tag","embeddable":true,"href":"https:\/\/metaltale.com\/lv\/wp-json\/wp\/v2\/product_tag?post=133654"}],"curies":[{"name":"wp","href":"https:\/\/api.w.org\/{rel}","templated":true}]}}