{"id":133651,"date":"2024-02-13T15:23:56","date_gmt":"2024-02-13T13:23:56","guid":{"rendered":"https:\/\/metaltale.com\/produktas\/virtuves-maisitajs-swan-roza-zelts\/"},"modified":"2024-02-13T15:23:56","modified_gmt":"2024-02-13T13:23:56","slug":"virtuves-maisitajs-swan-roza-zelts","status":"publish","type":"product","link":"https:\/\/metaltale.com\/lv\/produkts\/virtuves-maisitajs-swan-roza-zelts\/","title":{"rendered":"Virtuves mais\u012bt\u0101js SWAN, roz\u0101 zelts"},"content":{"rendered":"<div class=\"prod_data\">\n<p><strong>Modelis<\/strong> QZ.CF-023-RZL<br \/>\nModern\u0101 <strong>kolekcija<\/strong><br \/>\n<strong>Augstums (cm<\/strong> ) 43<br \/>\n<strong>Pamatnes diametrs (cm)<\/strong> 5,2<br \/>\n<strong>Izsmidzin\u0101t\u0101ja garums (cm<\/strong> ) 17<br \/>\n<strong>Augstums l\u012bdz izsmidzin\u0101t\u0101jam (cm<\/strong> ) 18<br \/>\n<strong>Materi\u0101ls<\/strong> Ner\u016bs\u0113jo\u0161ais t\u0113rauds<br \/>\n<strong>Kr\u0101sa<\/strong> Roz\u0101 zelts<br \/>\n<strong>Apdare<\/strong> Mat\u0113ta, glanc\u0113ta<br \/>\n<strong>Rot\u0113jo\u0161s izsmidzin\u0101t\u0101js<\/strong> J\u0101<br \/>\n<strong>Perlators (aerators<\/strong> ) J\u0101<br \/>\n<strong>Kop\u0113j\u0101 projekcija (cm<\/strong> ) 22<\/p>\n<p>Sienas mais\u012bt\u0101js no ner\u016bs\u0113jo\u0161\u0101 t\u0113rauda<\/p>\n<p>360&#8242; rot\u0113jo\u0161ais izsmidzin\u0101t\u0101js<\/p>\n<p>elast\u012bgs izvelkams uzgalis \u0113rtai trauku mazg\u0101\u0161anai trauku mazg\u0101jam\u0101 ma\u0161\u012bn\u0101.<\/p>\n<p>keramikas galva &#8211; elements, kas nodro\u0161ina pareizu \u016bdens sadali.<\/p>\n<p>aerators \u016bdens pat\u0113ri\u0146a samazin\u0101\u0161anai<\/p>\n<p>\u016bdens pl\u016bsmas regul\u0113\u0161ana ar spiedpogu, ar iesp\u0113ju izv\u0113l\u0113ties no div\u0101m iesp\u0113j\u0101m.<\/p>\n<p>Komplekt\u0101 ir iek\u013cauti visi uzst\u0101d\u012b\u0161anai nepiecie\u0161amie elementi (\u0161\u013c\u016btene, galda skr\u016bve, skr\u016bvju bl\u012bves).<\/p>\n<hr>\n<p>\u0160is ir moderns virtuves izlietnes mais\u012bt\u0101js, kas ir ne tikai praktisks instruments, bet ar\u012b skaists dekorat\u012bvs interjera elements. \u0160\u012b virtuves jauc\u0113jkr\u0101na ekskluz\u012bv\u0101 iez\u012bme ir groz\u0101m\u0101 izsmidzin\u0101t\u0101ja ar izvelkamo iesp\u0113ju, kas pal\u012bdz uztur\u0113t izlietni t\u012bru un padara mazg\u0101\u0161anu v\u0113l viegl\u0101ku. T\u0101 elegantais izskats lieliski sader ar ro\u017eain\u0101 zelta apdari, t\u0101p\u0113c tas ir ide\u0101li piem\u0113rots moderniem vai grezniem dekoriem. Tas izgaismos j\u016bsu virtuvi, pie\u0161\u0137irot tai jaunu raksturu un funkcionalit\u0101ti.<\/p>\n<\/div>\n","protected":false},"excerpt":{"rendered":"<p>Modelis QZ.CF-023-RZL Modern\u0101 kolekcija Augstums (cm ) 43 Pamatnes diametrs (cm) 5,2 Izsmidzin\u0101t\u0101ja garums (cm ) 17 Augstums l\u012bdz izsmidzin\u0101t\u0101jam<\/p>\n","protected":false},"featured_media":104445,"comment_status":"open","ping_status":"closed","template":"","meta":{"_acf_changed":false,"pmpro_default_level":""},"product_brand":[],"product_cat":[24097,24096],"product_tag":[],"class_list":{"0":"post-133651","1":"product","2":"type-product","3":"status-publish","4":"has-post-thumbnail","6":"product_cat-brivi-stavosi-virtuves-maisitaji","7":"product_cat-virtuves-maisitaji","8":"pmpro-has-access","10":"first","11":"instock","12":"shipping-taxable","13":"purchasable","14":"product-type-simple"},"acf":[],"yoast_head":"<!-- This site is optimized with the Yoast SEO plugin v24.9 - https:\/\/yoast.com\/wordpress\/plugins\/seo\/ -->\n<title>Virtuves mais\u012bt\u0101js SWAN, roz\u0101 zelts - MetalTale.com<\/title>\n<meta name=\"robots\" content=\"index, follow, max-snippet:-1, max-image-preview:large, max-video-preview:-1\" \/>\n<link rel=\"canonical\" href=\"https:\/\/metaltale.com\/lv\/produkts\/virtuves-maisitajs-swan-roza-zelts\/\" \/>\n<meta property=\"og:locale\" content=\"lv_LV\" \/>\n<meta property=\"og:type\" content=\"article\" \/>\n<meta property=\"og:title\" content=\"Virtuves mais\u012bt\u0101js SWAN, roz\u0101 zelts - MetalTale.com\" \/>\n<meta property=\"og:description\" content=\"Modelis QZ.CF-023-RZL Modern\u0101 kolekcija Augstums (cm ) 43 Pamatnes diametrs (cm) 5,2 Izsmidzin\u0101t\u0101ja garums (cm ) 17 Augstums l\u012bdz izsmidzin\u0101t\u0101jam\" \/>\n<meta property=\"og:url\" content=\"https:\/\/metaltale.com\/lv\/produkts\/virtuves-maisitajs-swan-roza-zelts\/\" \/>\n<meta property=\"og:site_name\" content=\"MetalTale.com\" \/>\n<meta property=\"og:image\" content=\"https:\/\/metaltale.com\/wp-content\/uploads\/2023\/11\/Virtuvx117s-maix161ytuvo-stovas-rox17Einio-aukso-spalvos-SWAN.jpg\" \/>\n\t<meta property=\"og:image:width\" content=\"800\" \/>\n\t<meta property=\"og:image:height\" content=\"800\" \/>\n\t<meta property=\"og:image:type\" content=\"image\/jpeg\" \/>\n<meta name=\"twitter:card\" content=\"summary_large_image\" \/>\n<meta name=\"twitter:label1\" content=\"Est. reading time\" \/>\n\t<meta name=\"twitter:data1\" content=\"1 minute\" \/>\n<script type=\"application\/ld+json\" class=\"yoast-schema-graph\">{\"@context\":\"https:\/\/schema.org\",\"@graph\":[{\"@type\":\"WebPage\",\"@id\":\"https:\/\/metaltale.com\/lv\/produkts\/virtuves-maisitajs-swan-roza-zelts\/\",\"url\":\"https:\/\/metaltale.com\/lv\/produkts\/virtuves-maisitajs-swan-roza-zelts\/\",\"name\":\"Virtuves mais\u012bt\u0101js SWAN, roz\u0101 zelts - MetalTale.com\",\"isPartOf\":{\"@id\":\"https:\/\/metaltale.com\/lv\/#website\"},\"primaryImageOfPage\":{\"@id\":\"https:\/\/metaltale.com\/lv\/produkts\/virtuves-maisitajs-swan-roza-zelts\/#primaryimage\"},\"image\":{\"@id\":\"https:\/\/metaltale.com\/lv\/produkts\/virtuves-maisitajs-swan-roza-zelts\/#primaryimage\"},\"thumbnailUrl\":\"https:\/\/metaltale.com\/wp-content\/uploads\/2023\/11\/Virtuvx117s-maix161ytuvo-stovas-rox17Einio-aukso-spalvos-SWAN.jpg\",\"datePublished\":\"2024-02-13T13:23:56+00:00\",\"breadcrumb\":{\"@id\":\"https:\/\/metaltale.com\/lv\/produkts\/virtuves-maisitajs-swan-roza-zelts\/#breadcrumb\"},\"inLanguage\":\"lv-LV\",\"potentialAction\":[{\"@type\":\"ReadAction\",\"target\":[\"https:\/\/metaltale.com\/lv\/produkts\/virtuves-maisitajs-swan-roza-zelts\/\"]}]},{\"@type\":\"ImageObject\",\"inLanguage\":\"lv-LV\",\"@id\":\"https:\/\/metaltale.com\/lv\/produkts\/virtuves-maisitajs-swan-roza-zelts\/#primaryimage\",\"url\":\"https:\/\/metaltale.com\/wp-content\/uploads\/2023\/11\/Virtuvx117s-maix161ytuvo-stovas-rox17Einio-aukso-spalvos-SWAN.jpg\",\"contentUrl\":\"https:\/\/metaltale.com\/wp-content\/uploads\/2023\/11\/Virtuvx117s-maix161ytuvo-stovas-rox17Einio-aukso-spalvos-SWAN.jpg\",\"width\":800,\"height\":800,\"caption\":\"Virtuves mais\u012bt\u0101js SWAN, roz\u0101 zelts\"},{\"@type\":\"BreadcrumbList\",\"@id\":\"https:\/\/metaltale.com\/lv\/produkts\/virtuves-maisitajs-swan-roza-zelts\/#breadcrumb\",\"itemListElement\":[{\"@type\":\"ListItem\",\"position\":1,\"name\":\"Home\",\"item\":\"https:\/\/metaltale.com\/lv\/majas\/\"},{\"@type\":\"ListItem\",\"position\":2,\"name\":\"Veikals\",\"item\":\"https:\/\/metaltale.com\/lv\/shop\/\"},{\"@type\":\"ListItem\",\"position\":3,\"name\":\"Virtuves mais\u012bt\u0101js SWAN, roz\u0101 zelts\"}]},{\"@type\":\"WebSite\",\"@id\":\"https:\/\/metaltale.com\/lv\/#website\",\"url\":\"https:\/\/metaltale.com\/lv\/\",\"name\":\"Metaltale.com\",\"description\":\"\",\"potentialAction\":[{\"@type\":\"SearchAction\",\"target\":{\"@type\":\"EntryPoint\",\"urlTemplate\":\"https:\/\/metaltale.com\/lv\/?s={search_term_string}\"},\"query-input\":{\"@type\":\"PropertyValueSpecification\",\"valueRequired\":true,\"valueName\":\"search_term_string\"}}],\"inLanguage\":\"lv-LV\"}]}<\/script>\n<!-- \/ Yoast SEO plugin. -->","yoast_head_json":{"title":"Virtuves mais\u012bt\u0101js SWAN, roz\u0101 zelts - MetalTale.com","robots":{"index":"index","follow":"follow","max-snippet":"max-snippet:-1","max-image-preview":"max-image-preview:large","max-video-preview":"max-video-preview:-1"},"canonical":"https:\/\/metaltale.com\/lv\/produkts\/virtuves-maisitajs-swan-roza-zelts\/","og_locale":"lv_LV","og_type":"article","og_title":"Virtuves mais\u012bt\u0101js SWAN, roz\u0101 zelts - MetalTale.com","og_description":"Modelis QZ.CF-023-RZL Modern\u0101 kolekcija Augstums (cm ) 43 Pamatnes diametrs (cm) 5,2 Izsmidzin\u0101t\u0101ja garums (cm ) 17 Augstums l\u012bdz izsmidzin\u0101t\u0101jam","og_url":"https:\/\/metaltale.com\/lv\/produkts\/virtuves-maisitajs-swan-roza-zelts\/","og_site_name":"MetalTale.com","og_image":[{"width":800,"height":800,"url":"https:\/\/metaltale.com\/wp-content\/uploads\/2023\/11\/Virtuvx117s-maix161ytuvo-stovas-rox17Einio-aukso-spalvos-SWAN.jpg","type":"image\/jpeg"}],"twitter_card":"summary_large_image","twitter_misc":{"Est. reading time":"1 minute"},"schema":{"@context":"https:\/\/schema.org","@graph":[{"@type":"WebPage","@id":"https:\/\/metaltale.com\/lv\/produkts\/virtuves-maisitajs-swan-roza-zelts\/","url":"https:\/\/metaltale.com\/lv\/produkts\/virtuves-maisitajs-swan-roza-zelts\/","name":"Virtuves mais\u012bt\u0101js SWAN, roz\u0101 zelts - MetalTale.com","isPartOf":{"@id":"https:\/\/metaltale.com\/lv\/#website"},"primaryImageOfPage":{"@id":"https:\/\/metaltale.com\/lv\/produkts\/virtuves-maisitajs-swan-roza-zelts\/#primaryimage"},"image":{"@id":"https:\/\/metaltale.com\/lv\/produkts\/virtuves-maisitajs-swan-roza-zelts\/#primaryimage"},"thumbnailUrl":"https:\/\/metaltale.com\/wp-content\/uploads\/2023\/11\/Virtuvx117s-maix161ytuvo-stovas-rox17Einio-aukso-spalvos-SWAN.jpg","datePublished":"2024-02-13T13:23:56+00:00","breadcrumb":{"@id":"https:\/\/metaltale.com\/lv\/produkts\/virtuves-maisitajs-swan-roza-zelts\/#breadcrumb"},"inLanguage":"lv-LV","potentialAction":[{"@type":"ReadAction","target":["https:\/\/metaltale.com\/lv\/produkts\/virtuves-maisitajs-swan-roza-zelts\/"]}]},{"@type":"ImageObject","inLanguage":"lv-LV","@id":"https:\/\/metaltale.com\/lv\/produkts\/virtuves-maisitajs-swan-roza-zelts\/#primaryimage","url":"https:\/\/metaltale.com\/wp-content\/uploads\/2023\/11\/Virtuvx117s-maix161ytuvo-stovas-rox17Einio-aukso-spalvos-SWAN.jpg","contentUrl":"https:\/\/metaltale.com\/wp-content\/uploads\/2023\/11\/Virtuvx117s-maix161ytuvo-stovas-rox17Einio-aukso-spalvos-SWAN.jpg","width":800,"height":800,"caption":"Virtuves mais\u012bt\u0101js SWAN, roz\u0101 zelts"},{"@type":"BreadcrumbList","@id":"https:\/\/metaltale.com\/lv\/produkts\/virtuves-maisitajs-swan-roza-zelts\/#breadcrumb","itemListElement":[{"@type":"ListItem","position":1,"name":"Home","item":"https:\/\/metaltale.com\/lv\/majas\/"},{"@type":"ListItem","position":2,"name":"Veikals","item":"https:\/\/metaltale.com\/lv\/shop\/"},{"@type":"ListItem","position":3,"name":"Virtuves mais\u012bt\u0101js SWAN, roz\u0101 zelts"}]},{"@type":"WebSite","@id":"https:\/\/metaltale.com\/lv\/#website","url":"https:\/\/metaltale.com\/lv\/","name":"Metaltale.com","description":"","potentialAction":[{"@type":"SearchAction","target":{"@type":"EntryPoint","urlTemplate":"https:\/\/metaltale.com\/lv\/?s={search_term_string}"},"query-input":{"@type":"PropertyValueSpecification","valueRequired":true,"valueName":"search_term_string"}}],"inLanguage":"lv-LV"}]}},"_links":{"self":[{"href":"https:\/\/metaltale.com\/lv\/wp-json\/wp\/v2\/product\/133651","targetHints":{"allow":["GET"]}}],"collection":[{"href":"https:\/\/metaltale.com\/lv\/wp-json\/wp\/v2\/product"}],"about":[{"href":"https:\/\/metaltale.com\/lv\/wp-json\/wp\/v2\/types\/product"}],"replies":[{"embeddable":true,"href":"https:\/\/metaltale.com\/lv\/wp-json\/wp\/v2\/comments?post=133651"}],"version-history":[{"count":0,"href":"https:\/\/metaltale.com\/lv\/wp-json\/wp\/v2\/product\/133651\/revisions"}],"wp:featuredmedia":[{"embeddable":true,"href":"https:\/\/metaltale.com\/lv\/wp-json\/wp\/v2\/media\/104445"}],"wp:attachment":[{"href":"https:\/\/metaltale.com\/lv\/wp-json\/wp\/v2\/media?parent=133651"}],"wp:term":[{"taxonomy":"product_brand","embeddable":true,"href":"https:\/\/metaltale.com\/lv\/wp-json\/wp\/v2\/product_brand?post=133651"},{"taxonomy":"product_cat","embeddable":true,"href":"https:\/\/metaltale.com\/lv\/wp-json\/wp\/v2\/product_cat?post=133651"},{"taxonomy":"product_tag","embeddable":true,"href":"https:\/\/metaltale.com\/lv\/wp-json\/wp\/v2\/product_tag?post=133651"}],"curies":[{"name":"wp","href":"https:\/\/api.w.org\/{rel}","templated":true}]}}