{"id":133640,"date":"2024-02-13T15:23:56","date_gmt":"2024-02-13T13:23:56","guid":{"rendered":"https:\/\/metaltale.com\/produktas\/virtuves-maisitajs-slender-melns\/"},"modified":"2024-02-13T15:23:56","modified_gmt":"2024-02-13T13:23:56","slug":"virtuves-maisitajs-slender-melns","status":"publish","type":"product","link":"https:\/\/metaltale.com\/lv\/produkts\/virtuves-maisitajs-slender-melns\/","title":{"rendered":"Virtuves mais\u012bt\u0101js SLENDER, melns"},"content":{"rendered":"<div class=\"prod_data\">\n<p><strong>Modelis<\/strong> QZ.CF-156-CZ<br \/>\nModern\u0101 <strong>kolekcija<\/strong><br \/>\nAugstums (cm ) 46<br \/>\n<strong>Pamatnes diametrs (cm)<\/strong> 5,5<br \/>\n<strong>Izsmidzin\u0101t\u0101ja garums (cm<\/strong> ) 17,5<br \/>\n<strong>Augstums l\u012bdz izsmidzin\u0101t\u0101jam (cm<\/strong> ) 26<br \/>\n<strong>Materi\u0101ls<\/strong> Ner\u016bs\u0113jo\u0161ais t\u0113rauds<br \/>\nKr\u0101sa Melna<br \/>\nApdare mat\u0113ta<br \/>\n<strong>Rot\u0113jo\u0161s izsmidzin\u0101t\u0101js<\/strong> J\u0101<br \/>\n<strong>Perlators (aerators<\/strong> ) J\u0101<br \/>\n<strong>Kop\u0113j\u0101 projekcija (cm<\/strong> ) 27<\/p>\n<p>Sienas mais\u012bt\u0101js no ner\u016bs\u0113jo\u0161\u0101 t\u0113rauda<\/p>\n<p>360&#8242; rot\u0113jo\u0161ais izsmidzin\u0101t\u0101js<\/p>\n<p>izvelkams smidzin\u0101\u0161anas uzgalis \u0113rtai trauku mazg\u0101\u0161anai trauku mazg\u0101jam\u0101 ma\u0161\u012bn\u0101<\/p>\n<p>keramikas galva &#8211; elements, kas nodro\u0161ina pareizu \u016bdens sadali.<\/p>\n<p>aerators \u016bdens pat\u0113ri\u0146a samazin\u0101\u0161anai<\/p>\n<p>\u016bdens pl\u016bsmas regul\u0113\u0161ana ar spiedpogu, ar iesp\u0113ju izv\u0113l\u0113ties no trim opcij\u0101m.<\/p>\n<p>Komplekt\u0101 ir iek\u013cautas visas uzst\u0101d\u012b\u0161anai nepiecie\u0161am\u0101s sast\u0101vda\u013cas (\u0161\u013c\u016btene, galda skr\u016bve, skr\u016bvju bl\u012bves).<\/p>\n<p>viegla apkope &#8211; silts \u016bdens un PH neitr\u0101las ziepes.<\/p>\n<hr>\n<p>Modern kr\u0101ns mat\u0113ti meln\u0101 kr\u0101s\u0101 ir lieliski piem\u0113rots gan modern\u0101m virtuv\u0113m, gan elegantiem retro interjeriem. \u0160is kr\u0101ns ir ne tikai apburo\u0161s, bet ar\u012b \u013coti praktisks un funkcion\u0101ls. T\u0101 ievelkamais izsmidzin\u0101t\u0101js un iesp\u0113ja regul\u0113t \u016bdens pl\u016bsmu &#8211; no vienm\u0113r\u012bgas l\u012bdz du\u0161ai vai miglai &#8211; ir funkcijas, kas \u013cauj prec\u012bzi mazg\u0101t traukus un sasniegt vissare\u017e\u0123\u012bt\u0101k\u0101s vietas. \u0160aj\u0101 jauc\u0113jkr\u0101n\u0101 ir apvienota lieliska funkcionalit\u0101te un unik\u0101ls, uzman\u012bbu piesaisto\u0161s dizains. Gar\u0101m \u0161im \u013coti funkcion\u0101lajam un vienlaikus dizaina izstr\u0101d\u0101jumam nav iesp\u0113jams paiet gar\u0101m.<\/p>\n<\/div>\n","protected":false},"excerpt":{"rendered":"<p>Modelis QZ.CF-156-CZ Modern\u0101 kolekcija Augstums (cm ) 46 Pamatnes diametrs (cm) 5,5 Izsmidzin\u0101t\u0101ja garums (cm ) 17,5 Augstums l\u012bdz izsmidzin\u0101t\u0101jam<\/p>\n","protected":false},"featured_media":95995,"comment_status":"open","ping_status":"closed","template":"","meta":{"_acf_changed":false,"pmpro_default_level":""},"product_brand":[],"product_cat":[24097,24096],"product_tag":[],"class_list":{"0":"post-133640","1":"product","2":"type-product","3":"status-publish","4":"has-post-thumbnail","6":"product_cat-brivi-stavosi-virtuves-maisitaji","7":"product_cat-virtuves-maisitaji","8":"pmpro-has-access","10":"first","11":"instock","12":"shipping-taxable","13":"purchasable","14":"product-type-simple"},"acf":[],"yoast_head":"<!-- This site is optimized with the Yoast SEO plugin v24.9 - https:\/\/yoast.com\/wordpress\/plugins\/seo\/ -->\n<title>Virtuves mais\u012bt\u0101js SLENDER, melns - MetalTale.com<\/title>\n<meta name=\"robots\" content=\"index, follow, max-snippet:-1, max-image-preview:large, max-video-preview:-1\" \/>\n<link rel=\"canonical\" href=\"https:\/\/metaltale.com\/lv\/produkts\/virtuves-maisitajs-slender-melns\/\" \/>\n<meta property=\"og:locale\" content=\"lv_LV\" \/>\n<meta property=\"og:type\" content=\"article\" \/>\n<meta property=\"og:title\" content=\"Virtuves mais\u012bt\u0101js SLENDER, melns - MetalTale.com\" \/>\n<meta property=\"og:description\" content=\"Modelis QZ.CF-156-CZ Modern\u0101 kolekcija Augstums (cm ) 46 Pamatnes diametrs (cm) 5,5 Izsmidzin\u0101t\u0101ja garums (cm ) 17,5 Augstums l\u012bdz izsmidzin\u0101t\u0101jam\" \/>\n<meta property=\"og:url\" content=\"https:\/\/metaltale.com\/lv\/produkts\/virtuves-maisitajs-slender-melns\/\" \/>\n<meta property=\"og:site_name\" content=\"MetalTale.com\" \/>\n<meta name=\"twitter:card\" content=\"summary_large_image\" \/>\n<meta name=\"twitter:label1\" content=\"Est. reading time\" \/>\n\t<meta name=\"twitter:data1\" content=\"1 minute\" \/>\n<script type=\"application\/ld+json\" class=\"yoast-schema-graph\">{\"@context\":\"https:\/\/schema.org\",\"@graph\":[{\"@type\":\"WebPage\",\"@id\":\"https:\/\/metaltale.com\/lv\/produkts\/virtuves-maisitajs-slender-melns\/\",\"url\":\"https:\/\/metaltale.com\/lv\/produkts\/virtuves-maisitajs-slender-melns\/\",\"name\":\"Virtuves mais\u012bt\u0101js SLENDER, melns - MetalTale.com\",\"isPartOf\":{\"@id\":\"https:\/\/metaltale.com\/lv\/#website\"},\"primaryImageOfPage\":{\"@id\":\"https:\/\/metaltale.com\/lv\/produkts\/virtuves-maisitajs-slender-melns\/#primaryimage\"},\"image\":{\"@id\":\"https:\/\/metaltale.com\/lv\/produkts\/virtuves-maisitajs-slender-melns\/#primaryimage\"},\"thumbnailUrl\":\"https:\/\/metaltale.com\/wp-content\/uploads\/2023\/10\/Vieno-sverto-virtuvx117s-maix161ytuvas-juodas-SLENDER.jpg\",\"datePublished\":\"2024-02-13T13:23:56+00:00\",\"breadcrumb\":{\"@id\":\"https:\/\/metaltale.com\/lv\/produkts\/virtuves-maisitajs-slender-melns\/#breadcrumb\"},\"inLanguage\":\"lv-LV\",\"potentialAction\":[{\"@type\":\"ReadAction\",\"target\":[\"https:\/\/metaltale.com\/lv\/produkts\/virtuves-maisitajs-slender-melns\/\"]}]},{\"@type\":\"ImageObject\",\"inLanguage\":\"lv-LV\",\"@id\":\"https:\/\/metaltale.com\/lv\/produkts\/virtuves-maisitajs-slender-melns\/#primaryimage\",\"url\":\"https:\/\/metaltale.com\/wp-content\/uploads\/2023\/10\/Vieno-sverto-virtuvx117s-maix161ytuvas-juodas-SLENDER.jpg\",\"contentUrl\":\"https:\/\/metaltale.com\/wp-content\/uploads\/2023\/10\/Vieno-sverto-virtuvx117s-maix161ytuvas-juodas-SLENDER.jpg\",\"width\":800,\"height\":800,\"caption\":\"Virtuves mais\u012bt\u0101js SLENDER, melns\"},{\"@type\":\"BreadcrumbList\",\"@id\":\"https:\/\/metaltale.com\/lv\/produkts\/virtuves-maisitajs-slender-melns\/#breadcrumb\",\"itemListElement\":[{\"@type\":\"ListItem\",\"position\":1,\"name\":\"Home\",\"item\":\"https:\/\/metaltale.com\/lv\/majas\/\"},{\"@type\":\"ListItem\",\"position\":2,\"name\":\"Veikals\",\"item\":\"https:\/\/metaltale.com\/lv\/shop\/\"},{\"@type\":\"ListItem\",\"position\":3,\"name\":\"Virtuves mais\u012bt\u0101js SLENDER, melns\"}]},{\"@type\":\"WebSite\",\"@id\":\"https:\/\/metaltale.com\/lv\/#website\",\"url\":\"https:\/\/metaltale.com\/lv\/\",\"name\":\"Metaltale.com\",\"description\":\"\",\"potentialAction\":[{\"@type\":\"SearchAction\",\"target\":{\"@type\":\"EntryPoint\",\"urlTemplate\":\"https:\/\/metaltale.com\/lv\/?s={search_term_string}\"},\"query-input\":{\"@type\":\"PropertyValueSpecification\",\"valueRequired\":true,\"valueName\":\"search_term_string\"}}],\"inLanguage\":\"lv-LV\"}]}<\/script>\n<!-- \/ Yoast SEO plugin. -->","yoast_head_json":{"title":"Virtuves mais\u012bt\u0101js SLENDER, melns - MetalTale.com","robots":{"index":"index","follow":"follow","max-snippet":"max-snippet:-1","max-image-preview":"max-image-preview:large","max-video-preview":"max-video-preview:-1"},"canonical":"https:\/\/metaltale.com\/lv\/produkts\/virtuves-maisitajs-slender-melns\/","og_locale":"lv_LV","og_type":"article","og_title":"Virtuves mais\u012bt\u0101js SLENDER, melns - MetalTale.com","og_description":"Modelis QZ.CF-156-CZ Modern\u0101 kolekcija Augstums (cm ) 46 Pamatnes diametrs (cm) 5,5 Izsmidzin\u0101t\u0101ja garums (cm ) 17,5 Augstums l\u012bdz izsmidzin\u0101t\u0101jam","og_url":"https:\/\/metaltale.com\/lv\/produkts\/virtuves-maisitajs-slender-melns\/","og_site_name":"MetalTale.com","twitter_card":"summary_large_image","twitter_misc":{"Est. reading time":"1 minute"},"schema":{"@context":"https:\/\/schema.org","@graph":[{"@type":"WebPage","@id":"https:\/\/metaltale.com\/lv\/produkts\/virtuves-maisitajs-slender-melns\/","url":"https:\/\/metaltale.com\/lv\/produkts\/virtuves-maisitajs-slender-melns\/","name":"Virtuves mais\u012bt\u0101js SLENDER, melns - MetalTale.com","isPartOf":{"@id":"https:\/\/metaltale.com\/lv\/#website"},"primaryImageOfPage":{"@id":"https:\/\/metaltale.com\/lv\/produkts\/virtuves-maisitajs-slender-melns\/#primaryimage"},"image":{"@id":"https:\/\/metaltale.com\/lv\/produkts\/virtuves-maisitajs-slender-melns\/#primaryimage"},"thumbnailUrl":"https:\/\/metaltale.com\/wp-content\/uploads\/2023\/10\/Vieno-sverto-virtuvx117s-maix161ytuvas-juodas-SLENDER.jpg","datePublished":"2024-02-13T13:23:56+00:00","breadcrumb":{"@id":"https:\/\/metaltale.com\/lv\/produkts\/virtuves-maisitajs-slender-melns\/#breadcrumb"},"inLanguage":"lv-LV","potentialAction":[{"@type":"ReadAction","target":["https:\/\/metaltale.com\/lv\/produkts\/virtuves-maisitajs-slender-melns\/"]}]},{"@type":"ImageObject","inLanguage":"lv-LV","@id":"https:\/\/metaltale.com\/lv\/produkts\/virtuves-maisitajs-slender-melns\/#primaryimage","url":"https:\/\/metaltale.com\/wp-content\/uploads\/2023\/10\/Vieno-sverto-virtuvx117s-maix161ytuvas-juodas-SLENDER.jpg","contentUrl":"https:\/\/metaltale.com\/wp-content\/uploads\/2023\/10\/Vieno-sverto-virtuvx117s-maix161ytuvas-juodas-SLENDER.jpg","width":800,"height":800,"caption":"Virtuves mais\u012bt\u0101js SLENDER, melns"},{"@type":"BreadcrumbList","@id":"https:\/\/metaltale.com\/lv\/produkts\/virtuves-maisitajs-slender-melns\/#breadcrumb","itemListElement":[{"@type":"ListItem","position":1,"name":"Home","item":"https:\/\/metaltale.com\/lv\/majas\/"},{"@type":"ListItem","position":2,"name":"Veikals","item":"https:\/\/metaltale.com\/lv\/shop\/"},{"@type":"ListItem","position":3,"name":"Virtuves mais\u012bt\u0101js SLENDER, melns"}]},{"@type":"WebSite","@id":"https:\/\/metaltale.com\/lv\/#website","url":"https:\/\/metaltale.com\/lv\/","name":"Metaltale.com","description":"","potentialAction":[{"@type":"SearchAction","target":{"@type":"EntryPoint","urlTemplate":"https:\/\/metaltale.com\/lv\/?s={search_term_string}"},"query-input":{"@type":"PropertyValueSpecification","valueRequired":true,"valueName":"search_term_string"}}],"inLanguage":"lv-LV"}]}},"_links":{"self":[{"href":"https:\/\/metaltale.com\/lv\/wp-json\/wp\/v2\/product\/133640","targetHints":{"allow":["GET"]}}],"collection":[{"href":"https:\/\/metaltale.com\/lv\/wp-json\/wp\/v2\/product"}],"about":[{"href":"https:\/\/metaltale.com\/lv\/wp-json\/wp\/v2\/types\/product"}],"replies":[{"embeddable":true,"href":"https:\/\/metaltale.com\/lv\/wp-json\/wp\/v2\/comments?post=133640"}],"version-history":[{"count":0,"href":"https:\/\/metaltale.com\/lv\/wp-json\/wp\/v2\/product\/133640\/revisions"}],"wp:featuredmedia":[{"embeddable":true,"href":"https:\/\/metaltale.com\/lv\/wp-json\/wp\/v2\/media\/95995"}],"wp:attachment":[{"href":"https:\/\/metaltale.com\/lv\/wp-json\/wp\/v2\/media?parent=133640"}],"wp:term":[{"taxonomy":"product_brand","embeddable":true,"href":"https:\/\/metaltale.com\/lv\/wp-json\/wp\/v2\/product_brand?post=133640"},{"taxonomy":"product_cat","embeddable":true,"href":"https:\/\/metaltale.com\/lv\/wp-json\/wp\/v2\/product_cat?post=133640"},{"taxonomy":"product_tag","embeddable":true,"href":"https:\/\/metaltale.com\/lv\/wp-json\/wp\/v2\/product_tag?post=133640"}],"curies":[{"name":"wp","href":"https:\/\/api.w.org\/{rel}","templated":true}]}}