{"id":133635,"date":"2024-02-13T15:23:56","date_gmt":"2024-02-13T13:23:56","guid":{"rendered":"https:\/\/metaltale.com\/produktas\/paul-beninu-sienas-pulkstenis\/"},"modified":"2024-02-13T15:23:56","modified_gmt":"2024-02-13T13:23:56","slug":"paul-beninu-sienas-pulkstenis","status":"publish","type":"product","link":"https:\/\/metaltale.com\/lv\/produkts\/paul-beninu-sienas-pulkstenis\/","title":{"rendered":"PAUL b\u0113ni\u0146u sienas pulkstenis"},"content":{"rendered":"<div class=\"prod_data\">DI.8751 <strong>modelis<\/strong>  <br \/><strong>Materi\u0101ls<\/strong> T\u0113rauds, stikls  <br \/><strong>Kop\u0113jais augstums (cm<\/strong> ) 58  <br \/><strong>Kop\u0113jais platums (cm<\/strong> ) 60  <br \/><strong>Dzi\u013cums (cm<\/strong> ) 11  <\/p>\n<p>industri\u0101l\u0101 stila piekaramais pulkstenis<\/p>\n<p>izstr\u0101d\u0101juma konstrukcija, kas ietver \u016bdens caurules, termometru un higrometru.<\/p>\n<p>neparasts, bet m\u016b\u017e\u012bgs sienas dekors<\/p>\n<hr>\n<p>Industri\u0101l\u0101 stila cien\u012bt\u0101jiem \u0161is pulkstenis ir izgatavots, izmantojot \u016bdens caurules, kas tam pie\u0161\u0137ir skarbu un modernu izskatu, kas lieliski iederas b\u0113ni\u0146u vai vintage interjer\u0101. Lai rad\u012btu industri\u0101l\u0101ku noska\u0146u, pulkste\u0146am ir dekorat\u012bvi elementi, piem\u0113ram, termometrs un higrometrs &#8211; funkcionalit\u0101tes un dizaina kombin\u0101cija, kas noteikti iepriecin\u0101s.<\/p>\n<\/div>\n","protected":false},"excerpt":{"rendered":"<p>DI.8751 modelis Materi\u0101ls T\u0113rauds, stikls Kop\u0113jais augstums (cm ) 58 Kop\u0113jais platums (cm ) 60 Dzi\u013cums (cm ) 11 industri\u0101l\u0101<\/p>\n","protected":false},"featured_media":96019,"comment_status":"open","ping_status":"closed","template":"","meta":{"_acf_changed":false,"pmpro_default_level":""},"product_brand":[],"product_cat":[24110],"product_tag":[],"class_list":{"0":"post-133635","1":"product","2":"type-product","3":"status-publish","4":"has-post-thumbnail","6":"product_cat-sienas-pulksteni","7":"pmpro-has-access","9":"first","10":"instock","11":"shipping-taxable","12":"purchasable","13":"product-type-simple"},"acf":[],"yoast_head":"<!-- This site is optimized with the Yoast SEO plugin v24.9 - https:\/\/yoast.com\/wordpress\/plugins\/seo\/ -->\n<title>PAUL b\u0113ni\u0146u sienas pulkstenis - MetalTale.com<\/title>\n<meta name=\"robots\" content=\"index, follow, max-snippet:-1, max-image-preview:large, max-video-preview:-1\" \/>\n<link rel=\"canonical\" href=\"https:\/\/metaltale.com\/lv\/produkts\/paul-beninu-sienas-pulkstenis\/\" \/>\n<meta property=\"og:locale\" content=\"lv_LV\" \/>\n<meta property=\"og:type\" content=\"article\" \/>\n<meta property=\"og:title\" content=\"PAUL b\u0113ni\u0146u sienas pulkstenis - MetalTale.com\" \/>\n<meta property=\"og:description\" content=\"DI.8751 modelis Materi\u0101ls T\u0113rauds, stikls Kop\u0113jais augstums (cm ) 58 Kop\u0113jais platums (cm ) 60 Dzi\u013cums (cm ) 11 industri\u0101l\u0101\" \/>\n<meta property=\"og:url\" content=\"https:\/\/metaltale.com\/lv\/produkts\/paul-beninu-sienas-pulkstenis\/\" \/>\n<meta property=\"og:site_name\" content=\"MetalTale.com\" \/>\n<meta name=\"twitter:card\" content=\"summary_large_image\" \/>\n<meta name=\"twitter:label1\" content=\"Est. reading time\" \/>\n\t<meta name=\"twitter:data1\" content=\"1 minute\" \/>\n<script type=\"application\/ld+json\" class=\"yoast-schema-graph\">{\"@context\":\"https:\/\/schema.org\",\"@graph\":[{\"@type\":\"WebPage\",\"@id\":\"https:\/\/metaltale.com\/lv\/produkts\/paul-beninu-sienas-pulkstenis\/\",\"url\":\"https:\/\/metaltale.com\/lv\/produkts\/paul-beninu-sienas-pulkstenis\/\",\"name\":\"PAUL b\u0113ni\u0146u sienas pulkstenis - MetalTale.com\",\"isPartOf\":{\"@id\":\"https:\/\/metaltale.com\/lv\/#website\"},\"primaryImageOfPage\":{\"@id\":\"https:\/\/metaltale.com\/lv\/produkts\/paul-beninu-sienas-pulkstenis\/#primaryimage\"},\"image\":{\"@id\":\"https:\/\/metaltale.com\/lv\/produkts\/paul-beninu-sienas-pulkstenis\/#primaryimage\"},\"thumbnailUrl\":\"https:\/\/metaltale.com\/wp-content\/uploads\/2023\/10\/PAUL-loft-sieninis-laikrodis.jpg\",\"datePublished\":\"2024-02-13T13:23:56+00:00\",\"breadcrumb\":{\"@id\":\"https:\/\/metaltale.com\/lv\/produkts\/paul-beninu-sienas-pulkstenis\/#breadcrumb\"},\"inLanguage\":\"lv-LV\",\"potentialAction\":[{\"@type\":\"ReadAction\",\"target\":[\"https:\/\/metaltale.com\/lv\/produkts\/paul-beninu-sienas-pulkstenis\/\"]}]},{\"@type\":\"ImageObject\",\"inLanguage\":\"lv-LV\",\"@id\":\"https:\/\/metaltale.com\/lv\/produkts\/paul-beninu-sienas-pulkstenis\/#primaryimage\",\"url\":\"https:\/\/metaltale.com\/wp-content\/uploads\/2023\/10\/PAUL-loft-sieninis-laikrodis.jpg\",\"contentUrl\":\"https:\/\/metaltale.com\/wp-content\/uploads\/2023\/10\/PAUL-loft-sieninis-laikrodis.jpg\",\"width\":800,\"height\":800},{\"@type\":\"BreadcrumbList\",\"@id\":\"https:\/\/metaltale.com\/lv\/produkts\/paul-beninu-sienas-pulkstenis\/#breadcrumb\",\"itemListElement\":[{\"@type\":\"ListItem\",\"position\":1,\"name\":\"Home\",\"item\":\"https:\/\/metaltale.com\/lv\/majas\/\"},{\"@type\":\"ListItem\",\"position\":2,\"name\":\"Veikals\",\"item\":\"https:\/\/metaltale.com\/lv\/shop\/\"},{\"@type\":\"ListItem\",\"position\":3,\"name\":\"PAUL b\u0113ni\u0146u sienas pulkstenis\"}]},{\"@type\":\"WebSite\",\"@id\":\"https:\/\/metaltale.com\/lv\/#website\",\"url\":\"https:\/\/metaltale.com\/lv\/\",\"name\":\"Metaltale.com\",\"description\":\"\",\"potentialAction\":[{\"@type\":\"SearchAction\",\"target\":{\"@type\":\"EntryPoint\",\"urlTemplate\":\"https:\/\/metaltale.com\/lv\/?s={search_term_string}\"},\"query-input\":{\"@type\":\"PropertyValueSpecification\",\"valueRequired\":true,\"valueName\":\"search_term_string\"}}],\"inLanguage\":\"lv-LV\"}]}<\/script>\n<!-- \/ Yoast SEO plugin. -->","yoast_head_json":{"title":"PAUL b\u0113ni\u0146u sienas pulkstenis - MetalTale.com","robots":{"index":"index","follow":"follow","max-snippet":"max-snippet:-1","max-image-preview":"max-image-preview:large","max-video-preview":"max-video-preview:-1"},"canonical":"https:\/\/metaltale.com\/lv\/produkts\/paul-beninu-sienas-pulkstenis\/","og_locale":"lv_LV","og_type":"article","og_title":"PAUL b\u0113ni\u0146u sienas pulkstenis - MetalTale.com","og_description":"DI.8751 modelis Materi\u0101ls T\u0113rauds, stikls Kop\u0113jais augstums (cm ) 58 Kop\u0113jais platums (cm ) 60 Dzi\u013cums (cm ) 11 industri\u0101l\u0101","og_url":"https:\/\/metaltale.com\/lv\/produkts\/paul-beninu-sienas-pulkstenis\/","og_site_name":"MetalTale.com","twitter_card":"summary_large_image","twitter_misc":{"Est. reading time":"1 minute"},"schema":{"@context":"https:\/\/schema.org","@graph":[{"@type":"WebPage","@id":"https:\/\/metaltale.com\/lv\/produkts\/paul-beninu-sienas-pulkstenis\/","url":"https:\/\/metaltale.com\/lv\/produkts\/paul-beninu-sienas-pulkstenis\/","name":"PAUL b\u0113ni\u0146u sienas pulkstenis - MetalTale.com","isPartOf":{"@id":"https:\/\/metaltale.com\/lv\/#website"},"primaryImageOfPage":{"@id":"https:\/\/metaltale.com\/lv\/produkts\/paul-beninu-sienas-pulkstenis\/#primaryimage"},"image":{"@id":"https:\/\/metaltale.com\/lv\/produkts\/paul-beninu-sienas-pulkstenis\/#primaryimage"},"thumbnailUrl":"https:\/\/metaltale.com\/wp-content\/uploads\/2023\/10\/PAUL-loft-sieninis-laikrodis.jpg","datePublished":"2024-02-13T13:23:56+00:00","breadcrumb":{"@id":"https:\/\/metaltale.com\/lv\/produkts\/paul-beninu-sienas-pulkstenis\/#breadcrumb"},"inLanguage":"lv-LV","potentialAction":[{"@type":"ReadAction","target":["https:\/\/metaltale.com\/lv\/produkts\/paul-beninu-sienas-pulkstenis\/"]}]},{"@type":"ImageObject","inLanguage":"lv-LV","@id":"https:\/\/metaltale.com\/lv\/produkts\/paul-beninu-sienas-pulkstenis\/#primaryimage","url":"https:\/\/metaltale.com\/wp-content\/uploads\/2023\/10\/PAUL-loft-sieninis-laikrodis.jpg","contentUrl":"https:\/\/metaltale.com\/wp-content\/uploads\/2023\/10\/PAUL-loft-sieninis-laikrodis.jpg","width":800,"height":800},{"@type":"BreadcrumbList","@id":"https:\/\/metaltale.com\/lv\/produkts\/paul-beninu-sienas-pulkstenis\/#breadcrumb","itemListElement":[{"@type":"ListItem","position":1,"name":"Home","item":"https:\/\/metaltale.com\/lv\/majas\/"},{"@type":"ListItem","position":2,"name":"Veikals","item":"https:\/\/metaltale.com\/lv\/shop\/"},{"@type":"ListItem","position":3,"name":"PAUL b\u0113ni\u0146u sienas pulkstenis"}]},{"@type":"WebSite","@id":"https:\/\/metaltale.com\/lv\/#website","url":"https:\/\/metaltale.com\/lv\/","name":"Metaltale.com","description":"","potentialAction":[{"@type":"SearchAction","target":{"@type":"EntryPoint","urlTemplate":"https:\/\/metaltale.com\/lv\/?s={search_term_string}"},"query-input":{"@type":"PropertyValueSpecification","valueRequired":true,"valueName":"search_term_string"}}],"inLanguage":"lv-LV"}]}},"_links":{"self":[{"href":"https:\/\/metaltale.com\/lv\/wp-json\/wp\/v2\/product\/133635","targetHints":{"allow":["GET"]}}],"collection":[{"href":"https:\/\/metaltale.com\/lv\/wp-json\/wp\/v2\/product"}],"about":[{"href":"https:\/\/metaltale.com\/lv\/wp-json\/wp\/v2\/types\/product"}],"replies":[{"embeddable":true,"href":"https:\/\/metaltale.com\/lv\/wp-json\/wp\/v2\/comments?post=133635"}],"version-history":[{"count":0,"href":"https:\/\/metaltale.com\/lv\/wp-json\/wp\/v2\/product\/133635\/revisions"}],"wp:featuredmedia":[{"embeddable":true,"href":"https:\/\/metaltale.com\/lv\/wp-json\/wp\/v2\/media\/96019"}],"wp:attachment":[{"href":"https:\/\/metaltale.com\/lv\/wp-json\/wp\/v2\/media?parent=133635"}],"wp:term":[{"taxonomy":"product_brand","embeddable":true,"href":"https:\/\/metaltale.com\/lv\/wp-json\/wp\/v2\/product_brand?post=133635"},{"taxonomy":"product_cat","embeddable":true,"href":"https:\/\/metaltale.com\/lv\/wp-json\/wp\/v2\/product_cat?post=133635"},{"taxonomy":"product_tag","embeddable":true,"href":"https:\/\/metaltale.com\/lv\/wp-json\/wp\/v2\/product_tag?post=133635"}],"curies":[{"name":"wp","href":"https:\/\/api.w.org\/{rel}","templated":true}]}}