{"id":133634,"date":"2024-02-13T15:23:56","date_gmt":"2024-02-13T13:23:56","guid":{"rendered":"https:\/\/metaltale.com\/produktas\/stacionarais-virtuves-maisitajs-prato-roza-zelts\/"},"modified":"2024-02-13T15:23:56","modified_gmt":"2024-02-13T13:23:56","slug":"stacionarais-virtuves-maisitajs-prato-roza-zelts","status":"publish","type":"product","link":"https:\/\/metaltale.com\/lv\/produkts\/stacionarais-virtuves-maisitajs-prato-roza-zelts\/","title":{"rendered":"Stacion\u0101rais virtuves mais\u012bt\u0101js PRATO, roz\u0101 zelts"},"content":{"rendered":"<div class=\"prod_data\">\n<p><strong>Modelis<\/strong> QZ.CF-004-RZL<br \/>\nModern\u0101 <strong>kolekcija<\/strong><br \/>\n<strong>Augstums (cm<\/strong> ) 35,2<br \/>\n<strong>Pamatnes diametrs (cm)<\/strong> 4,9<br \/>\n<strong>Izsmidzin\u0101t\u0101ja garums (cm<\/strong> ) 19,5<br \/>\n<strong>Augstums l\u012bdz izsmidzin\u0101t\u0101jam (cm<\/strong> ) 33,5<br \/>\n<strong>Materi\u0101ls<\/strong> Ner\u016bs\u0113jo\u0161ais t\u0113rauds<br \/>\n<strong>Kr\u0101sa<\/strong> Roz\u0101 zelts<br \/>\nApdare mat\u0113ta<br \/>\n<strong>Uzst\u0101d\u012b\u0161anas atveres diametrs<\/strong> 4,2<br \/>\n<strong>Rot\u0113jo\u0161s izsmidzin\u0101t\u0101js<\/strong> J\u0101<br \/>\n<strong>Perlators (aerators<\/strong> ) J\u0101<\/p>\n<p>Sienas mais\u012bt\u0101js no ner\u016bs\u0113jo\u0161\u0101 t\u0113rauda<\/p>\n<p>360&#8242; rot\u0113jo\u0161ais izsmidzin\u0101t\u0101js<\/p>\n<p>keramikas galva &#8211; elements, kas nodro\u0161ina pareizu \u016bdens sadali.<\/p>\n<p>Aerators &#8211; \u016bdens pat\u0113ri\u0146a samazin\u0101\u0161anai<\/p>\n<p>Komplekt\u0101 ir iek\u013cauti visi uzst\u0101d\u012b\u0161anai nepiecie\u0161amie elementi (\u0161\u013c\u016btene, skr\u016bve galda virsmai, skr\u016bv\u0113jam\u0101s starplikas).<\/p>\n<hr>\n<p>Prato virtuves jauc\u0113jkr\u0101na iztur\u012bg\u0101 konstrukcija, kas veidota no iztur\u012bgiem materi\u0101liem, nodro\u0161ina t\u0101 ilgm\u016b\u017e\u012bbu un iztur\u012bbu ikdienas lieto\u0161an\u0101. Pagrie\u017eamais izsmidzin\u0101t\u0101js nodro\u0161ina nep\u0101rsp\u0113jamu kust\u012bbu br\u012bv\u012bbu, \u013caujot prec\u012bzi virz\u012bt \u016bdens pl\u016bsmu jebkur\u0101 virzien\u0101, savuk\u0101rt aerators ir galvenais elements, kas nodro\u0161ina vienm\u0113r\u012bgu \u016bdens un gaisa sajauk\u0161anos, t\u0101d\u0113j\u0101di taupot \u016bdeni un nezaud\u0113jot komfortu. Unik\u0101l\u0101 ro\u017eu zelta apdare ne tikai pie\u0161\u0137ir mais\u012bt\u0101jam at\u0161\u0137ir\u012bgu izskatu, bet ar\u012b \u013cauj tam lieliski ieder\u0113ties da\u017e\u0101dos virtuves iek\u0101rtojumos, pie\u0161\u0137irot tam smalku modernu greznumu.<\/p>\n<\/div>\n","protected":false},"excerpt":{"rendered":"<p>Modelis QZ.CF-004-RZL Modern\u0101 kolekcija Augstums (cm ) 35,2 Pamatnes diametrs (cm) 4,9 Izsmidzin\u0101t\u0101ja garums (cm ) 19,5 Augstums l\u012bdz izsmidzin\u0101t\u0101jam<\/p>\n","protected":false},"featured_media":95974,"comment_status":"open","ping_status":"closed","template":"","meta":{"_acf_changed":false,"pmpro_default_level":""},"product_brand":[],"product_cat":[24097,24096],"product_tag":[],"class_list":{"0":"post-133634","1":"product","2":"type-product","3":"status-publish","4":"has-post-thumbnail","6":"product_cat-brivi-stavosi-virtuves-maisitaji","7":"product_cat-virtuves-maisitaji","8":"pmpro-has-access","10":"first","11":"instock","12":"shipping-taxable","13":"purchasable","14":"product-type-simple"},"acf":[],"yoast_head":"<!-- This site is optimized with the Yoast SEO plugin v24.9 - https:\/\/yoast.com\/wordpress\/plugins\/seo\/ -->\n<title>Stacion\u0101rais virtuves mais\u012bt\u0101js PRATO, roz\u0101 zelts - MetalTale.com<\/title>\n<meta name=\"robots\" content=\"index, follow, max-snippet:-1, max-image-preview:large, max-video-preview:-1\" \/>\n<link rel=\"canonical\" href=\"https:\/\/metaltale.com\/lv\/produkts\/stacionarais-virtuves-maisitajs-prato-roza-zelts\/\" \/>\n<meta property=\"og:locale\" content=\"lv_LV\" \/>\n<meta property=\"og:type\" content=\"article\" \/>\n<meta property=\"og:title\" content=\"Stacion\u0101rais virtuves mais\u012bt\u0101js PRATO, roz\u0101 zelts - MetalTale.com\" \/>\n<meta property=\"og:description\" content=\"Modelis QZ.CF-004-RZL Modern\u0101 kolekcija Augstums (cm ) 35,2 Pamatnes diametrs (cm) 4,9 Izsmidzin\u0101t\u0101ja garums (cm ) 19,5 Augstums l\u012bdz izsmidzin\u0101t\u0101jam\" \/>\n<meta property=\"og:url\" content=\"https:\/\/metaltale.com\/lv\/produkts\/stacionarais-virtuves-maisitajs-prato-roza-zelts\/\" \/>\n<meta property=\"og:site_name\" content=\"MetalTale.com\" \/>\n<meta property=\"og:image\" content=\"https:\/\/metaltale.com\/wp-content\/uploads\/2023\/10\/Stacionarus-virtuvx117s-maix161ytuvas-rausvai-auksinis-PRATO.jpg\" \/>\n\t<meta property=\"og:image:width\" content=\"800\" \/>\n\t<meta property=\"og:image:height\" content=\"800\" \/>\n\t<meta property=\"og:image:type\" content=\"image\/jpeg\" \/>\n<meta name=\"twitter:card\" content=\"summary_large_image\" \/>\n<meta name=\"twitter:label1\" content=\"Est. reading time\" \/>\n\t<meta name=\"twitter:data1\" content=\"1 minute\" \/>\n<script type=\"application\/ld+json\" class=\"yoast-schema-graph\">{\"@context\":\"https:\/\/schema.org\",\"@graph\":[{\"@type\":\"WebPage\",\"@id\":\"https:\/\/metaltale.com\/lv\/produkts\/stacionarais-virtuves-maisitajs-prato-roza-zelts\/\",\"url\":\"https:\/\/metaltale.com\/lv\/produkts\/stacionarais-virtuves-maisitajs-prato-roza-zelts\/\",\"name\":\"Stacion\u0101rais virtuves mais\u012bt\u0101js PRATO, roz\u0101 zelts - MetalTale.com\",\"isPartOf\":{\"@id\":\"https:\/\/metaltale.com\/lv\/#website\"},\"primaryImageOfPage\":{\"@id\":\"https:\/\/metaltale.com\/lv\/produkts\/stacionarais-virtuves-maisitajs-prato-roza-zelts\/#primaryimage\"},\"image\":{\"@id\":\"https:\/\/metaltale.com\/lv\/produkts\/stacionarais-virtuves-maisitajs-prato-roza-zelts\/#primaryimage\"},\"thumbnailUrl\":\"https:\/\/metaltale.com\/wp-content\/uploads\/2023\/10\/Stacionarus-virtuvx117s-maix161ytuvas-rausvai-auksinis-PRATO.jpg\",\"datePublished\":\"2024-02-13T13:23:56+00:00\",\"breadcrumb\":{\"@id\":\"https:\/\/metaltale.com\/lv\/produkts\/stacionarais-virtuves-maisitajs-prato-roza-zelts\/#breadcrumb\"},\"inLanguage\":\"lv-LV\",\"potentialAction\":[{\"@type\":\"ReadAction\",\"target\":[\"https:\/\/metaltale.com\/lv\/produkts\/stacionarais-virtuves-maisitajs-prato-roza-zelts\/\"]}]},{\"@type\":\"ImageObject\",\"inLanguage\":\"lv-LV\",\"@id\":\"https:\/\/metaltale.com\/lv\/produkts\/stacionarais-virtuves-maisitajs-prato-roza-zelts\/#primaryimage\",\"url\":\"https:\/\/metaltale.com\/wp-content\/uploads\/2023\/10\/Stacionarus-virtuvx117s-maix161ytuvas-rausvai-auksinis-PRATO.jpg\",\"contentUrl\":\"https:\/\/metaltale.com\/wp-content\/uploads\/2023\/10\/Stacionarus-virtuvx117s-maix161ytuvas-rausvai-auksinis-PRATO.jpg\",\"width\":800,\"height\":800,\"caption\":\"Stacion\u0101rais virtuves mais\u012bt\u0101js PRATO, roz\u0101 zelts\"},{\"@type\":\"BreadcrumbList\",\"@id\":\"https:\/\/metaltale.com\/lv\/produkts\/stacionarais-virtuves-maisitajs-prato-roza-zelts\/#breadcrumb\",\"itemListElement\":[{\"@type\":\"ListItem\",\"position\":1,\"name\":\"Home\",\"item\":\"https:\/\/metaltale.com\/lv\/majas\/\"},{\"@type\":\"ListItem\",\"position\":2,\"name\":\"Veikals\",\"item\":\"https:\/\/metaltale.com\/lv\/shop\/\"},{\"@type\":\"ListItem\",\"position\":3,\"name\":\"Stacion\u0101rais virtuves mais\u012bt\u0101js PRATO, roz\u0101 zelts\"}]},{\"@type\":\"WebSite\",\"@id\":\"https:\/\/metaltale.com\/lv\/#website\",\"url\":\"https:\/\/metaltale.com\/lv\/\",\"name\":\"Metaltale.com\",\"description\":\"\",\"potentialAction\":[{\"@type\":\"SearchAction\",\"target\":{\"@type\":\"EntryPoint\",\"urlTemplate\":\"https:\/\/metaltale.com\/lv\/?s={search_term_string}\"},\"query-input\":{\"@type\":\"PropertyValueSpecification\",\"valueRequired\":true,\"valueName\":\"search_term_string\"}}],\"inLanguage\":\"lv-LV\"}]}<\/script>\n<!-- \/ Yoast SEO plugin. -->","yoast_head_json":{"title":"Stacion\u0101rais virtuves mais\u012bt\u0101js PRATO, roz\u0101 zelts - MetalTale.com","robots":{"index":"index","follow":"follow","max-snippet":"max-snippet:-1","max-image-preview":"max-image-preview:large","max-video-preview":"max-video-preview:-1"},"canonical":"https:\/\/metaltale.com\/lv\/produkts\/stacionarais-virtuves-maisitajs-prato-roza-zelts\/","og_locale":"lv_LV","og_type":"article","og_title":"Stacion\u0101rais virtuves mais\u012bt\u0101js PRATO, roz\u0101 zelts - MetalTale.com","og_description":"Modelis QZ.CF-004-RZL Modern\u0101 kolekcija Augstums (cm ) 35,2 Pamatnes diametrs (cm) 4,9 Izsmidzin\u0101t\u0101ja garums (cm ) 19,5 Augstums l\u012bdz izsmidzin\u0101t\u0101jam","og_url":"https:\/\/metaltale.com\/lv\/produkts\/stacionarais-virtuves-maisitajs-prato-roza-zelts\/","og_site_name":"MetalTale.com","og_image":[{"width":800,"height":800,"url":"https:\/\/metaltale.com\/wp-content\/uploads\/2023\/10\/Stacionarus-virtuvx117s-maix161ytuvas-rausvai-auksinis-PRATO.jpg","type":"image\/jpeg"}],"twitter_card":"summary_large_image","twitter_misc":{"Est. reading time":"1 minute"},"schema":{"@context":"https:\/\/schema.org","@graph":[{"@type":"WebPage","@id":"https:\/\/metaltale.com\/lv\/produkts\/stacionarais-virtuves-maisitajs-prato-roza-zelts\/","url":"https:\/\/metaltale.com\/lv\/produkts\/stacionarais-virtuves-maisitajs-prato-roza-zelts\/","name":"Stacion\u0101rais virtuves mais\u012bt\u0101js PRATO, roz\u0101 zelts - MetalTale.com","isPartOf":{"@id":"https:\/\/metaltale.com\/lv\/#website"},"primaryImageOfPage":{"@id":"https:\/\/metaltale.com\/lv\/produkts\/stacionarais-virtuves-maisitajs-prato-roza-zelts\/#primaryimage"},"image":{"@id":"https:\/\/metaltale.com\/lv\/produkts\/stacionarais-virtuves-maisitajs-prato-roza-zelts\/#primaryimage"},"thumbnailUrl":"https:\/\/metaltale.com\/wp-content\/uploads\/2023\/10\/Stacionarus-virtuvx117s-maix161ytuvas-rausvai-auksinis-PRATO.jpg","datePublished":"2024-02-13T13:23:56+00:00","breadcrumb":{"@id":"https:\/\/metaltale.com\/lv\/produkts\/stacionarais-virtuves-maisitajs-prato-roza-zelts\/#breadcrumb"},"inLanguage":"lv-LV","potentialAction":[{"@type":"ReadAction","target":["https:\/\/metaltale.com\/lv\/produkts\/stacionarais-virtuves-maisitajs-prato-roza-zelts\/"]}]},{"@type":"ImageObject","inLanguage":"lv-LV","@id":"https:\/\/metaltale.com\/lv\/produkts\/stacionarais-virtuves-maisitajs-prato-roza-zelts\/#primaryimage","url":"https:\/\/metaltale.com\/wp-content\/uploads\/2023\/10\/Stacionarus-virtuvx117s-maix161ytuvas-rausvai-auksinis-PRATO.jpg","contentUrl":"https:\/\/metaltale.com\/wp-content\/uploads\/2023\/10\/Stacionarus-virtuvx117s-maix161ytuvas-rausvai-auksinis-PRATO.jpg","width":800,"height":800,"caption":"Stacion\u0101rais virtuves mais\u012bt\u0101js PRATO, roz\u0101 zelts"},{"@type":"BreadcrumbList","@id":"https:\/\/metaltale.com\/lv\/produkts\/stacionarais-virtuves-maisitajs-prato-roza-zelts\/#breadcrumb","itemListElement":[{"@type":"ListItem","position":1,"name":"Home","item":"https:\/\/metaltale.com\/lv\/majas\/"},{"@type":"ListItem","position":2,"name":"Veikals","item":"https:\/\/metaltale.com\/lv\/shop\/"},{"@type":"ListItem","position":3,"name":"Stacion\u0101rais virtuves mais\u012bt\u0101js PRATO, roz\u0101 zelts"}]},{"@type":"WebSite","@id":"https:\/\/metaltale.com\/lv\/#website","url":"https:\/\/metaltale.com\/lv\/","name":"Metaltale.com","description":"","potentialAction":[{"@type":"SearchAction","target":{"@type":"EntryPoint","urlTemplate":"https:\/\/metaltale.com\/lv\/?s={search_term_string}"},"query-input":{"@type":"PropertyValueSpecification","valueRequired":true,"valueName":"search_term_string"}}],"inLanguage":"lv-LV"}]}},"_links":{"self":[{"href":"https:\/\/metaltale.com\/lv\/wp-json\/wp\/v2\/product\/133634","targetHints":{"allow":["GET"]}}],"collection":[{"href":"https:\/\/metaltale.com\/lv\/wp-json\/wp\/v2\/product"}],"about":[{"href":"https:\/\/metaltale.com\/lv\/wp-json\/wp\/v2\/types\/product"}],"replies":[{"embeddable":true,"href":"https:\/\/metaltale.com\/lv\/wp-json\/wp\/v2\/comments?post=133634"}],"version-history":[{"count":0,"href":"https:\/\/metaltale.com\/lv\/wp-json\/wp\/v2\/product\/133634\/revisions"}],"wp:featuredmedia":[{"embeddable":true,"href":"https:\/\/metaltale.com\/lv\/wp-json\/wp\/v2\/media\/95974"}],"wp:attachment":[{"href":"https:\/\/metaltale.com\/lv\/wp-json\/wp\/v2\/media?parent=133634"}],"wp:term":[{"taxonomy":"product_brand","embeddable":true,"href":"https:\/\/metaltale.com\/lv\/wp-json\/wp\/v2\/product_brand?post=133634"},{"taxonomy":"product_cat","embeddable":true,"href":"https:\/\/metaltale.com\/lv\/wp-json\/wp\/v2\/product_cat?post=133634"},{"taxonomy":"product_tag","embeddable":true,"href":"https:\/\/metaltale.com\/lv\/wp-json\/wp\/v2\/product_tag?post=133634"}],"curies":[{"name":"wp","href":"https:\/\/api.w.org\/{rel}","templated":true}]}}