{"id":133629,"date":"2024-02-13T15:23:56","date_gmt":"2024-02-13T13:23:56","guid":{"rendered":"https:\/\/metaltale.com\/produktas\/stacionarais-izlietnes-maisitajs-teramo-melns-2\/"},"modified":"2024-02-13T15:23:56","modified_gmt":"2024-02-13T13:23:56","slug":"stacionarais-izlietnes-maisitajs-teramo-melns-2","status":"publish","type":"product","link":"https:\/\/metaltale.com\/lv\/produkts\/stacionarais-izlietnes-maisitajs-teramo-melns-2\/","title":{"rendered":"Stacion\u0101rais izlietnes mais\u012bt\u0101js TERAMO, melns"},"content":{"rendered":"<div class=\"prod_data\">\n<p><strong>Modelis<\/strong> QZ.MP-001-T-CZ<br \/>\nModern\u0101 <strong>kolekcija<\/strong><br \/>\n<strong>Augstums (cm<\/strong> ) 30,5<br \/>\n<strong>Augstums l\u012bdz izsmidzin\u0101t\u0101jam (cm<\/strong> ) 26<br \/>\n<strong>Materi\u0101ls<\/strong> Ner\u016bs\u0113jo\u0161ais t\u0113rauds<br \/>\nKr\u0101sa Melna<br \/>\nApdare mat\u0113ta<br \/>\n<strong>Rot\u0113jo\u0161s izsmidzin\u0101t\u0101js<\/strong> N\u0113<br \/>\n<strong>Perlators (aerators<\/strong> ) J\u0101<br \/>\n<strong>Mais\u012bt\u0101ja tips<\/strong> Br\u012bvi st\u0101vo\u0161s<br \/>\n<strong>Vien\u012bg\u0101s zoles platums<\/strong> 5 cm<br \/>\n<strong>Kop\u0113j\u0101 projekcija (cm<\/strong> ) 18<br \/>\n<strong>Izsmidzin\u0101t\u0101ja garums (cm<\/strong> ) 13,5<\/p>\n<p>Sienas mais\u012bt\u0101js no ner\u016bs\u0113jo\u0161\u0101 t\u0113rauda<\/p>\n<p>viena izsmidzin\u0101t\u0101ja modelis<\/p>\n<p>fiks\u0113ts izpl\u016bdes<\/p>\n<p>Aerators &#8211; \u016bdens pat\u0113ri\u0146a samazin\u0101\u0161anai<\/p>\n<p>keramikas galva &#8211; elements, kas nodro\u0161ina pareizu \u016bdens sadali.<\/p>\n<p>Komplekt\u0101 ir iek\u013cauti visi uzst\u0101d\u012b\u0161anai nepiecie\u0161amie elementi (\u0161\u013c\u016btene, galda skr\u016bve, skr\u016bvju bl\u012bves).<\/p>\n<hr>\n<p>Ja mekl\u0113jat br\u012bvi st\u0101vo\u0161u mais\u012bt\u0101ju ar modernu dizainu savai vannas istabai, \u0161is izstr\u0101d\u0101jums jums noteikti patiks. Mais\u012bt\u0101jam ir modernisma stil\u0101 veidots dizains, kas kop\u0101 ar mat\u0113ti melno kr\u0101su kombin\u0101ciju rada unik\u0101lu izskatu. \u0160\u0101ds mais\u012bt\u0101js ir ide\u0101li piem\u0113rots b\u0113ni\u0146u stila modern\u0101m vannas istab\u0101m, kas k\u013c\u016bst arvien popul\u0101r\u0101kas. Augstas kvalit\u0101tes materi\u0101lu izmanto\u0161ana nodro\u0161ina iztur\u012bbu un l\u012bdz ar to ar\u012b apmierin\u0101t\u012bbu ilgtermi\u0146\u0101.<\/p>\n<\/div>\n","protected":false},"excerpt":{"rendered":"<p>Modelis QZ.MP-001-T-CZ Modern\u0101 kolekcija Augstums (cm ) 30,5 Augstums l\u012bdz izsmidzin\u0101t\u0101jam (cm ) 26 Materi\u0101ls Ner\u016bs\u0113jo\u0161ais t\u0113rauds Kr\u0101sa Melna Apdare<\/p>\n","protected":false},"featured_media":95956,"comment_status":"open","ping_status":"closed","template":"","meta":{"_acf_changed":false,"pmpro_default_level":""},"product_brand":[],"product_cat":[24094,24073],"product_tag":[],"class_list":{"0":"post-133629","1":"product","2":"type-product","3":"status-publish","4":"has-post-thumbnail","6":"product_cat-izlietnes-maisitaji","7":"product_cat-vannas-istabas-krani","8":"pmpro-has-access","10":"first","11":"instock","12":"shipping-taxable","13":"purchasable","14":"product-type-simple"},"acf":[],"yoast_head":"<!-- This site is optimized with the Yoast SEO plugin v24.9 - https:\/\/yoast.com\/wordpress\/plugins\/seo\/ -->\n<title>Stacion\u0101rais izlietnes mais\u012bt\u0101js TERAMO, melns - MetalTale.com<\/title>\n<meta name=\"robots\" content=\"index, follow, max-snippet:-1, max-image-preview:large, max-video-preview:-1\" \/>\n<link rel=\"canonical\" href=\"https:\/\/metaltale.com\/lv\/produkts\/stacionarais-izlietnes-maisitajs-teramo-melns-2\/\" \/>\n<meta property=\"og:locale\" content=\"lv_LV\" \/>\n<meta property=\"og:type\" content=\"article\" \/>\n<meta property=\"og:title\" content=\"Stacion\u0101rais izlietnes mais\u012bt\u0101js TERAMO, melns - MetalTale.com\" \/>\n<meta property=\"og:description\" content=\"Modelis QZ.MP-001-T-CZ Modern\u0101 kolekcija Augstums (cm ) 30,5 Augstums l\u012bdz izsmidzin\u0101t\u0101jam (cm ) 26 Materi\u0101ls Ner\u016bs\u0113jo\u0161ais t\u0113rauds Kr\u0101sa Melna Apdare\" \/>\n<meta property=\"og:url\" content=\"https:\/\/metaltale.com\/lv\/produkts\/stacionarais-izlietnes-maisitajs-teramo-melns-2\/\" \/>\n<meta property=\"og:site_name\" content=\"MetalTale.com\" \/>\n<meta property=\"og:image\" content=\"https:\/\/metaltale.com\/wp-content\/uploads\/2023\/10\/Stacionarus-praustuvo-maix161ytuvas-juodas-TERAMO-aukx161tas.jpg\" \/>\n\t<meta property=\"og:image:width\" content=\"800\" \/>\n\t<meta property=\"og:image:height\" content=\"800\" \/>\n\t<meta property=\"og:image:type\" content=\"image\/jpeg\" \/>\n<meta name=\"twitter:card\" content=\"summary_large_image\" \/>\n<meta name=\"twitter:label1\" content=\"Est. reading time\" \/>\n\t<meta name=\"twitter:data1\" content=\"1 minute\" \/>\n<script type=\"application\/ld+json\" class=\"yoast-schema-graph\">{\"@context\":\"https:\/\/schema.org\",\"@graph\":[{\"@type\":\"WebPage\",\"@id\":\"https:\/\/metaltale.com\/lv\/produkts\/stacionarais-izlietnes-maisitajs-teramo-melns-2\/\",\"url\":\"https:\/\/metaltale.com\/lv\/produkts\/stacionarais-izlietnes-maisitajs-teramo-melns-2\/\",\"name\":\"Stacion\u0101rais izlietnes mais\u012bt\u0101js TERAMO, melns - MetalTale.com\",\"isPartOf\":{\"@id\":\"https:\/\/metaltale.com\/lv\/#website\"},\"primaryImageOfPage\":{\"@id\":\"https:\/\/metaltale.com\/lv\/produkts\/stacionarais-izlietnes-maisitajs-teramo-melns-2\/#primaryimage\"},\"image\":{\"@id\":\"https:\/\/metaltale.com\/lv\/produkts\/stacionarais-izlietnes-maisitajs-teramo-melns-2\/#primaryimage\"},\"thumbnailUrl\":\"https:\/\/metaltale.com\/wp-content\/uploads\/2023\/10\/Stacionarus-praustuvo-maix161ytuvas-juodas-TERAMO-aukx161tas.jpg\",\"datePublished\":\"2024-02-13T13:23:56+00:00\",\"breadcrumb\":{\"@id\":\"https:\/\/metaltale.com\/lv\/produkts\/stacionarais-izlietnes-maisitajs-teramo-melns-2\/#breadcrumb\"},\"inLanguage\":\"lv-LV\",\"potentialAction\":[{\"@type\":\"ReadAction\",\"target\":[\"https:\/\/metaltale.com\/lv\/produkts\/stacionarais-izlietnes-maisitajs-teramo-melns-2\/\"]}]},{\"@type\":\"ImageObject\",\"inLanguage\":\"lv-LV\",\"@id\":\"https:\/\/metaltale.com\/lv\/produkts\/stacionarais-izlietnes-maisitajs-teramo-melns-2\/#primaryimage\",\"url\":\"https:\/\/metaltale.com\/wp-content\/uploads\/2023\/10\/Stacionarus-praustuvo-maix161ytuvas-juodas-TERAMO-aukx161tas.jpg\",\"contentUrl\":\"https:\/\/metaltale.com\/wp-content\/uploads\/2023\/10\/Stacionarus-praustuvo-maix161ytuvas-juodas-TERAMO-aukx161tas.jpg\",\"width\":800,\"height\":800,\"caption\":\"Stacion\u0101rais izlietnes mais\u012bt\u0101js TERAMO, melns\"},{\"@type\":\"BreadcrumbList\",\"@id\":\"https:\/\/metaltale.com\/lv\/produkts\/stacionarais-izlietnes-maisitajs-teramo-melns-2\/#breadcrumb\",\"itemListElement\":[{\"@type\":\"ListItem\",\"position\":1,\"name\":\"Home\",\"item\":\"https:\/\/metaltale.com\/lv\/majas\/\"},{\"@type\":\"ListItem\",\"position\":2,\"name\":\"Veikals\",\"item\":\"https:\/\/metaltale.com\/lv\/shop\/\"},{\"@type\":\"ListItem\",\"position\":3,\"name\":\"Stacion\u0101rais izlietnes mais\u012bt\u0101js TERAMO, melns\"}]},{\"@type\":\"WebSite\",\"@id\":\"https:\/\/metaltale.com\/lv\/#website\",\"url\":\"https:\/\/metaltale.com\/lv\/\",\"name\":\"Metaltale.com\",\"description\":\"\",\"potentialAction\":[{\"@type\":\"SearchAction\",\"target\":{\"@type\":\"EntryPoint\",\"urlTemplate\":\"https:\/\/metaltale.com\/lv\/?s={search_term_string}\"},\"query-input\":{\"@type\":\"PropertyValueSpecification\",\"valueRequired\":true,\"valueName\":\"search_term_string\"}}],\"inLanguage\":\"lv-LV\"}]}<\/script>\n<!-- \/ Yoast SEO plugin. -->","yoast_head_json":{"title":"Stacion\u0101rais izlietnes mais\u012bt\u0101js TERAMO, melns - MetalTale.com","robots":{"index":"index","follow":"follow","max-snippet":"max-snippet:-1","max-image-preview":"max-image-preview:large","max-video-preview":"max-video-preview:-1"},"canonical":"https:\/\/metaltale.com\/lv\/produkts\/stacionarais-izlietnes-maisitajs-teramo-melns-2\/","og_locale":"lv_LV","og_type":"article","og_title":"Stacion\u0101rais izlietnes mais\u012bt\u0101js TERAMO, melns - MetalTale.com","og_description":"Modelis QZ.MP-001-T-CZ Modern\u0101 kolekcija Augstums (cm ) 30,5 Augstums l\u012bdz izsmidzin\u0101t\u0101jam (cm ) 26 Materi\u0101ls Ner\u016bs\u0113jo\u0161ais t\u0113rauds Kr\u0101sa Melna Apdare","og_url":"https:\/\/metaltale.com\/lv\/produkts\/stacionarais-izlietnes-maisitajs-teramo-melns-2\/","og_site_name":"MetalTale.com","og_image":[{"width":800,"height":800,"url":"https:\/\/metaltale.com\/wp-content\/uploads\/2023\/10\/Stacionarus-praustuvo-maix161ytuvas-juodas-TERAMO-aukx161tas.jpg","type":"image\/jpeg"}],"twitter_card":"summary_large_image","twitter_misc":{"Est. reading time":"1 minute"},"schema":{"@context":"https:\/\/schema.org","@graph":[{"@type":"WebPage","@id":"https:\/\/metaltale.com\/lv\/produkts\/stacionarais-izlietnes-maisitajs-teramo-melns-2\/","url":"https:\/\/metaltale.com\/lv\/produkts\/stacionarais-izlietnes-maisitajs-teramo-melns-2\/","name":"Stacion\u0101rais izlietnes mais\u012bt\u0101js TERAMO, melns - MetalTale.com","isPartOf":{"@id":"https:\/\/metaltale.com\/lv\/#website"},"primaryImageOfPage":{"@id":"https:\/\/metaltale.com\/lv\/produkts\/stacionarais-izlietnes-maisitajs-teramo-melns-2\/#primaryimage"},"image":{"@id":"https:\/\/metaltale.com\/lv\/produkts\/stacionarais-izlietnes-maisitajs-teramo-melns-2\/#primaryimage"},"thumbnailUrl":"https:\/\/metaltale.com\/wp-content\/uploads\/2023\/10\/Stacionarus-praustuvo-maix161ytuvas-juodas-TERAMO-aukx161tas.jpg","datePublished":"2024-02-13T13:23:56+00:00","breadcrumb":{"@id":"https:\/\/metaltale.com\/lv\/produkts\/stacionarais-izlietnes-maisitajs-teramo-melns-2\/#breadcrumb"},"inLanguage":"lv-LV","potentialAction":[{"@type":"ReadAction","target":["https:\/\/metaltale.com\/lv\/produkts\/stacionarais-izlietnes-maisitajs-teramo-melns-2\/"]}]},{"@type":"ImageObject","inLanguage":"lv-LV","@id":"https:\/\/metaltale.com\/lv\/produkts\/stacionarais-izlietnes-maisitajs-teramo-melns-2\/#primaryimage","url":"https:\/\/metaltale.com\/wp-content\/uploads\/2023\/10\/Stacionarus-praustuvo-maix161ytuvas-juodas-TERAMO-aukx161tas.jpg","contentUrl":"https:\/\/metaltale.com\/wp-content\/uploads\/2023\/10\/Stacionarus-praustuvo-maix161ytuvas-juodas-TERAMO-aukx161tas.jpg","width":800,"height":800,"caption":"Stacion\u0101rais izlietnes mais\u012bt\u0101js TERAMO, melns"},{"@type":"BreadcrumbList","@id":"https:\/\/metaltale.com\/lv\/produkts\/stacionarais-izlietnes-maisitajs-teramo-melns-2\/#breadcrumb","itemListElement":[{"@type":"ListItem","position":1,"name":"Home","item":"https:\/\/metaltale.com\/lv\/majas\/"},{"@type":"ListItem","position":2,"name":"Veikals","item":"https:\/\/metaltale.com\/lv\/shop\/"},{"@type":"ListItem","position":3,"name":"Stacion\u0101rais izlietnes mais\u012bt\u0101js TERAMO, melns"}]},{"@type":"WebSite","@id":"https:\/\/metaltale.com\/lv\/#website","url":"https:\/\/metaltale.com\/lv\/","name":"Metaltale.com","description":"","potentialAction":[{"@type":"SearchAction","target":{"@type":"EntryPoint","urlTemplate":"https:\/\/metaltale.com\/lv\/?s={search_term_string}"},"query-input":{"@type":"PropertyValueSpecification","valueRequired":true,"valueName":"search_term_string"}}],"inLanguage":"lv-LV"}]}},"_links":{"self":[{"href":"https:\/\/metaltale.com\/lv\/wp-json\/wp\/v2\/product\/133629","targetHints":{"allow":["GET"]}}],"collection":[{"href":"https:\/\/metaltale.com\/lv\/wp-json\/wp\/v2\/product"}],"about":[{"href":"https:\/\/metaltale.com\/lv\/wp-json\/wp\/v2\/types\/product"}],"replies":[{"embeddable":true,"href":"https:\/\/metaltale.com\/lv\/wp-json\/wp\/v2\/comments?post=133629"}],"version-history":[{"count":0,"href":"https:\/\/metaltale.com\/lv\/wp-json\/wp\/v2\/product\/133629\/revisions"}],"wp:featuredmedia":[{"embeddable":true,"href":"https:\/\/metaltale.com\/lv\/wp-json\/wp\/v2\/media\/95956"}],"wp:attachment":[{"href":"https:\/\/metaltale.com\/lv\/wp-json\/wp\/v2\/media?parent=133629"}],"wp:term":[{"taxonomy":"product_brand","embeddable":true,"href":"https:\/\/metaltale.com\/lv\/wp-json\/wp\/v2\/product_brand?post=133629"},{"taxonomy":"product_cat","embeddable":true,"href":"https:\/\/metaltale.com\/lv\/wp-json\/wp\/v2\/product_cat?post=133629"},{"taxonomy":"product_tag","embeddable":true,"href":"https:\/\/metaltale.com\/lv\/wp-json\/wp\/v2\/product_tag?post=133629"}],"curies":[{"name":"wp","href":"https:\/\/api.w.org\/{rel}","templated":true}]}}