{"id":133605,"date":"2024-02-13T15:23:05","date_gmt":"2024-02-13T13:23:05","guid":{"rendered":"https:\/\/metaltale.com\/produktas\/mebelu-rokturis-cable-180-mm\/"},"modified":"2024-02-13T15:23:05","modified_gmt":"2024-02-13T13:23:05","slug":"mebelu-rokturis-cable-180-mm","status":"publish","type":"product","link":"https:\/\/metaltale.com\/lv\/produkts\/mebelu-rokturis-cable-180-mm\/","title":{"rendered":"M\u0113be\u013cu rokturis CABLE 180 mm"},"content":{"rendered":"<div class=\"prod_data\">\n<p><strong>Modelis<\/strong> 70.082.AI.XX<br \/>\nMateri\u0101ls Ketus<br \/>\nMont\u0101\u017eas skr\u016bves J\u0101<br \/>\nT\u0113rauda <strong>kr\u0101sa<\/strong> <\/p>\n<p>&#8211; Rokturis izgatavots no augst\u0101k\u0101s kvalit\u0101tes \u010duguna &#8211; iztur\u012bbas garantija<br \/>\n&#8211; nedaudz struktur\u0113t\u0101 virsma v\u0113l vair\u0101k paspilgtina zemniecisko raksturu.<br \/>\n&#8211; rokturis ir pieskr\u016bv\u0113ts, lai to uzst\u0101d\u012btu \u0101tri un bez piep\u016bles.<\/p>\n<hr>\n<p>Loka poga ir viens no klasisk\u0101k\u0101 dizaina retro m\u0113be\u013cu aksesu\u0101riem.<\/p>\n<p>T\u0101 &#8220;D&#8221; forma padara \u0161\u012b risin\u0101juma m\u0113be\u013cu ikdienas lieto\u0161anu \u013coti \u0113rtu. R\u016bp\u012bgi izgatavot\u0101 \u010duguna tum\u0161\u0101 kr\u0101sa \u013cauj interjer\u0101 rad\u012bt v\u0113lamo burv\u012bgo, idillisko atmosf\u0113ru. T\u0101s kompaktais izm\u0113rs sniedz lielu br\u012bv\u012bbu materi\u0101lu izv\u0113l\u0113 un viet\u0101, kur to var uzst\u0101d\u012bt.<\/p>\n<p>Komplekt\u0101 ietilpst stiprin\u0101juma skr\u016bves.<\/p>\n<table style=\"width: 100%;\" border=\"0\" align=\"center\">\n<tbody>\n<tr>\n<td>MODELIS<\/td>\n<td>PLOTIS<\/td>\n<td>HIGH SCHOOL<\/td>\n<td>ATT\u0100LUMS NO SIENAS<\/td>\n<td>VIRTUVES ZONA<\/td>\n<td><\/td>\n<\/tr>\n<tr>\n<td><\/td>\n<td><\/td>\n<td><\/td>\n<td><\/td>\n<td><\/td>\n<td><\/td>\n<\/tr>\n<tr>\n<td><\/td>\n<td><\/td>\n<td><\/td>\n<td><\/td>\n<td><\/td>\n<td><\/td>\n<\/tr>\n<tr>\n<td>Velenas 180<\/td>\n<td>180 mm<\/td>\n<td>21 mm<\/td>\n<td>32 mm<\/td>\n<td>155 mm<\/td>\n<td><\/td>\n<\/tr>\n<\/tbody>\n<\/table>\n<p>&nbsp;<\/p>\n<\/div>\n","protected":false},"excerpt":{"rendered":"<p>Modelis 70.082.AI.XX Materi\u0101ls Ketus Mont\u0101\u017eas skr\u016bves J\u0101 T\u0113rauda kr\u0101sa &#8211; Rokturis izgatavots no augst\u0101k\u0101s kvalit\u0101tes \u010duguna &#8211; iztur\u012bbas garantija &#8211;<\/p>\n","protected":false},"featured_media":104260,"comment_status":"open","ping_status":"closed","template":"","meta":{"_acf_changed":false,"pmpro_default_level":""},"product_brand":[],"product_cat":[23837,23838,23843],"product_tag":[],"class_list":{"0":"post-133605","1":"product","2":"type-product","3":"status-publish","4":"has-post-thumbnail","6":"product_cat-mebeles-piederumi","7":"product_cat-mebelu-rokturi","8":"product_cat-skapju-rokturi","9":"pmpro-has-access","11":"first","12":"instock","13":"shipping-taxable","14":"purchasable","15":"product-type-simple"},"acf":[],"yoast_head":"<!-- This site is optimized with the Yoast SEO plugin v24.9 - https:\/\/yoast.com\/wordpress\/plugins\/seo\/ -->\n<title>M\u0113be\u013cu rokturis CABLE 180 mm - MetalTale.com<\/title>\n<meta name=\"robots\" content=\"index, follow, max-snippet:-1, max-image-preview:large, max-video-preview:-1\" \/>\n<link rel=\"canonical\" href=\"https:\/\/metaltale.com\/lv\/produkts\/mebelu-rokturis-cable-180-mm\/\" \/>\n<meta property=\"og:locale\" content=\"lv_LV\" \/>\n<meta property=\"og:type\" content=\"article\" \/>\n<meta property=\"og:title\" content=\"M\u0113be\u013cu rokturis CABLE 180 mm - MetalTale.com\" \/>\n<meta property=\"og:description\" content=\"Modelis 70.082.AI.XX Materi\u0101ls Ketus Mont\u0101\u017eas skr\u016bves J\u0101 T\u0113rauda kr\u0101sa &#8211; Rokturis izgatavots no augst\u0101k\u0101s kvalit\u0101tes \u010duguna &#8211; iztur\u012bbas garantija &#8211;\" \/>\n<meta property=\"og:url\" content=\"https:\/\/metaltale.com\/lv\/produkts\/mebelu-rokturis-cable-180-mm\/\" \/>\n<meta property=\"og:site_name\" content=\"MetalTale.com\" \/>\n<meta name=\"twitter:card\" content=\"summary_large_image\" \/>\n<meta name=\"twitter:label1\" content=\"Est. reading time\" \/>\n\t<meta name=\"twitter:data1\" content=\"1 minute\" \/>\n<script type=\"application\/ld+json\" class=\"yoast-schema-graph\">{\"@context\":\"https:\/\/schema.org\",\"@graph\":[{\"@type\":\"WebPage\",\"@id\":\"https:\/\/metaltale.com\/lv\/produkts\/mebelu-rokturis-cable-180-mm\/\",\"url\":\"https:\/\/metaltale.com\/lv\/produkts\/mebelu-rokturis-cable-180-mm\/\",\"name\":\"M\u0113be\u013cu rokturis CABLE 180 mm - MetalTale.com\",\"isPartOf\":{\"@id\":\"https:\/\/metaltale.com\/lv\/#website\"},\"primaryImageOfPage\":{\"@id\":\"https:\/\/metaltale.com\/lv\/produkts\/mebelu-rokturis-cable-180-mm\/#primaryimage\"},\"image\":{\"@id\":\"https:\/\/metaltale.com\/lv\/produkts\/mebelu-rokturis-cable-180-mm\/#primaryimage\"},\"thumbnailUrl\":\"https:\/\/metaltale.com\/wp-content\/uploads\/2023\/11\/Baldx173-rankena-CABLE-80-mm.jpg\",\"datePublished\":\"2024-02-13T13:23:05+00:00\",\"breadcrumb\":{\"@id\":\"https:\/\/metaltale.com\/lv\/produkts\/mebelu-rokturis-cable-180-mm\/#breadcrumb\"},\"inLanguage\":\"lv-LV\",\"potentialAction\":[{\"@type\":\"ReadAction\",\"target\":[\"https:\/\/metaltale.com\/lv\/produkts\/mebelu-rokturis-cable-180-mm\/\"]}]},{\"@type\":\"ImageObject\",\"inLanguage\":\"lv-LV\",\"@id\":\"https:\/\/metaltale.com\/lv\/produkts\/mebelu-rokturis-cable-180-mm\/#primaryimage\",\"url\":\"https:\/\/metaltale.com\/wp-content\/uploads\/2023\/11\/Baldx173-rankena-CABLE-80-mm.jpg\",\"contentUrl\":\"https:\/\/metaltale.com\/wp-content\/uploads\/2023\/11\/Baldx173-rankena-CABLE-80-mm.jpg\",\"width\":800,\"height\":800,\"caption\":\"M\u0113be\u013cu rokturis CABLE 80 mm\"},{\"@type\":\"BreadcrumbList\",\"@id\":\"https:\/\/metaltale.com\/lv\/produkts\/mebelu-rokturis-cable-180-mm\/#breadcrumb\",\"itemListElement\":[{\"@type\":\"ListItem\",\"position\":1,\"name\":\"Home\",\"item\":\"https:\/\/metaltale.com\/lv\/majas\/\"},{\"@type\":\"ListItem\",\"position\":2,\"name\":\"Veikals\",\"item\":\"https:\/\/metaltale.com\/lv\/shop\/\"},{\"@type\":\"ListItem\",\"position\":3,\"name\":\"M\u0113be\u013cu rokturis CABLE 180 mm\"}]},{\"@type\":\"WebSite\",\"@id\":\"https:\/\/metaltale.com\/lv\/#website\",\"url\":\"https:\/\/metaltale.com\/lv\/\",\"name\":\"Metaltale.com\",\"description\":\"\",\"potentialAction\":[{\"@type\":\"SearchAction\",\"target\":{\"@type\":\"EntryPoint\",\"urlTemplate\":\"https:\/\/metaltale.com\/lv\/?s={search_term_string}\"},\"query-input\":{\"@type\":\"PropertyValueSpecification\",\"valueRequired\":true,\"valueName\":\"search_term_string\"}}],\"inLanguage\":\"lv-LV\"}]}<\/script>\n<!-- \/ Yoast SEO plugin. -->","yoast_head_json":{"title":"M\u0113be\u013cu rokturis CABLE 180 mm - MetalTale.com","robots":{"index":"index","follow":"follow","max-snippet":"max-snippet:-1","max-image-preview":"max-image-preview:large","max-video-preview":"max-video-preview:-1"},"canonical":"https:\/\/metaltale.com\/lv\/produkts\/mebelu-rokturis-cable-180-mm\/","og_locale":"lv_LV","og_type":"article","og_title":"M\u0113be\u013cu rokturis CABLE 180 mm - MetalTale.com","og_description":"Modelis 70.082.AI.XX Materi\u0101ls Ketus Mont\u0101\u017eas skr\u016bves J\u0101 T\u0113rauda kr\u0101sa &#8211; Rokturis izgatavots no augst\u0101k\u0101s kvalit\u0101tes \u010duguna &#8211; iztur\u012bbas garantija &#8211;","og_url":"https:\/\/metaltale.com\/lv\/produkts\/mebelu-rokturis-cable-180-mm\/","og_site_name":"MetalTale.com","twitter_card":"summary_large_image","twitter_misc":{"Est. reading time":"1 minute"},"schema":{"@context":"https:\/\/schema.org","@graph":[{"@type":"WebPage","@id":"https:\/\/metaltale.com\/lv\/produkts\/mebelu-rokturis-cable-180-mm\/","url":"https:\/\/metaltale.com\/lv\/produkts\/mebelu-rokturis-cable-180-mm\/","name":"M\u0113be\u013cu rokturis CABLE 180 mm - MetalTale.com","isPartOf":{"@id":"https:\/\/metaltale.com\/lv\/#website"},"primaryImageOfPage":{"@id":"https:\/\/metaltale.com\/lv\/produkts\/mebelu-rokturis-cable-180-mm\/#primaryimage"},"image":{"@id":"https:\/\/metaltale.com\/lv\/produkts\/mebelu-rokturis-cable-180-mm\/#primaryimage"},"thumbnailUrl":"https:\/\/metaltale.com\/wp-content\/uploads\/2023\/11\/Baldx173-rankena-CABLE-80-mm.jpg","datePublished":"2024-02-13T13:23:05+00:00","breadcrumb":{"@id":"https:\/\/metaltale.com\/lv\/produkts\/mebelu-rokturis-cable-180-mm\/#breadcrumb"},"inLanguage":"lv-LV","potentialAction":[{"@type":"ReadAction","target":["https:\/\/metaltale.com\/lv\/produkts\/mebelu-rokturis-cable-180-mm\/"]}]},{"@type":"ImageObject","inLanguage":"lv-LV","@id":"https:\/\/metaltale.com\/lv\/produkts\/mebelu-rokturis-cable-180-mm\/#primaryimage","url":"https:\/\/metaltale.com\/wp-content\/uploads\/2023\/11\/Baldx173-rankena-CABLE-80-mm.jpg","contentUrl":"https:\/\/metaltale.com\/wp-content\/uploads\/2023\/11\/Baldx173-rankena-CABLE-80-mm.jpg","width":800,"height":800,"caption":"M\u0113be\u013cu rokturis CABLE 80 mm"},{"@type":"BreadcrumbList","@id":"https:\/\/metaltale.com\/lv\/produkts\/mebelu-rokturis-cable-180-mm\/#breadcrumb","itemListElement":[{"@type":"ListItem","position":1,"name":"Home","item":"https:\/\/metaltale.com\/lv\/majas\/"},{"@type":"ListItem","position":2,"name":"Veikals","item":"https:\/\/metaltale.com\/lv\/shop\/"},{"@type":"ListItem","position":3,"name":"M\u0113be\u013cu rokturis CABLE 180 mm"}]},{"@type":"WebSite","@id":"https:\/\/metaltale.com\/lv\/#website","url":"https:\/\/metaltale.com\/lv\/","name":"Metaltale.com","description":"","potentialAction":[{"@type":"SearchAction","target":{"@type":"EntryPoint","urlTemplate":"https:\/\/metaltale.com\/lv\/?s={search_term_string}"},"query-input":{"@type":"PropertyValueSpecification","valueRequired":true,"valueName":"search_term_string"}}],"inLanguage":"lv-LV"}]}},"_links":{"self":[{"href":"https:\/\/metaltale.com\/lv\/wp-json\/wp\/v2\/product\/133605","targetHints":{"allow":["GET"]}}],"collection":[{"href":"https:\/\/metaltale.com\/lv\/wp-json\/wp\/v2\/product"}],"about":[{"href":"https:\/\/metaltale.com\/lv\/wp-json\/wp\/v2\/types\/product"}],"replies":[{"embeddable":true,"href":"https:\/\/metaltale.com\/lv\/wp-json\/wp\/v2\/comments?post=133605"}],"version-history":[{"count":0,"href":"https:\/\/metaltale.com\/lv\/wp-json\/wp\/v2\/product\/133605\/revisions"}],"wp:featuredmedia":[{"embeddable":true,"href":"https:\/\/metaltale.com\/lv\/wp-json\/wp\/v2\/media\/104260"}],"wp:attachment":[{"href":"https:\/\/metaltale.com\/lv\/wp-json\/wp\/v2\/media?parent=133605"}],"wp:term":[{"taxonomy":"product_brand","embeddable":true,"href":"https:\/\/metaltale.com\/lv\/wp-json\/wp\/v2\/product_brand?post=133605"},{"taxonomy":"product_cat","embeddable":true,"href":"https:\/\/metaltale.com\/lv\/wp-json\/wp\/v2\/product_cat?post=133605"},{"taxonomy":"product_tag","embeddable":true,"href":"https:\/\/metaltale.com\/lv\/wp-json\/wp\/v2\/product_tag?post=133605"}],"curies":[{"name":"wp","href":"https:\/\/api.w.org\/{rel}","templated":true}]}}