{"id":133600,"date":"2024-02-13T15:21:45","date_gmt":"2024-02-13T13:21:45","guid":{"rendered":"https:\/\/metaltale.com\/produktas\/durvju-rokturis-lincoln-72-mm-ar-serdi\/"},"modified":"2024-02-13T15:21:45","modified_gmt":"2024-02-13T13:21:45","slug":"durvju-rokturis-lincoln-72-mm-ar-serdi","status":"publish","type":"product","link":"https:\/\/metaltale.com\/lv\/produkts\/durvju-rokturis-lincoln-72-mm-ar-serdi\/","title":{"rendered":"Durvju rokturis LINCOLN 72 mm ar serdi"},"content":{"rendered":"<div class=\"prod_data\">\n<h2>M\u0113be\u013cu furnit\u016bra &#8211; Durvju rokturis LINCOLN 72 mm ar l\u0101psti\u0146\u0101m<\/h2>\n<p><strong>Modelis:<\/strong> B.LNKL-72<br \/>\n<strong>Materi\u0101ls:<\/strong> t\u0113rauds<br \/>\n<strong>Kop\u0113jais augstums (cm<\/strong> ): 25<br \/>\n<strong>Kop\u0113jais platums (cm<\/strong> ): 13,5<br \/>\n<strong>Kop\u0113j\u0101 projekcija (cm<\/strong> ): 6<br \/>\n<strong>Roktura garums (mm<\/strong> ): 120<br \/>\n<strong>Att\u0101lums starp stiprin\u0101juma caurumiem (mm):<\/strong> 193<br \/>\n<strong>Att\u0101lums starp rokturi un atsl\u0113gas caurumu (mm):<\/strong> 72<br \/>\n<strong>Kr\u0101sa:<\/strong> melna, mat\u0113ta<br \/>\n<strong>Apdare:<\/strong> pulverkr\u0101sa<br \/>\n<strong>Daudzums komplekt\u0101<\/strong> 1 rokturis (durv\u012bm ab\u0101s pus\u0113s) + serde + stiprin\u0101juma skr\u016bves<\/p>\n<p>LINCOLN meln\u0101 t\u0113rauda rokturi ir lieliska izv\u0113le gan iek\u0161durv\u012bm, gan \u0101rdurv\u012bm. \u0160\u012bs s\u0113rijas rokturiem nav autom\u0101tisk\u0101 roktura atlek\u0161anas meh\u0101nisma. Katr\u0101 rokturu komplekt\u0101 ietilpst: divi rokturi (vien\u0101m durv\u012bm katr\u0101 pus\u0113), serde un nepiecie\u0161amais mont\u0101\u017eas apr\u012bkojums.<\/p>\n<\/div>\n","protected":false},"excerpt":{"rendered":"<p>M\u0113be\u013cu furnit\u016bra &#8211; Durvju rokturis LINCOLN 72 mm ar l\u0101psti\u0146\u0101m Modelis: B.LNKL-72 Materi\u0101ls: t\u0113rauds Kop\u0113jais augstums (cm ): 25 Kop\u0113jais<\/p>\n","protected":false},"featured_media":86932,"comment_status":"open","ping_status":"closed","template":"","meta":{"_acf_changed":false,"pmpro_default_level":""},"product_brand":[],"product_cat":[24134,24123,24081,23837],"product_tag":[],"class_list":{"0":"post-133600","1":"product","2":"type-product","3":"status-publish","4":"has-post-thumbnail","6":"product_cat-durvju-rokturi","7":"product_cat-metala-durvju-rokturi","8":"product_cat-rokturi","9":"product_cat-mebeles-piederumi","10":"pmpro-has-access","12":"first","13":"instock","14":"shipping-taxable","15":"purchasable","16":"product-type-simple"},"acf":[],"yoast_head":"<!-- This site is optimized with the Yoast SEO plugin v24.9 - https:\/\/yoast.com\/wordpress\/plugins\/seo\/ -->\n<title>Durvju rokturis LINCOLN 72 mm ar serdi - MetalTale.com<\/title>\n<meta name=\"robots\" content=\"index, follow, max-snippet:-1, max-image-preview:large, max-video-preview:-1\" \/>\n<link rel=\"canonical\" href=\"https:\/\/metaltale.com\/lv\/produkts\/durvju-rokturis-lincoln-72-mm-ar-serdi\/\" \/>\n<meta property=\"og:locale\" content=\"lv_LV\" \/>\n<meta property=\"og:type\" content=\"article\" \/>\n<meta property=\"og:title\" content=\"Durvju rokturis LINCOLN 72 mm ar serdi - MetalTale.com\" \/>\n<meta property=\"og:description\" content=\"M\u0113be\u013cu furnit\u016bra &#8211; Durvju rokturis LINCOLN 72 mm ar l\u0101psti\u0146\u0101m Modelis: B.LNKL-72 Materi\u0101ls: t\u0113rauds Kop\u0113jais augstums (cm ): 25 Kop\u0113jais\" \/>\n<meta property=\"og:url\" content=\"https:\/\/metaltale.com\/lv\/produkts\/durvju-rokturis-lincoln-72-mm-ar-serdi\/\" \/>\n<meta property=\"og:site_name\" content=\"MetalTale.com\" \/>\n<meta name=\"twitter:card\" content=\"summary_large_image\" \/>\n<meta name=\"twitter:label1\" content=\"Est. reading time\" \/>\n\t<meta name=\"twitter:data1\" content=\"1 minute\" \/>\n<script type=\"application\/ld+json\" class=\"yoast-schema-graph\">{\"@context\":\"https:\/\/schema.org\",\"@graph\":[{\"@type\":\"WebPage\",\"@id\":\"https:\/\/metaltale.com\/lv\/produkts\/durvju-rokturis-lincoln-72-mm-ar-serdi\/\",\"url\":\"https:\/\/metaltale.com\/lv\/produkts\/durvju-rokturis-lincoln-72-mm-ar-serdi\/\",\"name\":\"Durvju rokturis LINCOLN 72 mm ar serdi - MetalTale.com\",\"isPartOf\":{\"@id\":\"https:\/\/metaltale.com\/lv\/#website\"},\"primaryImageOfPage\":{\"@id\":\"https:\/\/metaltale.com\/lv\/produkts\/durvju-rokturis-lincoln-72-mm-ar-serdi\/#primaryimage\"},\"image\":{\"@id\":\"https:\/\/metaltale.com\/lv\/produkts\/durvju-rokturis-lincoln-72-mm-ar-serdi\/#primaryimage\"},\"thumbnailUrl\":\"https:\/\/metaltale.com\/wp-content\/uploads\/2023\/10\/LINCOLN-rankena-su-apvaliu-x17Eenklu-16.jpg\",\"datePublished\":\"2024-02-13T13:21:45+00:00\",\"breadcrumb\":{\"@id\":\"https:\/\/metaltale.com\/lv\/produkts\/durvju-rokturis-lincoln-72-mm-ar-serdi\/#breadcrumb\"},\"inLanguage\":\"lv-LV\",\"potentialAction\":[{\"@type\":\"ReadAction\",\"target\":[\"https:\/\/metaltale.com\/lv\/produkts\/durvju-rokturis-lincoln-72-mm-ar-serdi\/\"]}]},{\"@type\":\"ImageObject\",\"inLanguage\":\"lv-LV\",\"@id\":\"https:\/\/metaltale.com\/lv\/produkts\/durvju-rokturis-lincoln-72-mm-ar-serdi\/#primaryimage\",\"url\":\"https:\/\/metaltale.com\/wp-content\/uploads\/2023\/10\/LINCOLN-rankena-su-apvaliu-x17Eenklu-16.jpg\",\"contentUrl\":\"https:\/\/metaltale.com\/wp-content\/uploads\/2023\/10\/LINCOLN-rankena-su-apvaliu-x17Eenklu-16.jpg\",\"width\":800,\"height\":800,\"caption\":\"Durvju rokturis LINCOLN 72mm ar serdi\"},{\"@type\":\"BreadcrumbList\",\"@id\":\"https:\/\/metaltale.com\/lv\/produkts\/durvju-rokturis-lincoln-72-mm-ar-serdi\/#breadcrumb\",\"itemListElement\":[{\"@type\":\"ListItem\",\"position\":1,\"name\":\"Home\",\"item\":\"https:\/\/metaltale.com\/lv\/majas\/\"},{\"@type\":\"ListItem\",\"position\":2,\"name\":\"Veikals\",\"item\":\"https:\/\/metaltale.com\/lv\/shop\/\"},{\"@type\":\"ListItem\",\"position\":3,\"name\":\"Durvju rokturis LINCOLN 72 mm ar serdi\"}]},{\"@type\":\"WebSite\",\"@id\":\"https:\/\/metaltale.com\/lv\/#website\",\"url\":\"https:\/\/metaltale.com\/lv\/\",\"name\":\"Metaltale.com\",\"description\":\"\",\"potentialAction\":[{\"@type\":\"SearchAction\",\"target\":{\"@type\":\"EntryPoint\",\"urlTemplate\":\"https:\/\/metaltale.com\/lv\/?s={search_term_string}\"},\"query-input\":{\"@type\":\"PropertyValueSpecification\",\"valueRequired\":true,\"valueName\":\"search_term_string\"}}],\"inLanguage\":\"lv-LV\"}]}<\/script>\n<!-- \/ Yoast SEO plugin. -->","yoast_head_json":{"title":"Durvju rokturis LINCOLN 72 mm ar serdi - MetalTale.com","robots":{"index":"index","follow":"follow","max-snippet":"max-snippet:-1","max-image-preview":"max-image-preview:large","max-video-preview":"max-video-preview:-1"},"canonical":"https:\/\/metaltale.com\/lv\/produkts\/durvju-rokturis-lincoln-72-mm-ar-serdi\/","og_locale":"lv_LV","og_type":"article","og_title":"Durvju rokturis LINCOLN 72 mm ar serdi - MetalTale.com","og_description":"M\u0113be\u013cu furnit\u016bra &#8211; Durvju rokturis LINCOLN 72 mm ar l\u0101psti\u0146\u0101m Modelis: B.LNKL-72 Materi\u0101ls: t\u0113rauds Kop\u0113jais augstums (cm ): 25 Kop\u0113jais","og_url":"https:\/\/metaltale.com\/lv\/produkts\/durvju-rokturis-lincoln-72-mm-ar-serdi\/","og_site_name":"MetalTale.com","twitter_card":"summary_large_image","twitter_misc":{"Est. reading time":"1 minute"},"schema":{"@context":"https:\/\/schema.org","@graph":[{"@type":"WebPage","@id":"https:\/\/metaltale.com\/lv\/produkts\/durvju-rokturis-lincoln-72-mm-ar-serdi\/","url":"https:\/\/metaltale.com\/lv\/produkts\/durvju-rokturis-lincoln-72-mm-ar-serdi\/","name":"Durvju rokturis LINCOLN 72 mm ar serdi - MetalTale.com","isPartOf":{"@id":"https:\/\/metaltale.com\/lv\/#website"},"primaryImageOfPage":{"@id":"https:\/\/metaltale.com\/lv\/produkts\/durvju-rokturis-lincoln-72-mm-ar-serdi\/#primaryimage"},"image":{"@id":"https:\/\/metaltale.com\/lv\/produkts\/durvju-rokturis-lincoln-72-mm-ar-serdi\/#primaryimage"},"thumbnailUrl":"https:\/\/metaltale.com\/wp-content\/uploads\/2023\/10\/LINCOLN-rankena-su-apvaliu-x17Eenklu-16.jpg","datePublished":"2024-02-13T13:21:45+00:00","breadcrumb":{"@id":"https:\/\/metaltale.com\/lv\/produkts\/durvju-rokturis-lincoln-72-mm-ar-serdi\/#breadcrumb"},"inLanguage":"lv-LV","potentialAction":[{"@type":"ReadAction","target":["https:\/\/metaltale.com\/lv\/produkts\/durvju-rokturis-lincoln-72-mm-ar-serdi\/"]}]},{"@type":"ImageObject","inLanguage":"lv-LV","@id":"https:\/\/metaltale.com\/lv\/produkts\/durvju-rokturis-lincoln-72-mm-ar-serdi\/#primaryimage","url":"https:\/\/metaltale.com\/wp-content\/uploads\/2023\/10\/LINCOLN-rankena-su-apvaliu-x17Eenklu-16.jpg","contentUrl":"https:\/\/metaltale.com\/wp-content\/uploads\/2023\/10\/LINCOLN-rankena-su-apvaliu-x17Eenklu-16.jpg","width":800,"height":800,"caption":"Durvju rokturis LINCOLN 72mm ar serdi"},{"@type":"BreadcrumbList","@id":"https:\/\/metaltale.com\/lv\/produkts\/durvju-rokturis-lincoln-72-mm-ar-serdi\/#breadcrumb","itemListElement":[{"@type":"ListItem","position":1,"name":"Home","item":"https:\/\/metaltale.com\/lv\/majas\/"},{"@type":"ListItem","position":2,"name":"Veikals","item":"https:\/\/metaltale.com\/lv\/shop\/"},{"@type":"ListItem","position":3,"name":"Durvju rokturis LINCOLN 72 mm ar serdi"}]},{"@type":"WebSite","@id":"https:\/\/metaltale.com\/lv\/#website","url":"https:\/\/metaltale.com\/lv\/","name":"Metaltale.com","description":"","potentialAction":[{"@type":"SearchAction","target":{"@type":"EntryPoint","urlTemplate":"https:\/\/metaltale.com\/lv\/?s={search_term_string}"},"query-input":{"@type":"PropertyValueSpecification","valueRequired":true,"valueName":"search_term_string"}}],"inLanguage":"lv-LV"}]}},"_links":{"self":[{"href":"https:\/\/metaltale.com\/lv\/wp-json\/wp\/v2\/product\/133600","targetHints":{"allow":["GET"]}}],"collection":[{"href":"https:\/\/metaltale.com\/lv\/wp-json\/wp\/v2\/product"}],"about":[{"href":"https:\/\/metaltale.com\/lv\/wp-json\/wp\/v2\/types\/product"}],"replies":[{"embeddable":true,"href":"https:\/\/metaltale.com\/lv\/wp-json\/wp\/v2\/comments?post=133600"}],"version-history":[{"count":0,"href":"https:\/\/metaltale.com\/lv\/wp-json\/wp\/v2\/product\/133600\/revisions"}],"wp:featuredmedia":[{"embeddable":true,"href":"https:\/\/metaltale.com\/lv\/wp-json\/wp\/v2\/media\/86932"}],"wp:attachment":[{"href":"https:\/\/metaltale.com\/lv\/wp-json\/wp\/v2\/media?parent=133600"}],"wp:term":[{"taxonomy":"product_brand","embeddable":true,"href":"https:\/\/metaltale.com\/lv\/wp-json\/wp\/v2\/product_brand?post=133600"},{"taxonomy":"product_cat","embeddable":true,"href":"https:\/\/metaltale.com\/lv\/wp-json\/wp\/v2\/product_cat?post=133600"},{"taxonomy":"product_tag","embeddable":true,"href":"https:\/\/metaltale.com\/lv\/wp-json\/wp\/v2\/product_tag?post=133600"}],"curies":[{"name":"wp","href":"https:\/\/api.w.org\/{rel}","templated":true}]}}