{"id":133566,"date":"2024-02-13T15:21:04","date_gmt":"2024-02-13T13:21:04","guid":{"rendered":"https:\/\/metaltale.com\/produktas\/ozolkoka-koka-bidamas-durvis-one-board-basic-100-110x210\/"},"modified":"2024-02-13T15:21:04","modified_gmt":"2024-02-13T13:21:04","slug":"ozolkoka-koka-bidamas-durvis-one-board-basic-100-110x210","status":"publish","type":"product","link":"https:\/\/metaltale.com\/lv\/produkts\/ozolkoka-koka-bidamas-durvis-one-board-basic-100-110x210\/","title":{"rendered":"Ozolkoka koka b\u012bd\u0101m\u0101s durvis ONE BOARD BASIC 100-110&#215;210"},"content":{"rendered":"<div class=\"prod_data\">\n<p><strong>Modelis<\/strong> ONE.B<br \/>\n<strong>EAN.<\/strong>  5907772071083<br \/>\nMateri\u0101ls Ozolkoka koks<br \/>\nBiezums (cm ) 3,5<br \/>\n<strong>Kop\u0113jais augstums (cm<\/strong> ) 210<br \/>\n<strong>Kop\u0113jais platums (cm<\/strong> ) 100-110<br \/>\n<strong>Apdare<\/strong> Rough<br \/>\n<strong>PAPILDU INFORM\u0100CIJA<\/strong> Pied\u0101v\u0101jums attiecas tikai uz vienu durvju paneli un neietver b\u012bd\u0101mo sist\u0113mu un citus piederumus.<\/p>\n<hr>\n<p>&#8220;One Board Basic ir augst\u0101k\u0101s kvalit\u0101tes kombin\u0101cija m\u016bsdien\u012bg\u0101 form\u0101, \u0113rta lieto\u0161ana un neparasts dizains vispras\u012bg\u0101kajiem dabas m\u012b\u013cot\u0101jiem.<\/p>\n<p>One Board Basic ir b\u012bd\u0101m\u0101s durvis, kas izgatavotas no \u012bpa\u0161i atlas\u012btas ozolkoka koksnes, kura ir \u013coti iztur\u012bga un iztur\u012bga, t\u0101p\u0113c ir ide\u0101li piem\u0113rota ikdienas lieto\u0161anai. One Board Basic durvju nevienm\u0113r\u012bg\u0101s malas pie\u0161\u0137ir t\u0101m dabisku un neregul\u0101ru formu, padarot katru gabalu unik\u0101lu.<\/p>\n<p>&#8220;One Board Basic&#8221; durv\u012bm ir rakstur\u012bgas dabiskas kr\u0101su izmai\u0146as, plaisas un plaisas, k\u0101 ar\u012b var b\u016bt padzi\u013cin\u0101jumi, mezgli vai balo\u017eu astes savienojumi, kas pie\u0161\u0137ir durv\u012bm raksturu un ori\u0123inalit\u0101ti.<\/p>\n<p>Lai nodro\u0161in\u0101tu maksim\u0101lu iztur\u012bbu, One Board Basic ir papildus aizsarg\u0101ta pret deform\u0101ciju: \u012bs\u0101ko malu aizsarg\u0101jo\u0161\u0101s \u0161\u0137iedras un pastiprino\u0161\u0101s sloksnes nodro\u0161ina aizsardz\u012bbu, savuk\u0101rt durvju izejmateri\u0101ls ir vair\u0101k nek\u0101 iztur\u012bgs.<\/p>\n<p>Katras One Board Basic durvis ir unik\u0101las savas formas un nel\u012bdzen\u0101s virsmas d\u0113\u013c. Lai vislab\u0101k atspogu\u013cotu vietas, kur\u0101 tie tiks uzst\u0101d\u012bti, raksturu, aicin\u0101m izv\u0113l\u0113ties m\u016bsu veikal\u0101 pieejam\u0101s vadotnes, rokturus un citus piederumus. M\u0113s pied\u0101v\u0101jam neapstr\u0101d\u0101tas durvis vai durvis, kas kr\u0101sotas ar dab\u012bgo e\u013c\u013cu vai br\u016bnu kr\u0101su. Iesp\u0113ja konfigur\u0113t atsevi\u0161\u0137us elementus padara durvis unik\u0101las un piel\u0101gotas individu\u0101laj\u0101m v\u0113lm\u0113m un gaumei.<\/p>\n<p>One Board Basic ir ide\u0101li piem\u0113rots modernam, b\u0113ni\u0146u vai lauku interjeram. Neraugoties uz ozolkoka durvju mas\u012bvumu, t\u0101s nep\u0101rbl\u012bv\u0113 telpu, bet aiz\u0146em daudz maz\u0101k vietas nek\u0101 tradicion\u0101l\u0101s durvis, turkl\u0101t koka dabiskums noz\u012bm\u0113, ka t\u0101s vienm\u0113r b\u016bs modernas un m\u016b\u017e\u012bgas.<\/p>\n<p>Funkcijas, kas padara One Board Basic ide\u0101li piem\u0113rotu j\u016bsu interjeram, ir \u0161\u0101das:<br \/>\n&#8211; dabiskums,<br \/>\n&#8211; unikalit\u0101te &#8211; katrs gabals ir individu\u0101ls dabas darbs,<br \/>\n&#8211; visaugst\u0101k\u0101 apstr\u0101des kvalit\u0101te,<br \/>\n&#8211; \u013boti iztur\u012bgs un stabils ozolkoka mas\u012bvkoks.<\/p>\n<hr>\n<p><strong>Lai ieg\u0101d\u0101tos apak\u0161\u0113jo sliedi, kas atbilst b\u012bd\u0101maj\u0101m durv\u012bm ONE BOARD, l\u016bdzu, skatiet zem\u0101k eso\u0161o sada\u013cu &#8220;Saist\u012btie produkti&#8221;.<\/strong><\/p>\n<p>**Pied\u0101v\u0101jums attiecas tikai uz durv\u012bm un neietver b\u012bd\u0101mo sist\u0113mu un citus piederumus.<\/p>\n<p>***I Ja pas\u016bt\u012bjumu veicat, nenor\u0101dot ier\u012bci, t\u0101 tiks izv\u0113l\u0113ta p\u0113c nejau\u0161\u012bbas principa.<\/p>\n<hr>\n<\/div>\n","protected":false},"excerpt":{"rendered":"<p>Modelis ONE.B EAN. 5907772071083 Materi\u0101ls Ozolkoka koks Biezums (cm ) 3,5 Kop\u0113jais augstums (cm ) 210 Kop\u0113jais platums (cm )<\/p>\n","protected":false},"featured_media":114901,"comment_status":"open","ping_status":"closed","template":"","meta":{"_acf_changed":false,"pmpro_default_level":""},"product_brand":[],"product_cat":[24074],"product_tag":[],"class_list":{"0":"post-133566","1":"product","2":"type-product","3":"status-publish","4":"has-post-thumbnail","6":"product_cat-ozolkoka-bidamas-durvis","7":"pmpro-has-access","9":"first","10":"outofstock","11":"shipping-taxable","12":"purchasable","13":"product-type-simple"},"acf":[],"yoast_head":"<!-- This site is optimized with the Yoast SEO plugin v24.9 - https:\/\/yoast.com\/wordpress\/plugins\/seo\/ -->\n<title>Ozolkoka koka b\u012bd\u0101m\u0101s durvis ONE BOARD BASIC 100-110x210 - MetalTale.com<\/title>\n<meta name=\"robots\" content=\"index, follow, max-snippet:-1, max-image-preview:large, max-video-preview:-1\" \/>\n<link rel=\"canonical\" href=\"https:\/\/metaltale.com\/lv\/produkts\/ozolkoka-koka-bidamas-durvis-one-board-basic-100-110x210\/\" \/>\n<meta property=\"og:locale\" content=\"lv_LV\" \/>\n<meta property=\"og:type\" content=\"article\" \/>\n<meta property=\"og:title\" content=\"Ozolkoka koka b\u012bd\u0101m\u0101s durvis ONE BOARD BASIC 100-110x210 - MetalTale.com\" \/>\n<meta property=\"og:description\" content=\"Modelis ONE.B EAN. 5907772071083 Materi\u0101ls Ozolkoka koks Biezums (cm ) 3,5 Kop\u0113jais augstums (cm ) 210 Kop\u0113jais platums (cm )\" \/>\n<meta property=\"og:url\" content=\"https:\/\/metaltale.com\/lv\/produkts\/ozolkoka-koka-bidamas-durvis-one-board-basic-100-110x210\/\" \/>\n<meta property=\"og:site_name\" content=\"MetalTale.com\" \/>\n<meta property=\"og:image\" content=\"https:\/\/metaltale.com\/wp-content\/uploads\/2023\/11\/Durys-ONE-BOARD-100-110x210-Neapdorotos.jpg\" \/>\n\t<meta property=\"og:image:width\" content=\"800\" \/>\n\t<meta property=\"og:image:height\" content=\"800\" \/>\n\t<meta property=\"og:image:type\" content=\"image\/jpeg\" \/>\n<meta name=\"twitter:card\" content=\"summary_large_image\" \/>\n<meta name=\"twitter:label1\" content=\"Est. reading time\" \/>\n\t<meta name=\"twitter:data1\" content=\"2 minutes\" \/>\n<script type=\"application\/ld+json\" class=\"yoast-schema-graph\">{\"@context\":\"https:\/\/schema.org\",\"@graph\":[{\"@type\":\"WebPage\",\"@id\":\"https:\/\/metaltale.com\/lv\/produkts\/ozolkoka-koka-bidamas-durvis-one-board-basic-100-110x210\/\",\"url\":\"https:\/\/metaltale.com\/lv\/produkts\/ozolkoka-koka-bidamas-durvis-one-board-basic-100-110x210\/\",\"name\":\"Ozolkoka koka b\u012bd\u0101m\u0101s durvis ONE BOARD BASIC 100-110x210 - MetalTale.com\",\"isPartOf\":{\"@id\":\"https:\/\/metaltale.com\/lv\/#website\"},\"primaryImageOfPage\":{\"@id\":\"https:\/\/metaltale.com\/lv\/produkts\/ozolkoka-koka-bidamas-durvis-one-board-basic-100-110x210\/#primaryimage\"},\"image\":{\"@id\":\"https:\/\/metaltale.com\/lv\/produkts\/ozolkoka-koka-bidamas-durvis-one-board-basic-100-110x210\/#primaryimage\"},\"thumbnailUrl\":\"https:\/\/metaltale.com\/wp-content\/uploads\/2023\/11\/Durys-ONE-BOARD-100-110x210-Neapdorotos.jpg\",\"datePublished\":\"2024-02-13T13:21:04+00:00\",\"breadcrumb\":{\"@id\":\"https:\/\/metaltale.com\/lv\/produkts\/ozolkoka-koka-bidamas-durvis-one-board-basic-100-110x210\/#breadcrumb\"},\"inLanguage\":\"lv-LV\",\"potentialAction\":[{\"@type\":\"ReadAction\",\"target\":[\"https:\/\/metaltale.com\/lv\/produkts\/ozolkoka-koka-bidamas-durvis-one-board-basic-100-110x210\/\"]}]},{\"@type\":\"ImageObject\",\"inLanguage\":\"lv-LV\",\"@id\":\"https:\/\/metaltale.com\/lv\/produkts\/ozolkoka-koka-bidamas-durvis-one-board-basic-100-110x210\/#primaryimage\",\"url\":\"https:\/\/metaltale.com\/wp-content\/uploads\/2023\/11\/Durys-ONE-BOARD-100-110x210-Neapdorotos.jpg\",\"contentUrl\":\"https:\/\/metaltale.com\/wp-content\/uploads\/2023\/11\/Durys-ONE-BOARD-100-110x210-Neapdorotos.jpg\",\"width\":800,\"height\":800},{\"@type\":\"BreadcrumbList\",\"@id\":\"https:\/\/metaltale.com\/lv\/produkts\/ozolkoka-koka-bidamas-durvis-one-board-basic-100-110x210\/#breadcrumb\",\"itemListElement\":[{\"@type\":\"ListItem\",\"position\":1,\"name\":\"Home\",\"item\":\"https:\/\/metaltale.com\/lv\/majas\/\"},{\"@type\":\"ListItem\",\"position\":2,\"name\":\"Veikals\",\"item\":\"https:\/\/metaltale.com\/lv\/shop\/\"},{\"@type\":\"ListItem\",\"position\":3,\"name\":\"Ozolkoka koka b\u012bd\u0101m\u0101s durvis ONE BOARD BASIC 100-110&#215;210\"}]},{\"@type\":\"WebSite\",\"@id\":\"https:\/\/metaltale.com\/lv\/#website\",\"url\":\"https:\/\/metaltale.com\/lv\/\",\"name\":\"Metaltale.com\",\"description\":\"\",\"potentialAction\":[{\"@type\":\"SearchAction\",\"target\":{\"@type\":\"EntryPoint\",\"urlTemplate\":\"https:\/\/metaltale.com\/lv\/?s={search_term_string}\"},\"query-input\":{\"@type\":\"PropertyValueSpecification\",\"valueRequired\":true,\"valueName\":\"search_term_string\"}}],\"inLanguage\":\"lv-LV\"}]}<\/script>\n<!-- \/ Yoast SEO plugin. -->","yoast_head_json":{"title":"Ozolkoka koka b\u012bd\u0101m\u0101s durvis ONE BOARD BASIC 100-110x210 - MetalTale.com","robots":{"index":"index","follow":"follow","max-snippet":"max-snippet:-1","max-image-preview":"max-image-preview:large","max-video-preview":"max-video-preview:-1"},"canonical":"https:\/\/metaltale.com\/lv\/produkts\/ozolkoka-koka-bidamas-durvis-one-board-basic-100-110x210\/","og_locale":"lv_LV","og_type":"article","og_title":"Ozolkoka koka b\u012bd\u0101m\u0101s durvis ONE BOARD BASIC 100-110x210 - MetalTale.com","og_description":"Modelis ONE.B EAN. 5907772071083 Materi\u0101ls Ozolkoka koks Biezums (cm ) 3,5 Kop\u0113jais augstums (cm ) 210 Kop\u0113jais platums (cm )","og_url":"https:\/\/metaltale.com\/lv\/produkts\/ozolkoka-koka-bidamas-durvis-one-board-basic-100-110x210\/","og_site_name":"MetalTale.com","og_image":[{"width":800,"height":800,"url":"https:\/\/metaltale.com\/wp-content\/uploads\/2023\/11\/Durys-ONE-BOARD-100-110x210-Neapdorotos.jpg","type":"image\/jpeg"}],"twitter_card":"summary_large_image","twitter_misc":{"Est. reading time":"2 minutes"},"schema":{"@context":"https:\/\/schema.org","@graph":[{"@type":"WebPage","@id":"https:\/\/metaltale.com\/lv\/produkts\/ozolkoka-koka-bidamas-durvis-one-board-basic-100-110x210\/","url":"https:\/\/metaltale.com\/lv\/produkts\/ozolkoka-koka-bidamas-durvis-one-board-basic-100-110x210\/","name":"Ozolkoka koka b\u012bd\u0101m\u0101s durvis ONE BOARD BASIC 100-110x210 - MetalTale.com","isPartOf":{"@id":"https:\/\/metaltale.com\/lv\/#website"},"primaryImageOfPage":{"@id":"https:\/\/metaltale.com\/lv\/produkts\/ozolkoka-koka-bidamas-durvis-one-board-basic-100-110x210\/#primaryimage"},"image":{"@id":"https:\/\/metaltale.com\/lv\/produkts\/ozolkoka-koka-bidamas-durvis-one-board-basic-100-110x210\/#primaryimage"},"thumbnailUrl":"https:\/\/metaltale.com\/wp-content\/uploads\/2023\/11\/Durys-ONE-BOARD-100-110x210-Neapdorotos.jpg","datePublished":"2024-02-13T13:21:04+00:00","breadcrumb":{"@id":"https:\/\/metaltale.com\/lv\/produkts\/ozolkoka-koka-bidamas-durvis-one-board-basic-100-110x210\/#breadcrumb"},"inLanguage":"lv-LV","potentialAction":[{"@type":"ReadAction","target":["https:\/\/metaltale.com\/lv\/produkts\/ozolkoka-koka-bidamas-durvis-one-board-basic-100-110x210\/"]}]},{"@type":"ImageObject","inLanguage":"lv-LV","@id":"https:\/\/metaltale.com\/lv\/produkts\/ozolkoka-koka-bidamas-durvis-one-board-basic-100-110x210\/#primaryimage","url":"https:\/\/metaltale.com\/wp-content\/uploads\/2023\/11\/Durys-ONE-BOARD-100-110x210-Neapdorotos.jpg","contentUrl":"https:\/\/metaltale.com\/wp-content\/uploads\/2023\/11\/Durys-ONE-BOARD-100-110x210-Neapdorotos.jpg","width":800,"height":800},{"@type":"BreadcrumbList","@id":"https:\/\/metaltale.com\/lv\/produkts\/ozolkoka-koka-bidamas-durvis-one-board-basic-100-110x210\/#breadcrumb","itemListElement":[{"@type":"ListItem","position":1,"name":"Home","item":"https:\/\/metaltale.com\/lv\/majas\/"},{"@type":"ListItem","position":2,"name":"Veikals","item":"https:\/\/metaltale.com\/lv\/shop\/"},{"@type":"ListItem","position":3,"name":"Ozolkoka koka b\u012bd\u0101m\u0101s durvis ONE BOARD BASIC 100-110&#215;210"}]},{"@type":"WebSite","@id":"https:\/\/metaltale.com\/lv\/#website","url":"https:\/\/metaltale.com\/lv\/","name":"Metaltale.com","description":"","potentialAction":[{"@type":"SearchAction","target":{"@type":"EntryPoint","urlTemplate":"https:\/\/metaltale.com\/lv\/?s={search_term_string}"},"query-input":{"@type":"PropertyValueSpecification","valueRequired":true,"valueName":"search_term_string"}}],"inLanguage":"lv-LV"}]}},"_links":{"self":[{"href":"https:\/\/metaltale.com\/lv\/wp-json\/wp\/v2\/product\/133566","targetHints":{"allow":["GET"]}}],"collection":[{"href":"https:\/\/metaltale.com\/lv\/wp-json\/wp\/v2\/product"}],"about":[{"href":"https:\/\/metaltale.com\/lv\/wp-json\/wp\/v2\/types\/product"}],"replies":[{"embeddable":true,"href":"https:\/\/metaltale.com\/lv\/wp-json\/wp\/v2\/comments?post=133566"}],"version-history":[{"count":0,"href":"https:\/\/metaltale.com\/lv\/wp-json\/wp\/v2\/product\/133566\/revisions"}],"wp:featuredmedia":[{"embeddable":true,"href":"https:\/\/metaltale.com\/lv\/wp-json\/wp\/v2\/media\/114901"}],"wp:attachment":[{"href":"https:\/\/metaltale.com\/lv\/wp-json\/wp\/v2\/media?parent=133566"}],"wp:term":[{"taxonomy":"product_brand","embeddable":true,"href":"https:\/\/metaltale.com\/lv\/wp-json\/wp\/v2\/product_brand?post=133566"},{"taxonomy":"product_cat","embeddable":true,"href":"https:\/\/metaltale.com\/lv\/wp-json\/wp\/v2\/product_cat?post=133566"},{"taxonomy":"product_tag","embeddable":true,"href":"https:\/\/metaltale.com\/lv\/wp-json\/wp\/v2\/product_tag?post=133566"}],"curies":[{"name":"wp","href":"https:\/\/api.w.org\/{rel}","templated":true}]}}