{"id":133561,"date":"2024-02-13T15:21:45","date_gmt":"2024-02-13T13:21:45","guid":{"rendered":"https:\/\/metaltale.com\/produktas\/bristol-durvju-rokturi\/"},"modified":"2024-02-13T15:21:45","modified_gmt":"2024-02-13T13:21:45","slug":"bristol-durvju-rokturi","status":"publish","type":"product","link":"https:\/\/metaltale.com\/lv\/produkts\/bristol-durvju-rokturi\/","title":{"rendered":"BRISTOL durvju rokturi"},"content":{"rendered":"<div class=\"prod_data\"><strong>Modelis<\/strong> B.BL. PRGR <br \/><strong>Materi\u0101ls<\/strong> T\u0113rauds  <br \/>Kop\u0113jais augstums (cm ) 24 <br \/>Kop\u0113jais platums (cm ) 14 <br \/>Kop\u0113j\u0101 projekcija (cm ) 7 <br \/><strong>Att\u0101lums starp rokturi un atsl\u0113gas caurumu (mm<\/strong> ) 72 mm, 90 mm  <br \/>Pal\u012bdz\u012bba N\u0113 <br \/><strong>Mont\u0101\u017eas skr\u016bves<\/strong> J\u0101  <br \/><strong>Kr\u0101sa<\/strong> Melna  <br \/><strong>Virsmas tips<\/strong> Gluda <strong>virsma<\/strong>  <br \/>Skaits komplekt\u0101 2 x rokturis\/rokturis + serde + stiprin\u0101juma skr\u016bves <\/p>\n<p>&#8211; Komplekt\u0101 ietilpst divi rokturi (l\u012bdz 1 durvju v\u0113rtnei), serde un mont\u0101\u017eas elementi.<br \/>&#8211; izstr\u0101d\u0101jumu var izmantot iek\u0161durv\u012bm un \u0101rdurv\u012bm.<br \/>Nav roktura atspie\u0161an\u0101s meh\u0101nisma<\/p>\n<hr>\n<p>BRISTOL t\u0113rauda rokturi ar melnu mar\u0137\u0113jumu ir risin\u0101jums, kas piem\u0113rots gan ieejas, gan iek\u0161durv\u012bm. Klasiskais melnais un unik\u0101lais dizains papildin\u0101s jebkura interjera iek\u0101rtojumu, skaisti izce\u013cot durvju v\u0113rtnes stilu un raksturu. Modelis ir pieejams vair\u0101k\u0101s versij\u0101s &#8211; ar rozeti, tualetes z\u012bmi, ievieto\u0161anas z\u012bmi un atsl\u0113gu. Ir tik daudz iesp\u0113ju, ka \u0161o roktura modeli noteikti var izmantot vis\u0101m m\u0101jas vai dz\u012bvok\u013ca durv\u012bm. <\/p>\n<hr>\n<\/div>\n","protected":false},"excerpt":{"rendered":"<p>Modelis B.BL. PRGR Materi\u0101ls T\u0113rauds Kop\u0113jais augstums (cm ) 24 Kop\u0113jais platums (cm ) 14 Kop\u0113j\u0101 projekcija (cm ) 7<\/p>\n","protected":false},"featured_media":86998,"comment_status":"open","ping_status":"closed","template":"","meta":{"_acf_changed":false,"pmpro_default_level":""},"product_brand":[],"product_cat":[24081],"product_tag":[],"class_list":{"0":"post-133561","1":"product","2":"type-product","3":"status-publish","4":"has-post-thumbnail","6":"product_cat-rokturi","7":"pmpro-has-access","9":"first","10":"instock","11":"shipping-taxable","12":"purchasable","13":"product-type-simple"},"acf":[],"yoast_head":"<!-- This site is optimized with the Yoast SEO plugin v24.9 - https:\/\/yoast.com\/wordpress\/plugins\/seo\/ -->\n<title>BRISTOL durvju rokturi - MetalTale.com<\/title>\n<meta name=\"robots\" content=\"index, follow, max-snippet:-1, max-image-preview:large, max-video-preview:-1\" \/>\n<link rel=\"canonical\" href=\"https:\/\/metaltale.com\/lv\/produkts\/bristol-durvju-rokturi\/\" \/>\n<meta property=\"og:locale\" content=\"lv_LV\" \/>\n<meta property=\"og:type\" content=\"article\" \/>\n<meta property=\"og:title\" content=\"BRISTOL durvju rokturi - MetalTale.com\" \/>\n<meta property=\"og:description\" content=\"Modelis B.BL. PRGR Materi\u0101ls T\u0113rauds Kop\u0113jais augstums (cm ) 24 Kop\u0113jais platums (cm ) 14 Kop\u0113j\u0101 projekcija (cm ) 7\" \/>\n<meta property=\"og:url\" content=\"https:\/\/metaltale.com\/lv\/produkts\/bristol-durvju-rokturi\/\" \/>\n<meta property=\"og:site_name\" content=\"MetalTale.com\" \/>\n<meta name=\"twitter:card\" content=\"summary_large_image\" \/>\n<meta name=\"twitter:label1\" content=\"Est. reading time\" \/>\n\t<meta name=\"twitter:data1\" content=\"1 minute\" \/>\n<script type=\"application\/ld+json\" class=\"yoast-schema-graph\">{\"@context\":\"https:\/\/schema.org\",\"@graph\":[{\"@type\":\"WebPage\",\"@id\":\"https:\/\/metaltale.com\/lv\/produkts\/bristol-durvju-rokturi\/\",\"url\":\"https:\/\/metaltale.com\/lv\/produkts\/bristol-durvju-rokturi\/\",\"name\":\"BRISTOL durvju rokturi - MetalTale.com\",\"isPartOf\":{\"@id\":\"https:\/\/metaltale.com\/lv\/#website\"},\"primaryImageOfPage\":{\"@id\":\"https:\/\/metaltale.com\/lv\/produkts\/bristol-durvju-rokturi\/#primaryimage\"},\"image\":{\"@id\":\"https:\/\/metaltale.com\/lv\/produkts\/bristol-durvju-rokturi\/#primaryimage\"},\"thumbnailUrl\":\"https:\/\/metaltale.com\/wp-content\/uploads\/2023\/10\/BRISTOL-rankena-su-apvaliu-x17Eenklu.jpg\",\"datePublished\":\"2024-02-13T13:21:45+00:00\",\"breadcrumb\":{\"@id\":\"https:\/\/metaltale.com\/lv\/produkts\/bristol-durvju-rokturi\/#breadcrumb\"},\"inLanguage\":\"lv-LV\",\"potentialAction\":[{\"@type\":\"ReadAction\",\"target\":[\"https:\/\/metaltale.com\/lv\/produkts\/bristol-durvju-rokturi\/\"]}]},{\"@type\":\"ImageObject\",\"inLanguage\":\"lv-LV\",\"@id\":\"https:\/\/metaltale.com\/lv\/produkts\/bristol-durvju-rokturi\/#primaryimage\",\"url\":\"https:\/\/metaltale.com\/wp-content\/uploads\/2023\/10\/BRISTOL-rankena-su-apvaliu-x17Eenklu.jpg\",\"contentUrl\":\"https:\/\/metaltale.com\/wp-content\/uploads\/2023\/10\/BRISTOL-rankena-su-apvaliu-x17Eenklu.jpg\",\"width\":800,\"height\":800,\"caption\":\"Durvju rokturis BRISTOL 720 mm\"},{\"@type\":\"BreadcrumbList\",\"@id\":\"https:\/\/metaltale.com\/lv\/produkts\/bristol-durvju-rokturi\/#breadcrumb\",\"itemListElement\":[{\"@type\":\"ListItem\",\"position\":1,\"name\":\"Home\",\"item\":\"https:\/\/metaltale.com\/lv\/majas\/\"},{\"@type\":\"ListItem\",\"position\":2,\"name\":\"Veikals\",\"item\":\"https:\/\/metaltale.com\/lv\/shop\/\"},{\"@type\":\"ListItem\",\"position\":3,\"name\":\"BRISTOL durvju rokturi\"}]},{\"@type\":\"WebSite\",\"@id\":\"https:\/\/metaltale.com\/lv\/#website\",\"url\":\"https:\/\/metaltale.com\/lv\/\",\"name\":\"Metaltale.com\",\"description\":\"\",\"potentialAction\":[{\"@type\":\"SearchAction\",\"target\":{\"@type\":\"EntryPoint\",\"urlTemplate\":\"https:\/\/metaltale.com\/lv\/?s={search_term_string}\"},\"query-input\":{\"@type\":\"PropertyValueSpecification\",\"valueRequired\":true,\"valueName\":\"search_term_string\"}}],\"inLanguage\":\"lv-LV\"}]}<\/script>\n<!-- \/ Yoast SEO plugin. -->","yoast_head_json":{"title":"BRISTOL durvju rokturi - MetalTale.com","robots":{"index":"index","follow":"follow","max-snippet":"max-snippet:-1","max-image-preview":"max-image-preview:large","max-video-preview":"max-video-preview:-1"},"canonical":"https:\/\/metaltale.com\/lv\/produkts\/bristol-durvju-rokturi\/","og_locale":"lv_LV","og_type":"article","og_title":"BRISTOL durvju rokturi - MetalTale.com","og_description":"Modelis B.BL. PRGR Materi\u0101ls T\u0113rauds Kop\u0113jais augstums (cm ) 24 Kop\u0113jais platums (cm ) 14 Kop\u0113j\u0101 projekcija (cm ) 7","og_url":"https:\/\/metaltale.com\/lv\/produkts\/bristol-durvju-rokturi\/","og_site_name":"MetalTale.com","twitter_card":"summary_large_image","twitter_misc":{"Est. reading time":"1 minute"},"schema":{"@context":"https:\/\/schema.org","@graph":[{"@type":"WebPage","@id":"https:\/\/metaltale.com\/lv\/produkts\/bristol-durvju-rokturi\/","url":"https:\/\/metaltale.com\/lv\/produkts\/bristol-durvju-rokturi\/","name":"BRISTOL durvju rokturi - MetalTale.com","isPartOf":{"@id":"https:\/\/metaltale.com\/lv\/#website"},"primaryImageOfPage":{"@id":"https:\/\/metaltale.com\/lv\/produkts\/bristol-durvju-rokturi\/#primaryimage"},"image":{"@id":"https:\/\/metaltale.com\/lv\/produkts\/bristol-durvju-rokturi\/#primaryimage"},"thumbnailUrl":"https:\/\/metaltale.com\/wp-content\/uploads\/2023\/10\/BRISTOL-rankena-su-apvaliu-x17Eenklu.jpg","datePublished":"2024-02-13T13:21:45+00:00","breadcrumb":{"@id":"https:\/\/metaltale.com\/lv\/produkts\/bristol-durvju-rokturi\/#breadcrumb"},"inLanguage":"lv-LV","potentialAction":[{"@type":"ReadAction","target":["https:\/\/metaltale.com\/lv\/produkts\/bristol-durvju-rokturi\/"]}]},{"@type":"ImageObject","inLanguage":"lv-LV","@id":"https:\/\/metaltale.com\/lv\/produkts\/bristol-durvju-rokturi\/#primaryimage","url":"https:\/\/metaltale.com\/wp-content\/uploads\/2023\/10\/BRISTOL-rankena-su-apvaliu-x17Eenklu.jpg","contentUrl":"https:\/\/metaltale.com\/wp-content\/uploads\/2023\/10\/BRISTOL-rankena-su-apvaliu-x17Eenklu.jpg","width":800,"height":800,"caption":"Durvju rokturis BRISTOL 720 mm"},{"@type":"BreadcrumbList","@id":"https:\/\/metaltale.com\/lv\/produkts\/bristol-durvju-rokturi\/#breadcrumb","itemListElement":[{"@type":"ListItem","position":1,"name":"Home","item":"https:\/\/metaltale.com\/lv\/majas\/"},{"@type":"ListItem","position":2,"name":"Veikals","item":"https:\/\/metaltale.com\/lv\/shop\/"},{"@type":"ListItem","position":3,"name":"BRISTOL durvju rokturi"}]},{"@type":"WebSite","@id":"https:\/\/metaltale.com\/lv\/#website","url":"https:\/\/metaltale.com\/lv\/","name":"Metaltale.com","description":"","potentialAction":[{"@type":"SearchAction","target":{"@type":"EntryPoint","urlTemplate":"https:\/\/metaltale.com\/lv\/?s={search_term_string}"},"query-input":{"@type":"PropertyValueSpecification","valueRequired":true,"valueName":"search_term_string"}}],"inLanguage":"lv-LV"}]}},"_links":{"self":[{"href":"https:\/\/metaltale.com\/lv\/wp-json\/wp\/v2\/product\/133561","targetHints":{"allow":["GET"]}}],"collection":[{"href":"https:\/\/metaltale.com\/lv\/wp-json\/wp\/v2\/product"}],"about":[{"href":"https:\/\/metaltale.com\/lv\/wp-json\/wp\/v2\/types\/product"}],"replies":[{"embeddable":true,"href":"https:\/\/metaltale.com\/lv\/wp-json\/wp\/v2\/comments?post=133561"}],"version-history":[{"count":0,"href":"https:\/\/metaltale.com\/lv\/wp-json\/wp\/v2\/product\/133561\/revisions"}],"wp:featuredmedia":[{"embeddable":true,"href":"https:\/\/metaltale.com\/lv\/wp-json\/wp\/v2\/media\/86998"}],"wp:attachment":[{"href":"https:\/\/metaltale.com\/lv\/wp-json\/wp\/v2\/media?parent=133561"}],"wp:term":[{"taxonomy":"product_brand","embeddable":true,"href":"https:\/\/metaltale.com\/lv\/wp-json\/wp\/v2\/product_brand?post=133561"},{"taxonomy":"product_cat","embeddable":true,"href":"https:\/\/metaltale.com\/lv\/wp-json\/wp\/v2\/product_cat?post=133561"},{"taxonomy":"product_tag","embeddable":true,"href":"https:\/\/metaltale.com\/lv\/wp-json\/wp\/v2\/product_tag?post=133561"}],"curies":[{"name":"wp","href":"https:\/\/api.w.org\/{rel}","templated":true}]}}