{"id":133554,"date":"2024-02-13T15:21:04","date_gmt":"2024-02-13T13:21:04","guid":{"rendered":"https:\/\/metaltale.com\/produktas\/village-koka-bidamas-durvis-ar-terauda-ramjiem\/"},"modified":"2024-02-13T15:21:04","modified_gmt":"2024-02-13T13:21:04","slug":"village-koka-bidamas-durvis-ar-terauda-ramjiem","status":"publish","type":"product","link":"https:\/\/metaltale.com\/lv\/produkts\/village-koka-bidamas-durvis-ar-terauda-ramjiem\/","title":{"rendered":"VILLAGE koka b\u012bd\u0101m\u0101s durvis ar t\u0113rauda r\u0101mjiem"},"content":{"rendered":"<div class=\"prod_data\"><strong>Modelis<\/strong> ZA.DRZ.XM  <br \/>Materi\u0101ls Priede, t\u0113rauds <br \/>Biezums (cm ) 4 <br \/>Kop\u0113jais augstums (cm ) 210 <br \/>Kop\u0113jais platums (cm ) 100 <br \/><strong>Apdare<\/strong> Nepabeigta \/ kr\u0101sota  <br \/>PAPILDU INFORM\u0100CIJA Pied\u0101v\u0101jums attiecas tikai uz vienu durvju paneli un neietver b\u012bd\u0101mo sist\u0113mu un citus piederumus. <\/p>\n<hr>\n<p>B\u012bd\u0101m\u0101s durvis Village ir paredz\u0113tas tiem, kas nov\u0113rt\u0113 betona vienk\u0101r\u0161\u012bbu.<\/p>\n<p>Ciema durvis ir izgatavotas no priedes koka ar vertik\u0101li izk\u0101rtotiem mas\u012bviem d\u0113\u013ciem, un durvju \u0101r\u0113j\u0101 puse ir izgatavota no d\u0113\u013ciem, kas apak\u0161\u0101 veido X formu. Visa durvju konstrukcija ir prec\u012bza un izl\u0113m\u012bga, un t\u0101 iepriecin\u0101s ikvienu lietot\u0101ju. Durvju virsma ar j\u016btamu koka fakt\u016bru pie\u0161\u0137ir t\u0101m raksturu un mas\u012bvumu, savuk\u0101rt uz d\u0113\u013ciem redzamie gredzeni un mezgli izce\u013c koka dabisko tekst\u016bru.<\/p>\n<p>B\u012bd\u0101m\u0101s durvis Village ir izgatavotas no t\u0113rauda r\u0101mja, kas izgatavots no sl\u0113gta profila 20&#215;20 mm. B\u012bd\u0101mo durvju iek\u0161puse ir piestiprin\u0101ta ar plakaniem stie\u0146iem ar redzam\u0101m \u0161uv\u0113m un knied\u0113m, lai vienotu konstrukciju. Turkl\u0101t r\u0101mis ir redzami pul\u0113ts, kas pie\u0161\u0137ir durv\u012bm ori\u0123in\u0101lu un unik\u0101lu izskatu. Atsevi\u0161\u0137u elementu izvietojums nov\u0113r\u0161 durvju deform\u0113\u0161anos.<\/p>\n<p>Ciemata b\u012bd\u0101m\u0101s koka durvis pie\u0161\u0137ir interjeram unikalit\u0101ti un ori\u0123inalit\u0101ti, ir praktiskas, viegli uzst\u0101d\u0101mas un t\u0101m ir dekorat\u012bva funkcija. To iztur\u012bg\u0101 konstrukcija nodro\u0161ina, ka tos var izmantot daudzus gadus.<\/p>\n<p>Village koka durvis iederas jebkur\u0101 interjer\u0101 &#8211; modern\u0101, tradicion\u0101l\u0101, rustik\u0101l\u0101, industri\u0101l\u0101 vai b\u0113ni\u0146u stil\u0101.<\/p>\n<p>Standarta durvju izm\u0113rs ir 100 cm x 210 cm, biezums &#8211; 4 cm, un t\u0101s ir pieejamas pel\u0113k\u0101, viskija vai rupji br\u016bn\u0101 kr\u0101s\u0101.<br \/>B\u012bd\u0101m\u0101s durvis Village ir univers\u0101las, t\u0101p\u0113c t\u0101s ir ide\u0101li piem\u0113rotas 70 cm, 80 cm un 90 cm gar\u0101m durv\u012bm.<\/p>\n<p>Apak\u0161\u0113j\u0101s sliedes, kas ir piem\u0113rotas VILLAGE b\u012bd\u0101maj\u0101m durv\u012bm, skatiet t\u0101l\u0101k sada\u013c\u0101 &#8220;Saist\u012btie produkti&#8221;.<\/p>\n<hr>\n<p>*Pied\u0101v\u0101jums attiecas tikai uz durv\u012bm un neietver b\u012bd\u0101mo sist\u0113mu un citus piederumus.<\/p>\n<p>** L\u016bdzu, \u0146emiet v\u0113r\u0101, ka \u0161o modeli nevar izmantot ar veram\u0101m b\u012bd\u0101mo durvju sist\u0113m\u0101m (&#8220;Vintage&#8221;, &#8220;Kolo Na Hangaku&#8221;).<\/p>\n<hr>\n<\/div>\n","protected":false},"excerpt":{"rendered":"<p>Modelis ZA.DRZ.XM Materi\u0101ls Priede, t\u0113rauds Biezums (cm ) 4 Kop\u0113jais augstums (cm ) 210 Kop\u0113jais platums (cm ) 100 Apdare<\/p>\n","protected":false},"featured_media":95716,"comment_status":"open","ping_status":"closed","template":"","meta":{"_acf_changed":false,"pmpro_default_level":""},"product_brand":[],"product_cat":[24075],"product_tag":[],"class_list":{"0":"post-133554","1":"product","2":"type-product","3":"status-publish","4":"has-post-thumbnail","6":"product_cat-bidamas-durvis-metala-rami","7":"pmpro-has-access","9":"first","10":"outofstock","11":"shipping-taxable","12":"purchasable","13":"product-type-simple"},"acf":[],"yoast_head":"<!-- This site is optimized with the Yoast SEO plugin v24.9 - https:\/\/yoast.com\/wordpress\/plugins\/seo\/ -->\n<title>VILLAGE koka b\u012bd\u0101m\u0101s durvis ar t\u0113rauda r\u0101mjiem - MetalTale.com<\/title>\n<meta name=\"robots\" content=\"index, follow, max-snippet:-1, max-image-preview:large, max-video-preview:-1\" \/>\n<link rel=\"canonical\" href=\"https:\/\/metaltale.com\/lv\/produkts\/village-koka-bidamas-durvis-ar-terauda-ramjiem\/\" \/>\n<meta property=\"og:locale\" content=\"lv_LV\" \/>\n<meta property=\"og:type\" content=\"article\" \/>\n<meta property=\"og:title\" content=\"VILLAGE koka b\u012bd\u0101m\u0101s durvis ar t\u0113rauda r\u0101mjiem - MetalTale.com\" \/>\n<meta property=\"og:description\" content=\"Modelis ZA.DRZ.XM Materi\u0101ls Priede, t\u0113rauds Biezums (cm ) 4 Kop\u0113jais augstums (cm ) 210 Kop\u0113jais platums (cm ) 100 Apdare\" \/>\n<meta property=\"og:url\" content=\"https:\/\/metaltale.com\/lv\/produkts\/village-koka-bidamas-durvis-ar-terauda-ramjiem\/\" \/>\n<meta property=\"og:site_name\" content=\"MetalTale.com\" \/>\n<meta name=\"twitter:card\" content=\"summary_large_image\" \/>\n<meta name=\"twitter:label1\" content=\"Est. reading time\" \/>\n\t<meta name=\"twitter:data1\" content=\"2 minutes\" \/>\n<script type=\"application\/ld+json\" class=\"yoast-schema-graph\">{\"@context\":\"https:\/\/schema.org\",\"@graph\":[{\"@type\":\"WebPage\",\"@id\":\"https:\/\/metaltale.com\/lv\/produkts\/village-koka-bidamas-durvis-ar-terauda-ramjiem\/\",\"url\":\"https:\/\/metaltale.com\/lv\/produkts\/village-koka-bidamas-durvis-ar-terauda-ramjiem\/\",\"name\":\"VILLAGE koka b\u012bd\u0101m\u0101s durvis ar t\u0113rauda r\u0101mjiem - MetalTale.com\",\"isPartOf\":{\"@id\":\"https:\/\/metaltale.com\/lv\/#website\"},\"primaryImageOfPage\":{\"@id\":\"https:\/\/metaltale.com\/lv\/produkts\/village-koka-bidamas-durvis-ar-terauda-ramjiem\/#primaryimage\"},\"image\":{\"@id\":\"https:\/\/metaltale.com\/lv\/produkts\/village-koka-bidamas-durvis-ar-terauda-ramjiem\/#primaryimage\"},\"thumbnailUrl\":\"https:\/\/metaltale.com\/wp-content\/uploads\/2023\/10\/VILLAGE-durys-100x210-Pilka.jpg\",\"datePublished\":\"2024-02-13T13:21:04+00:00\",\"breadcrumb\":{\"@id\":\"https:\/\/metaltale.com\/lv\/produkts\/village-koka-bidamas-durvis-ar-terauda-ramjiem\/#breadcrumb\"},\"inLanguage\":\"lv-LV\",\"potentialAction\":[{\"@type\":\"ReadAction\",\"target\":[\"https:\/\/metaltale.com\/lv\/produkts\/village-koka-bidamas-durvis-ar-terauda-ramjiem\/\"]}]},{\"@type\":\"ImageObject\",\"inLanguage\":\"lv-LV\",\"@id\":\"https:\/\/metaltale.com\/lv\/produkts\/village-koka-bidamas-durvis-ar-terauda-ramjiem\/#primaryimage\",\"url\":\"https:\/\/metaltale.com\/wp-content\/uploads\/2023\/10\/VILLAGE-durys-100x210-Pilka.jpg\",\"contentUrl\":\"https:\/\/metaltale.com\/wp-content\/uploads\/2023\/10\/VILLAGE-durys-100x210-Pilka.jpg\",\"width\":800,\"height\":800},{\"@type\":\"BreadcrumbList\",\"@id\":\"https:\/\/metaltale.com\/lv\/produkts\/village-koka-bidamas-durvis-ar-terauda-ramjiem\/#breadcrumb\",\"itemListElement\":[{\"@type\":\"ListItem\",\"position\":1,\"name\":\"Home\",\"item\":\"https:\/\/metaltale.com\/lv\/majas\/\"},{\"@type\":\"ListItem\",\"position\":2,\"name\":\"Veikals\",\"item\":\"https:\/\/metaltale.com\/lv\/shop\/\"},{\"@type\":\"ListItem\",\"position\":3,\"name\":\"VILLAGE koka b\u012bd\u0101m\u0101s durvis ar t\u0113rauda r\u0101mjiem\"}]},{\"@type\":\"WebSite\",\"@id\":\"https:\/\/metaltale.com\/lv\/#website\",\"url\":\"https:\/\/metaltale.com\/lv\/\",\"name\":\"Metaltale.com\",\"description\":\"\",\"potentialAction\":[{\"@type\":\"SearchAction\",\"target\":{\"@type\":\"EntryPoint\",\"urlTemplate\":\"https:\/\/metaltale.com\/lv\/?s={search_term_string}\"},\"query-input\":{\"@type\":\"PropertyValueSpecification\",\"valueRequired\":true,\"valueName\":\"search_term_string\"}}],\"inLanguage\":\"lv-LV\"}]}<\/script>\n<!-- \/ Yoast SEO plugin. -->","yoast_head_json":{"title":"VILLAGE koka b\u012bd\u0101m\u0101s durvis ar t\u0113rauda r\u0101mjiem - MetalTale.com","robots":{"index":"index","follow":"follow","max-snippet":"max-snippet:-1","max-image-preview":"max-image-preview:large","max-video-preview":"max-video-preview:-1"},"canonical":"https:\/\/metaltale.com\/lv\/produkts\/village-koka-bidamas-durvis-ar-terauda-ramjiem\/","og_locale":"lv_LV","og_type":"article","og_title":"VILLAGE koka b\u012bd\u0101m\u0101s durvis ar t\u0113rauda r\u0101mjiem - MetalTale.com","og_description":"Modelis ZA.DRZ.XM Materi\u0101ls Priede, t\u0113rauds Biezums (cm ) 4 Kop\u0113jais augstums (cm ) 210 Kop\u0113jais platums (cm ) 100 Apdare","og_url":"https:\/\/metaltale.com\/lv\/produkts\/village-koka-bidamas-durvis-ar-terauda-ramjiem\/","og_site_name":"MetalTale.com","twitter_card":"summary_large_image","twitter_misc":{"Est. reading time":"2 minutes"},"schema":{"@context":"https:\/\/schema.org","@graph":[{"@type":"WebPage","@id":"https:\/\/metaltale.com\/lv\/produkts\/village-koka-bidamas-durvis-ar-terauda-ramjiem\/","url":"https:\/\/metaltale.com\/lv\/produkts\/village-koka-bidamas-durvis-ar-terauda-ramjiem\/","name":"VILLAGE koka b\u012bd\u0101m\u0101s durvis ar t\u0113rauda r\u0101mjiem - MetalTale.com","isPartOf":{"@id":"https:\/\/metaltale.com\/lv\/#website"},"primaryImageOfPage":{"@id":"https:\/\/metaltale.com\/lv\/produkts\/village-koka-bidamas-durvis-ar-terauda-ramjiem\/#primaryimage"},"image":{"@id":"https:\/\/metaltale.com\/lv\/produkts\/village-koka-bidamas-durvis-ar-terauda-ramjiem\/#primaryimage"},"thumbnailUrl":"https:\/\/metaltale.com\/wp-content\/uploads\/2023\/10\/VILLAGE-durys-100x210-Pilka.jpg","datePublished":"2024-02-13T13:21:04+00:00","breadcrumb":{"@id":"https:\/\/metaltale.com\/lv\/produkts\/village-koka-bidamas-durvis-ar-terauda-ramjiem\/#breadcrumb"},"inLanguage":"lv-LV","potentialAction":[{"@type":"ReadAction","target":["https:\/\/metaltale.com\/lv\/produkts\/village-koka-bidamas-durvis-ar-terauda-ramjiem\/"]}]},{"@type":"ImageObject","inLanguage":"lv-LV","@id":"https:\/\/metaltale.com\/lv\/produkts\/village-koka-bidamas-durvis-ar-terauda-ramjiem\/#primaryimage","url":"https:\/\/metaltale.com\/wp-content\/uploads\/2023\/10\/VILLAGE-durys-100x210-Pilka.jpg","contentUrl":"https:\/\/metaltale.com\/wp-content\/uploads\/2023\/10\/VILLAGE-durys-100x210-Pilka.jpg","width":800,"height":800},{"@type":"BreadcrumbList","@id":"https:\/\/metaltale.com\/lv\/produkts\/village-koka-bidamas-durvis-ar-terauda-ramjiem\/#breadcrumb","itemListElement":[{"@type":"ListItem","position":1,"name":"Home","item":"https:\/\/metaltale.com\/lv\/majas\/"},{"@type":"ListItem","position":2,"name":"Veikals","item":"https:\/\/metaltale.com\/lv\/shop\/"},{"@type":"ListItem","position":3,"name":"VILLAGE koka b\u012bd\u0101m\u0101s durvis ar t\u0113rauda r\u0101mjiem"}]},{"@type":"WebSite","@id":"https:\/\/metaltale.com\/lv\/#website","url":"https:\/\/metaltale.com\/lv\/","name":"Metaltale.com","description":"","potentialAction":[{"@type":"SearchAction","target":{"@type":"EntryPoint","urlTemplate":"https:\/\/metaltale.com\/lv\/?s={search_term_string}"},"query-input":{"@type":"PropertyValueSpecification","valueRequired":true,"valueName":"search_term_string"}}],"inLanguage":"lv-LV"}]}},"_links":{"self":[{"href":"https:\/\/metaltale.com\/lv\/wp-json\/wp\/v2\/product\/133554","targetHints":{"allow":["GET"]}}],"collection":[{"href":"https:\/\/metaltale.com\/lv\/wp-json\/wp\/v2\/product"}],"about":[{"href":"https:\/\/metaltale.com\/lv\/wp-json\/wp\/v2\/types\/product"}],"replies":[{"embeddable":true,"href":"https:\/\/metaltale.com\/lv\/wp-json\/wp\/v2\/comments?post=133554"}],"version-history":[{"count":0,"href":"https:\/\/metaltale.com\/lv\/wp-json\/wp\/v2\/product\/133554\/revisions"}],"wp:featuredmedia":[{"embeddable":true,"href":"https:\/\/metaltale.com\/lv\/wp-json\/wp\/v2\/media\/95716"}],"wp:attachment":[{"href":"https:\/\/metaltale.com\/lv\/wp-json\/wp\/v2\/media?parent=133554"}],"wp:term":[{"taxonomy":"product_brand","embeddable":true,"href":"https:\/\/metaltale.com\/lv\/wp-json\/wp\/v2\/product_brand?post=133554"},{"taxonomy":"product_cat","embeddable":true,"href":"https:\/\/metaltale.com\/lv\/wp-json\/wp\/v2\/product_cat?post=133554"},{"taxonomy":"product_tag","embeddable":true,"href":"https:\/\/metaltale.com\/lv\/wp-json\/wp\/v2\/product_tag?post=133554"}],"curies":[{"name":"wp","href":"https:\/\/api.w.org\/{rel}","templated":true}]}}