{"id":133552,"date":"2024-02-13T15:21:04","date_gmt":"2024-02-13T13:21:04","guid":{"rendered":"https:\/\/metaltale.com\/produktas\/flinston-koka-bidamas-ozolkoka-durvis-ar-naglam\/"},"modified":"2024-02-13T15:21:04","modified_gmt":"2024-02-13T13:21:04","slug":"flinston-koka-bidamas-ozolkoka-durvis-ar-naglam","status":"publish","type":"product","link":"https:\/\/metaltale.com\/lv\/produkts\/flinston-koka-bidamas-ozolkoka-durvis-ar-naglam\/","title":{"rendered":"FLINSTON koka b\u012bd\u0101m\u0101s ozolkoka durvis ar nagl\u0101m"},"content":{"rendered":"<div class=\"prod_data\">FLI.G <strong>modelis<\/strong>  <br \/><strong>EAN.<\/strong>  5907772070994  <br \/><strong>Materi\u0101ls<\/strong> Ozolkoka koks  <br \/>Biezums (cm ) 4 <br \/>Kop\u0113jais augstums (cm ) 210 <br \/>Kop\u0113jais platums (cm ) 100 <br \/><strong>Apdare<\/strong> Neapstr\u0101d\u0101ts \/ e\u013c\u013cots  <br \/>PAPILDU INFORM\u0100CIJA Pied\u0101v\u0101jums attiecas tikai uz vienu durvju paneli un neietver b\u012bd\u0101mo sist\u0113mu un citus piederumus. <\/p>\n<hr>\n<p>&#8220;Flinston b\u012bd\u0101m\u0101s durvis ar nagl\u0101m ir paredz\u0113tas \u012bpa\u0161am un m\u0113r\u0137tiec\u012bgam cilv\u0113kam, kur\u0161 neseko tendenc\u0113m, bet nosaka t\u0101s pats.<\/p>\n<p>Flinston b\u012bd\u0101m\u0101s durvis ar nagl\u0101m ir izgatavotas no ozola. Platie, mas\u012bvie, 2 cm biezie d\u0113\u013ci ir izk\u0101rtoti vertik\u0101li, un durvju \u0101rpuse ir veidota no bultas rakstam l\u012bdz\u012bgiem d\u0113\u013ciem. Katrs Flinston b\u012bd\u0101maj\u0101s durv\u012bs izmantotais koks ir izv\u0113l\u0113ts un saska\u0146ots, lai rad\u012btu prec\u012bzu un izl\u0113m\u012bgu izk\u0101rtojumu, kas priec\u0113s ikvienu lietot\u0101ju. Flinston durv\u012bm ir r\u0101mis, kas ar\u012b ir izgatavots no mas\u012bviem ozolkoka d\u0113\u013ciem. Ozolkoka durvju naglas ir dekorat\u012bvs elements, ko izmanto, lai piestiprin\u0101tu pakavas. Tapas v\u0113l vair\u0101k izce\u013c b\u012bd\u0101mo durvju unikalit\u0101ti.<\/p>\n<p>Ozolkoka durvju virsma ar j\u016btamu koka tekst\u016bru pie\u0161\u0137ir durv\u012bm raksturu un iztur\u012bbu, savuk\u0101rt d\u0113\u013cu tekst\u016bra izce\u013c \u012bstu koka tekst\u016bru. Dabisk\u0101s plaisas un mezgli atsevi\u0161\u0137os elementos pie\u0161\u0137ir izejmateri\u0101lam pl\u0113s\u012bgu un iztur\u012bgu raksturu. Apzin\u0101ta ozolkoka koksnes noveco\u0161ana pastiprina Flinston b\u012bd\u0101mo durvju mas\u012bvuma un bezkompromisa iztur\u012bbas iespaidu.<\/p>\n<p>Pateicoties dab\u012bg\u0101 koka arhitekt\u016bras unikalit\u0101tei, katras durvis lab\u0101k vai slikt\u0101k at\u0161\u0137iras no cit\u0101m. Ar\u012b nagu izk\u0101rtojums katr\u0101 izstr\u0101d\u0101jum\u0101 var nedaudz at\u0161\u0137irties, jo nagiem ir gan praktiska, gan est\u0113tiska funkcija.<\/p>\n<p>Flinstone ozolkoka durvis ir piem\u0113rotas interjeriem, kuriem v\u0113lamies pie\u0161\u0137irt raksturu un izcelt to lietot\u0101ju robustumu un ori\u0123inalit\u0101ti.<\/p>\n<p>Standarta durvju izm\u0113rs ir 100 cm x 210 cm, biezums &#8211; 4 cm, un t\u0101s tiek pieg\u0101d\u0101tas neapstr\u0101d\u0101tas.<br \/>Flinston b\u012bd\u0101m\u0101s durvis ir daudzpus\u012bgas, t\u0101p\u0113c t\u0101s ir ide\u0101li piem\u0113rotas 70 cm, 80 cm un 90 cm gar\u0101m durv\u012bm.<\/p>\n<hr>\n<p>*Pied\u0101v\u0101jums attiecas tikai uz durv\u012bm un neietver b\u012bd\u0101mo sist\u0113mu un citus piederumus.<\/p>\n<p><strong>Apak\u0161\u0113j\u0101s vadotnes, kas piem\u0113rotas FLINSTON b\u012bd\u0101maj\u0101m durv\u012bm ar nagl\u0101m, skatiet t\u0101l\u0101k sada\u013c\u0101 &#8220;Saist\u012btie produkti&#8221;.<\/strong><\/p>\n<hr>\n<p><strong><\/p>\n<p><\/strong><\/p>\n<\/div>\n","protected":false},"excerpt":{"rendered":"<p>FLI.G modelis EAN. 5907772070994 Materi\u0101ls Ozolkoka koks Biezums (cm ) 4 Kop\u0113jais augstums (cm ) 210 Kop\u0113jais platums (cm )<\/p>\n","protected":false},"featured_media":95620,"comment_status":"open","ping_status":"closed","template":"","meta":{"_acf_changed":false,"pmpro_default_level":""},"product_brand":[],"product_cat":[24074],"product_tag":[],"class_list":{"0":"post-133552","1":"product","2":"type-product","3":"status-publish","4":"has-post-thumbnail","6":"product_cat-ozolkoka-bidamas-durvis","7":"pmpro-has-access","9":"first","10":"outofstock","11":"shipping-taxable","12":"purchasable","13":"product-type-simple"},"acf":[],"yoast_head":"<!-- This site is optimized with the Yoast SEO plugin v24.9 - https:\/\/yoast.com\/wordpress\/plugins\/seo\/ -->\n<title>FLINSTON koka b\u012bd\u0101m\u0101s ozolkoka durvis ar nagl\u0101m - MetalTale.com<\/title>\n<meta name=\"robots\" content=\"index, follow, max-snippet:-1, max-image-preview:large, max-video-preview:-1\" \/>\n<link rel=\"canonical\" href=\"https:\/\/metaltale.com\/lv\/produkts\/flinston-koka-bidamas-ozolkoka-durvis-ar-naglam\/\" \/>\n<meta property=\"og:locale\" content=\"lv_LV\" \/>\n<meta property=\"og:type\" content=\"article\" \/>\n<meta property=\"og:title\" content=\"FLINSTON koka b\u012bd\u0101m\u0101s ozolkoka durvis ar nagl\u0101m - MetalTale.com\" \/>\n<meta property=\"og:description\" content=\"FLI.G modelis EAN. 5907772070994 Materi\u0101ls Ozolkoka koks Biezums (cm ) 4 Kop\u0113jais augstums (cm ) 210 Kop\u0113jais platums (cm )\" \/>\n<meta property=\"og:url\" content=\"https:\/\/metaltale.com\/lv\/produkts\/flinston-koka-bidamas-ozolkoka-durvis-ar-naglam\/\" \/>\n<meta property=\"og:site_name\" content=\"MetalTale.com\" \/>\n<meta name=\"twitter:card\" content=\"summary_large_image\" \/>\n<meta name=\"twitter:label1\" content=\"Est. reading time\" \/>\n\t<meta name=\"twitter:data1\" content=\"2 minutes\" \/>\n<script type=\"application\/ld+json\" class=\"yoast-schema-graph\">{\"@context\":\"https:\/\/schema.org\",\"@graph\":[{\"@type\":\"WebPage\",\"@id\":\"https:\/\/metaltale.com\/lv\/produkts\/flinston-koka-bidamas-ozolkoka-durvis-ar-naglam\/\",\"url\":\"https:\/\/metaltale.com\/lv\/produkts\/flinston-koka-bidamas-ozolkoka-durvis-ar-naglam\/\",\"name\":\"FLINSTON koka b\u012bd\u0101m\u0101s ozolkoka durvis ar nagl\u0101m - MetalTale.com\",\"isPartOf\":{\"@id\":\"https:\/\/metaltale.com\/lv\/#website\"},\"primaryImageOfPage\":{\"@id\":\"https:\/\/metaltale.com\/lv\/produkts\/flinston-koka-bidamas-ozolkoka-durvis-ar-naglam\/#primaryimage\"},\"image\":{\"@id\":\"https:\/\/metaltale.com\/lv\/produkts\/flinston-koka-bidamas-ozolkoka-durvis-ar-naglam\/#primaryimage\"},\"thumbnailUrl\":\"https:\/\/metaltale.com\/wp-content\/uploads\/2023\/10\/FLINSTON-DURYS-SU-NAILS-100x210-x17Daliavos.jpg\",\"datePublished\":\"2024-02-13T13:21:04+00:00\",\"breadcrumb\":{\"@id\":\"https:\/\/metaltale.com\/lv\/produkts\/flinston-koka-bidamas-ozolkoka-durvis-ar-naglam\/#breadcrumb\"},\"inLanguage\":\"lv-LV\",\"potentialAction\":[{\"@type\":\"ReadAction\",\"target\":[\"https:\/\/metaltale.com\/lv\/produkts\/flinston-koka-bidamas-ozolkoka-durvis-ar-naglam\/\"]}]},{\"@type\":\"ImageObject\",\"inLanguage\":\"lv-LV\",\"@id\":\"https:\/\/metaltale.com\/lv\/produkts\/flinston-koka-bidamas-ozolkoka-durvis-ar-naglam\/#primaryimage\",\"url\":\"https:\/\/metaltale.com\/wp-content\/uploads\/2023\/10\/FLINSTON-DURYS-SU-NAILS-100x210-x17Daliavos.jpg\",\"contentUrl\":\"https:\/\/metaltale.com\/wp-content\/uploads\/2023\/10\/FLINSTON-DURYS-SU-NAILS-100x210-x17Daliavos.jpg\",\"width\":800,\"height\":800},{\"@type\":\"BreadcrumbList\",\"@id\":\"https:\/\/metaltale.com\/lv\/produkts\/flinston-koka-bidamas-ozolkoka-durvis-ar-naglam\/#breadcrumb\",\"itemListElement\":[{\"@type\":\"ListItem\",\"position\":1,\"name\":\"Home\",\"item\":\"https:\/\/metaltale.com\/lv\/majas\/\"},{\"@type\":\"ListItem\",\"position\":2,\"name\":\"Veikals\",\"item\":\"https:\/\/metaltale.com\/lv\/shop\/\"},{\"@type\":\"ListItem\",\"position\":3,\"name\":\"FLINSTON koka b\u012bd\u0101m\u0101s ozolkoka durvis ar nagl\u0101m\"}]},{\"@type\":\"WebSite\",\"@id\":\"https:\/\/metaltale.com\/lv\/#website\",\"url\":\"https:\/\/metaltale.com\/lv\/\",\"name\":\"Metaltale.com\",\"description\":\"\",\"potentialAction\":[{\"@type\":\"SearchAction\",\"target\":{\"@type\":\"EntryPoint\",\"urlTemplate\":\"https:\/\/metaltale.com\/lv\/?s={search_term_string}\"},\"query-input\":{\"@type\":\"PropertyValueSpecification\",\"valueRequired\":true,\"valueName\":\"search_term_string\"}}],\"inLanguage\":\"lv-LV\"}]}<\/script>\n<!-- \/ Yoast SEO plugin. -->","yoast_head_json":{"title":"FLINSTON koka b\u012bd\u0101m\u0101s ozolkoka durvis ar nagl\u0101m - MetalTale.com","robots":{"index":"index","follow":"follow","max-snippet":"max-snippet:-1","max-image-preview":"max-image-preview:large","max-video-preview":"max-video-preview:-1"},"canonical":"https:\/\/metaltale.com\/lv\/produkts\/flinston-koka-bidamas-ozolkoka-durvis-ar-naglam\/","og_locale":"lv_LV","og_type":"article","og_title":"FLINSTON koka b\u012bd\u0101m\u0101s ozolkoka durvis ar nagl\u0101m - MetalTale.com","og_description":"FLI.G modelis EAN. 5907772070994 Materi\u0101ls Ozolkoka koks Biezums (cm ) 4 Kop\u0113jais augstums (cm ) 210 Kop\u0113jais platums (cm )","og_url":"https:\/\/metaltale.com\/lv\/produkts\/flinston-koka-bidamas-ozolkoka-durvis-ar-naglam\/","og_site_name":"MetalTale.com","twitter_card":"summary_large_image","twitter_misc":{"Est. reading time":"2 minutes"},"schema":{"@context":"https:\/\/schema.org","@graph":[{"@type":"WebPage","@id":"https:\/\/metaltale.com\/lv\/produkts\/flinston-koka-bidamas-ozolkoka-durvis-ar-naglam\/","url":"https:\/\/metaltale.com\/lv\/produkts\/flinston-koka-bidamas-ozolkoka-durvis-ar-naglam\/","name":"FLINSTON koka b\u012bd\u0101m\u0101s ozolkoka durvis ar nagl\u0101m - MetalTale.com","isPartOf":{"@id":"https:\/\/metaltale.com\/lv\/#website"},"primaryImageOfPage":{"@id":"https:\/\/metaltale.com\/lv\/produkts\/flinston-koka-bidamas-ozolkoka-durvis-ar-naglam\/#primaryimage"},"image":{"@id":"https:\/\/metaltale.com\/lv\/produkts\/flinston-koka-bidamas-ozolkoka-durvis-ar-naglam\/#primaryimage"},"thumbnailUrl":"https:\/\/metaltale.com\/wp-content\/uploads\/2023\/10\/FLINSTON-DURYS-SU-NAILS-100x210-x17Daliavos.jpg","datePublished":"2024-02-13T13:21:04+00:00","breadcrumb":{"@id":"https:\/\/metaltale.com\/lv\/produkts\/flinston-koka-bidamas-ozolkoka-durvis-ar-naglam\/#breadcrumb"},"inLanguage":"lv-LV","potentialAction":[{"@type":"ReadAction","target":["https:\/\/metaltale.com\/lv\/produkts\/flinston-koka-bidamas-ozolkoka-durvis-ar-naglam\/"]}]},{"@type":"ImageObject","inLanguage":"lv-LV","@id":"https:\/\/metaltale.com\/lv\/produkts\/flinston-koka-bidamas-ozolkoka-durvis-ar-naglam\/#primaryimage","url":"https:\/\/metaltale.com\/wp-content\/uploads\/2023\/10\/FLINSTON-DURYS-SU-NAILS-100x210-x17Daliavos.jpg","contentUrl":"https:\/\/metaltale.com\/wp-content\/uploads\/2023\/10\/FLINSTON-DURYS-SU-NAILS-100x210-x17Daliavos.jpg","width":800,"height":800},{"@type":"BreadcrumbList","@id":"https:\/\/metaltale.com\/lv\/produkts\/flinston-koka-bidamas-ozolkoka-durvis-ar-naglam\/#breadcrumb","itemListElement":[{"@type":"ListItem","position":1,"name":"Home","item":"https:\/\/metaltale.com\/lv\/majas\/"},{"@type":"ListItem","position":2,"name":"Veikals","item":"https:\/\/metaltale.com\/lv\/shop\/"},{"@type":"ListItem","position":3,"name":"FLINSTON koka b\u012bd\u0101m\u0101s ozolkoka durvis ar nagl\u0101m"}]},{"@type":"WebSite","@id":"https:\/\/metaltale.com\/lv\/#website","url":"https:\/\/metaltale.com\/lv\/","name":"Metaltale.com","description":"","potentialAction":[{"@type":"SearchAction","target":{"@type":"EntryPoint","urlTemplate":"https:\/\/metaltale.com\/lv\/?s={search_term_string}"},"query-input":{"@type":"PropertyValueSpecification","valueRequired":true,"valueName":"search_term_string"}}],"inLanguage":"lv-LV"}]}},"_links":{"self":[{"href":"https:\/\/metaltale.com\/lv\/wp-json\/wp\/v2\/product\/133552","targetHints":{"allow":["GET"]}}],"collection":[{"href":"https:\/\/metaltale.com\/lv\/wp-json\/wp\/v2\/product"}],"about":[{"href":"https:\/\/metaltale.com\/lv\/wp-json\/wp\/v2\/types\/product"}],"replies":[{"embeddable":true,"href":"https:\/\/metaltale.com\/lv\/wp-json\/wp\/v2\/comments?post=133552"}],"version-history":[{"count":0,"href":"https:\/\/metaltale.com\/lv\/wp-json\/wp\/v2\/product\/133552\/revisions"}],"wp:featuredmedia":[{"embeddable":true,"href":"https:\/\/metaltale.com\/lv\/wp-json\/wp\/v2\/media\/95620"}],"wp:attachment":[{"href":"https:\/\/metaltale.com\/lv\/wp-json\/wp\/v2\/media?parent=133552"}],"wp:term":[{"taxonomy":"product_brand","embeddable":true,"href":"https:\/\/metaltale.com\/lv\/wp-json\/wp\/v2\/product_brand?post=133552"},{"taxonomy":"product_cat","embeddable":true,"href":"https:\/\/metaltale.com\/lv\/wp-json\/wp\/v2\/product_cat?post=133552"},{"taxonomy":"product_tag","embeddable":true,"href":"https:\/\/metaltale.com\/lv\/wp-json\/wp\/v2\/product_tag?post=133552"}],"curies":[{"name":"wp","href":"https:\/\/api.w.org\/{rel}","templated":true}]}}