{"id":133535,"date":"2024-02-13T15:21:04","date_gmt":"2024-02-13T13:21:04","guid":{"rendered":"https:\/\/metaltale.com\/produktas\/shelby-cobra-4-metala-dekorativa-plaksne\/"},"modified":"2024-02-13T15:21:04","modified_gmt":"2024-02-13T13:21:04","slug":"shelby-cobra-4-metala-dekorativa-plaksne","status":"publish","type":"product","link":"https:\/\/metaltale.com\/lv\/produkts\/shelby-cobra-4-metala-dekorativa-plaksne\/","title":{"rendered":"Shelby Cobra 4 met\u0101la dekorat\u012bv\u0101 pl\u0101ksne"},"content":{"rendered":"<div class=\"prod_data\"><strong>Modelis<\/strong> IN.50784  <br \/><strong>EAN.<\/strong>  5905369909573  <br \/><strong>Platums (cm<\/strong> ) 30  <br \/><strong>Augstums (cm<\/strong> ) 20  <br \/><strong>Materi\u0101ls<\/strong> T\u0113rauds  <br \/><strong>Formas<\/strong> Taisnst\u016bra <strong>formas<\/strong>  <br \/><strong>Orient\u0101cija<\/strong> Horizont\u0101l\u0101  <br \/><strong>Istabas<\/strong> gar\u0101\u017ea  <br \/><strong>Motiva<\/strong> motoriz\u0101cija  <\/p>\n<p>Taisnst\u016bra formas met\u0101la pl\u0101ksne. Plak\u0101ts ir p\u0101rkl\u0101ts ar \u012bpa\u0161i nodilumiztur\u012bg\u0101m kr\u0101s\u0101m un aizsarg\u0101ts ar pret berzi iztur\u012bgu laku. Katrs gabals ir iet\u012bts aizsargpl\u0113v\u0113. Vienkr\u0101sainais fons ar pies\u0101tin\u0101t\u0101m kr\u0101s\u0101m pier\u0101da, ka maz\u0101k patie\u0161\u0101m ir vair\u0101k. B\u0113\u0161\u0101 un br\u016bn\u0101 kr\u0101sa lieliski izce\u013c \u0161\u012b klasisk\u0101 retro automobi\u013ca skaistumu. T\u0101s unikalit\u0101ti papildina ar\u012b daudz\u0101s noveco\u0161anas paz\u012bmes. Galds ir nostiprin\u0101ts ar smalkiem caurumiem.<\/p>\n<p>Uz produkta ir nor\u0101d\u012bts Austin-Healey 100.<\/p>\n<p>Retro galds b\u016bs stil\u012bgs papildin\u0101jums j\u016bsu vintage interjeram. Ar\u012b met\u0101la pl\u0101ksn\u012bte ir ori\u0123in\u0101la d\u0101vin\u0101juma ideja.<\/p>\n<\/div>\n","protected":false},"excerpt":{"rendered":"<p>Modelis IN.50784 EAN. 5905369909573 Platums (cm ) 30 Augstums (cm ) 20 Materi\u0101ls T\u0113rauds Formas Taisnst\u016bra formas Orient\u0101cija Horizont\u0101l\u0101 Istabas<\/p>\n","protected":false},"featured_media":95422,"comment_status":"open","ping_status":"closed","template":"","meta":{"_acf_changed":false,"pmpro_default_level":""},"product_brand":[],"product_cat":[24067],"product_tag":[],"class_list":{"0":"post-133535","1":"product","2":"type-product","3":"status-publish","4":"has-post-thumbnail","6":"product_cat-sienu-rotajumi","7":"pmpro-has-access","9":"first","10":"instock","11":"shipping-taxable","12":"purchasable","13":"product-type-simple"},"acf":[],"yoast_head":"<!-- This site is optimized with the Yoast SEO plugin v24.9 - https:\/\/yoast.com\/wordpress\/plugins\/seo\/ -->\n<title>Shelby Cobra 4 met\u0101la dekorat\u012bv\u0101 pl\u0101ksne - MetalTale.com<\/title>\n<meta name=\"robots\" content=\"index, follow, max-snippet:-1, max-image-preview:large, max-video-preview:-1\" \/>\n<link rel=\"canonical\" href=\"https:\/\/metaltale.com\/lv\/produkts\/shelby-cobra-4-metala-dekorativa-plaksne\/\" \/>\n<meta property=\"og:locale\" content=\"lv_LV\" \/>\n<meta property=\"og:type\" content=\"article\" \/>\n<meta property=\"og:title\" content=\"Shelby Cobra 4 met\u0101la dekorat\u012bv\u0101 pl\u0101ksne - MetalTale.com\" \/>\n<meta property=\"og:description\" content=\"Modelis IN.50784 EAN. 5905369909573 Platums (cm ) 30 Augstums (cm ) 20 Materi\u0101ls T\u0113rauds Formas Taisnst\u016bra formas Orient\u0101cija Horizont\u0101l\u0101 Istabas\" \/>\n<meta property=\"og:url\" content=\"https:\/\/metaltale.com\/lv\/produkts\/shelby-cobra-4-metala-dekorativa-plaksne\/\" \/>\n<meta property=\"og:site_name\" content=\"MetalTale.com\" \/>\n<meta name=\"twitter:card\" content=\"summary_large_image\" \/>\n<meta name=\"twitter:label1\" content=\"Est. reading time\" \/>\n\t<meta name=\"twitter:data1\" content=\"1 minute\" \/>\n<script type=\"application\/ld+json\" class=\"yoast-schema-graph\">{\"@context\":\"https:\/\/schema.org\",\"@graph\":[{\"@type\":\"WebPage\",\"@id\":\"https:\/\/metaltale.com\/lv\/produkts\/shelby-cobra-4-metala-dekorativa-plaksne\/\",\"url\":\"https:\/\/metaltale.com\/lv\/produkts\/shelby-cobra-4-metala-dekorativa-plaksne\/\",\"name\":\"Shelby Cobra 4 met\u0101la dekorat\u012bv\u0101 pl\u0101ksne - MetalTale.com\",\"isPartOf\":{\"@id\":\"https:\/\/metaltale.com\/lv\/#website\"},\"primaryImageOfPage\":{\"@id\":\"https:\/\/metaltale.com\/lv\/produkts\/shelby-cobra-4-metala-dekorativa-plaksne\/#primaryimage\"},\"image\":{\"@id\":\"https:\/\/metaltale.com\/lv\/produkts\/shelby-cobra-4-metala-dekorativa-plaksne\/#primaryimage\"},\"thumbnailUrl\":\"https:\/\/metaltale.com\/wp-content\/uploads\/2023\/10\/SHELBY-COBRA-4-metalinx117-plokx161telx117.jpg\",\"datePublished\":\"2024-02-13T13:21:04+00:00\",\"breadcrumb\":{\"@id\":\"https:\/\/metaltale.com\/lv\/produkts\/shelby-cobra-4-metala-dekorativa-plaksne\/#breadcrumb\"},\"inLanguage\":\"lv-LV\",\"potentialAction\":[{\"@type\":\"ReadAction\",\"target\":[\"https:\/\/metaltale.com\/lv\/produkts\/shelby-cobra-4-metala-dekorativa-plaksne\/\"]}]},{\"@type\":\"ImageObject\",\"inLanguage\":\"lv-LV\",\"@id\":\"https:\/\/metaltale.com\/lv\/produkts\/shelby-cobra-4-metala-dekorativa-plaksne\/#primaryimage\",\"url\":\"https:\/\/metaltale.com\/wp-content\/uploads\/2023\/10\/SHELBY-COBRA-4-metalinx117-plokx161telx117.jpg\",\"contentUrl\":\"https:\/\/metaltale.com\/wp-content\/uploads\/2023\/10\/SHELBY-COBRA-4-metalinx117-plokx161telx117.jpg\",\"width\":800,\"height\":800},{\"@type\":\"BreadcrumbList\",\"@id\":\"https:\/\/metaltale.com\/lv\/produkts\/shelby-cobra-4-metala-dekorativa-plaksne\/#breadcrumb\",\"itemListElement\":[{\"@type\":\"ListItem\",\"position\":1,\"name\":\"Home\",\"item\":\"https:\/\/metaltale.com\/lv\/majas\/\"},{\"@type\":\"ListItem\",\"position\":2,\"name\":\"Veikals\",\"item\":\"https:\/\/metaltale.com\/lv\/shop\/\"},{\"@type\":\"ListItem\",\"position\":3,\"name\":\"Shelby Cobra 4 met\u0101la dekorat\u012bv\u0101 pl\u0101ksne\"}]},{\"@type\":\"WebSite\",\"@id\":\"https:\/\/metaltale.com\/lv\/#website\",\"url\":\"https:\/\/metaltale.com\/lv\/\",\"name\":\"Metaltale.com\",\"description\":\"\",\"potentialAction\":[{\"@type\":\"SearchAction\",\"target\":{\"@type\":\"EntryPoint\",\"urlTemplate\":\"https:\/\/metaltale.com\/lv\/?s={search_term_string}\"},\"query-input\":{\"@type\":\"PropertyValueSpecification\",\"valueRequired\":true,\"valueName\":\"search_term_string\"}}],\"inLanguage\":\"lv-LV\"}]}<\/script>\n<!-- \/ Yoast SEO plugin. -->","yoast_head_json":{"title":"Shelby Cobra 4 met\u0101la dekorat\u012bv\u0101 pl\u0101ksne - MetalTale.com","robots":{"index":"index","follow":"follow","max-snippet":"max-snippet:-1","max-image-preview":"max-image-preview:large","max-video-preview":"max-video-preview:-1"},"canonical":"https:\/\/metaltale.com\/lv\/produkts\/shelby-cobra-4-metala-dekorativa-plaksne\/","og_locale":"lv_LV","og_type":"article","og_title":"Shelby Cobra 4 met\u0101la dekorat\u012bv\u0101 pl\u0101ksne - MetalTale.com","og_description":"Modelis IN.50784 EAN. 5905369909573 Platums (cm ) 30 Augstums (cm ) 20 Materi\u0101ls T\u0113rauds Formas Taisnst\u016bra formas Orient\u0101cija Horizont\u0101l\u0101 Istabas","og_url":"https:\/\/metaltale.com\/lv\/produkts\/shelby-cobra-4-metala-dekorativa-plaksne\/","og_site_name":"MetalTale.com","twitter_card":"summary_large_image","twitter_misc":{"Est. reading time":"1 minute"},"schema":{"@context":"https:\/\/schema.org","@graph":[{"@type":"WebPage","@id":"https:\/\/metaltale.com\/lv\/produkts\/shelby-cobra-4-metala-dekorativa-plaksne\/","url":"https:\/\/metaltale.com\/lv\/produkts\/shelby-cobra-4-metala-dekorativa-plaksne\/","name":"Shelby Cobra 4 met\u0101la dekorat\u012bv\u0101 pl\u0101ksne - MetalTale.com","isPartOf":{"@id":"https:\/\/metaltale.com\/lv\/#website"},"primaryImageOfPage":{"@id":"https:\/\/metaltale.com\/lv\/produkts\/shelby-cobra-4-metala-dekorativa-plaksne\/#primaryimage"},"image":{"@id":"https:\/\/metaltale.com\/lv\/produkts\/shelby-cobra-4-metala-dekorativa-plaksne\/#primaryimage"},"thumbnailUrl":"https:\/\/metaltale.com\/wp-content\/uploads\/2023\/10\/SHELBY-COBRA-4-metalinx117-plokx161telx117.jpg","datePublished":"2024-02-13T13:21:04+00:00","breadcrumb":{"@id":"https:\/\/metaltale.com\/lv\/produkts\/shelby-cobra-4-metala-dekorativa-plaksne\/#breadcrumb"},"inLanguage":"lv-LV","potentialAction":[{"@type":"ReadAction","target":["https:\/\/metaltale.com\/lv\/produkts\/shelby-cobra-4-metala-dekorativa-plaksne\/"]}]},{"@type":"ImageObject","inLanguage":"lv-LV","@id":"https:\/\/metaltale.com\/lv\/produkts\/shelby-cobra-4-metala-dekorativa-plaksne\/#primaryimage","url":"https:\/\/metaltale.com\/wp-content\/uploads\/2023\/10\/SHELBY-COBRA-4-metalinx117-plokx161telx117.jpg","contentUrl":"https:\/\/metaltale.com\/wp-content\/uploads\/2023\/10\/SHELBY-COBRA-4-metalinx117-plokx161telx117.jpg","width":800,"height":800},{"@type":"BreadcrumbList","@id":"https:\/\/metaltale.com\/lv\/produkts\/shelby-cobra-4-metala-dekorativa-plaksne\/#breadcrumb","itemListElement":[{"@type":"ListItem","position":1,"name":"Home","item":"https:\/\/metaltale.com\/lv\/majas\/"},{"@type":"ListItem","position":2,"name":"Veikals","item":"https:\/\/metaltale.com\/lv\/shop\/"},{"@type":"ListItem","position":3,"name":"Shelby Cobra 4 met\u0101la dekorat\u012bv\u0101 pl\u0101ksne"}]},{"@type":"WebSite","@id":"https:\/\/metaltale.com\/lv\/#website","url":"https:\/\/metaltale.com\/lv\/","name":"Metaltale.com","description":"","potentialAction":[{"@type":"SearchAction","target":{"@type":"EntryPoint","urlTemplate":"https:\/\/metaltale.com\/lv\/?s={search_term_string}"},"query-input":{"@type":"PropertyValueSpecification","valueRequired":true,"valueName":"search_term_string"}}],"inLanguage":"lv-LV"}]}},"_links":{"self":[{"href":"https:\/\/metaltale.com\/lv\/wp-json\/wp\/v2\/product\/133535","targetHints":{"allow":["GET"]}}],"collection":[{"href":"https:\/\/metaltale.com\/lv\/wp-json\/wp\/v2\/product"}],"about":[{"href":"https:\/\/metaltale.com\/lv\/wp-json\/wp\/v2\/types\/product"}],"replies":[{"embeddable":true,"href":"https:\/\/metaltale.com\/lv\/wp-json\/wp\/v2\/comments?post=133535"}],"version-history":[{"count":0,"href":"https:\/\/metaltale.com\/lv\/wp-json\/wp\/v2\/product\/133535\/revisions"}],"wp:featuredmedia":[{"embeddable":true,"href":"https:\/\/metaltale.com\/lv\/wp-json\/wp\/v2\/media\/95422"}],"wp:attachment":[{"href":"https:\/\/metaltale.com\/lv\/wp-json\/wp\/v2\/media?parent=133535"}],"wp:term":[{"taxonomy":"product_brand","embeddable":true,"href":"https:\/\/metaltale.com\/lv\/wp-json\/wp\/v2\/product_brand?post=133535"},{"taxonomy":"product_cat","embeddable":true,"href":"https:\/\/metaltale.com\/lv\/wp-json\/wp\/v2\/product_cat?post=133535"},{"taxonomy":"product_tag","embeddable":true,"href":"https:\/\/metaltale.com\/lv\/wp-json\/wp\/v2\/product_tag?post=133535"}],"curies":[{"name":"wp","href":"https:\/\/api.w.org\/{rel}","templated":true}]}}