{"id":133508,"date":"2024-02-13T15:19:44","date_gmt":"2024-02-13T13:19:44","guid":{"rendered":"https:\/\/metaltale.com\/produktas\/loftas-industrialais-kafijas-galdins-factory-pine\/"},"modified":"2024-02-13T15:19:44","modified_gmt":"2024-02-13T13:19:44","slug":"loftas-industrialais-kafijas-galdins-factory-pine","status":"publish","type":"product","link":"https:\/\/metaltale.com\/lv\/produkts\/loftas-industrialais-kafijas-galdins-factory-pine\/","title":{"rendered":"Loftas, industri\u0101lais kafijas galdi\u0146\u0161 FACTORY PINE"},"content":{"rendered":"<div class=\"prod_data\">\n<p><strong>Modelis<\/strong> ZA.FAC.H1<br \/>\nFACTORY PINE <strong>kolekcija<\/strong><br \/>\n<strong>EAN.<\/strong>  5905369914997<br \/>\n<strong>Materi\u0101ls<\/strong> Priede, t\u0113rauds<br \/>\n<strong>Kop\u0113jais augstums (cm<\/strong> ) 40<br \/>\n<strong>Kop\u0113jais platums (cm<\/strong> ) 110<br \/>\n<strong>Dzi\u013cums (cm<\/strong> ) 70<br \/>\n<strong>Pieg\u0101des veids<\/strong> Piln\u012bb\u0101 samont\u0113ts produkts<\/p>\n<p>&#8211; industri\u0101ls priedes un t\u0113rauda kafijas galdi\u0146\u0161<br \/>\n&#8211; praktisks plaukts zem letes<br \/>\n&#8211; 80&#215;20 mm sl\u0113gta profila konstrukcija stabilit\u0101tei un iztur\u012bbai<br \/>\n&#8211; ar bezkr\u0101sainu laku impregn\u0113ts t\u0113rauds aizsardz\u012bbai pret boj\u0101jumiem un skr\u0101p\u0113jumiem.<br \/>\n&#8211; starp atl\u012bm\u0113tiem d\u0113\u013ciem var rasties spraugas, kas neietekm\u0113 lieto\u0161anas \u0113rtumu.<br \/>\n&#8211; p\u0101rstr\u0101d\u0101ta priedes koksne, kas impregn\u0113ta ar kr\u0101svielu uz \u016bdens b\u0101zes, iegremd\u0113jot.<br \/>\n&#8211; paredz\u0113t\u0101 noveco\u0161anas ietekme izpau\u017eas k\u0101 redzami skr\u0101p\u0113jumi uz virsmas un j\u016btama koka tekst\u016bra.<br \/>\n&#8211; izstr\u0101d\u0101jumu kr\u0101sa var at\u0161\u0137irties no galerij\u0101 redzamajiem att\u0113liem individu\u0101lu monitora iestat\u012bjumu un materi\u0101lu \u012bpa\u0161\u012bbu d\u0113\u013c &#8211; t\u0113rauds un ozolkoks ir neapstr\u0101d\u0101ti materi\u0101li, kuru kr\u0101sa, tonis un tekst\u016bra var at\u0161\u0137irties no parauga uz paraugu vai no partijas uz partiju.<\/p>\n<hr>\n<p>Factory Pine koka kafijas galdi\u0146am ir izv\u0113l\u0113ta neapstr\u0101d\u0101ta industri\u0101l\u0101 stila viesistaba. Rakstur\u012bgais sl\u0113gt\u0101 profila karkass un nesl\u012bp\u0113ti p\u0101rstr\u0101d\u0101tas priedes d\u0113\u013ci ir industri\u0101l\u0101 stila kvintesence. Ar \u016bdeni pies\u016bcin\u0101t\u0101 impregn\u0113\u0161ana un paman\u0101m\u0101 koka tekst\u016bra rada iespaidu, ka izejmateri\u0101ls nav apstr\u0101d\u0101ts, kas ar\u012b atbilst b\u0113ni\u0146u atmosf\u0113rai. Nesl\u012bp\u0113tajiem d\u0113\u013ciem, kas veido virsmu, un praktiskajam plauktam apak\u0161\u0101 var b\u016bt spraugas un nelielas plaisas, kas neietekm\u0113 priedes soli\u0146a lieto\u0161anas \u0113rtumu. \u0160is modelis ir ide\u0101ls papildin\u0101jums stingrai k\u0101rt\u012bbai un ir ide\u0101li piem\u0113rots gan m\u0101joklim, gan biznesa un komerci\u0101l\u0101m telp\u0101m &#8211; restor\u0101niem, stil\u012bg\u0101m friz\u0113tav\u0101m un skaistumkop\u0161anas saloniem. Augstv\u0113rt\u012bg\u0101ko izejmateri\u0101lu izmanto\u0161ana un uzman\u012bba deta\u013c\u0101m padara Factory Pine kolekciju par m\u0113be\u013cu \u0161edevru. Koka un vecin\u0101ta t\u0113rauda kombin\u0101cija pie\u0161\u0137ir katrai deta\u013cai unik\u0101lu raksturu, kas savuk\u0101rt p\u0101rveido visu interjeru. fron\u0161u s\u0113rija<\/p>\n<\/div>\n","protected":false},"excerpt":{"rendered":"<p>Modelis ZA.FAC.H1 FACTORY PINE kolekcija EAN. 5905369914997 Materi\u0101ls Priede, t\u0113rauds Kop\u0113jais augstums (cm ) 40 Kop\u0113jais platums (cm ) 110<\/p>\n","protected":false},"featured_media":114697,"comment_status":"open","ping_status":"closed","template":"","meta":{"_acf_changed":false,"pmpro_default_level":""},"product_brand":[],"product_cat":[24117,24057],"product_tag":[],"class_list":{"0":"post-133508","1":"product","2":"type-product","3":"status-publish","4":"has-post-thumbnail","6":"product_cat-kafijas-galdini","7":"product_cat-rupnieciskas-mebeles","8":"pmpro-has-access","10":"first","11":"instock","12":"shipping-taxable","13":"purchasable","14":"product-type-simple"},"acf":[],"yoast_head":"<!-- This site is optimized with the Yoast SEO plugin v24.9 - https:\/\/yoast.com\/wordpress\/plugins\/seo\/ -->\n<title>Loftas, industri\u0101lais kafijas galdi\u0146\u0161 FACTORY PINE - MetalTale.com<\/title>\n<meta name=\"robots\" content=\"index, follow, max-snippet:-1, max-image-preview:large, max-video-preview:-1\" \/>\n<link rel=\"canonical\" href=\"https:\/\/metaltale.com\/lv\/produkts\/loftas-industrialais-kafijas-galdins-factory-pine\/\" \/>\n<meta property=\"og:locale\" content=\"lv_LV\" \/>\n<meta property=\"og:type\" content=\"article\" \/>\n<meta property=\"og:title\" content=\"Loftas, industri\u0101lais kafijas galdi\u0146\u0161 FACTORY PINE - MetalTale.com\" \/>\n<meta property=\"og:description\" content=\"Modelis ZA.FAC.H1 FACTORY PINE kolekcija EAN. 5905369914997 Materi\u0101ls Priede, t\u0113rauds Kop\u0113jais augstums (cm ) 40 Kop\u0113jais platums (cm ) 110\" \/>\n<meta property=\"og:url\" content=\"https:\/\/metaltale.com\/lv\/produkts\/loftas-industrialais-kafijas-galdins-factory-pine\/\" \/>\n<meta property=\"og:site_name\" content=\"MetalTale.com\" \/>\n<meta name=\"twitter:card\" content=\"summary_large_image\" \/>\n<meta name=\"twitter:label1\" content=\"Est. reading time\" \/>\n\t<meta name=\"twitter:data1\" content=\"2 minutes\" \/>\n<script type=\"application\/ld+json\" class=\"yoast-schema-graph\">{\"@context\":\"https:\/\/schema.org\",\"@graph\":[{\"@type\":\"WebPage\",\"@id\":\"https:\/\/metaltale.com\/lv\/produkts\/loftas-industrialais-kafijas-galdins-factory-pine\/\",\"url\":\"https:\/\/metaltale.com\/lv\/produkts\/loftas-industrialais-kafijas-galdins-factory-pine\/\",\"name\":\"Loftas, industri\u0101lais kafijas galdi\u0146\u0161 FACTORY PINE - MetalTale.com\",\"isPartOf\":{\"@id\":\"https:\/\/metaltale.com\/lv\/#website\"},\"primaryImageOfPage\":{\"@id\":\"https:\/\/metaltale.com\/lv\/produkts\/loftas-industrialais-kafijas-galdins-factory-pine\/#primaryimage\"},\"image\":{\"@id\":\"https:\/\/metaltale.com\/lv\/produkts\/loftas-industrialais-kafijas-galdins-factory-pine\/#primaryimage\"},\"thumbnailUrl\":\"https:\/\/metaltale.com\/wp-content\/uploads\/2023\/11\/Kavos-staliukas-FACTORY-PINE.jpg\",\"datePublished\":\"2024-02-13T13:19:44+00:00\",\"breadcrumb\":{\"@id\":\"https:\/\/metaltale.com\/lv\/produkts\/loftas-industrialais-kafijas-galdins-factory-pine\/#breadcrumb\"},\"inLanguage\":\"lv-LV\",\"potentialAction\":[{\"@type\":\"ReadAction\",\"target\":[\"https:\/\/metaltale.com\/lv\/produkts\/loftas-industrialais-kafijas-galdins-factory-pine\/\"]}]},{\"@type\":\"ImageObject\",\"inLanguage\":\"lv-LV\",\"@id\":\"https:\/\/metaltale.com\/lv\/produkts\/loftas-industrialais-kafijas-galdins-factory-pine\/#primaryimage\",\"url\":\"https:\/\/metaltale.com\/wp-content\/uploads\/2023\/11\/Kavos-staliukas-FACTORY-PINE.jpg\",\"contentUrl\":\"https:\/\/metaltale.com\/wp-content\/uploads\/2023\/11\/Kavos-staliukas-FACTORY-PINE.jpg\",\"width\":800,\"height\":800},{\"@type\":\"BreadcrumbList\",\"@id\":\"https:\/\/metaltale.com\/lv\/produkts\/loftas-industrialais-kafijas-galdins-factory-pine\/#breadcrumb\",\"itemListElement\":[{\"@type\":\"ListItem\",\"position\":1,\"name\":\"Home\",\"item\":\"https:\/\/metaltale.com\/lv\/majas\/\"},{\"@type\":\"ListItem\",\"position\":2,\"name\":\"Veikals\",\"item\":\"https:\/\/metaltale.com\/lv\/shop\/\"},{\"@type\":\"ListItem\",\"position\":3,\"name\":\"Loftas, industri\u0101lais kafijas galdi\u0146\u0161 FACTORY PINE\"}]},{\"@type\":\"WebSite\",\"@id\":\"https:\/\/metaltale.com\/lv\/#website\",\"url\":\"https:\/\/metaltale.com\/lv\/\",\"name\":\"Metaltale.com\",\"description\":\"\",\"potentialAction\":[{\"@type\":\"SearchAction\",\"target\":{\"@type\":\"EntryPoint\",\"urlTemplate\":\"https:\/\/metaltale.com\/lv\/?s={search_term_string}\"},\"query-input\":{\"@type\":\"PropertyValueSpecification\",\"valueRequired\":true,\"valueName\":\"search_term_string\"}}],\"inLanguage\":\"lv-LV\"}]}<\/script>\n<!-- \/ Yoast SEO plugin. -->","yoast_head_json":{"title":"Loftas, industri\u0101lais kafijas galdi\u0146\u0161 FACTORY PINE - MetalTale.com","robots":{"index":"index","follow":"follow","max-snippet":"max-snippet:-1","max-image-preview":"max-image-preview:large","max-video-preview":"max-video-preview:-1"},"canonical":"https:\/\/metaltale.com\/lv\/produkts\/loftas-industrialais-kafijas-galdins-factory-pine\/","og_locale":"lv_LV","og_type":"article","og_title":"Loftas, industri\u0101lais kafijas galdi\u0146\u0161 FACTORY PINE - MetalTale.com","og_description":"Modelis ZA.FAC.H1 FACTORY PINE kolekcija EAN. 5905369914997 Materi\u0101ls Priede, t\u0113rauds Kop\u0113jais augstums (cm ) 40 Kop\u0113jais platums (cm ) 110","og_url":"https:\/\/metaltale.com\/lv\/produkts\/loftas-industrialais-kafijas-galdins-factory-pine\/","og_site_name":"MetalTale.com","twitter_card":"summary_large_image","twitter_misc":{"Est. reading time":"2 minutes"},"schema":{"@context":"https:\/\/schema.org","@graph":[{"@type":"WebPage","@id":"https:\/\/metaltale.com\/lv\/produkts\/loftas-industrialais-kafijas-galdins-factory-pine\/","url":"https:\/\/metaltale.com\/lv\/produkts\/loftas-industrialais-kafijas-galdins-factory-pine\/","name":"Loftas, industri\u0101lais kafijas galdi\u0146\u0161 FACTORY PINE - MetalTale.com","isPartOf":{"@id":"https:\/\/metaltale.com\/lv\/#website"},"primaryImageOfPage":{"@id":"https:\/\/metaltale.com\/lv\/produkts\/loftas-industrialais-kafijas-galdins-factory-pine\/#primaryimage"},"image":{"@id":"https:\/\/metaltale.com\/lv\/produkts\/loftas-industrialais-kafijas-galdins-factory-pine\/#primaryimage"},"thumbnailUrl":"https:\/\/metaltale.com\/wp-content\/uploads\/2023\/11\/Kavos-staliukas-FACTORY-PINE.jpg","datePublished":"2024-02-13T13:19:44+00:00","breadcrumb":{"@id":"https:\/\/metaltale.com\/lv\/produkts\/loftas-industrialais-kafijas-galdins-factory-pine\/#breadcrumb"},"inLanguage":"lv-LV","potentialAction":[{"@type":"ReadAction","target":["https:\/\/metaltale.com\/lv\/produkts\/loftas-industrialais-kafijas-galdins-factory-pine\/"]}]},{"@type":"ImageObject","inLanguage":"lv-LV","@id":"https:\/\/metaltale.com\/lv\/produkts\/loftas-industrialais-kafijas-galdins-factory-pine\/#primaryimage","url":"https:\/\/metaltale.com\/wp-content\/uploads\/2023\/11\/Kavos-staliukas-FACTORY-PINE.jpg","contentUrl":"https:\/\/metaltale.com\/wp-content\/uploads\/2023\/11\/Kavos-staliukas-FACTORY-PINE.jpg","width":800,"height":800},{"@type":"BreadcrumbList","@id":"https:\/\/metaltale.com\/lv\/produkts\/loftas-industrialais-kafijas-galdins-factory-pine\/#breadcrumb","itemListElement":[{"@type":"ListItem","position":1,"name":"Home","item":"https:\/\/metaltale.com\/lv\/majas\/"},{"@type":"ListItem","position":2,"name":"Veikals","item":"https:\/\/metaltale.com\/lv\/shop\/"},{"@type":"ListItem","position":3,"name":"Loftas, industri\u0101lais kafijas galdi\u0146\u0161 FACTORY PINE"}]},{"@type":"WebSite","@id":"https:\/\/metaltale.com\/lv\/#website","url":"https:\/\/metaltale.com\/lv\/","name":"Metaltale.com","description":"","potentialAction":[{"@type":"SearchAction","target":{"@type":"EntryPoint","urlTemplate":"https:\/\/metaltale.com\/lv\/?s={search_term_string}"},"query-input":{"@type":"PropertyValueSpecification","valueRequired":true,"valueName":"search_term_string"}}],"inLanguage":"lv-LV"}]}},"_links":{"self":[{"href":"https:\/\/metaltale.com\/lv\/wp-json\/wp\/v2\/product\/133508","targetHints":{"allow":["GET"]}}],"collection":[{"href":"https:\/\/metaltale.com\/lv\/wp-json\/wp\/v2\/product"}],"about":[{"href":"https:\/\/metaltale.com\/lv\/wp-json\/wp\/v2\/types\/product"}],"replies":[{"embeddable":true,"href":"https:\/\/metaltale.com\/lv\/wp-json\/wp\/v2\/comments?post=133508"}],"version-history":[{"count":0,"href":"https:\/\/metaltale.com\/lv\/wp-json\/wp\/v2\/product\/133508\/revisions"}],"wp:featuredmedia":[{"embeddable":true,"href":"https:\/\/metaltale.com\/lv\/wp-json\/wp\/v2\/media\/114697"}],"wp:attachment":[{"href":"https:\/\/metaltale.com\/lv\/wp-json\/wp\/v2\/media?parent=133508"}],"wp:term":[{"taxonomy":"product_brand","embeddable":true,"href":"https:\/\/metaltale.com\/lv\/wp-json\/wp\/v2\/product_brand?post=133508"},{"taxonomy":"product_cat","embeddable":true,"href":"https:\/\/metaltale.com\/lv\/wp-json\/wp\/v2\/product_cat?post=133508"},{"taxonomy":"product_tag","embeddable":true,"href":"https:\/\/metaltale.com\/lv\/wp-json\/wp\/v2\/product_tag?post=133508"}],"curies":[{"name":"wp","href":"https:\/\/api.w.org\/{rel}","templated":true}]}}