{"id":133475,"date":"2024-02-13T15:19:44","date_gmt":"2024-02-13T13:19:44","guid":{"rendered":"https:\/\/metaltale.com\/produktas\/factory-pine-4-industriala-stila-tv-skapitis\/"},"modified":"2024-02-13T15:19:44","modified_gmt":"2024-02-13T13:19:44","slug":"factory-pine-4-industriala-stila-tv-skapitis","status":"publish","type":"product","link":"https:\/\/metaltale.com\/lv\/produkts\/factory-pine-4-industriala-stila-tv-skapitis\/","title":{"rendered":"FACTORY PINE 4 industri\u0101l\u0101 stila TV skap\u012btis"},"content":{"rendered":"<div class=\"prod_data\">\n<p><strong>Modelis<\/strong> ZA.FAC.C1<br \/>\nFACTORY PINE <strong>kolekcija<\/strong><br \/>\n<strong>EAN.<\/strong>  5905369915703<br \/>\n<strong>Materi\u0101ls<\/strong> Priede, t\u0113rauds<br \/>\n<strong>Kop\u0113jais augstums (cm<\/strong> ) 60<br \/>\n<strong>Kop\u0113jais platums (cm<\/strong> ) 225<br \/>\n<strong>Dzi\u013cums (cm<\/strong> ) 40<br \/>\n<strong>Pieg\u0101des veids<\/strong> Piln\u012bb\u0101 samont\u0113ts produkts<\/p>\n<p>&#8211; industri\u0101ls TV galdi\u0146\u0161 no priedes koka un t\u0113rauda<br \/>\n&#8211; lod\u012b\u0161u gult\u0146u sl\u012bd\u0146i atvieglo atvilkt\u0146u iz\u0146em\u0161anu<br \/>\n&#8211; b\u012bd\u0101m\u0101 priek\u0161puse, kas nosedz plauktus, ir praktisks un dizaina risin\u0101jums.<br \/>\n&#8211; 80&#215;20 mm sl\u0113gta profila konstrukcija stabilit\u0101tei un iztur\u012bbai<br \/>\n&#8211; ar bezkr\u0101sainu laku impregn\u0113ts t\u0113rauds aizsardz\u012bbai pret boj\u0101jumiem un skr\u0101p\u0113jumiem.<br \/>\n&#8211; atvilktnes izgatavotas tikai no finier\u0113tas koksnes &#8211; uzst\u0101d\u012b\u0161anas laik\u0101 tiek izmantotas redzamas naglas.<br \/>\n&#8211; starp atl\u012bm\u0113tiem d\u0113\u013ciem var rasties spraugas, kas neietekm\u0113 lieto\u0161anas \u0113rtumu.<br \/>\n&#8211; p\u0101rstr\u0101d\u0101ta priedes koksne, kas pies\u016bcin\u0101ta ar laku uz \u016bdens b\u0101zes.<br \/>\n&#8211; paredz\u0113t\u0101 noveco\u0161anas ietekme izpau\u017eas k\u0101 redzami skr\u0101p\u0113jumi uz virsmas un j\u016btama koka tekst\u016bra.<br \/>\n&#8211; izstr\u0101d\u0101jumu kr\u0101sa var at\u0161\u0137irties no galerij\u0101 redzamajiem att\u0113liem individu\u0101lu monitora iestat\u012bjumu un materi\u0101lu \u012bpa\u0161\u012bbu d\u0113\u013c &#8211; t\u0113rauds un priedes koksne ir izejmateri\u0101li, kuru kr\u0101sa, tonis un tekst\u016bra var at\u0161\u0137irties no parauga uz paraugu vai no partijas uz partiju.<\/p>\n<hr>\n<p>Unik\u0101ls b\u0113ni\u0146u stils un industri\u0101la iztur\u012bba &#8211; tas ir tas, kas at\u0161\u0137ir priedes TV stat\u012bvu no Factory kolekcijas. M\u012bkst\u0101ks un smalk\u0101ks nek\u0101 divviet\u012bgais modelis ar met\u0101la fas\u0101d\u0113m un atvilktn\u0113m, TV skap\u012btis ir ori\u0123in\u0101ls pied\u0101v\u0101jums ikvienam, kur\u0161 nov\u0113rt\u0113 ori\u0123inalit\u0101ti un p\u0101rlaic\u012bgumu. T\u0113rauda konstrukcij\u0101, kas veidota no sl\u0113gta profila, ir redzamas \u0161uves un skrambas, kas pie\u0161\u0137ir konstrukcijai unik\u0101lu un autentisku biju\u0161\u0101s r\u016bpn\u012bcas raksturu. P\u0101rstr\u0101d\u0101ta priedes koksne ir pat\u012bkama taustes saj\u016btai, un tai j\u0101b\u016bt sal\u012bdzino\u0161i neapstr\u0101d\u0101tai. R\u016bpniecisko atmosf\u0113ru pastiprina nesl\u012bp\u0113tie d\u0113\u013ci, starp kuriem var b\u016bt liel\u0101kas vai maz\u0101kas spraugas &#8211; t\u0101s neietekm\u0113 lieto\u0161anas \u0113rtumu. Lod\u012b\u0161u vadotnes nodro\u0161ina koka atvilkt\u0146u vienm\u0113r\u012bgu sl\u012bd\u0113\u0161anu. Atvilkt\u0146u un plauktu simetriskais izk\u0101rtojums, \u012bpa\u0161i kolekcijai izstr\u0101d\u0101t\u0101 b\u012bd\u0101m\u0101 sist\u0113ma un p\u0101rvietojam\u0101s koka fas\u0101des ir praktisks risin\u0101jums &#8211; b\u012bd\u0101m\u0101s durvis \u013cauj izveidot zupas virtuvi.<\/p>\n<\/div>\n","protected":false},"excerpt":{"rendered":"<p>Modelis ZA.FAC.C1 FACTORY PINE kolekcija EAN. 5905369915703 Materi\u0101ls Priede, t\u0113rauds Kop\u0113jais augstums (cm ) 60 Kop\u0113jais platums (cm ) 225<\/p>\n","protected":false},"featured_media":119612,"comment_status":"open","ping_status":"closed","template":"","meta":{"_acf_changed":false,"pmpro_default_level":""},"product_brand":[],"product_cat":[24057,24091],"product_tag":[],"class_list":{"0":"post-133475","1":"product","2":"type-product","3":"status-publish","4":"has-post-thumbnail","6":"product_cat-rupnieciskas-mebeles","7":"product_cat-televizoru-skapji","8":"pmpro-has-access","10":"first","11":"instock","12":"shipping-taxable","13":"purchasable","14":"product-type-simple"},"acf":[],"yoast_head":"<!-- This site is optimized with the Yoast SEO plugin v24.9 - https:\/\/yoast.com\/wordpress\/plugins\/seo\/ -->\n<title>FACTORY PINE 4 industri\u0101l\u0101 stila TV skap\u012btis - MetalTale.com<\/title>\n<meta name=\"robots\" content=\"index, follow, max-snippet:-1, max-image-preview:large, max-video-preview:-1\" \/>\n<link rel=\"canonical\" href=\"https:\/\/metaltale.com\/lv\/produkts\/factory-pine-4-industriala-stila-tv-skapitis\/\" \/>\n<meta property=\"og:locale\" content=\"lv_LV\" \/>\n<meta property=\"og:type\" content=\"article\" \/>\n<meta property=\"og:title\" content=\"FACTORY PINE 4 industri\u0101l\u0101 stila TV skap\u012btis - MetalTale.com\" \/>\n<meta property=\"og:description\" content=\"Modelis ZA.FAC.C1 FACTORY PINE kolekcija EAN. 5905369915703 Materi\u0101ls Priede, t\u0113rauds Kop\u0113jais augstums (cm ) 60 Kop\u0113jais platums (cm ) 225\" \/>\n<meta property=\"og:url\" content=\"https:\/\/metaltale.com\/lv\/produkts\/factory-pine-4-industriala-stila-tv-skapitis\/\" \/>\n<meta property=\"og:site_name\" content=\"MetalTale.com\" \/>\n<meta name=\"twitter:card\" content=\"summary_large_image\" \/>\n<meta name=\"twitter:label1\" content=\"Est. reading time\" \/>\n\t<meta name=\"twitter:data1\" content=\"2 minutes\" \/>\n<script type=\"application\/ld+json\" class=\"yoast-schema-graph\">{\"@context\":\"https:\/\/schema.org\",\"@graph\":[{\"@type\":\"WebPage\",\"@id\":\"https:\/\/metaltale.com\/lv\/produkts\/factory-pine-4-industriala-stila-tv-skapitis\/\",\"url\":\"https:\/\/metaltale.com\/lv\/produkts\/factory-pine-4-industriala-stila-tv-skapitis\/\",\"name\":\"FACTORY PINE 4 industri\u0101l\u0101 stila TV skap\u012btis - MetalTale.com\",\"isPartOf\":{\"@id\":\"https:\/\/metaltale.com\/lv\/#website\"},\"primaryImageOfPage\":{\"@id\":\"https:\/\/metaltale.com\/lv\/produkts\/factory-pine-4-industriala-stila-tv-skapitis\/#primaryimage\"},\"image\":{\"@id\":\"https:\/\/metaltale.com\/lv\/produkts\/factory-pine-4-industriala-stila-tv-skapitis\/#primaryimage\"},\"thumbnailUrl\":\"https:\/\/metaltale.com\/wp-content\/uploads\/2024\/01\/televizoriaus-spintele-2.jpg\",\"datePublished\":\"2024-02-13T13:19:44+00:00\",\"breadcrumb\":{\"@id\":\"https:\/\/metaltale.com\/lv\/produkts\/factory-pine-4-industriala-stila-tv-skapitis\/#breadcrumb\"},\"inLanguage\":\"lv-LV\",\"potentialAction\":[{\"@type\":\"ReadAction\",\"target\":[\"https:\/\/metaltale.com\/lv\/produkts\/factory-pine-4-industriala-stila-tv-skapitis\/\"]}]},{\"@type\":\"ImageObject\",\"inLanguage\":\"lv-LV\",\"@id\":\"https:\/\/metaltale.com\/lv\/produkts\/factory-pine-4-industriala-stila-tv-skapitis\/#primaryimage\",\"url\":\"https:\/\/metaltale.com\/wp-content\/uploads\/2024\/01\/televizoriaus-spintele-2.jpg\",\"contentUrl\":\"https:\/\/metaltale.com\/wp-content\/uploads\/2024\/01\/televizoriaus-spintele-2.jpg\",\"width\":800,\"height\":800,\"caption\":\"TV spintele\"},{\"@type\":\"BreadcrumbList\",\"@id\":\"https:\/\/metaltale.com\/lv\/produkts\/factory-pine-4-industriala-stila-tv-skapitis\/#breadcrumb\",\"itemListElement\":[{\"@type\":\"ListItem\",\"position\":1,\"name\":\"Home\",\"item\":\"https:\/\/metaltale.com\/lv\/majas\/\"},{\"@type\":\"ListItem\",\"position\":2,\"name\":\"Veikals\",\"item\":\"https:\/\/metaltale.com\/lv\/shop\/\"},{\"@type\":\"ListItem\",\"position\":3,\"name\":\"FACTORY PINE 4 industri\u0101l\u0101 stila TV skap\u012btis\"}]},{\"@type\":\"WebSite\",\"@id\":\"https:\/\/metaltale.com\/lv\/#website\",\"url\":\"https:\/\/metaltale.com\/lv\/\",\"name\":\"Metaltale.com\",\"description\":\"\",\"potentialAction\":[{\"@type\":\"SearchAction\",\"target\":{\"@type\":\"EntryPoint\",\"urlTemplate\":\"https:\/\/metaltale.com\/lv\/?s={search_term_string}\"},\"query-input\":{\"@type\":\"PropertyValueSpecification\",\"valueRequired\":true,\"valueName\":\"search_term_string\"}}],\"inLanguage\":\"lv-LV\"}]}<\/script>\n<!-- \/ Yoast SEO plugin. -->","yoast_head_json":{"title":"FACTORY PINE 4 industri\u0101l\u0101 stila TV skap\u012btis - MetalTale.com","robots":{"index":"index","follow":"follow","max-snippet":"max-snippet:-1","max-image-preview":"max-image-preview:large","max-video-preview":"max-video-preview:-1"},"canonical":"https:\/\/metaltale.com\/lv\/produkts\/factory-pine-4-industriala-stila-tv-skapitis\/","og_locale":"lv_LV","og_type":"article","og_title":"FACTORY PINE 4 industri\u0101l\u0101 stila TV skap\u012btis - MetalTale.com","og_description":"Modelis ZA.FAC.C1 FACTORY PINE kolekcija EAN. 5905369915703 Materi\u0101ls Priede, t\u0113rauds Kop\u0113jais augstums (cm ) 60 Kop\u0113jais platums (cm ) 225","og_url":"https:\/\/metaltale.com\/lv\/produkts\/factory-pine-4-industriala-stila-tv-skapitis\/","og_site_name":"MetalTale.com","twitter_card":"summary_large_image","twitter_misc":{"Est. reading time":"2 minutes"},"schema":{"@context":"https:\/\/schema.org","@graph":[{"@type":"WebPage","@id":"https:\/\/metaltale.com\/lv\/produkts\/factory-pine-4-industriala-stila-tv-skapitis\/","url":"https:\/\/metaltale.com\/lv\/produkts\/factory-pine-4-industriala-stila-tv-skapitis\/","name":"FACTORY PINE 4 industri\u0101l\u0101 stila TV skap\u012btis - MetalTale.com","isPartOf":{"@id":"https:\/\/metaltale.com\/lv\/#website"},"primaryImageOfPage":{"@id":"https:\/\/metaltale.com\/lv\/produkts\/factory-pine-4-industriala-stila-tv-skapitis\/#primaryimage"},"image":{"@id":"https:\/\/metaltale.com\/lv\/produkts\/factory-pine-4-industriala-stila-tv-skapitis\/#primaryimage"},"thumbnailUrl":"https:\/\/metaltale.com\/wp-content\/uploads\/2024\/01\/televizoriaus-spintele-2.jpg","datePublished":"2024-02-13T13:19:44+00:00","breadcrumb":{"@id":"https:\/\/metaltale.com\/lv\/produkts\/factory-pine-4-industriala-stila-tv-skapitis\/#breadcrumb"},"inLanguage":"lv-LV","potentialAction":[{"@type":"ReadAction","target":["https:\/\/metaltale.com\/lv\/produkts\/factory-pine-4-industriala-stila-tv-skapitis\/"]}]},{"@type":"ImageObject","inLanguage":"lv-LV","@id":"https:\/\/metaltale.com\/lv\/produkts\/factory-pine-4-industriala-stila-tv-skapitis\/#primaryimage","url":"https:\/\/metaltale.com\/wp-content\/uploads\/2024\/01\/televizoriaus-spintele-2.jpg","contentUrl":"https:\/\/metaltale.com\/wp-content\/uploads\/2024\/01\/televizoriaus-spintele-2.jpg","width":800,"height":800,"caption":"TV spintele"},{"@type":"BreadcrumbList","@id":"https:\/\/metaltale.com\/lv\/produkts\/factory-pine-4-industriala-stila-tv-skapitis\/#breadcrumb","itemListElement":[{"@type":"ListItem","position":1,"name":"Home","item":"https:\/\/metaltale.com\/lv\/majas\/"},{"@type":"ListItem","position":2,"name":"Veikals","item":"https:\/\/metaltale.com\/lv\/shop\/"},{"@type":"ListItem","position":3,"name":"FACTORY PINE 4 industri\u0101l\u0101 stila TV skap\u012btis"}]},{"@type":"WebSite","@id":"https:\/\/metaltale.com\/lv\/#website","url":"https:\/\/metaltale.com\/lv\/","name":"Metaltale.com","description":"","potentialAction":[{"@type":"SearchAction","target":{"@type":"EntryPoint","urlTemplate":"https:\/\/metaltale.com\/lv\/?s={search_term_string}"},"query-input":{"@type":"PropertyValueSpecification","valueRequired":true,"valueName":"search_term_string"}}],"inLanguage":"lv-LV"}]}},"_links":{"self":[{"href":"https:\/\/metaltale.com\/lv\/wp-json\/wp\/v2\/product\/133475","targetHints":{"allow":["GET"]}}],"collection":[{"href":"https:\/\/metaltale.com\/lv\/wp-json\/wp\/v2\/product"}],"about":[{"href":"https:\/\/metaltale.com\/lv\/wp-json\/wp\/v2\/types\/product"}],"replies":[{"embeddable":true,"href":"https:\/\/metaltale.com\/lv\/wp-json\/wp\/v2\/comments?post=133475"}],"version-history":[{"count":0,"href":"https:\/\/metaltale.com\/lv\/wp-json\/wp\/v2\/product\/133475\/revisions"}],"wp:featuredmedia":[{"embeddable":true,"href":"https:\/\/metaltale.com\/lv\/wp-json\/wp\/v2\/media\/119612"}],"wp:attachment":[{"href":"https:\/\/metaltale.com\/lv\/wp-json\/wp\/v2\/media?parent=133475"}],"wp:term":[{"taxonomy":"product_brand","embeddable":true,"href":"https:\/\/metaltale.com\/lv\/wp-json\/wp\/v2\/product_brand?post=133475"},{"taxonomy":"product_cat","embeddable":true,"href":"https:\/\/metaltale.com\/lv\/wp-json\/wp\/v2\/product_cat?post=133475"},{"taxonomy":"product_tag","embeddable":true,"href":"https:\/\/metaltale.com\/lv\/wp-json\/wp\/v2\/product_tag?post=133475"}],"curies":[{"name":"wp","href":"https:\/\/api.w.org\/{rel}","templated":true}]}}