{"id":133470,"date":"2024-02-13T15:19:44","date_gmt":"2024-02-13T13:19:44","guid":{"rendered":"https:\/\/metaltale.com\/produktas\/industrialais-beninu-gramatu-plaukts-factory-pine-2\/"},"modified":"2024-02-13T15:19:44","modified_gmt":"2024-02-13T13:19:44","slug":"industrialais-beninu-gramatu-plaukts-factory-pine-2","status":"publish","type":"product","link":"https:\/\/metaltale.com\/lv\/produkts\/industrialais-beninu-gramatu-plaukts-factory-pine-2\/","title":{"rendered":"Industri\u0101lais b\u0113ni\u0146u gr\u0101matu plaukts FACTORY PINE 2"},"content":{"rendered":"<div class=\"prod_data\">\n<p>ZA.FAC2 <strong>modelis<\/strong><br \/>\nFACTORY PINE <strong>kolekcija<\/strong><br \/>\n<strong>EAN.<\/strong>  5905369914881<br \/>\n<strong>Materi\u0101ls<\/strong> Priede, t\u0113rauds<br \/>\n<strong>Kop\u0113jais augstums (cm<\/strong> ) 200<br \/>\nKop\u0113jais platums (cm ) 120<br \/>\n<strong>Dzi\u013cums (cm<\/strong> ) 40<br \/>\n<strong>Pieg\u0101des veids<\/strong> Piln\u012bb\u0101 samont\u0113ts produkts<\/p>\n<p>&#8211; r\u016bpnieciskie augstie prie\u017eu un t\u0113rauda plaukti<br \/>\n&#8211; lod\u012b\u0161u gult\u0146u sl\u012bd\u0146i \u013cauj viegli izvilkt atvilktnes<br \/>\n&#8211; B\u012bd\u0101m\u0101 plauktu priek\u0161puse &#8211; praktisks un dizaina risin\u0101jums<br \/>\n&#8211; 80&#215;20 mm sl\u0113gta profila konstrukcija nodro\u0161ina stabilit\u0101ti un iztur\u012bbu.<br \/>\n&#8211; ar bezkr\u0101sainu laku impregn\u0113ts t\u0113rauds aizsardz\u012bbai pret boj\u0101jumiem un skr\u0101p\u0113jumiem.<br \/>\n&#8211; atvilktnes izgatavotas tikai no finier\u0113tas koksnes &#8211; uzst\u0101d\u012b\u0161anas laik\u0101 tiek izmantotas redzamas naglas.<br \/>\n&#8211; starp atl\u012bm\u0113tiem d\u0113\u013ciem var rasties spraugas, kas neietekm\u0113 lieto\u0161anas \u0113rtumu.<br \/>\n&#8211; p\u0101rstr\u0101d\u0101ta priedes koksne, kas pies\u016bcin\u0101ta ar laku uz \u016bdens b\u0101zes.<br \/>\n&#8211; paredz\u0113t\u0101 noveco\u0161anas ietekme izpau\u017eas k\u0101 redzami skr\u0101p\u0113jumi uz virsmas un j\u016btama koka tekst\u016bra.<br \/>\n&#8211; izstr\u0101d\u0101jumu kr\u0101sa var at\u0161\u0137irties no galerij\u0101 redzamajiem att\u0113liem individu\u0101lu monitora iestat\u012bjumu un materi\u0101lu \u012bpa\u0161\u012bbu d\u0113\u013c &#8211; t\u0113rauds un priedes koksne ir izejmateri\u0101li, kuru kr\u0101sa, tonis un tekst\u016bra var at\u0161\u0137irties no parauga uz paraugu vai no partijas uz partiju.<\/p>\n<hr>\n<p>Pla\u0161s b\u0113ni\u0146u tipa gr\u0101matu plaukts ar dzi\u013ciem plauktiem, atvilktn\u0113m un skap\u012bti ir praktiska m\u0113bele viesistabai, pusaud\u017eu istabai vai birojam. &#8220;Factory Pine&#8221; plaukta dizaina raksturs pie\u0161\u0137irs industri\u0101lu \u0161iku visam interjeram, padarot to par ori\u0123in\u0101lu un p\u0101rlaic\u012bgu interjeru. Mas\u012bv\u0101 t\u0113rauda konstrukcija garant\u0113 iztur\u012bbu un stabilit\u0101ti, savuk\u0101rt nesl\u012bp\u0113tie p\u0101rstr\u0101d\u0101t\u0101s priedes d\u0113\u013ci ir praktiski un atbilst nozares tendenc\u0113m. Gandr\u012bz neapstr\u0101d\u0101t\u0101 koka tekst\u016bra, t\u0101pat k\u0101 t\u0113rauda skr\u0101p\u0113jumi, atkl\u0101t\u0101s kniedes un savienojumi, ir apzin\u0101ta. R\u016bpn\u012bcas raksturs ne\u0146em v\u0113r\u0101&#8230; \u010d\u012bkst. Atvilkt\u0146u vienm\u0113r\u012bgu sl\u012bd\u0113\u0161anu nodro\u0161ina lod\u012b\u0161u vadotnes, savuk\u0101rt kolekcijai izstr\u0101d\u0101t\u0101 sl\u012bd\u0113\u0161anas sist\u0113ma \u013cauj nedaudz atsegt aiz priek\u0161\u0113j\u0101s frontes pasl\u0113pto skap\u012bti. Gr\u0101matu plaukts, kam vajadz\u0113tu izskat\u012bties p\u0113c vecas m\u0113beles, skaisti noveco. Laika gait\u0101 radu\u0161\u0101s dabisk\u0101s plaisas vai skr\u0101p\u0113jumi pastiprina nolietojumu.<\/p>\n<\/div>\n","protected":false},"excerpt":{"rendered":"<p>ZA.FAC2 modelis FACTORY PINE kolekcija EAN. 5905369914881 Materi\u0101ls Priede, t\u0113rauds Kop\u0113jais augstums (cm ) 200 Kop\u0113jais platums (cm ) 120<\/p>\n","protected":false},"featured_media":119756,"comment_status":"open","ping_status":"closed","template":"","meta":{"_acf_changed":false,"pmpro_default_level":""},"product_brand":[],"product_cat":[24092,24057,24118],"product_tag":[],"class_list":{"0":"post-133470","1":"product","2":"type-product","3":"status-publish","4":"has-post-thumbnail","6":"product_cat-plaukti","7":"product_cat-rupnieciskas-mebeles","8":"product_cat-skapji","9":"pmpro-has-access","11":"first","12":"instock","13":"shipping-taxable","14":"purchasable","15":"product-type-simple"},"acf":[],"yoast_head":"<!-- This site is optimized with the Yoast SEO plugin v24.9 - https:\/\/yoast.com\/wordpress\/plugins\/seo\/ -->\n<title>Industri\u0101lais b\u0113ni\u0146u gr\u0101matu plaukts FACTORY PINE 2 - MetalTale.com<\/title>\n<meta name=\"robots\" content=\"index, follow, max-snippet:-1, max-image-preview:large, max-video-preview:-1\" \/>\n<link rel=\"canonical\" href=\"https:\/\/metaltale.com\/lv\/produkts\/industrialais-beninu-gramatu-plaukts-factory-pine-2\/\" \/>\n<meta property=\"og:locale\" content=\"lv_LV\" \/>\n<meta property=\"og:type\" content=\"article\" \/>\n<meta property=\"og:title\" content=\"Industri\u0101lais b\u0113ni\u0146u gr\u0101matu plaukts FACTORY PINE 2 - MetalTale.com\" \/>\n<meta property=\"og:description\" content=\"ZA.FAC2 modelis FACTORY PINE kolekcija EAN. 5905369914881 Materi\u0101ls Priede, t\u0113rauds Kop\u0113jais augstums (cm ) 200 Kop\u0113jais platums (cm ) 120\" \/>\n<meta property=\"og:url\" content=\"https:\/\/metaltale.com\/lv\/produkts\/industrialais-beninu-gramatu-plaukts-factory-pine-2\/\" \/>\n<meta property=\"og:site_name\" content=\"MetalTale.com\" \/>\n<meta name=\"twitter:card\" content=\"summary_large_image\" \/>\n<meta name=\"twitter:label1\" content=\"Est. reading time\" \/>\n\t<meta name=\"twitter:data1\" content=\"2 minutes\" \/>\n<script type=\"application\/ld+json\" class=\"yoast-schema-graph\">{\"@context\":\"https:\/\/schema.org\",\"@graph\":[{\"@type\":\"WebPage\",\"@id\":\"https:\/\/metaltale.com\/lv\/produkts\/industrialais-beninu-gramatu-plaukts-factory-pine-2\/\",\"url\":\"https:\/\/metaltale.com\/lv\/produkts\/industrialais-beninu-gramatu-plaukts-factory-pine-2\/\",\"name\":\"Industri\u0101lais b\u0113ni\u0146u gr\u0101matu plaukts FACTORY PINE 2 - MetalTale.com\",\"isPartOf\":{\"@id\":\"https:\/\/metaltale.com\/lv\/#website\"},\"primaryImageOfPage\":{\"@id\":\"https:\/\/metaltale.com\/lv\/produkts\/industrialais-beninu-gramatu-plaukts-factory-pine-2\/#primaryimage\"},\"image\":{\"@id\":\"https:\/\/metaltale.com\/lv\/produkts\/industrialais-beninu-gramatu-plaukts-factory-pine-2\/#primaryimage\"},\"thumbnailUrl\":\"https:\/\/metaltale.com\/wp-content\/uploads\/2023\/12\/knygu-lentyna-2.jpg\",\"datePublished\":\"2024-02-13T13:19:44+00:00\",\"breadcrumb\":{\"@id\":\"https:\/\/metaltale.com\/lv\/produkts\/industrialais-beninu-gramatu-plaukts-factory-pine-2\/#breadcrumb\"},\"inLanguage\":\"lv-LV\",\"potentialAction\":[{\"@type\":\"ReadAction\",\"target\":[\"https:\/\/metaltale.com\/lv\/produkts\/industrialais-beninu-gramatu-plaukts-factory-pine-2\/\"]}]},{\"@type\":\"ImageObject\",\"inLanguage\":\"lv-LV\",\"@id\":\"https:\/\/metaltale.com\/lv\/produkts\/industrialais-beninu-gramatu-plaukts-factory-pine-2\/#primaryimage\",\"url\":\"https:\/\/metaltale.com\/wp-content\/uploads\/2023\/12\/knygu-lentyna-2.jpg\",\"contentUrl\":\"https:\/\/metaltale.com\/wp-content\/uploads\/2023\/12\/knygu-lentyna-2.jpg\",\"width\":800,\"height\":800,\"caption\":\"gr\u0101matu plaukts\"},{\"@type\":\"BreadcrumbList\",\"@id\":\"https:\/\/metaltale.com\/lv\/produkts\/industrialais-beninu-gramatu-plaukts-factory-pine-2\/#breadcrumb\",\"itemListElement\":[{\"@type\":\"ListItem\",\"position\":1,\"name\":\"Home\",\"item\":\"https:\/\/metaltale.com\/lv\/majas\/\"},{\"@type\":\"ListItem\",\"position\":2,\"name\":\"Veikals\",\"item\":\"https:\/\/metaltale.com\/lv\/shop\/\"},{\"@type\":\"ListItem\",\"position\":3,\"name\":\"Industri\u0101lais b\u0113ni\u0146u gr\u0101matu plaukts FACTORY PINE 2\"}]},{\"@type\":\"WebSite\",\"@id\":\"https:\/\/metaltale.com\/lv\/#website\",\"url\":\"https:\/\/metaltale.com\/lv\/\",\"name\":\"Metaltale.com\",\"description\":\"\",\"potentialAction\":[{\"@type\":\"SearchAction\",\"target\":{\"@type\":\"EntryPoint\",\"urlTemplate\":\"https:\/\/metaltale.com\/lv\/?s={search_term_string}\"},\"query-input\":{\"@type\":\"PropertyValueSpecification\",\"valueRequired\":true,\"valueName\":\"search_term_string\"}}],\"inLanguage\":\"lv-LV\"}]}<\/script>\n<!-- \/ Yoast SEO plugin. -->","yoast_head_json":{"title":"Industri\u0101lais b\u0113ni\u0146u gr\u0101matu plaukts FACTORY PINE 2 - MetalTale.com","robots":{"index":"index","follow":"follow","max-snippet":"max-snippet:-1","max-image-preview":"max-image-preview:large","max-video-preview":"max-video-preview:-1"},"canonical":"https:\/\/metaltale.com\/lv\/produkts\/industrialais-beninu-gramatu-plaukts-factory-pine-2\/","og_locale":"lv_LV","og_type":"article","og_title":"Industri\u0101lais b\u0113ni\u0146u gr\u0101matu plaukts FACTORY PINE 2 - MetalTale.com","og_description":"ZA.FAC2 modelis FACTORY PINE kolekcija EAN. 5905369914881 Materi\u0101ls Priede, t\u0113rauds Kop\u0113jais augstums (cm ) 200 Kop\u0113jais platums (cm ) 120","og_url":"https:\/\/metaltale.com\/lv\/produkts\/industrialais-beninu-gramatu-plaukts-factory-pine-2\/","og_site_name":"MetalTale.com","twitter_card":"summary_large_image","twitter_misc":{"Est. reading time":"2 minutes"},"schema":{"@context":"https:\/\/schema.org","@graph":[{"@type":"WebPage","@id":"https:\/\/metaltale.com\/lv\/produkts\/industrialais-beninu-gramatu-plaukts-factory-pine-2\/","url":"https:\/\/metaltale.com\/lv\/produkts\/industrialais-beninu-gramatu-plaukts-factory-pine-2\/","name":"Industri\u0101lais b\u0113ni\u0146u gr\u0101matu plaukts FACTORY PINE 2 - MetalTale.com","isPartOf":{"@id":"https:\/\/metaltale.com\/lv\/#website"},"primaryImageOfPage":{"@id":"https:\/\/metaltale.com\/lv\/produkts\/industrialais-beninu-gramatu-plaukts-factory-pine-2\/#primaryimage"},"image":{"@id":"https:\/\/metaltale.com\/lv\/produkts\/industrialais-beninu-gramatu-plaukts-factory-pine-2\/#primaryimage"},"thumbnailUrl":"https:\/\/metaltale.com\/wp-content\/uploads\/2023\/12\/knygu-lentyna-2.jpg","datePublished":"2024-02-13T13:19:44+00:00","breadcrumb":{"@id":"https:\/\/metaltale.com\/lv\/produkts\/industrialais-beninu-gramatu-plaukts-factory-pine-2\/#breadcrumb"},"inLanguage":"lv-LV","potentialAction":[{"@type":"ReadAction","target":["https:\/\/metaltale.com\/lv\/produkts\/industrialais-beninu-gramatu-plaukts-factory-pine-2\/"]}]},{"@type":"ImageObject","inLanguage":"lv-LV","@id":"https:\/\/metaltale.com\/lv\/produkts\/industrialais-beninu-gramatu-plaukts-factory-pine-2\/#primaryimage","url":"https:\/\/metaltale.com\/wp-content\/uploads\/2023\/12\/knygu-lentyna-2.jpg","contentUrl":"https:\/\/metaltale.com\/wp-content\/uploads\/2023\/12\/knygu-lentyna-2.jpg","width":800,"height":800,"caption":"gr\u0101matu plaukts"},{"@type":"BreadcrumbList","@id":"https:\/\/metaltale.com\/lv\/produkts\/industrialais-beninu-gramatu-plaukts-factory-pine-2\/#breadcrumb","itemListElement":[{"@type":"ListItem","position":1,"name":"Home","item":"https:\/\/metaltale.com\/lv\/majas\/"},{"@type":"ListItem","position":2,"name":"Veikals","item":"https:\/\/metaltale.com\/lv\/shop\/"},{"@type":"ListItem","position":3,"name":"Industri\u0101lais b\u0113ni\u0146u gr\u0101matu plaukts FACTORY PINE 2"}]},{"@type":"WebSite","@id":"https:\/\/metaltale.com\/lv\/#website","url":"https:\/\/metaltale.com\/lv\/","name":"Metaltale.com","description":"","potentialAction":[{"@type":"SearchAction","target":{"@type":"EntryPoint","urlTemplate":"https:\/\/metaltale.com\/lv\/?s={search_term_string}"},"query-input":{"@type":"PropertyValueSpecification","valueRequired":true,"valueName":"search_term_string"}}],"inLanguage":"lv-LV"}]}},"_links":{"self":[{"href":"https:\/\/metaltale.com\/lv\/wp-json\/wp\/v2\/product\/133470","targetHints":{"allow":["GET"]}}],"collection":[{"href":"https:\/\/metaltale.com\/lv\/wp-json\/wp\/v2\/product"}],"about":[{"href":"https:\/\/metaltale.com\/lv\/wp-json\/wp\/v2\/types\/product"}],"replies":[{"embeddable":true,"href":"https:\/\/metaltale.com\/lv\/wp-json\/wp\/v2\/comments?post=133470"}],"version-history":[{"count":0,"href":"https:\/\/metaltale.com\/lv\/wp-json\/wp\/v2\/product\/133470\/revisions"}],"wp:featuredmedia":[{"embeddable":true,"href":"https:\/\/metaltale.com\/lv\/wp-json\/wp\/v2\/media\/119756"}],"wp:attachment":[{"href":"https:\/\/metaltale.com\/lv\/wp-json\/wp\/v2\/media?parent=133470"}],"wp:term":[{"taxonomy":"product_brand","embeddable":true,"href":"https:\/\/metaltale.com\/lv\/wp-json\/wp\/v2\/product_brand?post=133470"},{"taxonomy":"product_cat","embeddable":true,"href":"https:\/\/metaltale.com\/lv\/wp-json\/wp\/v2\/product_cat?post=133470"},{"taxonomy":"product_tag","embeddable":true,"href":"https:\/\/metaltale.com\/lv\/wp-json\/wp\/v2\/product_tag?post=133470"}],"curies":[{"name":"wp","href":"https:\/\/api.w.org\/{rel}","templated":true}]}}