{"id":133464,"date":"2024-02-13T15:19:44","date_gmt":"2024-02-13T13:19:44","guid":{"rendered":"https:\/\/metaltale.com\/produktas\/industriala-beninu-kumode-factory-pine-2\/"},"modified":"2024-02-13T15:19:44","modified_gmt":"2024-02-13T13:19:44","slug":"industriala-beninu-kumode-factory-pine-2","status":"publish","type":"product","link":"https:\/\/metaltale.com\/lv\/produkts\/industriala-beninu-kumode-factory-pine-2\/","title":{"rendered":"Industri\u0101l\u0101 b\u0113ni\u0146u kumode FACTORY PINE 2"},"content":{"rendered":"<div class=\"prod_data\">\n<p>ZA.FAC.B1 <strong>modelis<\/strong><br \/>\nFACTORY PINE <strong>kolekcija<\/strong><br \/>\n<strong>EAN.<\/strong>  5905369914003<br \/>\n<strong>Materi\u0101ls<\/strong> Priede, t\u0113rauds<br \/>\n<strong>Kop\u0113jais augstums (cm<\/strong> ) 81<br \/>\n<strong>Kop\u0113jais platums (cm<\/strong> ) 150<br \/>\n<strong>Dzi\u013cums (cm<\/strong> ) 50<br \/>\n<strong>Pieg\u0101des veids<\/strong> Piln\u012bb\u0101 samont\u0113ts produkts<\/p>\n<p>&#8211; R\u016bpniecisk\u0101 t\u0113rauda un priedes kumode<br \/>\n&#8211; se\u0161as pla\u0161as t\u0113rauda atvilktnes<br \/>\n&#8211; lod\u012b\u0161u gult\u0146u sl\u012bd\u0146i, kas atvieglo atvilkt\u0146u iz\u0146em\u0161anu<br \/>\n&#8211; konstrukcija no 80&#215;20 mm sl\u0113gta profila<br \/>\n&#8211; t\u0113rauds, kas pies\u016bcin\u0101ts ar bezkr\u0101sainu laku aizsardz\u012bbai pret boj\u0101jumiem un skr\u0101p\u0113jumiem.<br \/>\n&#8211; P\u0101rstr\u0101d\u0101ta priedes koksne, kas pies\u016bcin\u0101ta ar laku uz \u016bdens b\u0101zes<br \/>\n&#8211; paredz\u0113t\u0101 noveco\u0161anas ietekme izpau\u017eas k\u0101 redzamas skrambas uz t\u0113rauda virsmas.<br \/>\n&#8211; izstr\u0101d\u0101jumu kr\u0101sa var at\u0161\u0137irties no galerij\u0101 redzamajiem att\u0113liem individu\u0101lu monitora iestat\u012bjumu un materi\u0101lu \u012bpa\u0161\u012bbu d\u0113\u013c &#8211; t\u0113rauds un priedes koksne ir izejmateri\u0101li, kuru kr\u0101sa, nokr\u0101sa un tekst\u016bra var at\u0161\u0137irties no vien\u012bbas uz vien\u012bbu vai no ra\u017eo\u0161anas partijas uz ra\u017eo\u0161anas partiju.<\/p>\n<hr>\n<p>Factory Pine kumode ir m\u0113bele cilv\u0113kiem, kas nov\u0113rt\u0113 ori\u0123inalit\u0101ti un industri\u0101lo stilu. M\u0113be\u013cu r\u016bpn\u012bcas raksturu atspogu\u013co atkl\u0101t\u0101s \u0161uves un kniedes, t\u0113rauda skrambas un koka raupjums. Komod\u0101 ar se\u0161\u0101m met\u0101la atvilktn\u0113m var novietot da\u017e\u0101dus d\u0101rglietas un dokumentus, kas lieliski noder\u0113s birojos un birojos. Praktiskie rokturi izce\u013c dizaina industri\u0101lo raksturu. Dizaina simetrija nodro\u0161ina harmoniju, un ar traipu pies\u016bcin\u0101t\u0101 re\u0123ener\u0113t\u0101 priedes koksne lieliski sader ar novecoju\u0161o t\u0113raudu. D\u0113l\u012b\u0161i nav l\u012bm\u0113ti, un starp tiem ir maz\u0101kas vai liel\u0101kas atstarpes, kas neietekm\u0113 kumodes lietojam\u012bbu. \u0160\u012b dizaina m\u0113bele ir neparasts interjera elements, kas, pateicoties t\u0101s mas\u012bvajai formai, var viegli iek\u013cauties pla\u0161\u0101 b\u0113ni\u0146u interjer\u0101. Stabil\u0101 konstrukcija garant\u0113 visaugst\u0101ko kvalit\u0101ti, bet izsmalcin\u0101tais dizains &#8211; p\u0101rlaic\u012bgu \u0161armu un r\u016bpn\u012bcas eleganci.<\/p>\n<\/div>\n","protected":false},"excerpt":{"rendered":"<p>ZA.FAC.B1 modelis FACTORY PINE kolekcija EAN. 5905369914003 Materi\u0101ls Priede, t\u0113rauds Kop\u0113jais augstums (cm ) 81 Kop\u0113jais platums (cm ) 150<\/p>\n","protected":false},"featured_media":115895,"comment_status":"open","ping_status":"closed","template":"","meta":{"_acf_changed":false,"pmpro_default_level":""},"product_brand":[],"product_cat":[24120,24057],"product_tag":[],"class_list":{"0":"post-133464","1":"product","2":"type-product","3":"status-publish","4":"has-post-thumbnail","6":"product_cat-kumodes","7":"product_cat-rupnieciskas-mebeles","8":"pmpro-has-access","10":"first","11":"instock","12":"shipping-taxable","13":"purchasable","14":"product-type-simple"},"acf":[],"yoast_head":"<!-- This site is optimized with the Yoast SEO plugin v24.9 - https:\/\/yoast.com\/wordpress\/plugins\/seo\/ -->\n<title>Industri\u0101l\u0101 b\u0113ni\u0146u kumode FACTORY PINE 2 - MetalTale.com<\/title>\n<meta name=\"robots\" content=\"index, follow, max-snippet:-1, max-image-preview:large, max-video-preview:-1\" \/>\n<link rel=\"canonical\" href=\"https:\/\/metaltale.com\/lv\/produkts\/industriala-beninu-kumode-factory-pine-2\/\" \/>\n<meta property=\"og:locale\" content=\"lv_LV\" \/>\n<meta property=\"og:type\" content=\"article\" \/>\n<meta property=\"og:title\" content=\"Industri\u0101l\u0101 b\u0113ni\u0146u kumode FACTORY PINE 2 - MetalTale.com\" \/>\n<meta property=\"og:description\" content=\"ZA.FAC.B1 modelis FACTORY PINE kolekcija EAN. 5905369914003 Materi\u0101ls Priede, t\u0113rauds Kop\u0113jais augstums (cm ) 81 Kop\u0113jais platums (cm ) 150\" \/>\n<meta property=\"og:url\" content=\"https:\/\/metaltale.com\/lv\/produkts\/industriala-beninu-kumode-factory-pine-2\/\" \/>\n<meta property=\"og:site_name\" content=\"MetalTale.com\" \/>\n<meta name=\"twitter:card\" content=\"summary_large_image\" \/>\n<meta name=\"twitter:label1\" content=\"Est. reading time\" \/>\n\t<meta name=\"twitter:data1\" content=\"2 minutes\" \/>\n<script type=\"application\/ld+json\" class=\"yoast-schema-graph\">{\"@context\":\"https:\/\/schema.org\",\"@graph\":[{\"@type\":\"WebPage\",\"@id\":\"https:\/\/metaltale.com\/lv\/produkts\/industriala-beninu-kumode-factory-pine-2\/\",\"url\":\"https:\/\/metaltale.com\/lv\/produkts\/industriala-beninu-kumode-factory-pine-2\/\",\"name\":\"Industri\u0101l\u0101 b\u0113ni\u0146u kumode FACTORY PINE 2 - MetalTale.com\",\"isPartOf\":{\"@id\":\"https:\/\/metaltale.com\/lv\/#website\"},\"primaryImageOfPage\":{\"@id\":\"https:\/\/metaltale.com\/lv\/produkts\/industriala-beninu-kumode-factory-pine-2\/#primaryimage\"},\"image\":{\"@id\":\"https:\/\/metaltale.com\/lv\/produkts\/industriala-beninu-kumode-factory-pine-2\/#primaryimage\"},\"thumbnailUrl\":\"https:\/\/metaltale.com\/wp-content\/uploads\/2023\/12\/FACTORY-SOSNA-2-komodos.jpg\",\"datePublished\":\"2024-02-13T13:19:44+00:00\",\"breadcrumb\":{\"@id\":\"https:\/\/metaltale.com\/lv\/produkts\/industriala-beninu-kumode-factory-pine-2\/#breadcrumb\"},\"inLanguage\":\"lv-LV\",\"potentialAction\":[{\"@type\":\"ReadAction\",\"target\":[\"https:\/\/metaltale.com\/lv\/produkts\/industriala-beninu-kumode-factory-pine-2\/\"]}]},{\"@type\":\"ImageObject\",\"inLanguage\":\"lv-LV\",\"@id\":\"https:\/\/metaltale.com\/lv\/produkts\/industriala-beninu-kumode-factory-pine-2\/#primaryimage\",\"url\":\"https:\/\/metaltale.com\/wp-content\/uploads\/2023\/12\/FACTORY-SOSNA-2-komodos.jpg\",\"contentUrl\":\"https:\/\/metaltale.com\/wp-content\/uploads\/2023\/12\/FACTORY-SOSNA-2-komodos.jpg\",\"width\":800,\"height\":800,\"caption\":\"komodes\"},{\"@type\":\"BreadcrumbList\",\"@id\":\"https:\/\/metaltale.com\/lv\/produkts\/industriala-beninu-kumode-factory-pine-2\/#breadcrumb\",\"itemListElement\":[{\"@type\":\"ListItem\",\"position\":1,\"name\":\"Home\",\"item\":\"https:\/\/metaltale.com\/lv\/majas\/\"},{\"@type\":\"ListItem\",\"position\":2,\"name\":\"Veikals\",\"item\":\"https:\/\/metaltale.com\/lv\/shop\/\"},{\"@type\":\"ListItem\",\"position\":3,\"name\":\"Industri\u0101l\u0101 b\u0113ni\u0146u kumode FACTORY PINE 2\"}]},{\"@type\":\"WebSite\",\"@id\":\"https:\/\/metaltale.com\/lv\/#website\",\"url\":\"https:\/\/metaltale.com\/lv\/\",\"name\":\"Metaltale.com\",\"description\":\"\",\"potentialAction\":[{\"@type\":\"SearchAction\",\"target\":{\"@type\":\"EntryPoint\",\"urlTemplate\":\"https:\/\/metaltale.com\/lv\/?s={search_term_string}\"},\"query-input\":{\"@type\":\"PropertyValueSpecification\",\"valueRequired\":true,\"valueName\":\"search_term_string\"}}],\"inLanguage\":\"lv-LV\"}]}<\/script>\n<!-- \/ Yoast SEO plugin. -->","yoast_head_json":{"title":"Industri\u0101l\u0101 b\u0113ni\u0146u kumode FACTORY PINE 2 - MetalTale.com","robots":{"index":"index","follow":"follow","max-snippet":"max-snippet:-1","max-image-preview":"max-image-preview:large","max-video-preview":"max-video-preview:-1"},"canonical":"https:\/\/metaltale.com\/lv\/produkts\/industriala-beninu-kumode-factory-pine-2\/","og_locale":"lv_LV","og_type":"article","og_title":"Industri\u0101l\u0101 b\u0113ni\u0146u kumode FACTORY PINE 2 - MetalTale.com","og_description":"ZA.FAC.B1 modelis FACTORY PINE kolekcija EAN. 5905369914003 Materi\u0101ls Priede, t\u0113rauds Kop\u0113jais augstums (cm ) 81 Kop\u0113jais platums (cm ) 150","og_url":"https:\/\/metaltale.com\/lv\/produkts\/industriala-beninu-kumode-factory-pine-2\/","og_site_name":"MetalTale.com","twitter_card":"summary_large_image","twitter_misc":{"Est. reading time":"2 minutes"},"schema":{"@context":"https:\/\/schema.org","@graph":[{"@type":"WebPage","@id":"https:\/\/metaltale.com\/lv\/produkts\/industriala-beninu-kumode-factory-pine-2\/","url":"https:\/\/metaltale.com\/lv\/produkts\/industriala-beninu-kumode-factory-pine-2\/","name":"Industri\u0101l\u0101 b\u0113ni\u0146u kumode FACTORY PINE 2 - MetalTale.com","isPartOf":{"@id":"https:\/\/metaltale.com\/lv\/#website"},"primaryImageOfPage":{"@id":"https:\/\/metaltale.com\/lv\/produkts\/industriala-beninu-kumode-factory-pine-2\/#primaryimage"},"image":{"@id":"https:\/\/metaltale.com\/lv\/produkts\/industriala-beninu-kumode-factory-pine-2\/#primaryimage"},"thumbnailUrl":"https:\/\/metaltale.com\/wp-content\/uploads\/2023\/12\/FACTORY-SOSNA-2-komodos.jpg","datePublished":"2024-02-13T13:19:44+00:00","breadcrumb":{"@id":"https:\/\/metaltale.com\/lv\/produkts\/industriala-beninu-kumode-factory-pine-2\/#breadcrumb"},"inLanguage":"lv-LV","potentialAction":[{"@type":"ReadAction","target":["https:\/\/metaltale.com\/lv\/produkts\/industriala-beninu-kumode-factory-pine-2\/"]}]},{"@type":"ImageObject","inLanguage":"lv-LV","@id":"https:\/\/metaltale.com\/lv\/produkts\/industriala-beninu-kumode-factory-pine-2\/#primaryimage","url":"https:\/\/metaltale.com\/wp-content\/uploads\/2023\/12\/FACTORY-SOSNA-2-komodos.jpg","contentUrl":"https:\/\/metaltale.com\/wp-content\/uploads\/2023\/12\/FACTORY-SOSNA-2-komodos.jpg","width":800,"height":800,"caption":"komodes"},{"@type":"BreadcrumbList","@id":"https:\/\/metaltale.com\/lv\/produkts\/industriala-beninu-kumode-factory-pine-2\/#breadcrumb","itemListElement":[{"@type":"ListItem","position":1,"name":"Home","item":"https:\/\/metaltale.com\/lv\/majas\/"},{"@type":"ListItem","position":2,"name":"Veikals","item":"https:\/\/metaltale.com\/lv\/shop\/"},{"@type":"ListItem","position":3,"name":"Industri\u0101l\u0101 b\u0113ni\u0146u kumode FACTORY PINE 2"}]},{"@type":"WebSite","@id":"https:\/\/metaltale.com\/lv\/#website","url":"https:\/\/metaltale.com\/lv\/","name":"Metaltale.com","description":"","potentialAction":[{"@type":"SearchAction","target":{"@type":"EntryPoint","urlTemplate":"https:\/\/metaltale.com\/lv\/?s={search_term_string}"},"query-input":{"@type":"PropertyValueSpecification","valueRequired":true,"valueName":"search_term_string"}}],"inLanguage":"lv-LV"}]}},"_links":{"self":[{"href":"https:\/\/metaltale.com\/lv\/wp-json\/wp\/v2\/product\/133464","targetHints":{"allow":["GET"]}}],"collection":[{"href":"https:\/\/metaltale.com\/lv\/wp-json\/wp\/v2\/product"}],"about":[{"href":"https:\/\/metaltale.com\/lv\/wp-json\/wp\/v2\/types\/product"}],"replies":[{"embeddable":true,"href":"https:\/\/metaltale.com\/lv\/wp-json\/wp\/v2\/comments?post=133464"}],"version-history":[{"count":0,"href":"https:\/\/metaltale.com\/lv\/wp-json\/wp\/v2\/product\/133464\/revisions"}],"wp:featuredmedia":[{"embeddable":true,"href":"https:\/\/metaltale.com\/lv\/wp-json\/wp\/v2\/media\/115895"}],"wp:attachment":[{"href":"https:\/\/metaltale.com\/lv\/wp-json\/wp\/v2\/media?parent=133464"}],"wp:term":[{"taxonomy":"product_brand","embeddable":true,"href":"https:\/\/metaltale.com\/lv\/wp-json\/wp\/v2\/product_brand?post=133464"},{"taxonomy":"product_cat","embeddable":true,"href":"https:\/\/metaltale.com\/lv\/wp-json\/wp\/v2\/product_cat?post=133464"},{"taxonomy":"product_tag","embeddable":true,"href":"https:\/\/metaltale.com\/lv\/wp-json\/wp\/v2\/product_tag?post=133464"}],"curies":[{"name":"wp","href":"https:\/\/api.w.org\/{rel}","templated":true}]}}