{"id":133462,"date":"2024-02-13T15:21:45","date_gmt":"2024-02-13T13:21:45","guid":{"rendered":"https:\/\/metaltale.com\/produktas\/plaukta-turetajs-chinese-dragon-260x245mm-naturalus\/"},"modified":"2024-02-13T15:21:45","modified_gmt":"2024-02-13T13:21:45","slug":"plaukta-turetajs-chinese-dragon-260x245mm-naturalus","status":"publish","type":"product","link":"https:\/\/metaltale.com\/lv\/produkts\/plaukta-turetajs-chinese-dragon-260x245mm-naturalus\/","title":{"rendered":"Plaukta tur\u0113t\u0101js CHINESE DRAGON 260x245mm NATURALUS"},"content":{"rendered":"<div class=\"prod_data\">\n<p><strong>Modelis<\/strong> 30.070A.AI.260<br \/>\n<strong>EAN.<\/strong>  5905369922299<br \/>\nMateri\u0101ls Ketus<br \/>\n<strong>Kop\u0113jais augstums (cm<\/strong> ) 24,5<br \/>\nKop\u0113jais platums (cm ) 4,5<br \/>\n<strong>Kop\u0113j\u0101 projekcija (cm<\/strong> ) 26<br \/>\nMont\u0101\u017eas skr\u016bves J\u0101<br \/>\nT\u0113rauda <strong>kr\u0101sa<\/strong><br \/>\nDaudzums komplekt\u0101 1 gab.<\/p>\n<p>&#8211; kron\u0161teins izgatavots no cieta \u010duguna ar ar rok\u0101m apstr\u0101d\u0101t\u0101m deta\u013c\u0101m.<br \/>\n&#8211; Gofr\u0113ti mont\u0101\u017eas caurumi \u013cauj skr\u016bv\u0113m atrasties vien\u0101 l\u012bmen\u012b ar kron\u0161teina virsmu, t\u0101d\u0113j\u0101di nodro\u0161inot viengabalainu virsmu.<br \/>\n&#8211; produkta iztur\u012bba nodro\u0161ina visa plaukta stabilit\u0101ti.<br \/>\n&#8211; to var izgatavot no MDF vai skaidu pl\u0101tnes, bet vislab\u0101k tur\u0113t\u0101js darbojas ar dab\u012bgu koku.<br \/>\n&#8211; noapa\u013cot\u0101s malas ir est\u0113tiski pievilc\u012bgas un dro\u0161as lieto\u0161anai.<br \/>\n&#8211; Kron\u0161teins ir \u012bpa\u0161i iespaid\u012bgs, pateicoties t\u0101 r\u016bp\u012bgajam izpild\u012bjumam un uzman\u012bbai deta\u013c\u0101m.<\/p>\n<hr>\n<p>Ori\u0123in\u0101lais un uzman\u012bbu piesaisto\u0161ais \u0136\u012aNAS DRAKONS kron\u0161teins ir ide\u0101li piem\u0113rots jebkuram retro interjeram un papildina pla\u0161us un industri\u0101lus interjerus. Izsmalcin\u0101tu apstr\u0101di un uzman\u012bbu deta\u013c\u0101m var izmantot ar\u012b modern\u0101 dz\u012bvojam\u0101 istab\u0101 vai gaiten\u012b. Kron\u0161teins noder\u0113s k\u0101 iztur\u012bgs plaukts gr\u0101mat\u0101m vai dekor\u0101cij\u0101m.<\/p>\n<p>* Plauktu kron\u0161teini ir izgatavoti ar rok\u0101m, t\u0101p\u0113c var b\u016bt neliela nob\u012bde (ne prec\u012bzi 90\u00b0).<\/p>\n<\/div>\n","protected":false},"excerpt":{"rendered":"<p>Modelis 30.070A.AI.260 EAN. 5905369922299 Materi\u0101ls Ketus Kop\u0113jais augstums (cm ) 24,5 Kop\u0113jais platums (cm ) 4,5 Kop\u0113j\u0101 projekcija (cm )<\/p>\n","protected":false},"featured_media":95755,"comment_status":"open","ping_status":"closed","template":"","meta":{"_acf_changed":false,"pmpro_default_level":""},"product_brand":[],"product_cat":[23861,23837],"product_tag":[],"class_list":{"0":"post-133462","1":"product","2":"type-product","3":"status-publish","4":"has-post-thumbnail","6":"product_cat-lentynu-laikikliai-lv","7":"product_cat-mebeles-piederumi","8":"pmpro-has-access","10":"first","11":"instock","12":"shipping-taxable","13":"purchasable","14":"product-type-simple"},"acf":[],"yoast_head":"<!-- This site is optimized with the Yoast SEO plugin v24.9 - https:\/\/yoast.com\/wordpress\/plugins\/seo\/ -->\n<title>Plaukta tur\u0113t\u0101js CHINESE DRAGON 260x245mm NATURALUS - MetalTale.com<\/title>\n<meta name=\"robots\" content=\"index, follow, max-snippet:-1, max-image-preview:large, max-video-preview:-1\" \/>\n<link rel=\"canonical\" href=\"https:\/\/metaltale.com\/lv\/produkts\/plaukta-turetajs-chinese-dragon-260x245mm-naturalus\/\" \/>\n<meta property=\"og:locale\" content=\"lv_LV\" \/>\n<meta property=\"og:type\" content=\"article\" \/>\n<meta property=\"og:title\" content=\"Plaukta tur\u0113t\u0101js CHINESE DRAGON 260x245mm NATURALUS - MetalTale.com\" \/>\n<meta property=\"og:description\" content=\"Modelis 30.070A.AI.260 EAN. 5905369922299 Materi\u0101ls Ketus Kop\u0113jais augstums (cm ) 24,5 Kop\u0113jais platums (cm ) 4,5 Kop\u0113j\u0101 projekcija (cm )\" \/>\n<meta property=\"og:url\" content=\"https:\/\/metaltale.com\/lv\/produkts\/plaukta-turetajs-chinese-dragon-260x245mm-naturalus\/\" \/>\n<meta property=\"og:site_name\" content=\"MetalTale.com\" \/>\n<meta property=\"og:image\" content=\"https:\/\/metaltale.com\/wp-content\/uploads\/2023\/10\/SMOK-CHINESE-260x245-plieninis-laikiklis.jpg\" \/>\n\t<meta property=\"og:image:width\" content=\"800\" \/>\n\t<meta property=\"og:image:height\" content=\"800\" \/>\n\t<meta property=\"og:image:type\" content=\"image\/jpeg\" \/>\n<meta name=\"twitter:card\" content=\"summary_large_image\" \/>\n<meta name=\"twitter:label1\" content=\"Est. reading time\" \/>\n\t<meta name=\"twitter:data1\" content=\"1 minute\" \/>\n<script type=\"application\/ld+json\" class=\"yoast-schema-graph\">{\"@context\":\"https:\/\/schema.org\",\"@graph\":[{\"@type\":\"WebPage\",\"@id\":\"https:\/\/metaltale.com\/lv\/produkts\/plaukta-turetajs-chinese-dragon-260x245mm-naturalus\/\",\"url\":\"https:\/\/metaltale.com\/lv\/produkts\/plaukta-turetajs-chinese-dragon-260x245mm-naturalus\/\",\"name\":\"Plaukta tur\u0113t\u0101js CHINESE DRAGON 260x245mm NATURALUS - MetalTale.com\",\"isPartOf\":{\"@id\":\"https:\/\/metaltale.com\/lv\/#website\"},\"primaryImageOfPage\":{\"@id\":\"https:\/\/metaltale.com\/lv\/produkts\/plaukta-turetajs-chinese-dragon-260x245mm-naturalus\/#primaryimage\"},\"image\":{\"@id\":\"https:\/\/metaltale.com\/lv\/produkts\/plaukta-turetajs-chinese-dragon-260x245mm-naturalus\/#primaryimage\"},\"thumbnailUrl\":\"https:\/\/metaltale.com\/wp-content\/uploads\/2023\/10\/SMOK-CHINESE-260x245-plieninis-laikiklis.jpg\",\"datePublished\":\"2024-02-13T13:21:45+00:00\",\"breadcrumb\":{\"@id\":\"https:\/\/metaltale.com\/lv\/produkts\/plaukta-turetajs-chinese-dragon-260x245mm-naturalus\/#breadcrumb\"},\"inLanguage\":\"lv-LV\",\"potentialAction\":[{\"@type\":\"ReadAction\",\"target\":[\"https:\/\/metaltale.com\/lv\/produkts\/plaukta-turetajs-chinese-dragon-260x245mm-naturalus\/\"]}]},{\"@type\":\"ImageObject\",\"inLanguage\":\"lv-LV\",\"@id\":\"https:\/\/metaltale.com\/lv\/produkts\/plaukta-turetajs-chinese-dragon-260x245mm-naturalus\/#primaryimage\",\"url\":\"https:\/\/metaltale.com\/wp-content\/uploads\/2023\/10\/SMOK-CHINESE-260x245-plieninis-laikiklis.jpg\",\"contentUrl\":\"https:\/\/metaltale.com\/wp-content\/uploads\/2023\/10\/SMOK-CHINESE-260x245-plieninis-laikiklis.jpg\",\"width\":800,\"height\":800,\"caption\":\"Plaukta tur\u0113t\u0101js CHINESE DRAGON 260x245mm NATURALUS\"},{\"@type\":\"BreadcrumbList\",\"@id\":\"https:\/\/metaltale.com\/lv\/produkts\/plaukta-turetajs-chinese-dragon-260x245mm-naturalus\/#breadcrumb\",\"itemListElement\":[{\"@type\":\"ListItem\",\"position\":1,\"name\":\"Home\",\"item\":\"https:\/\/metaltale.com\/lv\/majas\/\"},{\"@type\":\"ListItem\",\"position\":2,\"name\":\"Veikals\",\"item\":\"https:\/\/metaltale.com\/lv\/shop\/\"},{\"@type\":\"ListItem\",\"position\":3,\"name\":\"Plaukta tur\u0113t\u0101js CHINESE DRAGON 260x245mm NATURALUS\"}]},{\"@type\":\"WebSite\",\"@id\":\"https:\/\/metaltale.com\/lv\/#website\",\"url\":\"https:\/\/metaltale.com\/lv\/\",\"name\":\"Metaltale.com\",\"description\":\"\",\"potentialAction\":[{\"@type\":\"SearchAction\",\"target\":{\"@type\":\"EntryPoint\",\"urlTemplate\":\"https:\/\/metaltale.com\/lv\/?s={search_term_string}\"},\"query-input\":{\"@type\":\"PropertyValueSpecification\",\"valueRequired\":true,\"valueName\":\"search_term_string\"}}],\"inLanguage\":\"lv-LV\"}]}<\/script>\n<!-- \/ Yoast SEO plugin. -->","yoast_head_json":{"title":"Plaukta tur\u0113t\u0101js CHINESE DRAGON 260x245mm NATURALUS - MetalTale.com","robots":{"index":"index","follow":"follow","max-snippet":"max-snippet:-1","max-image-preview":"max-image-preview:large","max-video-preview":"max-video-preview:-1"},"canonical":"https:\/\/metaltale.com\/lv\/produkts\/plaukta-turetajs-chinese-dragon-260x245mm-naturalus\/","og_locale":"lv_LV","og_type":"article","og_title":"Plaukta tur\u0113t\u0101js CHINESE DRAGON 260x245mm NATURALUS - MetalTale.com","og_description":"Modelis 30.070A.AI.260 EAN. 5905369922299 Materi\u0101ls Ketus Kop\u0113jais augstums (cm ) 24,5 Kop\u0113jais platums (cm ) 4,5 Kop\u0113j\u0101 projekcija (cm )","og_url":"https:\/\/metaltale.com\/lv\/produkts\/plaukta-turetajs-chinese-dragon-260x245mm-naturalus\/","og_site_name":"MetalTale.com","og_image":[{"width":800,"height":800,"url":"https:\/\/metaltale.com\/wp-content\/uploads\/2023\/10\/SMOK-CHINESE-260x245-plieninis-laikiklis.jpg","type":"image\/jpeg"}],"twitter_card":"summary_large_image","twitter_misc":{"Est. reading time":"1 minute"},"schema":{"@context":"https:\/\/schema.org","@graph":[{"@type":"WebPage","@id":"https:\/\/metaltale.com\/lv\/produkts\/plaukta-turetajs-chinese-dragon-260x245mm-naturalus\/","url":"https:\/\/metaltale.com\/lv\/produkts\/plaukta-turetajs-chinese-dragon-260x245mm-naturalus\/","name":"Plaukta tur\u0113t\u0101js CHINESE DRAGON 260x245mm NATURALUS - MetalTale.com","isPartOf":{"@id":"https:\/\/metaltale.com\/lv\/#website"},"primaryImageOfPage":{"@id":"https:\/\/metaltale.com\/lv\/produkts\/plaukta-turetajs-chinese-dragon-260x245mm-naturalus\/#primaryimage"},"image":{"@id":"https:\/\/metaltale.com\/lv\/produkts\/plaukta-turetajs-chinese-dragon-260x245mm-naturalus\/#primaryimage"},"thumbnailUrl":"https:\/\/metaltale.com\/wp-content\/uploads\/2023\/10\/SMOK-CHINESE-260x245-plieninis-laikiklis.jpg","datePublished":"2024-02-13T13:21:45+00:00","breadcrumb":{"@id":"https:\/\/metaltale.com\/lv\/produkts\/plaukta-turetajs-chinese-dragon-260x245mm-naturalus\/#breadcrumb"},"inLanguage":"lv-LV","potentialAction":[{"@type":"ReadAction","target":["https:\/\/metaltale.com\/lv\/produkts\/plaukta-turetajs-chinese-dragon-260x245mm-naturalus\/"]}]},{"@type":"ImageObject","inLanguage":"lv-LV","@id":"https:\/\/metaltale.com\/lv\/produkts\/plaukta-turetajs-chinese-dragon-260x245mm-naturalus\/#primaryimage","url":"https:\/\/metaltale.com\/wp-content\/uploads\/2023\/10\/SMOK-CHINESE-260x245-plieninis-laikiklis.jpg","contentUrl":"https:\/\/metaltale.com\/wp-content\/uploads\/2023\/10\/SMOK-CHINESE-260x245-plieninis-laikiklis.jpg","width":800,"height":800,"caption":"Plaukta tur\u0113t\u0101js CHINESE DRAGON 260x245mm NATURALUS"},{"@type":"BreadcrumbList","@id":"https:\/\/metaltale.com\/lv\/produkts\/plaukta-turetajs-chinese-dragon-260x245mm-naturalus\/#breadcrumb","itemListElement":[{"@type":"ListItem","position":1,"name":"Home","item":"https:\/\/metaltale.com\/lv\/majas\/"},{"@type":"ListItem","position":2,"name":"Veikals","item":"https:\/\/metaltale.com\/lv\/shop\/"},{"@type":"ListItem","position":3,"name":"Plaukta tur\u0113t\u0101js CHINESE DRAGON 260x245mm NATURALUS"}]},{"@type":"WebSite","@id":"https:\/\/metaltale.com\/lv\/#website","url":"https:\/\/metaltale.com\/lv\/","name":"Metaltale.com","description":"","potentialAction":[{"@type":"SearchAction","target":{"@type":"EntryPoint","urlTemplate":"https:\/\/metaltale.com\/lv\/?s={search_term_string}"},"query-input":{"@type":"PropertyValueSpecification","valueRequired":true,"valueName":"search_term_string"}}],"inLanguage":"lv-LV"}]}},"_links":{"self":[{"href":"https:\/\/metaltale.com\/lv\/wp-json\/wp\/v2\/product\/133462","targetHints":{"allow":["GET"]}}],"collection":[{"href":"https:\/\/metaltale.com\/lv\/wp-json\/wp\/v2\/product"}],"about":[{"href":"https:\/\/metaltale.com\/lv\/wp-json\/wp\/v2\/types\/product"}],"replies":[{"embeddable":true,"href":"https:\/\/metaltale.com\/lv\/wp-json\/wp\/v2\/comments?post=133462"}],"version-history":[{"count":0,"href":"https:\/\/metaltale.com\/lv\/wp-json\/wp\/v2\/product\/133462\/revisions"}],"wp:featuredmedia":[{"embeddable":true,"href":"https:\/\/metaltale.com\/lv\/wp-json\/wp\/v2\/media\/95755"}],"wp:attachment":[{"href":"https:\/\/metaltale.com\/lv\/wp-json\/wp\/v2\/media?parent=133462"}],"wp:term":[{"taxonomy":"product_brand","embeddable":true,"href":"https:\/\/metaltale.com\/lv\/wp-json\/wp\/v2\/product_brand?post=133462"},{"taxonomy":"product_cat","embeddable":true,"href":"https:\/\/metaltale.com\/lv\/wp-json\/wp\/v2\/product_cat?post=133462"},{"taxonomy":"product_tag","embeddable":true,"href":"https:\/\/metaltale.com\/lv\/wp-json\/wp\/v2\/product_tag?post=133462"}],"curies":[{"name":"wp","href":"https:\/\/api.w.org\/{rel}","templated":true}]}}