{"id":133459,"date":"2024-02-13T15:21:45","date_gmt":"2024-02-13T13:21:45","guid":{"rendered":"https:\/\/metaltale.com\/produktas\/durvju-rokturi-lincoln-72-mm-ar-tualetes-sledzeni\/"},"modified":"2024-02-13T15:21:45","modified_gmt":"2024-02-13T13:21:45","slug":"durvju-rokturi-lincoln-72-mm-ar-tualetes-sledzeni","status":"publish","type":"product","link":"https:\/\/metaltale.com\/lv\/produkts\/durvju-rokturi-lincoln-72-mm-ar-tualetes-sledzeni\/","title":{"rendered":"Durvju rokturi LINCOLN 72 mm ar tualetes sl\u0113dzeni"},"content":{"rendered":"<div class=\"prod_data\">\n<p><strong>Modelis<\/strong> B.LNKL. PRGR<br \/>\n<strong>Materi\u0101ls<\/strong> T\u0113rauds<br \/>\n<strong>Kop\u0113jais augstums (cm<\/strong> ) 25<br \/>\n<strong>Kop\u0113jais platums (cm<\/strong> ) 13,5<br \/>\n<strong>Kop\u0113j\u0101 projekcija (cm<\/strong> ) 6<br \/>\n<strong>Pal\u012bdz\u012bba<\/strong> N\u0113<br \/>\nKr\u0101sa Melna<br \/>\n<strong>Apdare<\/strong> Pulvera p\u0101rkl\u0101jums<br \/>\n<strong>Skaits komplekt\u0101<\/strong> 2 x rokturis\/rokturis + serde + stiprin\u0101juma skr\u016bves<\/p>\n<hr>\n<p>LINCOLN t\u0113rauda rokturi ar melnu mar\u0137\u0113jumu b\u016bs labs risin\u0101jums iek\u0161durv\u012bm un \u0101rdurv\u012bm. \u0160\u012bs s\u0113rijas rokturiem nav balsta, t. i., autom\u0101tisk\u0101 roktura atspie\u0161anas meh\u0101nisma. Katr\u0101 rokturu komplekt\u0101 ir: divi rokturi (katrai durvju da\u013cai), serde un nepiecie\u0161amie mont\u0101\u017eas elementi. M\u0113s pied\u0101v\u0101jam vair\u0101kus LINCOLN s\u0113rijas rokturu mode\u013cus: piem\u0113ram, ar ielikt\u0146a vai atsl\u0113gas z\u012bmi p\u0113c izv\u0113les, ar tualetes aizv\u0113r\u0161anas z\u012bmi, ar pilnu z\u012bmi vai ar pa\u0161u rokturi. Iesp\u0113ju ir tik daudz, ka \u0161o roktura modeli patie\u0161\u0101m var izmantot vis\u0101m m\u0101jas vai dz\u012bvok\u013ca durv\u012bm.<\/p>\n<hr>\n<table border=\"0\">\n<tbody>\n<tr>\n<td>MODELIS<\/td>\n<td>VISP\u0100R\u0112JAIS AUGSTUMS<\/td>\n<td>MAKSIM\u0100L\u0100KS PLATUMS<\/td>\n<td>ROKAS P\u016a\u0160\u0145A P\u016a\u0160\u0145A<\/td>\n<td>IZCIL\u012aBAS JOMA<\/td>\n<td>ROKAS GARUMS<\/td>\n<td>NODA\u013bU KL\u0100STS<\/td>\n<\/tr>\n<tr>\n<td><\/td>\n<td><\/td>\n<td><\/td>\n<td><\/td>\n<td><\/td>\n<td><\/td>\n<td><\/td>\n<\/tr>\n<tr>\n<td><\/td>\n<td><\/td>\n<td><\/td>\n<td><\/td>\n<td><\/td>\n<td><\/td>\n<td><\/td>\n<\/tr>\n<tr>\n<td><\/td>\n<td><\/td>\n<td><\/td>\n<td><\/td>\n<td><\/td>\n<td><\/td>\n<td><\/td>\n<\/tr>\n<tr>\n<td>LINCOLN ROKTURIS AR TUALETES Z\u012aMI 72 MM<\/td>\n<td>  250 mm<\/td>\n<td>  135 mm<\/td>\n<td>  72 mm<\/td>\n<td>  42 mm<\/td>\n<td>120 mm<\/td>\n<td>  193 mm<\/td>\n<\/tr>\n<tr>\n<td><\/td>\n<td><\/td>\n<td><\/td>\n<td><\/td>\n<td><\/td>\n<td><\/td>\n<td><\/td>\n<\/tr>\n<tr>\n<td><\/td>\n<td><\/td>\n<td><\/td>\n<td><\/td>\n<td><\/td>\n<td><\/td>\n<td><\/td>\n<\/tr>\n<tr>\n<td><\/td>\n<td><\/td>\n<td><\/td>\n<td><\/td>\n<td><\/td>\n<td><\/td>\n<td><\/td>\n<\/tr>\n<\/tbody>\n<\/table>\n<\/div>\n","protected":false},"excerpt":{"rendered":"<p>Modelis B.LNKL. PRGR Materi\u0101ls T\u0113rauds Kop\u0113jais augstums (cm ) 25 Kop\u0113jais platums (cm ) 13,5 Kop\u0113j\u0101 projekcija (cm ) 6<\/p>\n","protected":false},"featured_media":131077,"comment_status":"open","ping_status":"closed","template":"","meta":{"_acf_changed":false,"pmpro_default_level":""},"product_brand":[],"product_cat":[24134,24081,23837],"product_tag":[],"class_list":{"0":"post-133459","1":"product","2":"type-product","3":"status-publish","4":"has-post-thumbnail","6":"product_cat-durvju-rokturi","7":"product_cat-rokturi","8":"product_cat-mebeles-piederumi","9":"pmpro-has-access","11":"first","12":"instock","13":"shipping-taxable","14":"purchasable","15":"product-type-simple"},"acf":[],"yoast_head":"<!-- This site is optimized with the Yoast SEO plugin v24.9 - https:\/\/yoast.com\/wordpress\/plugins\/seo\/ -->\n<title>Durvju rokturi LINCOLN 72 mm ar tualetes sl\u0113dzeni - MetalTale.com<\/title>\n<meta name=\"robots\" content=\"index, follow, max-snippet:-1, max-image-preview:large, max-video-preview:-1\" \/>\n<link rel=\"canonical\" href=\"https:\/\/metaltale.com\/lv\/produkts\/durvju-rokturi-lincoln-72-mm-ar-tualetes-sledzeni\/\" \/>\n<meta property=\"og:locale\" content=\"lv_LV\" \/>\n<meta property=\"og:type\" content=\"article\" \/>\n<meta property=\"og:title\" content=\"Durvju rokturi LINCOLN 72 mm ar tualetes sl\u0113dzeni - MetalTale.com\" \/>\n<meta property=\"og:description\" content=\"Modelis B.LNKL. PRGR Materi\u0101ls T\u0113rauds Kop\u0113jais augstums (cm ) 25 Kop\u0113jais platums (cm ) 13,5 Kop\u0113j\u0101 projekcija (cm ) 6\" \/>\n<meta property=\"og:url\" content=\"https:\/\/metaltale.com\/lv\/produkts\/durvju-rokturi-lincoln-72-mm-ar-tualetes-sledzeni\/\" \/>\n<meta property=\"og:site_name\" content=\"MetalTale.com\" \/>\n<meta property=\"og:image\" content=\"https:\/\/metaltale.com\/wp-content\/uploads\/2024\/02\/Duru-rankenos-LINCOLN-72-mm-su-wc-uzraktu-scaled.jpg\" \/>\n\t<meta property=\"og:image:width\" content=\"2560\" \/>\n\t<meta property=\"og:image:height\" content=\"2481\" \/>\n\t<meta property=\"og:image:type\" content=\"image\/jpeg\" \/>\n<meta name=\"twitter:card\" content=\"summary_large_image\" \/>\n<meta name=\"twitter:label1\" content=\"Est. reading time\" \/>\n\t<meta name=\"twitter:data1\" content=\"1 minute\" \/>\n<script type=\"application\/ld+json\" class=\"yoast-schema-graph\">{\"@context\":\"https:\/\/schema.org\",\"@graph\":[{\"@type\":\"WebPage\",\"@id\":\"https:\/\/metaltale.com\/lv\/produkts\/durvju-rokturi-lincoln-72-mm-ar-tualetes-sledzeni\/\",\"url\":\"https:\/\/metaltale.com\/lv\/produkts\/durvju-rokturi-lincoln-72-mm-ar-tualetes-sledzeni\/\",\"name\":\"Durvju rokturi LINCOLN 72 mm ar tualetes sl\u0113dzeni - MetalTale.com\",\"isPartOf\":{\"@id\":\"https:\/\/metaltale.com\/lv\/#website\"},\"primaryImageOfPage\":{\"@id\":\"https:\/\/metaltale.com\/lv\/produkts\/durvju-rokturi-lincoln-72-mm-ar-tualetes-sledzeni\/#primaryimage\"},\"image\":{\"@id\":\"https:\/\/metaltale.com\/lv\/produkts\/durvju-rokturi-lincoln-72-mm-ar-tualetes-sledzeni\/#primaryimage\"},\"thumbnailUrl\":\"https:\/\/metaltale.com\/wp-content\/uploads\/2024\/02\/Duru-rankenos-LINCOLN-72-mm-su-wc-uzraktu-scaled.jpg\",\"datePublished\":\"2024-02-13T13:21:45+00:00\",\"breadcrumb\":{\"@id\":\"https:\/\/metaltale.com\/lv\/produkts\/durvju-rokturi-lincoln-72-mm-ar-tualetes-sledzeni\/#breadcrumb\"},\"inLanguage\":\"lv-LV\",\"potentialAction\":[{\"@type\":\"ReadAction\",\"target\":[\"https:\/\/metaltale.com\/lv\/produkts\/durvju-rokturi-lincoln-72-mm-ar-tualetes-sledzeni\/\"]}]},{\"@type\":\"ImageObject\",\"inLanguage\":\"lv-LV\",\"@id\":\"https:\/\/metaltale.com\/lv\/produkts\/durvju-rokturi-lincoln-72-mm-ar-tualetes-sledzeni\/#primaryimage\",\"url\":\"https:\/\/metaltale.com\/wp-content\/uploads\/2024\/02\/Duru-rankenos-LINCOLN-72-mm-su-wc-uzraktu-scaled.jpg\",\"contentUrl\":\"https:\/\/metaltale.com\/wp-content\/uploads\/2024\/02\/Duru-rankenos-LINCOLN-72-mm-su-wc-uzraktu-scaled.jpg\",\"width\":2560,\"height\":2481,\"caption\":\"Durvju rokturi LINCOLN 72 mm ar tualetes sl\u0113dzeni\"},{\"@type\":\"BreadcrumbList\",\"@id\":\"https:\/\/metaltale.com\/lv\/produkts\/durvju-rokturi-lincoln-72-mm-ar-tualetes-sledzeni\/#breadcrumb\",\"itemListElement\":[{\"@type\":\"ListItem\",\"position\":1,\"name\":\"Home\",\"item\":\"https:\/\/metaltale.com\/lv\/majas\/\"},{\"@type\":\"ListItem\",\"position\":2,\"name\":\"Veikals\",\"item\":\"https:\/\/metaltale.com\/lv\/shop\/\"},{\"@type\":\"ListItem\",\"position\":3,\"name\":\"Durvju rokturi LINCOLN 72 mm ar tualetes sl\u0113dzeni\"}]},{\"@type\":\"WebSite\",\"@id\":\"https:\/\/metaltale.com\/lv\/#website\",\"url\":\"https:\/\/metaltale.com\/lv\/\",\"name\":\"Metaltale.com\",\"description\":\"\",\"potentialAction\":[{\"@type\":\"SearchAction\",\"target\":{\"@type\":\"EntryPoint\",\"urlTemplate\":\"https:\/\/metaltale.com\/lv\/?s={search_term_string}\"},\"query-input\":{\"@type\":\"PropertyValueSpecification\",\"valueRequired\":true,\"valueName\":\"search_term_string\"}}],\"inLanguage\":\"lv-LV\"}]}<\/script>\n<!-- \/ Yoast SEO plugin. -->","yoast_head_json":{"title":"Durvju rokturi LINCOLN 72 mm ar tualetes sl\u0113dzeni - MetalTale.com","robots":{"index":"index","follow":"follow","max-snippet":"max-snippet:-1","max-image-preview":"max-image-preview:large","max-video-preview":"max-video-preview:-1"},"canonical":"https:\/\/metaltale.com\/lv\/produkts\/durvju-rokturi-lincoln-72-mm-ar-tualetes-sledzeni\/","og_locale":"lv_LV","og_type":"article","og_title":"Durvju rokturi LINCOLN 72 mm ar tualetes sl\u0113dzeni - MetalTale.com","og_description":"Modelis B.LNKL. PRGR Materi\u0101ls T\u0113rauds Kop\u0113jais augstums (cm ) 25 Kop\u0113jais platums (cm ) 13,5 Kop\u0113j\u0101 projekcija (cm ) 6","og_url":"https:\/\/metaltale.com\/lv\/produkts\/durvju-rokturi-lincoln-72-mm-ar-tualetes-sledzeni\/","og_site_name":"MetalTale.com","og_image":[{"width":2560,"height":2481,"url":"https:\/\/metaltale.com\/wp-content\/uploads\/2024\/02\/Duru-rankenos-LINCOLN-72-mm-su-wc-uzraktu-scaled.jpg","type":"image\/jpeg"}],"twitter_card":"summary_large_image","twitter_misc":{"Est. reading time":"1 minute"},"schema":{"@context":"https:\/\/schema.org","@graph":[{"@type":"WebPage","@id":"https:\/\/metaltale.com\/lv\/produkts\/durvju-rokturi-lincoln-72-mm-ar-tualetes-sledzeni\/","url":"https:\/\/metaltale.com\/lv\/produkts\/durvju-rokturi-lincoln-72-mm-ar-tualetes-sledzeni\/","name":"Durvju rokturi LINCOLN 72 mm ar tualetes sl\u0113dzeni - MetalTale.com","isPartOf":{"@id":"https:\/\/metaltale.com\/lv\/#website"},"primaryImageOfPage":{"@id":"https:\/\/metaltale.com\/lv\/produkts\/durvju-rokturi-lincoln-72-mm-ar-tualetes-sledzeni\/#primaryimage"},"image":{"@id":"https:\/\/metaltale.com\/lv\/produkts\/durvju-rokturi-lincoln-72-mm-ar-tualetes-sledzeni\/#primaryimage"},"thumbnailUrl":"https:\/\/metaltale.com\/wp-content\/uploads\/2024\/02\/Duru-rankenos-LINCOLN-72-mm-su-wc-uzraktu-scaled.jpg","datePublished":"2024-02-13T13:21:45+00:00","breadcrumb":{"@id":"https:\/\/metaltale.com\/lv\/produkts\/durvju-rokturi-lincoln-72-mm-ar-tualetes-sledzeni\/#breadcrumb"},"inLanguage":"lv-LV","potentialAction":[{"@type":"ReadAction","target":["https:\/\/metaltale.com\/lv\/produkts\/durvju-rokturi-lincoln-72-mm-ar-tualetes-sledzeni\/"]}]},{"@type":"ImageObject","inLanguage":"lv-LV","@id":"https:\/\/metaltale.com\/lv\/produkts\/durvju-rokturi-lincoln-72-mm-ar-tualetes-sledzeni\/#primaryimage","url":"https:\/\/metaltale.com\/wp-content\/uploads\/2024\/02\/Duru-rankenos-LINCOLN-72-mm-su-wc-uzraktu-scaled.jpg","contentUrl":"https:\/\/metaltale.com\/wp-content\/uploads\/2024\/02\/Duru-rankenos-LINCOLN-72-mm-su-wc-uzraktu-scaled.jpg","width":2560,"height":2481,"caption":"Durvju rokturi LINCOLN 72 mm ar tualetes sl\u0113dzeni"},{"@type":"BreadcrumbList","@id":"https:\/\/metaltale.com\/lv\/produkts\/durvju-rokturi-lincoln-72-mm-ar-tualetes-sledzeni\/#breadcrumb","itemListElement":[{"@type":"ListItem","position":1,"name":"Home","item":"https:\/\/metaltale.com\/lv\/majas\/"},{"@type":"ListItem","position":2,"name":"Veikals","item":"https:\/\/metaltale.com\/lv\/shop\/"},{"@type":"ListItem","position":3,"name":"Durvju rokturi LINCOLN 72 mm ar tualetes sl\u0113dzeni"}]},{"@type":"WebSite","@id":"https:\/\/metaltale.com\/lv\/#website","url":"https:\/\/metaltale.com\/lv\/","name":"Metaltale.com","description":"","potentialAction":[{"@type":"SearchAction","target":{"@type":"EntryPoint","urlTemplate":"https:\/\/metaltale.com\/lv\/?s={search_term_string}"},"query-input":{"@type":"PropertyValueSpecification","valueRequired":true,"valueName":"search_term_string"}}],"inLanguage":"lv-LV"}]}},"_links":{"self":[{"href":"https:\/\/metaltale.com\/lv\/wp-json\/wp\/v2\/product\/133459","targetHints":{"allow":["GET"]}}],"collection":[{"href":"https:\/\/metaltale.com\/lv\/wp-json\/wp\/v2\/product"}],"about":[{"href":"https:\/\/metaltale.com\/lv\/wp-json\/wp\/v2\/types\/product"}],"replies":[{"embeddable":true,"href":"https:\/\/metaltale.com\/lv\/wp-json\/wp\/v2\/comments?post=133459"}],"version-history":[{"count":0,"href":"https:\/\/metaltale.com\/lv\/wp-json\/wp\/v2\/product\/133459\/revisions"}],"wp:featuredmedia":[{"embeddable":true,"href":"https:\/\/metaltale.com\/lv\/wp-json\/wp\/v2\/media\/131077"}],"wp:attachment":[{"href":"https:\/\/metaltale.com\/lv\/wp-json\/wp\/v2\/media?parent=133459"}],"wp:term":[{"taxonomy":"product_brand","embeddable":true,"href":"https:\/\/metaltale.com\/lv\/wp-json\/wp\/v2\/product_brand?post=133459"},{"taxonomy":"product_cat","embeddable":true,"href":"https:\/\/metaltale.com\/lv\/wp-json\/wp\/v2\/product_cat?post=133459"},{"taxonomy":"product_tag","embeddable":true,"href":"https:\/\/metaltale.com\/lv\/wp-json\/wp\/v2\/product_tag?post=133459"}],"curies":[{"name":"wp","href":"https:\/\/api.w.org\/{rel}","templated":true}]}}