{"id":133452,"date":"2024-02-13T15:21:45","date_gmt":"2024-02-13T13:21:45","guid":{"rendered":"https:\/\/metaltale.com\/produktas\/kacper-115-mm-mebelu-ritenis\/"},"modified":"2024-02-13T15:21:45","modified_gmt":"2024-02-13T13:21:45","slug":"kacper-115-mm-mebelu-ritenis","status":"publish","type":"product","link":"https:\/\/metaltale.com\/lv\/produkts\/kacper-115-mm-mebelu-ritenis\/","title":{"rendered":"KACPER 115 mm m\u0113be\u013cu ritenis"},"content":{"rendered":"<div class=\"prod_data\">\n<p><strong>Modelis<\/strong> FOR. COL.12.PRGR<br \/>\n<strong>Materi\u0101ls<\/strong> T\u0113rauds<br \/>\n<strong>Kop\u0113jais augstums (cm<\/strong> ) 13<br \/>\n<strong>Kop\u0113jais diametrs (cm<\/strong> ) 11,5<br \/>\n<strong>Pamatnes izm\u0113ri (cm)<\/strong> 8&#215;10<br \/>\nT\u0113rauda <strong>kr\u0101sa<\/strong><br \/>\nDaudzums komplekt\u0101 1 gab.<\/p>\n<hr>\n<p>Att\u0113l\u0101 redzamais m\u0113be\u013cu ritenis ir veidots p\u0113c autentisku rite\u0146u parauga, kas tiek izmantoti nozar\u0113, un ir izgatavots no augst\u0101k\u0101s kvalit\u0101tes t\u0113rauda. Uz rite\u0146iem piestiprin\u0101ti pie koferiem, dr\u0113bju skapjiem vai pat rakst\u0101mgaldiem, tie palielina interjera dizaina br\u012bv\u012bbu. \u012apa\u0161a r\u016bp\u012bba un r\u016bpes par m\u016bsu m\u0113be\u013cu piederumu gal\u012bgo kvalit\u0101ti atspogu\u013cojas sp\u0113c\u012bg\u0101 koncentr\u0113\u0161an\u0101s uz unik\u0101lu izskatu un tradicion\u0101liem, p\u0101rbaud\u012btiem risin\u0101jumiem. Through Design ritenis ir viegl\u0101ks un smalk\u0101ks, vienlaikus saglab\u0101jot nemain\u012bgas brauk\u0161anas \u012bpa\u0161\u012bbas. Ritenis ne grie\u017eas ap savu asi.<\/p>\n<hr>\n<\/div>\n","protected":false},"excerpt":{"rendered":"<p>Modelis FOR. COL.12.PRGR Materi\u0101ls T\u0113rauds Kop\u0113jais augstums (cm ) 13 Kop\u0113jais diametrs (cm ) 11,5 Pamatnes izm\u0113ri (cm) 8&#215;10 T\u0113rauda<\/p>\n","protected":false},"featured_media":68755,"comment_status":"open","ping_status":"closed","template":"","meta":{"_acf_changed":false,"pmpro_default_level":""},"product_brand":[],"product_cat":[23837,23848],"product_tag":[],"class_list":{"0":"post-133452","1":"product","2":"type-product","3":"status-publish","4":"has-post-thumbnail","6":"product_cat-mebeles-piederumi","7":"product_cat-mebelu-riteni","8":"pmpro-has-access","10":"first","11":"instock","12":"shipping-taxable","13":"purchasable","14":"product-type-simple"},"acf":[],"yoast_head":"<!-- This site is optimized with the Yoast SEO plugin v24.9 - https:\/\/yoast.com\/wordpress\/plugins\/seo\/ -->\n<title>KACPER 115 mm m\u0113be\u013cu ritenis - MetalTale.com<\/title>\n<meta name=\"robots\" content=\"index, follow, max-snippet:-1, max-image-preview:large, max-video-preview:-1\" \/>\n<link rel=\"canonical\" href=\"https:\/\/metaltale.com\/lv\/produkts\/kacper-115-mm-mebelu-ritenis\/\" \/>\n<meta property=\"og:locale\" content=\"lv_LV\" \/>\n<meta property=\"og:type\" content=\"article\" \/>\n<meta property=\"og:title\" content=\"KACPER 115 mm m\u0113be\u013cu ritenis - MetalTale.com\" \/>\n<meta property=\"og:description\" content=\"Modelis FOR. COL.12.PRGR Materi\u0101ls T\u0113rauds Kop\u0113jais augstums (cm ) 13 Kop\u0113jais diametrs (cm ) 11,5 Pamatnes izm\u0113ri (cm) 8&#215;10 T\u0113rauda\" \/>\n<meta property=\"og:url\" content=\"https:\/\/metaltale.com\/lv\/produkts\/kacper-115-mm-mebelu-ritenis\/\" \/>\n<meta property=\"og:site_name\" content=\"MetalTale.com\" \/>\n<meta property=\"og:image\" content=\"https:\/\/metaltale.com\/wp-content\/uploads\/2023\/09\/KACPER-ratas-115mm-Juoda.jpg\" \/>\n\t<meta property=\"og:image:width\" content=\"800\" \/>\n\t<meta property=\"og:image:height\" content=\"800\" \/>\n\t<meta property=\"og:image:type\" content=\"image\/jpeg\" \/>\n<meta name=\"twitter:card\" content=\"summary_large_image\" \/>\n<meta name=\"twitter:label1\" content=\"Est. reading time\" \/>\n\t<meta name=\"twitter:data1\" content=\"1 minute\" \/>\n<script type=\"application\/ld+json\" class=\"yoast-schema-graph\">{\"@context\":\"https:\/\/schema.org\",\"@graph\":[{\"@type\":\"WebPage\",\"@id\":\"https:\/\/metaltale.com\/lv\/produkts\/kacper-115-mm-mebelu-ritenis\/\",\"url\":\"https:\/\/metaltale.com\/lv\/produkts\/kacper-115-mm-mebelu-ritenis\/\",\"name\":\"KACPER 115 mm m\u0113be\u013cu ritenis - MetalTale.com\",\"isPartOf\":{\"@id\":\"https:\/\/metaltale.com\/lv\/#website\"},\"primaryImageOfPage\":{\"@id\":\"https:\/\/metaltale.com\/lv\/produkts\/kacper-115-mm-mebelu-ritenis\/#primaryimage\"},\"image\":{\"@id\":\"https:\/\/metaltale.com\/lv\/produkts\/kacper-115-mm-mebelu-ritenis\/#primaryimage\"},\"thumbnailUrl\":\"https:\/\/metaltale.com\/wp-content\/uploads\/2023\/09\/KACPER-ratas-115mm-Juoda.jpg\",\"datePublished\":\"2024-02-13T13:21:45+00:00\",\"breadcrumb\":{\"@id\":\"https:\/\/metaltale.com\/lv\/produkts\/kacper-115-mm-mebelu-ritenis\/#breadcrumb\"},\"inLanguage\":\"lv-LV\",\"potentialAction\":[{\"@type\":\"ReadAction\",\"target\":[\"https:\/\/metaltale.com\/lv\/produkts\/kacper-115-mm-mebelu-ritenis\/\"]}]},{\"@type\":\"ImageObject\",\"inLanguage\":\"lv-LV\",\"@id\":\"https:\/\/metaltale.com\/lv\/produkts\/kacper-115-mm-mebelu-ritenis\/#primaryimage\",\"url\":\"https:\/\/metaltale.com\/wp-content\/uploads\/2023\/09\/KACPER-ratas-115mm-Juoda.jpg\",\"contentUrl\":\"https:\/\/metaltale.com\/wp-content\/uploads\/2023\/09\/KACPER-ratas-115mm-Juoda.jpg\",\"width\":800,\"height\":800,\"caption\":\"KACPER 115 mm melns\"},{\"@type\":\"BreadcrumbList\",\"@id\":\"https:\/\/metaltale.com\/lv\/produkts\/kacper-115-mm-mebelu-ritenis\/#breadcrumb\",\"itemListElement\":[{\"@type\":\"ListItem\",\"position\":1,\"name\":\"Home\",\"item\":\"https:\/\/metaltale.com\/lv\/majas\/\"},{\"@type\":\"ListItem\",\"position\":2,\"name\":\"Veikals\",\"item\":\"https:\/\/metaltale.com\/lv\/shop\/\"},{\"@type\":\"ListItem\",\"position\":3,\"name\":\"KACPER 115 mm m\u0113be\u013cu ritenis\"}]},{\"@type\":\"WebSite\",\"@id\":\"https:\/\/metaltale.com\/lv\/#website\",\"url\":\"https:\/\/metaltale.com\/lv\/\",\"name\":\"Metaltale.com\",\"description\":\"\",\"potentialAction\":[{\"@type\":\"SearchAction\",\"target\":{\"@type\":\"EntryPoint\",\"urlTemplate\":\"https:\/\/metaltale.com\/lv\/?s={search_term_string}\"},\"query-input\":{\"@type\":\"PropertyValueSpecification\",\"valueRequired\":true,\"valueName\":\"search_term_string\"}}],\"inLanguage\":\"lv-LV\"}]}<\/script>\n<!-- \/ Yoast SEO plugin. -->","yoast_head_json":{"title":"KACPER 115 mm m\u0113be\u013cu ritenis - MetalTale.com","robots":{"index":"index","follow":"follow","max-snippet":"max-snippet:-1","max-image-preview":"max-image-preview:large","max-video-preview":"max-video-preview:-1"},"canonical":"https:\/\/metaltale.com\/lv\/produkts\/kacper-115-mm-mebelu-ritenis\/","og_locale":"lv_LV","og_type":"article","og_title":"KACPER 115 mm m\u0113be\u013cu ritenis - MetalTale.com","og_description":"Modelis FOR. COL.12.PRGR Materi\u0101ls T\u0113rauds Kop\u0113jais augstums (cm ) 13 Kop\u0113jais diametrs (cm ) 11,5 Pamatnes izm\u0113ri (cm) 8&#215;10 T\u0113rauda","og_url":"https:\/\/metaltale.com\/lv\/produkts\/kacper-115-mm-mebelu-ritenis\/","og_site_name":"MetalTale.com","og_image":[{"width":800,"height":800,"url":"https:\/\/metaltale.com\/wp-content\/uploads\/2023\/09\/KACPER-ratas-115mm-Juoda.jpg","type":"image\/jpeg"}],"twitter_card":"summary_large_image","twitter_misc":{"Est. reading time":"1 minute"},"schema":{"@context":"https:\/\/schema.org","@graph":[{"@type":"WebPage","@id":"https:\/\/metaltale.com\/lv\/produkts\/kacper-115-mm-mebelu-ritenis\/","url":"https:\/\/metaltale.com\/lv\/produkts\/kacper-115-mm-mebelu-ritenis\/","name":"KACPER 115 mm m\u0113be\u013cu ritenis - MetalTale.com","isPartOf":{"@id":"https:\/\/metaltale.com\/lv\/#website"},"primaryImageOfPage":{"@id":"https:\/\/metaltale.com\/lv\/produkts\/kacper-115-mm-mebelu-ritenis\/#primaryimage"},"image":{"@id":"https:\/\/metaltale.com\/lv\/produkts\/kacper-115-mm-mebelu-ritenis\/#primaryimage"},"thumbnailUrl":"https:\/\/metaltale.com\/wp-content\/uploads\/2023\/09\/KACPER-ratas-115mm-Juoda.jpg","datePublished":"2024-02-13T13:21:45+00:00","breadcrumb":{"@id":"https:\/\/metaltale.com\/lv\/produkts\/kacper-115-mm-mebelu-ritenis\/#breadcrumb"},"inLanguage":"lv-LV","potentialAction":[{"@type":"ReadAction","target":["https:\/\/metaltale.com\/lv\/produkts\/kacper-115-mm-mebelu-ritenis\/"]}]},{"@type":"ImageObject","inLanguage":"lv-LV","@id":"https:\/\/metaltale.com\/lv\/produkts\/kacper-115-mm-mebelu-ritenis\/#primaryimage","url":"https:\/\/metaltale.com\/wp-content\/uploads\/2023\/09\/KACPER-ratas-115mm-Juoda.jpg","contentUrl":"https:\/\/metaltale.com\/wp-content\/uploads\/2023\/09\/KACPER-ratas-115mm-Juoda.jpg","width":800,"height":800,"caption":"KACPER 115 mm melns"},{"@type":"BreadcrumbList","@id":"https:\/\/metaltale.com\/lv\/produkts\/kacper-115-mm-mebelu-ritenis\/#breadcrumb","itemListElement":[{"@type":"ListItem","position":1,"name":"Home","item":"https:\/\/metaltale.com\/lv\/majas\/"},{"@type":"ListItem","position":2,"name":"Veikals","item":"https:\/\/metaltale.com\/lv\/shop\/"},{"@type":"ListItem","position":3,"name":"KACPER 115 mm m\u0113be\u013cu ritenis"}]},{"@type":"WebSite","@id":"https:\/\/metaltale.com\/lv\/#website","url":"https:\/\/metaltale.com\/lv\/","name":"Metaltale.com","description":"","potentialAction":[{"@type":"SearchAction","target":{"@type":"EntryPoint","urlTemplate":"https:\/\/metaltale.com\/lv\/?s={search_term_string}"},"query-input":{"@type":"PropertyValueSpecification","valueRequired":true,"valueName":"search_term_string"}}],"inLanguage":"lv-LV"}]}},"_links":{"self":[{"href":"https:\/\/metaltale.com\/lv\/wp-json\/wp\/v2\/product\/133452","targetHints":{"allow":["GET"]}}],"collection":[{"href":"https:\/\/metaltale.com\/lv\/wp-json\/wp\/v2\/product"}],"about":[{"href":"https:\/\/metaltale.com\/lv\/wp-json\/wp\/v2\/types\/product"}],"replies":[{"embeddable":true,"href":"https:\/\/metaltale.com\/lv\/wp-json\/wp\/v2\/comments?post=133452"}],"version-history":[{"count":0,"href":"https:\/\/metaltale.com\/lv\/wp-json\/wp\/v2\/product\/133452\/revisions"}],"wp:featuredmedia":[{"embeddable":true,"href":"https:\/\/metaltale.com\/lv\/wp-json\/wp\/v2\/media\/68755"}],"wp:attachment":[{"href":"https:\/\/metaltale.com\/lv\/wp-json\/wp\/v2\/media?parent=133452"}],"wp:term":[{"taxonomy":"product_brand","embeddable":true,"href":"https:\/\/metaltale.com\/lv\/wp-json\/wp\/v2\/product_brand?post=133452"},{"taxonomy":"product_cat","embeddable":true,"href":"https:\/\/metaltale.com\/lv\/wp-json\/wp\/v2\/product_cat?post=133452"},{"taxonomy":"product_tag","embeddable":true,"href":"https:\/\/metaltale.com\/lv\/wp-json\/wp\/v2\/product_tag?post=133452"}],"curies":[{"name":"wp","href":"https:\/\/api.w.org\/{rel}","templated":true}]}}