{"id":133447,"date":"2024-02-13T15:21:04","date_gmt":"2024-02-13T13:21:04","guid":{"rendered":"https:\/\/metaltale.com\/produktas\/tadek-75-mm-mebelu-ritenis\/"},"modified":"2024-02-13T15:21:04","modified_gmt":"2024-02-13T13:21:04","slug":"tadek-75-mm-mebelu-ritenis","status":"publish","type":"product","link":"https:\/\/metaltale.com\/lv\/produkts\/tadek-75-mm-mebelu-ritenis\/","title":{"rendered":"TADEK 75 mm m\u0113be\u013cu ritenis"},"content":{"rendered":"<div class=\"prod_data\">\n<p><strong>Modelis<\/strong> FOR. K07. PRGR<br \/>\n<strong>Materi\u0101ls<\/strong> T\u0113rauds<br \/>\nT\u0113rauda <strong>kr\u0101sa<\/strong><br \/>\nDaudzums komplekt\u0101 1 gab.<\/p>\n<hr>\n<p>Funkcion\u0101ls <strong>ce\u013ca<\/strong> ritenis ar patiesi lauku raksturu ir <strong>retro stila<\/strong> kvintesence. Izstr\u0101d\u0101juma dizains ir veidots p\u0113c autentisku industri\u0101lo rite\u0146u parauga, kas ir tie\u0161i no tvaika dzin\u0113jiem, kas iev\u0113rojami izce\u013c to ori\u0123in\u0101lo raksturu. Pateicoties to prec\u012bzai apstr\u0101dei, rite\u0146i tiek izmantoti k\u0101 kust\u012bgas m\u0113be\u013cu k\u0101jas kumod\u0113m, koferiem vai pat rakst\u0101mgalda galdiem, nodro\u0161inot daudziem priek\u0161metiem iesp\u0113ju br\u012bvi main\u012bt to st\u0101vokli atbilsto\u0161i telpas vajadz\u012bb\u0101m un raksturam.<\/p>\n<hr>\n<table border=\"0\" frame=\"hsides\" align=\"center\">\n<tbody>\n<tr>\n<td><strong>V\u0101rds, uzv\u0101rds, amats<\/strong><\/td>\n<td><strong>Kop\u0113jais augstums<\/strong><\/td>\n<td><strong>Kop\u0113jais platums<\/strong><\/td>\n<td><strong>Rite\u0146a diametrs<\/strong><\/td>\n<td><strong>Mont\u0101\u017eas pamatnes garums<\/strong><\/td>\n<td><strong>Mont\u0101\u017eas pamatnes platums<\/strong><\/td>\n<\/tr>\n<tr>\n<td>75 mm ritenis<\/td>\n<td>95 mm<\/td>\n<td>85 mm<\/td>\n<td>75 mm<\/td>\n<td>85 mm<\/td>\n<td>35 mm<\/td>\n<\/tr>\n<tr>\n<td><\/td>\n<td><\/td>\n<td><\/td>\n<td><\/td>\n<td><\/td>\n<td><\/td>\n<\/tr>\n<tr>\n<td><\/td>\n<td><\/td>\n<td><\/td>\n<td><\/td>\n<td><\/td>\n<td><\/td>\n<\/tr>\n<\/tbody>\n<\/table>\n<hr>\n<\/div>\n","protected":false},"excerpt":{"rendered":"<p>Modelis FOR. K07. PRGR Materi\u0101ls T\u0113rauds T\u0113rauda kr\u0101sa Daudzums komplekt\u0101 1 gab. Funkcion\u0101ls ce\u013ca ritenis ar patiesi lauku raksturu ir<\/p>\n","protected":false},"featured_media":105352,"comment_status":"open","ping_status":"closed","template":"","meta":{"_acf_changed":false,"pmpro_default_level":""},"product_brand":[],"product_cat":[23837,23848],"product_tag":[],"class_list":{"0":"post-133447","1":"product","2":"type-product","3":"status-publish","4":"has-post-thumbnail","6":"product_cat-mebeles-piederumi","7":"product_cat-mebelu-riteni","8":"pmpro-has-access","10":"first","11":"instock","12":"shipping-taxable","13":"purchasable","14":"product-type-simple"},"acf":[],"yoast_head":"<!-- This site is optimized with the Yoast SEO plugin v24.9 - https:\/\/yoast.com\/wordpress\/plugins\/seo\/ -->\n<title>TADEK 75 mm m\u0113be\u013cu ritenis - MetalTale.com<\/title>\n<meta name=\"robots\" content=\"index, follow, max-snippet:-1, max-image-preview:large, max-video-preview:-1\" \/>\n<link rel=\"canonical\" href=\"https:\/\/metaltale.com\/lv\/produkts\/tadek-75-mm-mebelu-ritenis\/\" \/>\n<meta property=\"og:locale\" content=\"lv_LV\" \/>\n<meta property=\"og:type\" content=\"article\" \/>\n<meta property=\"og:title\" content=\"TADEK 75 mm m\u0113be\u013cu ritenis - MetalTale.com\" \/>\n<meta property=\"og:description\" content=\"Modelis FOR. K07. PRGR Materi\u0101ls T\u0113rauds T\u0113rauda kr\u0101sa Daudzums komplekt\u0101 1 gab. Funkcion\u0101ls ce\u013ca ritenis ar patiesi lauku raksturu ir\" \/>\n<meta property=\"og:url\" content=\"https:\/\/metaltale.com\/lv\/produkts\/tadek-75-mm-mebelu-ritenis\/\" \/>\n<meta property=\"og:site_name\" content=\"MetalTale.com\" \/>\n<meta property=\"og:image\" content=\"https:\/\/metaltale.com\/wp-content\/uploads\/2023\/11\/Ratas-TADEK-200mm-Full-Black.jpg\" \/>\n\t<meta property=\"og:image:width\" content=\"800\" \/>\n\t<meta property=\"og:image:height\" content=\"800\" \/>\n\t<meta property=\"og:image:type\" content=\"image\/jpeg\" \/>\n<meta name=\"twitter:card\" content=\"summary_large_image\" \/>\n<meta name=\"twitter:label1\" content=\"Est. reading time\" \/>\n\t<meta name=\"twitter:data1\" content=\"1 minute\" \/>\n<script type=\"application\/ld+json\" class=\"yoast-schema-graph\">{\"@context\":\"https:\/\/schema.org\",\"@graph\":[{\"@type\":\"WebPage\",\"@id\":\"https:\/\/metaltale.com\/lv\/produkts\/tadek-75-mm-mebelu-ritenis\/\",\"url\":\"https:\/\/metaltale.com\/lv\/produkts\/tadek-75-mm-mebelu-ritenis\/\",\"name\":\"TADEK 75 mm m\u0113be\u013cu ritenis - MetalTale.com\",\"isPartOf\":{\"@id\":\"https:\/\/metaltale.com\/lv\/#website\"},\"primaryImageOfPage\":{\"@id\":\"https:\/\/metaltale.com\/lv\/produkts\/tadek-75-mm-mebelu-ritenis\/#primaryimage\"},\"image\":{\"@id\":\"https:\/\/metaltale.com\/lv\/produkts\/tadek-75-mm-mebelu-ritenis\/#primaryimage\"},\"thumbnailUrl\":\"https:\/\/metaltale.com\/wp-content\/uploads\/2023\/11\/Ratas-TADEK-200mm-Full-Black.jpg\",\"datePublished\":\"2024-02-13T13:21:04+00:00\",\"breadcrumb\":{\"@id\":\"https:\/\/metaltale.com\/lv\/produkts\/tadek-75-mm-mebelu-ritenis\/#breadcrumb\"},\"inLanguage\":\"lv-LV\",\"potentialAction\":[{\"@type\":\"ReadAction\",\"target\":[\"https:\/\/metaltale.com\/lv\/produkts\/tadek-75-mm-mebelu-ritenis\/\"]}]},{\"@type\":\"ImageObject\",\"inLanguage\":\"lv-LV\",\"@id\":\"https:\/\/metaltale.com\/lv\/produkts\/tadek-75-mm-mebelu-ritenis\/#primaryimage\",\"url\":\"https:\/\/metaltale.com\/wp-content\/uploads\/2023\/11\/Ratas-TADEK-200mm-Full-Black.jpg\",\"contentUrl\":\"https:\/\/metaltale.com\/wp-content\/uploads\/2023\/11\/Ratas-TADEK-200mm-Full-Black.jpg\",\"width\":800,\"height\":800,\"caption\":\"TADEK 75 mm m\u0113be\u013cu ritenis\"},{\"@type\":\"BreadcrumbList\",\"@id\":\"https:\/\/metaltale.com\/lv\/produkts\/tadek-75-mm-mebelu-ritenis\/#breadcrumb\",\"itemListElement\":[{\"@type\":\"ListItem\",\"position\":1,\"name\":\"Home\",\"item\":\"https:\/\/metaltale.com\/lv\/majas\/\"},{\"@type\":\"ListItem\",\"position\":2,\"name\":\"Veikals\",\"item\":\"https:\/\/metaltale.com\/lv\/shop\/\"},{\"@type\":\"ListItem\",\"position\":3,\"name\":\"TADEK 75 mm m\u0113be\u013cu ritenis\"}]},{\"@type\":\"WebSite\",\"@id\":\"https:\/\/metaltale.com\/lv\/#website\",\"url\":\"https:\/\/metaltale.com\/lv\/\",\"name\":\"Metaltale.com\",\"description\":\"\",\"potentialAction\":[{\"@type\":\"SearchAction\",\"target\":{\"@type\":\"EntryPoint\",\"urlTemplate\":\"https:\/\/metaltale.com\/lv\/?s={search_term_string}\"},\"query-input\":{\"@type\":\"PropertyValueSpecification\",\"valueRequired\":true,\"valueName\":\"search_term_string\"}}],\"inLanguage\":\"lv-LV\"}]}<\/script>\n<!-- \/ Yoast SEO plugin. -->","yoast_head_json":{"title":"TADEK 75 mm m\u0113be\u013cu ritenis - MetalTale.com","robots":{"index":"index","follow":"follow","max-snippet":"max-snippet:-1","max-image-preview":"max-image-preview:large","max-video-preview":"max-video-preview:-1"},"canonical":"https:\/\/metaltale.com\/lv\/produkts\/tadek-75-mm-mebelu-ritenis\/","og_locale":"lv_LV","og_type":"article","og_title":"TADEK 75 mm m\u0113be\u013cu ritenis - MetalTale.com","og_description":"Modelis FOR. K07. PRGR Materi\u0101ls T\u0113rauds T\u0113rauda kr\u0101sa Daudzums komplekt\u0101 1 gab. Funkcion\u0101ls ce\u013ca ritenis ar patiesi lauku raksturu ir","og_url":"https:\/\/metaltale.com\/lv\/produkts\/tadek-75-mm-mebelu-ritenis\/","og_site_name":"MetalTale.com","og_image":[{"width":800,"height":800,"url":"https:\/\/metaltale.com\/wp-content\/uploads\/2023\/11\/Ratas-TADEK-200mm-Full-Black.jpg","type":"image\/jpeg"}],"twitter_card":"summary_large_image","twitter_misc":{"Est. reading time":"1 minute"},"schema":{"@context":"https:\/\/schema.org","@graph":[{"@type":"WebPage","@id":"https:\/\/metaltale.com\/lv\/produkts\/tadek-75-mm-mebelu-ritenis\/","url":"https:\/\/metaltale.com\/lv\/produkts\/tadek-75-mm-mebelu-ritenis\/","name":"TADEK 75 mm m\u0113be\u013cu ritenis - MetalTale.com","isPartOf":{"@id":"https:\/\/metaltale.com\/lv\/#website"},"primaryImageOfPage":{"@id":"https:\/\/metaltale.com\/lv\/produkts\/tadek-75-mm-mebelu-ritenis\/#primaryimage"},"image":{"@id":"https:\/\/metaltale.com\/lv\/produkts\/tadek-75-mm-mebelu-ritenis\/#primaryimage"},"thumbnailUrl":"https:\/\/metaltale.com\/wp-content\/uploads\/2023\/11\/Ratas-TADEK-200mm-Full-Black.jpg","datePublished":"2024-02-13T13:21:04+00:00","breadcrumb":{"@id":"https:\/\/metaltale.com\/lv\/produkts\/tadek-75-mm-mebelu-ritenis\/#breadcrumb"},"inLanguage":"lv-LV","potentialAction":[{"@type":"ReadAction","target":["https:\/\/metaltale.com\/lv\/produkts\/tadek-75-mm-mebelu-ritenis\/"]}]},{"@type":"ImageObject","inLanguage":"lv-LV","@id":"https:\/\/metaltale.com\/lv\/produkts\/tadek-75-mm-mebelu-ritenis\/#primaryimage","url":"https:\/\/metaltale.com\/wp-content\/uploads\/2023\/11\/Ratas-TADEK-200mm-Full-Black.jpg","contentUrl":"https:\/\/metaltale.com\/wp-content\/uploads\/2023\/11\/Ratas-TADEK-200mm-Full-Black.jpg","width":800,"height":800,"caption":"TADEK 75 mm m\u0113be\u013cu ritenis"},{"@type":"BreadcrumbList","@id":"https:\/\/metaltale.com\/lv\/produkts\/tadek-75-mm-mebelu-ritenis\/#breadcrumb","itemListElement":[{"@type":"ListItem","position":1,"name":"Home","item":"https:\/\/metaltale.com\/lv\/majas\/"},{"@type":"ListItem","position":2,"name":"Veikals","item":"https:\/\/metaltale.com\/lv\/shop\/"},{"@type":"ListItem","position":3,"name":"TADEK 75 mm m\u0113be\u013cu ritenis"}]},{"@type":"WebSite","@id":"https:\/\/metaltale.com\/lv\/#website","url":"https:\/\/metaltale.com\/lv\/","name":"Metaltale.com","description":"","potentialAction":[{"@type":"SearchAction","target":{"@type":"EntryPoint","urlTemplate":"https:\/\/metaltale.com\/lv\/?s={search_term_string}"},"query-input":{"@type":"PropertyValueSpecification","valueRequired":true,"valueName":"search_term_string"}}],"inLanguage":"lv-LV"}]}},"_links":{"self":[{"href":"https:\/\/metaltale.com\/lv\/wp-json\/wp\/v2\/product\/133447","targetHints":{"allow":["GET"]}}],"collection":[{"href":"https:\/\/metaltale.com\/lv\/wp-json\/wp\/v2\/product"}],"about":[{"href":"https:\/\/metaltale.com\/lv\/wp-json\/wp\/v2\/types\/product"}],"replies":[{"embeddable":true,"href":"https:\/\/metaltale.com\/lv\/wp-json\/wp\/v2\/comments?post=133447"}],"version-history":[{"count":0,"href":"https:\/\/metaltale.com\/lv\/wp-json\/wp\/v2\/product\/133447\/revisions"}],"wp:featuredmedia":[{"embeddable":true,"href":"https:\/\/metaltale.com\/lv\/wp-json\/wp\/v2\/media\/105352"}],"wp:attachment":[{"href":"https:\/\/metaltale.com\/lv\/wp-json\/wp\/v2\/media?parent=133447"}],"wp:term":[{"taxonomy":"product_brand","embeddable":true,"href":"https:\/\/metaltale.com\/lv\/wp-json\/wp\/v2\/product_brand?post=133447"},{"taxonomy":"product_cat","embeddable":true,"href":"https:\/\/metaltale.com\/lv\/wp-json\/wp\/v2\/product_cat?post=133447"},{"taxonomy":"product_tag","embeddable":true,"href":"https:\/\/metaltale.com\/lv\/wp-json\/wp\/v2\/product_tag?post=133447"}],"curies":[{"name":"wp","href":"https:\/\/api.w.org\/{rel}","templated":true}]}}