{"id":133427,"date":"2024-02-13T15:23:05","date_gmt":"2024-02-13T13:23:05","guid":{"rendered":"https:\/\/metaltale.com\/produktas\/plaukts-gner-150x150-mm\/"},"modified":"2024-02-13T15:23:05","modified_gmt":"2024-02-13T13:23:05","slug":"plaukts-gner-150x150-mm","status":"publish","type":"product","link":"https:\/\/metaltale.com\/lv\/produkts\/plaukts-gner-150x150-mm\/","title":{"rendered":"Plaukts GNER 150&#215;150 mm"},"content":{"rendered":"<div class=\"prod_data\">\n<p><strong>Modelis<\/strong> 70.070EXX<br \/>\nMateri\u0101ls Ketus<br \/>\n<strong>Kop\u0113jais augstums (cm<\/strong> )<br \/>\nMont\u0101\u017eas skr\u016bves J\u0101<br \/>\nT\u0113rauda <strong>kr\u0101sa<\/strong><br \/>\nDaudzums komplekt\u0101 1 gab.<\/p>\n<p>&#8211; \u010duguna plauktu kron\u0161teins<br \/>\n&#8211; zhitty stiprin\u0101juma caurumi \u013cauj skr\u016bv\u0113m b\u016bt vien\u0101 l\u012bmen\u012b ar kron\u0161teina virsmu, nodro\u0161inot viendab\u012bgu virsmu.<br \/>\n&#8211; Plaukta izgatavo\u0161anai var izmantot MDF vai skaidu pl\u0101tni, ta\u010du vislab\u0101k izskat\u0101s dab\u012bg\u0101 koka kron\u0161teins.<br \/>\n&#8211; noapa\u013cot\u0101m mal\u0101m ir est\u0113tiska funkcija un t\u0101s ietekm\u0113 izstr\u0101d\u0101juma dro\u0161\u012bbu.<br \/>\n&#8211; kron\u0161teins izce\u013cas ar prec\u012bzi veidotiem burtiem, kas savieno uzrakstu GNER<\/p>\n<hr>\n<p>Ori\u0123in\u0101lais un uzman\u012bbu piesaisto\u0161ais GNER tur\u0113t\u0101js ir lielisks papildin\u0101jums jebkuram modernam un retro interjeram. Formu un veid\u0146u izv\u0113le padara izstr\u0101d\u0101jumu \u013coti iespaid\u012bgu. Prec\u012bzi izgatavots, tas garant\u0113 stabilit\u0101ti un iztur\u012bbu. Pateicoties t\u0101 da\u017e\u0101dajiem izm\u0113riem, tur\u0113t\u0101js kalpos k\u0101 iztur\u012bgs plaukts gr\u0101mat\u0101m vai rot\u0101jumiem. Neapstr\u0101d\u0101t\u0101 \u010duguna strukt\u016bra padara tur\u0113t\u0101ju l\u012bdz\u012bgu \u012bstam senatn\u012bgam priek\u0161metam.<\/p>\n<p>* Plauktu kron\u0161teini ir izgatavoti ar rok\u0101m, t\u0101p\u0113c var b\u016bt neliela nob\u012bde (ne prec\u012bzi 90\u00b0).<\/p>\n<hr>\n<p style=\"text-align: center;\">\n<\/div>\n","protected":false},"excerpt":{"rendered":"<p>Modelis 70.070EXX Materi\u0101ls Ketus Kop\u0113jais augstums (cm ) Mont\u0101\u017eas skr\u016bves J\u0101 T\u0113rauda kr\u0101sa Daudzums komplekt\u0101 1 gab. &#8211; \u010duguna plauktu<\/p>\n","protected":false},"featured_media":99199,"comment_status":"open","ping_status":"closed","template":"","meta":{"_acf_changed":false,"pmpro_default_level":""},"product_brand":[],"product_cat":[23861,23837],"product_tag":[],"class_list":{"0":"post-133427","1":"product","2":"type-product","3":"status-publish","4":"has-post-thumbnail","6":"product_cat-lentynu-laikikliai-lv","7":"product_cat-mebeles-piederumi","8":"pmpro-has-access","10":"first","11":"instock","12":"shipping-taxable","13":"purchasable","14":"product-type-simple"},"acf":[],"yoast_head":"<!-- This site is optimized with the Yoast SEO plugin v24.9 - https:\/\/yoast.com\/wordpress\/plugins\/seo\/ -->\n<title>Plaukts GNER 150x150 mm - MetalTale.com<\/title>\n<meta name=\"robots\" content=\"index, follow, max-snippet:-1, max-image-preview:large, max-video-preview:-1\" \/>\n<link rel=\"canonical\" href=\"https:\/\/metaltale.com\/lv\/produkts\/plaukts-gner-150x150-mm\/\" \/>\n<meta property=\"og:locale\" content=\"lv_LV\" \/>\n<meta property=\"og:type\" content=\"article\" \/>\n<meta property=\"og:title\" content=\"Plaukts GNER 150x150 mm - MetalTale.com\" \/>\n<meta property=\"og:description\" content=\"Modelis 70.070EXX Materi\u0101ls Ketus Kop\u0113jais augstums (cm ) Mont\u0101\u017eas skr\u016bves J\u0101 T\u0113rauda kr\u0101sa Daudzums komplekt\u0101 1 gab. &#8211; \u010duguna plauktu\" \/>\n<meta property=\"og:url\" content=\"https:\/\/metaltale.com\/lv\/produkts\/plaukts-gner-150x150-mm\/\" \/>\n<meta property=\"og:site_name\" content=\"MetalTale.com\" \/>\n<meta property=\"og:image\" content=\"https:\/\/metaltale.com\/wp-content\/uploads\/2023\/11\/GNER-150x150-Plieninis-laikiklis.jpg\" \/>\n\t<meta property=\"og:image:width\" content=\"800\" \/>\n\t<meta property=\"og:image:height\" content=\"800\" \/>\n\t<meta property=\"og:image:type\" content=\"image\/jpeg\" \/>\n<meta name=\"twitter:card\" content=\"summary_large_image\" \/>\n<meta name=\"twitter:label1\" content=\"Est. reading time\" \/>\n\t<meta name=\"twitter:data1\" content=\"1 minute\" \/>\n<script type=\"application\/ld+json\" class=\"yoast-schema-graph\">{\"@context\":\"https:\/\/schema.org\",\"@graph\":[{\"@type\":\"WebPage\",\"@id\":\"https:\/\/metaltale.com\/lv\/produkts\/plaukts-gner-150x150-mm\/\",\"url\":\"https:\/\/metaltale.com\/lv\/produkts\/plaukts-gner-150x150-mm\/\",\"name\":\"Plaukts GNER 150x150 mm - MetalTale.com\",\"isPartOf\":{\"@id\":\"https:\/\/metaltale.com\/lv\/#website\"},\"primaryImageOfPage\":{\"@id\":\"https:\/\/metaltale.com\/lv\/produkts\/plaukts-gner-150x150-mm\/#primaryimage\"},\"image\":{\"@id\":\"https:\/\/metaltale.com\/lv\/produkts\/plaukts-gner-150x150-mm\/#primaryimage\"},\"thumbnailUrl\":\"https:\/\/metaltale.com\/wp-content\/uploads\/2023\/11\/GNER-150x150-Plieninis-laikiklis.jpg\",\"datePublished\":\"2024-02-13T13:23:05+00:00\",\"breadcrumb\":{\"@id\":\"https:\/\/metaltale.com\/lv\/produkts\/plaukts-gner-150x150-mm\/#breadcrumb\"},\"inLanguage\":\"lv-LV\",\"potentialAction\":[{\"@type\":\"ReadAction\",\"target\":[\"https:\/\/metaltale.com\/lv\/produkts\/plaukts-gner-150x150-mm\/\"]}]},{\"@type\":\"ImageObject\",\"inLanguage\":\"lv-LV\",\"@id\":\"https:\/\/metaltale.com\/lv\/produkts\/plaukts-gner-150x150-mm\/#primaryimage\",\"url\":\"https:\/\/metaltale.com\/wp-content\/uploads\/2023\/11\/GNER-150x150-Plieninis-laikiklis.jpg\",\"contentUrl\":\"https:\/\/metaltale.com\/wp-content\/uploads\/2023\/11\/GNER-150x150-Plieninis-laikiklis.jpg\",\"width\":800,\"height\":800,\"caption\":\"Plaukta atbalsts GNER 125x125 mm\"},{\"@type\":\"BreadcrumbList\",\"@id\":\"https:\/\/metaltale.com\/lv\/produkts\/plaukts-gner-150x150-mm\/#breadcrumb\",\"itemListElement\":[{\"@type\":\"ListItem\",\"position\":1,\"name\":\"Home\",\"item\":\"https:\/\/metaltale.com\/lv\/majas\/\"},{\"@type\":\"ListItem\",\"position\":2,\"name\":\"Veikals\",\"item\":\"https:\/\/metaltale.com\/lv\/shop\/\"},{\"@type\":\"ListItem\",\"position\":3,\"name\":\"Plaukts GNER 150&#215;150 mm\"}]},{\"@type\":\"WebSite\",\"@id\":\"https:\/\/metaltale.com\/lv\/#website\",\"url\":\"https:\/\/metaltale.com\/lv\/\",\"name\":\"Metaltale.com\",\"description\":\"\",\"potentialAction\":[{\"@type\":\"SearchAction\",\"target\":{\"@type\":\"EntryPoint\",\"urlTemplate\":\"https:\/\/metaltale.com\/lv\/?s={search_term_string}\"},\"query-input\":{\"@type\":\"PropertyValueSpecification\",\"valueRequired\":true,\"valueName\":\"search_term_string\"}}],\"inLanguage\":\"lv-LV\"}]}<\/script>\n<!-- \/ Yoast SEO plugin. -->","yoast_head_json":{"title":"Plaukts GNER 150x150 mm - MetalTale.com","robots":{"index":"index","follow":"follow","max-snippet":"max-snippet:-1","max-image-preview":"max-image-preview:large","max-video-preview":"max-video-preview:-1"},"canonical":"https:\/\/metaltale.com\/lv\/produkts\/plaukts-gner-150x150-mm\/","og_locale":"lv_LV","og_type":"article","og_title":"Plaukts GNER 150x150 mm - MetalTale.com","og_description":"Modelis 70.070EXX Materi\u0101ls Ketus Kop\u0113jais augstums (cm ) Mont\u0101\u017eas skr\u016bves J\u0101 T\u0113rauda kr\u0101sa Daudzums komplekt\u0101 1 gab. &#8211; \u010duguna plauktu","og_url":"https:\/\/metaltale.com\/lv\/produkts\/plaukts-gner-150x150-mm\/","og_site_name":"MetalTale.com","og_image":[{"width":800,"height":800,"url":"https:\/\/metaltale.com\/wp-content\/uploads\/2023\/11\/GNER-150x150-Plieninis-laikiklis.jpg","type":"image\/jpeg"}],"twitter_card":"summary_large_image","twitter_misc":{"Est. reading time":"1 minute"},"schema":{"@context":"https:\/\/schema.org","@graph":[{"@type":"WebPage","@id":"https:\/\/metaltale.com\/lv\/produkts\/plaukts-gner-150x150-mm\/","url":"https:\/\/metaltale.com\/lv\/produkts\/plaukts-gner-150x150-mm\/","name":"Plaukts GNER 150x150 mm - MetalTale.com","isPartOf":{"@id":"https:\/\/metaltale.com\/lv\/#website"},"primaryImageOfPage":{"@id":"https:\/\/metaltale.com\/lv\/produkts\/plaukts-gner-150x150-mm\/#primaryimage"},"image":{"@id":"https:\/\/metaltale.com\/lv\/produkts\/plaukts-gner-150x150-mm\/#primaryimage"},"thumbnailUrl":"https:\/\/metaltale.com\/wp-content\/uploads\/2023\/11\/GNER-150x150-Plieninis-laikiklis.jpg","datePublished":"2024-02-13T13:23:05+00:00","breadcrumb":{"@id":"https:\/\/metaltale.com\/lv\/produkts\/plaukts-gner-150x150-mm\/#breadcrumb"},"inLanguage":"lv-LV","potentialAction":[{"@type":"ReadAction","target":["https:\/\/metaltale.com\/lv\/produkts\/plaukts-gner-150x150-mm\/"]}]},{"@type":"ImageObject","inLanguage":"lv-LV","@id":"https:\/\/metaltale.com\/lv\/produkts\/plaukts-gner-150x150-mm\/#primaryimage","url":"https:\/\/metaltale.com\/wp-content\/uploads\/2023\/11\/GNER-150x150-Plieninis-laikiklis.jpg","contentUrl":"https:\/\/metaltale.com\/wp-content\/uploads\/2023\/11\/GNER-150x150-Plieninis-laikiklis.jpg","width":800,"height":800,"caption":"Plaukta atbalsts GNER 125x125 mm"},{"@type":"BreadcrumbList","@id":"https:\/\/metaltale.com\/lv\/produkts\/plaukts-gner-150x150-mm\/#breadcrumb","itemListElement":[{"@type":"ListItem","position":1,"name":"Home","item":"https:\/\/metaltale.com\/lv\/majas\/"},{"@type":"ListItem","position":2,"name":"Veikals","item":"https:\/\/metaltale.com\/lv\/shop\/"},{"@type":"ListItem","position":3,"name":"Plaukts GNER 150&#215;150 mm"}]},{"@type":"WebSite","@id":"https:\/\/metaltale.com\/lv\/#website","url":"https:\/\/metaltale.com\/lv\/","name":"Metaltale.com","description":"","potentialAction":[{"@type":"SearchAction","target":{"@type":"EntryPoint","urlTemplate":"https:\/\/metaltale.com\/lv\/?s={search_term_string}"},"query-input":{"@type":"PropertyValueSpecification","valueRequired":true,"valueName":"search_term_string"}}],"inLanguage":"lv-LV"}]}},"_links":{"self":[{"href":"https:\/\/metaltale.com\/lv\/wp-json\/wp\/v2\/product\/133427","targetHints":{"allow":["GET"]}}],"collection":[{"href":"https:\/\/metaltale.com\/lv\/wp-json\/wp\/v2\/product"}],"about":[{"href":"https:\/\/metaltale.com\/lv\/wp-json\/wp\/v2\/types\/product"}],"replies":[{"embeddable":true,"href":"https:\/\/metaltale.com\/lv\/wp-json\/wp\/v2\/comments?post=133427"}],"version-history":[{"count":0,"href":"https:\/\/metaltale.com\/lv\/wp-json\/wp\/v2\/product\/133427\/revisions"}],"wp:featuredmedia":[{"embeddable":true,"href":"https:\/\/metaltale.com\/lv\/wp-json\/wp\/v2\/media\/99199"}],"wp:attachment":[{"href":"https:\/\/metaltale.com\/lv\/wp-json\/wp\/v2\/media?parent=133427"}],"wp:term":[{"taxonomy":"product_brand","embeddable":true,"href":"https:\/\/metaltale.com\/lv\/wp-json\/wp\/v2\/product_brand?post=133427"},{"taxonomy":"product_cat","embeddable":true,"href":"https:\/\/metaltale.com\/lv\/wp-json\/wp\/v2\/product_cat?post=133427"},{"taxonomy":"product_tag","embeddable":true,"href":"https:\/\/metaltale.com\/lv\/wp-json\/wp\/v2\/product_tag?post=133427"}],"curies":[{"name":"wp","href":"https:\/\/api.w.org\/{rel}","templated":true}]}}