{"id":133417,"date":"2024-02-13T15:23:05","date_gmt":"2024-02-13T13:23:05","guid":{"rendered":"https:\/\/metaltale.com\/produktas\/3d-retro-izgaismota-izkartne-cake-2\/"},"modified":"2024-02-13T15:23:05","modified_gmt":"2024-02-13T13:23:05","slug":"3d-retro-izgaismota-izkartne-cake-2","status":"publish","type":"product","link":"https:\/\/metaltale.com\/lv\/produkts\/3d-retro-izgaismota-izkartne-cake-2\/","title":{"rendered":"3D retro izgaismota izk\u0101rtne CAKE 2"},"content":{"rendered":"<div class=\"prod_data\"><strong>Modelis<\/strong> YE.51332  <br \/><strong>EAN.<\/strong>  5905369928031  <br \/>P\u0101rtikas <strong>mot\u012bvs<\/strong>  <br \/><strong>Augstums (cm<\/strong> ) 35  <br \/><strong>Platums (cm)<\/strong> 33  <br \/><strong>Dzi\u013cums (cm<\/strong> ) 5  <br \/><strong>Materi\u0101ls<\/strong> HDF, t\u0113rauds  <br \/><strong>Veidlapas<\/strong> N\u0101kamais  <br \/><strong>Orient\u0101cija<\/strong> Horizont\u0101l\u0101  <\/p>\n<p>&#8211; met\u0101la sienu ap\u0161uvums<br \/>&#8211; 3D z\u012bme ar re\u0101liem izci\u013c\u0146iem<br \/>&#8211; ar kv\u0113lspuldz\u0113m LED<br \/>&#8211; darbojas ar AA baterij\u0101m (nav iek\u013cautas komplekt\u0101)<br \/>&#8211; iesl\u0113g\u0161anas\/izsl\u0113g\u0161anas sl\u0113dzis z\u012bmes s\u0101nos.<\/p>\n<hr>\n<p>Izgaismot\u0101 k\u016bkas z\u012bme ir rot\u0101jums, kas iepriecin\u0101s j\u016bsu b\u0113rna istabu. Akumulatora str\u0101vas padeve nekait\u0113 videi, sniedzot neierobe\u017eotas dizaina iesp\u0113jas. \u0160\u012b 3D z\u012bme ir oblig\u0101ts piederums konditorejai, sald\u0113juma salonam vai retro stila kafejn\u012bcai.<\/p>\n<\/div>\n","protected":false},"excerpt":{"rendered":"<p>Modelis YE.51332 EAN. 5905369928031 P\u0101rtikas mot\u012bvs Augstums (cm ) 35 Platums (cm) 33 Dzi\u013cums (cm ) 5 Materi\u0101ls HDF, t\u0113rauds<\/p>\n","protected":false},"featured_media":95854,"comment_status":"open","ping_status":"closed","template":"","meta":{"_acf_changed":false,"pmpro_default_level":""},"product_brand":[],"product_cat":[24087],"product_tag":[],"class_list":{"0":"post-133417","1":"product","2":"type-product","3":"status-publish","4":"has-post-thumbnail","6":"product_cat-3d-izgaismotas-izkartnes","7":"pmpro-has-access","9":"first","10":"instock","11":"shipping-taxable","12":"purchasable","13":"product-type-simple"},"acf":[],"yoast_head":"<!-- This site is optimized with the Yoast SEO plugin v24.9 - https:\/\/yoast.com\/wordpress\/plugins\/seo\/ -->\n<title>3D retro izgaismota izk\u0101rtne CAKE 2 - MetalTale.com<\/title>\n<meta name=\"robots\" content=\"index, follow, max-snippet:-1, max-image-preview:large, max-video-preview:-1\" \/>\n<link rel=\"canonical\" href=\"https:\/\/metaltale.com\/lv\/produkts\/3d-retro-izgaismota-izkartne-cake-2\/\" \/>\n<meta property=\"og:locale\" content=\"lv_LV\" \/>\n<meta property=\"og:type\" content=\"article\" \/>\n<meta property=\"og:title\" content=\"3D retro izgaismota izk\u0101rtne CAKE 2 - MetalTale.com\" \/>\n<meta property=\"og:description\" content=\"Modelis YE.51332 EAN. 5905369928031 P\u0101rtikas mot\u012bvs Augstums (cm ) 35 Platums (cm) 33 Dzi\u013cums (cm ) 5 Materi\u0101ls HDF, t\u0113rauds\" \/>\n<meta property=\"og:url\" content=\"https:\/\/metaltale.com\/lv\/produkts\/3d-retro-izgaismota-izkartne-cake-2\/\" \/>\n<meta property=\"og:site_name\" content=\"MetalTale.com\" \/>\n<meta name=\"twitter:card\" content=\"summary_large_image\" \/>\n<meta name=\"twitter:label1\" content=\"Est. reading time\" \/>\n\t<meta name=\"twitter:data1\" content=\"1 minute\" \/>\n<script type=\"application\/ld+json\" class=\"yoast-schema-graph\">{\"@context\":\"https:\/\/schema.org\",\"@graph\":[{\"@type\":\"WebPage\",\"@id\":\"https:\/\/metaltale.com\/lv\/produkts\/3d-retro-izgaismota-izkartne-cake-2\/\",\"url\":\"https:\/\/metaltale.com\/lv\/produkts\/3d-retro-izgaismota-izkartne-cake-2\/\",\"name\":\"3D retro izgaismota izk\u0101rtne CAKE 2 - MetalTale.com\",\"isPartOf\":{\"@id\":\"https:\/\/metaltale.com\/lv\/#website\"},\"primaryImageOfPage\":{\"@id\":\"https:\/\/metaltale.com\/lv\/produkts\/3d-retro-izgaismota-izkartne-cake-2\/#primaryimage\"},\"image\":{\"@id\":\"https:\/\/metaltale.com\/lv\/produkts\/3d-retro-izgaismota-izkartne-cake-2\/#primaryimage\"},\"thumbnailUrl\":\"https:\/\/metaltale.com\/wp-content\/uploads\/2023\/10\/3D-retro-apx161viesta-ix161kaba-CAKE-2.jpg\",\"datePublished\":\"2024-02-13T13:23:05+00:00\",\"breadcrumb\":{\"@id\":\"https:\/\/metaltale.com\/lv\/produkts\/3d-retro-izgaismota-izkartne-cake-2\/#breadcrumb\"},\"inLanguage\":\"lv-LV\",\"potentialAction\":[{\"@type\":\"ReadAction\",\"target\":[\"https:\/\/metaltale.com\/lv\/produkts\/3d-retro-izgaismota-izkartne-cake-2\/\"]}]},{\"@type\":\"ImageObject\",\"inLanguage\":\"lv-LV\",\"@id\":\"https:\/\/metaltale.com\/lv\/produkts\/3d-retro-izgaismota-izkartne-cake-2\/#primaryimage\",\"url\":\"https:\/\/metaltale.com\/wp-content\/uploads\/2023\/10\/3D-retro-apx161viesta-ix161kaba-CAKE-2.jpg\",\"contentUrl\":\"https:\/\/metaltale.com\/wp-content\/uploads\/2023\/10\/3D-retro-apx161viesta-ix161kaba-CAKE-2.jpg\",\"width\":800,\"height\":800},{\"@type\":\"BreadcrumbList\",\"@id\":\"https:\/\/metaltale.com\/lv\/produkts\/3d-retro-izgaismota-izkartne-cake-2\/#breadcrumb\",\"itemListElement\":[{\"@type\":\"ListItem\",\"position\":1,\"name\":\"Home\",\"item\":\"https:\/\/metaltale.com\/lv\/majas\/\"},{\"@type\":\"ListItem\",\"position\":2,\"name\":\"Veikals\",\"item\":\"https:\/\/metaltale.com\/lv\/shop\/\"},{\"@type\":\"ListItem\",\"position\":3,\"name\":\"3D retro izgaismota izk\u0101rtne CAKE 2\"}]},{\"@type\":\"WebSite\",\"@id\":\"https:\/\/metaltale.com\/lv\/#website\",\"url\":\"https:\/\/metaltale.com\/lv\/\",\"name\":\"Metaltale.com\",\"description\":\"\",\"potentialAction\":[{\"@type\":\"SearchAction\",\"target\":{\"@type\":\"EntryPoint\",\"urlTemplate\":\"https:\/\/metaltale.com\/lv\/?s={search_term_string}\"},\"query-input\":{\"@type\":\"PropertyValueSpecification\",\"valueRequired\":true,\"valueName\":\"search_term_string\"}}],\"inLanguage\":\"lv-LV\"}]}<\/script>\n<!-- \/ Yoast SEO plugin. -->","yoast_head_json":{"title":"3D retro izgaismota izk\u0101rtne CAKE 2 - MetalTale.com","robots":{"index":"index","follow":"follow","max-snippet":"max-snippet:-1","max-image-preview":"max-image-preview:large","max-video-preview":"max-video-preview:-1"},"canonical":"https:\/\/metaltale.com\/lv\/produkts\/3d-retro-izgaismota-izkartne-cake-2\/","og_locale":"lv_LV","og_type":"article","og_title":"3D retro izgaismota izk\u0101rtne CAKE 2 - MetalTale.com","og_description":"Modelis YE.51332 EAN. 5905369928031 P\u0101rtikas mot\u012bvs Augstums (cm ) 35 Platums (cm) 33 Dzi\u013cums (cm ) 5 Materi\u0101ls HDF, t\u0113rauds","og_url":"https:\/\/metaltale.com\/lv\/produkts\/3d-retro-izgaismota-izkartne-cake-2\/","og_site_name":"MetalTale.com","twitter_card":"summary_large_image","twitter_misc":{"Est. reading time":"1 minute"},"schema":{"@context":"https:\/\/schema.org","@graph":[{"@type":"WebPage","@id":"https:\/\/metaltale.com\/lv\/produkts\/3d-retro-izgaismota-izkartne-cake-2\/","url":"https:\/\/metaltale.com\/lv\/produkts\/3d-retro-izgaismota-izkartne-cake-2\/","name":"3D retro izgaismota izk\u0101rtne CAKE 2 - MetalTale.com","isPartOf":{"@id":"https:\/\/metaltale.com\/lv\/#website"},"primaryImageOfPage":{"@id":"https:\/\/metaltale.com\/lv\/produkts\/3d-retro-izgaismota-izkartne-cake-2\/#primaryimage"},"image":{"@id":"https:\/\/metaltale.com\/lv\/produkts\/3d-retro-izgaismota-izkartne-cake-2\/#primaryimage"},"thumbnailUrl":"https:\/\/metaltale.com\/wp-content\/uploads\/2023\/10\/3D-retro-apx161viesta-ix161kaba-CAKE-2.jpg","datePublished":"2024-02-13T13:23:05+00:00","breadcrumb":{"@id":"https:\/\/metaltale.com\/lv\/produkts\/3d-retro-izgaismota-izkartne-cake-2\/#breadcrumb"},"inLanguage":"lv-LV","potentialAction":[{"@type":"ReadAction","target":["https:\/\/metaltale.com\/lv\/produkts\/3d-retro-izgaismota-izkartne-cake-2\/"]}]},{"@type":"ImageObject","inLanguage":"lv-LV","@id":"https:\/\/metaltale.com\/lv\/produkts\/3d-retro-izgaismota-izkartne-cake-2\/#primaryimage","url":"https:\/\/metaltale.com\/wp-content\/uploads\/2023\/10\/3D-retro-apx161viesta-ix161kaba-CAKE-2.jpg","contentUrl":"https:\/\/metaltale.com\/wp-content\/uploads\/2023\/10\/3D-retro-apx161viesta-ix161kaba-CAKE-2.jpg","width":800,"height":800},{"@type":"BreadcrumbList","@id":"https:\/\/metaltale.com\/lv\/produkts\/3d-retro-izgaismota-izkartne-cake-2\/#breadcrumb","itemListElement":[{"@type":"ListItem","position":1,"name":"Home","item":"https:\/\/metaltale.com\/lv\/majas\/"},{"@type":"ListItem","position":2,"name":"Veikals","item":"https:\/\/metaltale.com\/lv\/shop\/"},{"@type":"ListItem","position":3,"name":"3D retro izgaismota izk\u0101rtne CAKE 2"}]},{"@type":"WebSite","@id":"https:\/\/metaltale.com\/lv\/#website","url":"https:\/\/metaltale.com\/lv\/","name":"Metaltale.com","description":"","potentialAction":[{"@type":"SearchAction","target":{"@type":"EntryPoint","urlTemplate":"https:\/\/metaltale.com\/lv\/?s={search_term_string}"},"query-input":{"@type":"PropertyValueSpecification","valueRequired":true,"valueName":"search_term_string"}}],"inLanguage":"lv-LV"}]}},"_links":{"self":[{"href":"https:\/\/metaltale.com\/lv\/wp-json\/wp\/v2\/product\/133417","targetHints":{"allow":["GET"]}}],"collection":[{"href":"https:\/\/metaltale.com\/lv\/wp-json\/wp\/v2\/product"}],"about":[{"href":"https:\/\/metaltale.com\/lv\/wp-json\/wp\/v2\/types\/product"}],"replies":[{"embeddable":true,"href":"https:\/\/metaltale.com\/lv\/wp-json\/wp\/v2\/comments?post=133417"}],"version-history":[{"count":0,"href":"https:\/\/metaltale.com\/lv\/wp-json\/wp\/v2\/product\/133417\/revisions"}],"wp:featuredmedia":[{"embeddable":true,"href":"https:\/\/metaltale.com\/lv\/wp-json\/wp\/v2\/media\/95854"}],"wp:attachment":[{"href":"https:\/\/metaltale.com\/lv\/wp-json\/wp\/v2\/media?parent=133417"}],"wp:term":[{"taxonomy":"product_brand","embeddable":true,"href":"https:\/\/metaltale.com\/lv\/wp-json\/wp\/v2\/product_brand?post=133417"},{"taxonomy":"product_cat","embeddable":true,"href":"https:\/\/metaltale.com\/lv\/wp-json\/wp\/v2\/product_cat?post=133417"},{"taxonomy":"product_tag","embeddable":true,"href":"https:\/\/metaltale.com\/lv\/wp-json\/wp\/v2\/product_tag?post=133417"}],"curies":[{"name":"wp","href":"https:\/\/api.w.org\/{rel}","templated":true}]}}