{"id":133414,"date":"2024-02-13T15:23:05","date_gmt":"2024-02-13T13:23:05","guid":{"rendered":"https:\/\/metaltale.com\/produktas\/durvju-pieklauvejs-230-mm\/"},"modified":"2024-07-15T15:42:27","modified_gmt":"2024-07-15T13:42:27","slug":"durvju-pieklauvejs-230-mm","status":"publish","type":"product","link":"https:\/\/metaltale.com\/lv\/produkts\/durvju-pieklauvejs-230-mm\/","title":{"rendered":"Durvju pieklauv\u0113js 230 mm"},"content":{"rendered":"<div class=\"prod_data\">\n<p><strong>Modelis<\/strong> 01.357K.AI.230<br \/>\n<strong>EAN.<\/strong>  5905369918919<br \/>\nMateri\u0101ls Ketus<br \/>\n<strong>Kop\u0113jais augstums (cm<\/strong> ) 23<br \/>\n<strong>Kop\u0113jais platums (cm<\/strong> ) 6<br \/>\n<strong>Kop\u0113j\u0101 projekcija (cm<\/strong> ) 4,5<br \/>\n<strong>Pamatnes izm\u0113ri (cm)<\/strong> 6 x 23<br \/>\nT\u0113rauda <strong>kr\u0101sa<\/strong> <\/p>\n<p>Stil\u012bgais <strong>durvju r\u0101mis<\/strong> ar lauku raksturu ir iztur\u012bgs elements, kas izgatavots no augstas kvalit\u0101tes \u010duguna tradicion\u0101l\u0101 t\u0113rauda kr\u0101s\u0101. T\u0101s interesantie dekori garant\u0113ti piesaist\u012bs lielu interesi, \u012bpa\u0161i romantisko apdari cien\u012bt\u0101ju vid\u016b, kuriem pat\u012bk daudz funkcion\u0101lu interjera piederumu.<\/p>\n<p>M\u016bsu durvju ailes garant\u0113 vieglu un \u0101tru uzst\u0101d\u012b\u0161anu, t\u0101p\u0113c t\u0101s ir viegli lietojamas, jo \u012bpa\u0161i kop\u0101 ar mas\u012bvkoka durv\u012bm.<\/p>\n<\/div>\n","protected":false},"excerpt":{"rendered":"<p>Modelis 01.357K.AI.230 EAN. 5905369918919 Materi\u0101ls Ketus Kop\u0113jais augstums (cm ) 23 Kop\u0113jais platums (cm ) 6 Kop\u0113j\u0101 projekcija (cm )<\/p>\n","protected":false},"featured_media":75472,"comment_status":"open","ping_status":"closed","template":"","meta":{"_acf_changed":false,"pmpro_default_level":""},"product_brand":[],"product_cat":[23851,23837],"product_tag":[],"class_list":{"0":"post-133414","1":"product","2":"type-product","3":"status-publish","4":"has-post-thumbnail","6":"product_cat-durvju-klauveji","7":"product_cat-mebeles-piederumi","8":"pmpro-has-access","10":"first","11":"instock","12":"shipping-taxable","13":"purchasable","14":"product-type-simple"},"acf":[],"yoast_head":"<!-- This site is optimized with the Yoast SEO plugin v24.9 - https:\/\/yoast.com\/wordpress\/plugins\/seo\/ -->\n<title>Durvju pieklauv\u0113js 230 mm - MetalTale.com<\/title>\n<meta name=\"robots\" content=\"index, follow, max-snippet:-1, max-image-preview:large, max-video-preview:-1\" \/>\n<link rel=\"canonical\" href=\"https:\/\/metaltale.com\/lv\/produkts\/durvju-pieklauvejs-230-mm\/\" \/>\n<meta property=\"og:locale\" content=\"lv_LV\" \/>\n<meta property=\"og:type\" content=\"article\" \/>\n<meta property=\"og:title\" content=\"Durvju pieklauv\u0113js 230 mm - MetalTale.com\" \/>\n<meta property=\"og:description\" content=\"Modelis 01.357K.AI.230 EAN. 5905369918919 Materi\u0101ls Ketus Kop\u0113jais augstums (cm ) 23 Kop\u0113jais platums (cm ) 6 Kop\u0113j\u0101 projekcija (cm )\" \/>\n<meta property=\"og:url\" content=\"https:\/\/metaltale.com\/lv\/produkts\/durvju-pieklauvejs-230-mm\/\" \/>\n<meta property=\"og:site_name\" content=\"MetalTale.com\" \/>\n<meta property=\"article:modified_time\" content=\"2024-07-15T13:42:27+00:00\" \/>\n<meta name=\"twitter:card\" content=\"summary_large_image\" \/>\n<meta name=\"twitter:label1\" content=\"Est. reading time\" \/>\n\t<meta name=\"twitter:data1\" content=\"1 minute\" \/>\n<script type=\"application\/ld+json\" class=\"yoast-schema-graph\">{\"@context\":\"https:\/\/schema.org\",\"@graph\":[{\"@type\":\"WebPage\",\"@id\":\"https:\/\/metaltale.com\/lv\/produkts\/durvju-pieklauvejs-230-mm\/\",\"url\":\"https:\/\/metaltale.com\/lv\/produkts\/durvju-pieklauvejs-230-mm\/\",\"name\":\"Durvju pieklauv\u0113js 230 mm - MetalTale.com\",\"isPartOf\":{\"@id\":\"https:\/\/metaltale.com\/lv\/#website\"},\"primaryImageOfPage\":{\"@id\":\"https:\/\/metaltale.com\/lv\/produkts\/durvju-pieklauvejs-230-mm\/#primaryimage\"},\"image\":{\"@id\":\"https:\/\/metaltale.com\/lv\/produkts\/durvju-pieklauvejs-230-mm\/#primaryimage\"},\"thumbnailUrl\":\"https:\/\/metaltale.com\/wp-content\/uploads\/2023\/09\/stalowa-ko_atka-do-drzwi-rustykalneuchwyty-pl_1.jpg\",\"datePublished\":\"2024-02-13T13:23:05+00:00\",\"dateModified\":\"2024-07-15T13:42:27+00:00\",\"breadcrumb\":{\"@id\":\"https:\/\/metaltale.com\/lv\/produkts\/durvju-pieklauvejs-230-mm\/#breadcrumb\"},\"inLanguage\":\"lv-LV\",\"potentialAction\":[{\"@type\":\"ReadAction\",\"target\":[\"https:\/\/metaltale.com\/lv\/produkts\/durvju-pieklauvejs-230-mm\/\"]}]},{\"@type\":\"ImageObject\",\"inLanguage\":\"lv-LV\",\"@id\":\"https:\/\/metaltale.com\/lv\/produkts\/durvju-pieklauvejs-230-mm\/#primaryimage\",\"url\":\"https:\/\/metaltale.com\/wp-content\/uploads\/2023\/09\/stalowa-ko_atka-do-drzwi-rustykalneuchwyty-pl_1.jpg\",\"contentUrl\":\"https:\/\/metaltale.com\/wp-content\/uploads\/2023\/09\/stalowa-ko_atka-do-drzwi-rustykalneuchwyty-pl_1.jpg\",\"width\":800,\"height\":800,\"caption\":\"Durvju pieklauv\u0113js 230 mm\"},{\"@type\":\"BreadcrumbList\",\"@id\":\"https:\/\/metaltale.com\/lv\/produkts\/durvju-pieklauvejs-230-mm\/#breadcrumb\",\"itemListElement\":[{\"@type\":\"ListItem\",\"position\":1,\"name\":\"Home\",\"item\":\"https:\/\/metaltale.com\/lv\/majas\/\"},{\"@type\":\"ListItem\",\"position\":2,\"name\":\"Veikals\",\"item\":\"https:\/\/metaltale.com\/lv\/shop\/\"},{\"@type\":\"ListItem\",\"position\":3,\"name\":\"Durvju pieklauv\u0113js 230 mm\"}]},{\"@type\":\"WebSite\",\"@id\":\"https:\/\/metaltale.com\/lv\/#website\",\"url\":\"https:\/\/metaltale.com\/lv\/\",\"name\":\"Metaltale.com\",\"description\":\"\",\"potentialAction\":[{\"@type\":\"SearchAction\",\"target\":{\"@type\":\"EntryPoint\",\"urlTemplate\":\"https:\/\/metaltale.com\/lv\/?s={search_term_string}\"},\"query-input\":{\"@type\":\"PropertyValueSpecification\",\"valueRequired\":true,\"valueName\":\"search_term_string\"}}],\"inLanguage\":\"lv-LV\"}]}<\/script>\n<!-- \/ Yoast SEO plugin. -->","yoast_head_json":{"title":"Durvju pieklauv\u0113js 230 mm - MetalTale.com","robots":{"index":"index","follow":"follow","max-snippet":"max-snippet:-1","max-image-preview":"max-image-preview:large","max-video-preview":"max-video-preview:-1"},"canonical":"https:\/\/metaltale.com\/lv\/produkts\/durvju-pieklauvejs-230-mm\/","og_locale":"lv_LV","og_type":"article","og_title":"Durvju pieklauv\u0113js 230 mm - MetalTale.com","og_description":"Modelis 01.357K.AI.230 EAN. 5905369918919 Materi\u0101ls Ketus Kop\u0113jais augstums (cm ) 23 Kop\u0113jais platums (cm ) 6 Kop\u0113j\u0101 projekcija (cm )","og_url":"https:\/\/metaltale.com\/lv\/produkts\/durvju-pieklauvejs-230-mm\/","og_site_name":"MetalTale.com","article_modified_time":"2024-07-15T13:42:27+00:00","twitter_card":"summary_large_image","twitter_misc":{"Est. reading time":"1 minute"},"schema":{"@context":"https:\/\/schema.org","@graph":[{"@type":"WebPage","@id":"https:\/\/metaltale.com\/lv\/produkts\/durvju-pieklauvejs-230-mm\/","url":"https:\/\/metaltale.com\/lv\/produkts\/durvju-pieklauvejs-230-mm\/","name":"Durvju pieklauv\u0113js 230 mm - MetalTale.com","isPartOf":{"@id":"https:\/\/metaltale.com\/lv\/#website"},"primaryImageOfPage":{"@id":"https:\/\/metaltale.com\/lv\/produkts\/durvju-pieklauvejs-230-mm\/#primaryimage"},"image":{"@id":"https:\/\/metaltale.com\/lv\/produkts\/durvju-pieklauvejs-230-mm\/#primaryimage"},"thumbnailUrl":"https:\/\/metaltale.com\/wp-content\/uploads\/2023\/09\/stalowa-ko_atka-do-drzwi-rustykalneuchwyty-pl_1.jpg","datePublished":"2024-02-13T13:23:05+00:00","dateModified":"2024-07-15T13:42:27+00:00","breadcrumb":{"@id":"https:\/\/metaltale.com\/lv\/produkts\/durvju-pieklauvejs-230-mm\/#breadcrumb"},"inLanguage":"lv-LV","potentialAction":[{"@type":"ReadAction","target":["https:\/\/metaltale.com\/lv\/produkts\/durvju-pieklauvejs-230-mm\/"]}]},{"@type":"ImageObject","inLanguage":"lv-LV","@id":"https:\/\/metaltale.com\/lv\/produkts\/durvju-pieklauvejs-230-mm\/#primaryimage","url":"https:\/\/metaltale.com\/wp-content\/uploads\/2023\/09\/stalowa-ko_atka-do-drzwi-rustykalneuchwyty-pl_1.jpg","contentUrl":"https:\/\/metaltale.com\/wp-content\/uploads\/2023\/09\/stalowa-ko_atka-do-drzwi-rustykalneuchwyty-pl_1.jpg","width":800,"height":800,"caption":"Durvju pieklauv\u0113js 230 mm"},{"@type":"BreadcrumbList","@id":"https:\/\/metaltale.com\/lv\/produkts\/durvju-pieklauvejs-230-mm\/#breadcrumb","itemListElement":[{"@type":"ListItem","position":1,"name":"Home","item":"https:\/\/metaltale.com\/lv\/majas\/"},{"@type":"ListItem","position":2,"name":"Veikals","item":"https:\/\/metaltale.com\/lv\/shop\/"},{"@type":"ListItem","position":3,"name":"Durvju pieklauv\u0113js 230 mm"}]},{"@type":"WebSite","@id":"https:\/\/metaltale.com\/lv\/#website","url":"https:\/\/metaltale.com\/lv\/","name":"Metaltale.com","description":"","potentialAction":[{"@type":"SearchAction","target":{"@type":"EntryPoint","urlTemplate":"https:\/\/metaltale.com\/lv\/?s={search_term_string}"},"query-input":{"@type":"PropertyValueSpecification","valueRequired":true,"valueName":"search_term_string"}}],"inLanguage":"lv-LV"}]}},"_links":{"self":[{"href":"https:\/\/metaltale.com\/lv\/wp-json\/wp\/v2\/product\/133414","targetHints":{"allow":["GET"]}}],"collection":[{"href":"https:\/\/metaltale.com\/lv\/wp-json\/wp\/v2\/product"}],"about":[{"href":"https:\/\/metaltale.com\/lv\/wp-json\/wp\/v2\/types\/product"}],"replies":[{"embeddable":true,"href":"https:\/\/metaltale.com\/lv\/wp-json\/wp\/v2\/comments?post=133414"}],"version-history":[{"count":0,"href":"https:\/\/metaltale.com\/lv\/wp-json\/wp\/v2\/product\/133414\/revisions"}],"wp:featuredmedia":[{"embeddable":true,"href":"https:\/\/metaltale.com\/lv\/wp-json\/wp\/v2\/media\/75472"}],"wp:attachment":[{"href":"https:\/\/metaltale.com\/lv\/wp-json\/wp\/v2\/media?parent=133414"}],"wp:term":[{"taxonomy":"product_brand","embeddable":true,"href":"https:\/\/metaltale.com\/lv\/wp-json\/wp\/v2\/product_brand?post=133414"},{"taxonomy":"product_cat","embeddable":true,"href":"https:\/\/metaltale.com\/lv\/wp-json\/wp\/v2\/product_cat?post=133414"},{"taxonomy":"product_tag","embeddable":true,"href":"https:\/\/metaltale.com\/lv\/wp-json\/wp\/v2\/product_tag?post=133414"}],"curies":[{"name":"wp","href":"https:\/\/api.w.org\/{rel}","templated":true}]}}