{"id":133391,"date":"2024-02-13T15:23:05","date_gmt":"2024-02-13T13:23:05","guid":{"rendered":"https:\/\/metaltale.com\/produktas\/industrialais-beninu-gramatu-plaukts-factory-pine-3\/"},"modified":"2024-02-13T15:23:05","modified_gmt":"2024-02-13T13:23:05","slug":"industrialais-beninu-gramatu-plaukts-factory-pine-3","status":"publish","type":"product","link":"https:\/\/metaltale.com\/lv\/produkts\/industrialais-beninu-gramatu-plaukts-factory-pine-3\/","title":{"rendered":"Industri\u0101lais b\u0113ni\u0146u gr\u0101matu plaukts FACTORY PINE 3"},"content":{"rendered":"<div class=\"prod_data\">\n<p><strong>Modelis<\/strong> ZA.FAC.G1<br \/>\nFACTORY PINE <strong>kolekcija<\/strong><br \/>\n<strong>EAN.<\/strong>  5905369914898<br \/>\n<strong>Materi\u0101ls<\/strong> Priede, t\u0113rauds<br \/>\n<strong>Kop\u0113jais augstums (cm<\/strong> ) 200<br \/>\n<strong>Kop\u0113jais platums (cm<\/strong> ) 80<br \/>\n<strong>Dzi\u013cums (cm<\/strong> ) 40<br \/>\n<strong>Pieg\u0101des veids<\/strong> Piln\u012bb\u0101 samont\u0113ts produkts<br \/>\n<strong>Pieg\u0101des laiks 2<\/strong> 3-6 ned\u0113\u013cas<\/p>\n<p>&#8211; industri\u0101ls, gar\u0161 gr\u0101matu plaukts no priedes un t\u0113rauda<br \/>\n&#8211; divas t\u0113rauda atvilktnes<br \/>\n&#8211; lod\u012b\u0161u gult\u0146u sl\u012bd\u0146i \u013cauj viegli izvilkt atvilktnes<br \/>\n&#8211; B\u012bd\u0101m\u0101 priek\u0161puse, kas nosedz plauktu, ir praktisks un dizaina risin\u0101jums.<br \/>\n&#8211; 80&#215;20 mm sl\u0113gta profila konstrukcija nodro\u0161ina stabilit\u0101ti un iztur\u012bbu.<br \/>\n&#8211; ar bezkr\u0101sainu laku impregn\u0113ts t\u0113rauds aizsardz\u012bbai pret boj\u0101jumiem un skr\u0101p\u0113jumiem.<br \/>\n&#8211; starp atl\u012bm\u0113tiem pane\u013ciem var rasties spraugas, kas neietekm\u0113 lieto\u0161anas \u0113rtumu.<br \/>\n&#8211; p\u0101rstr\u0101d\u0101ta priedes koksne, kas impregn\u0113ta ar kr\u0101svielu uz \u016bdens b\u0101zes, iegremd\u0113jot.<br \/>\n&#8211; paredz\u0113t\u0101 noveco\u0161anas ietekme izpau\u017eas k\u0101 redzami skr\u0101p\u0113jumi uz virsmas un j\u016btama koka tekst\u016bra.<br \/>\n&#8211; izstr\u0101d\u0101jumu kr\u0101sa var at\u0161\u0137irties no fotogalerij\u0101 redzam\u0101s kr\u0101sas, kas var b\u016bt saist\u012bts ar individu\u0101liem monitora iestat\u012bjumiem un materi\u0101lu \u012bpa\u0161\u012bb\u0101m.<br \/>\n&#8211; t\u0113rauds un priedes koksne ir izejmateri\u0101li, kuru kr\u0101sa, nokr\u0101sa un tekst\u016bra var at\u0161\u0137irties no vien\u012bbas uz vien\u012bbu vai partijas uz partiju.<\/p>\n<hr>\n<p>\u0160aurais b\u0113ni\u0146u tipa gr\u0101matu plaukts ir m\u0113bele, kas uzlabos maz\u0101kas industri\u0101l\u0101 dizaina telpas. \u0160\u012b neuzkr\u012bto\u0161\u0101 m\u0113bele ir mas\u012bva un bezkompromisa gar\u0101, kas redzams katr\u0101 t\u0101s element\u0101. Met\u0101la atvilkt\u0146u un b\u012bd\u0101m\u0101s frontes raupj\u0101 apdare ir atjaut\u012bgi apvienota ar t\u0113rauda r\u0101mi, kur\u0101 redzams sl\u012bp\u0113jums. Tie ir apzin\u0101ti so\u013ci, kas nor\u0101da uz postindustri\u0101lo stilu. Industri\u0101lais gr\u0101matu plaukts ir neaizst\u0101jams elements kabinet\u0101 vai b\u0113ni\u0146u stila dz\u012bvojam\u0101 istab\u0101.<\/p>\n<\/div>\n","protected":false},"excerpt":{"rendered":"<p>Modelis ZA.FAC.G1 FACTORY PINE kolekcija EAN. 5905369914898 Materi\u0101ls Priede, t\u0113rauds Kop\u0113jais augstums (cm ) 200 Kop\u0113jais platums (cm ) 80<\/p>\n","protected":false},"featured_media":119801,"comment_status":"open","ping_status":"closed","template":"","meta":{"_acf_changed":false,"pmpro_default_level":""},"product_brand":[],"product_cat":[24092,24057,24118],"product_tag":[],"class_list":{"0":"post-133391","1":"product","2":"type-product","3":"status-publish","4":"has-post-thumbnail","6":"product_cat-plaukti","7":"product_cat-rupnieciskas-mebeles","8":"product_cat-skapji","9":"pmpro-has-access","11":"first","12":"instock","13":"shipping-taxable","14":"purchasable","15":"product-type-simple"},"acf":[],"yoast_head":"<!-- This site is optimized with the Yoast SEO plugin v24.9 - https:\/\/yoast.com\/wordpress\/plugins\/seo\/ -->\n<title>Industri\u0101lais b\u0113ni\u0146u gr\u0101matu plaukts FACTORY PINE 3 - MetalTale.com<\/title>\n<meta name=\"robots\" content=\"index, follow, max-snippet:-1, max-image-preview:large, max-video-preview:-1\" \/>\n<link rel=\"canonical\" href=\"https:\/\/metaltale.com\/lv\/produkts\/industrialais-beninu-gramatu-plaukts-factory-pine-3\/\" \/>\n<meta property=\"og:locale\" content=\"lv_LV\" \/>\n<meta property=\"og:type\" content=\"article\" \/>\n<meta property=\"og:title\" content=\"Industri\u0101lais b\u0113ni\u0146u gr\u0101matu plaukts FACTORY PINE 3 - MetalTale.com\" \/>\n<meta property=\"og:description\" content=\"Modelis ZA.FAC.G1 FACTORY PINE kolekcija EAN. 5905369914898 Materi\u0101ls Priede, t\u0113rauds Kop\u0113jais augstums (cm ) 200 Kop\u0113jais platums (cm ) 80\" \/>\n<meta property=\"og:url\" content=\"https:\/\/metaltale.com\/lv\/produkts\/industrialais-beninu-gramatu-plaukts-factory-pine-3\/\" \/>\n<meta property=\"og:site_name\" content=\"MetalTale.com\" \/>\n<meta name=\"twitter:card\" content=\"summary_large_image\" \/>\n<meta name=\"twitter:label1\" content=\"Est. reading time\" \/>\n\t<meta name=\"twitter:data1\" content=\"2 minutes\" \/>\n<script type=\"application\/ld+json\" class=\"yoast-schema-graph\">{\"@context\":\"https:\/\/schema.org\",\"@graph\":[{\"@type\":\"WebPage\",\"@id\":\"https:\/\/metaltale.com\/lv\/produkts\/industrialais-beninu-gramatu-plaukts-factory-pine-3\/\",\"url\":\"https:\/\/metaltale.com\/lv\/produkts\/industrialais-beninu-gramatu-plaukts-factory-pine-3\/\",\"name\":\"Industri\u0101lais b\u0113ni\u0146u gr\u0101matu plaukts FACTORY PINE 3 - MetalTale.com\",\"isPartOf\":{\"@id\":\"https:\/\/metaltale.com\/lv\/#website\"},\"primaryImageOfPage\":{\"@id\":\"https:\/\/metaltale.com\/lv\/produkts\/industrialais-beninu-gramatu-plaukts-factory-pine-3\/#primaryimage\"},\"image\":{\"@id\":\"https:\/\/metaltale.com\/lv\/produkts\/industrialais-beninu-gramatu-plaukts-factory-pine-3\/#primaryimage\"},\"thumbnailUrl\":\"https:\/\/metaltale.com\/wp-content\/uploads\/2023\/12\/pramonine-knygu-lentyna.jpg\",\"datePublished\":\"2024-02-13T13:23:05+00:00\",\"breadcrumb\":{\"@id\":\"https:\/\/metaltale.com\/lv\/produkts\/industrialais-beninu-gramatu-plaukts-factory-pine-3\/#breadcrumb\"},\"inLanguage\":\"lv-LV\",\"potentialAction\":[{\"@type\":\"ReadAction\",\"target\":[\"https:\/\/metaltale.com\/lv\/produkts\/industrialais-beninu-gramatu-plaukts-factory-pine-3\/\"]}]},{\"@type\":\"ImageObject\",\"inLanguage\":\"lv-LV\",\"@id\":\"https:\/\/metaltale.com\/lv\/produkts\/industrialais-beninu-gramatu-plaukts-factory-pine-3\/#primaryimage\",\"url\":\"https:\/\/metaltale.com\/wp-content\/uploads\/2023\/12\/pramonine-knygu-lentyna.jpg\",\"contentUrl\":\"https:\/\/metaltale.com\/wp-content\/uploads\/2023\/12\/pramonine-knygu-lentyna.jpg\",\"width\":800,\"height\":800,\"caption\":\"r\u016bpnieciskais gr\u0101matu plaukts\"},{\"@type\":\"BreadcrumbList\",\"@id\":\"https:\/\/metaltale.com\/lv\/produkts\/industrialais-beninu-gramatu-plaukts-factory-pine-3\/#breadcrumb\",\"itemListElement\":[{\"@type\":\"ListItem\",\"position\":1,\"name\":\"Home\",\"item\":\"https:\/\/metaltale.com\/lv\/majas\/\"},{\"@type\":\"ListItem\",\"position\":2,\"name\":\"Veikals\",\"item\":\"https:\/\/metaltale.com\/lv\/shop\/\"},{\"@type\":\"ListItem\",\"position\":3,\"name\":\"Industri\u0101lais b\u0113ni\u0146u gr\u0101matu plaukts FACTORY PINE 3\"}]},{\"@type\":\"WebSite\",\"@id\":\"https:\/\/metaltale.com\/lv\/#website\",\"url\":\"https:\/\/metaltale.com\/lv\/\",\"name\":\"Metaltale.com\",\"description\":\"\",\"potentialAction\":[{\"@type\":\"SearchAction\",\"target\":{\"@type\":\"EntryPoint\",\"urlTemplate\":\"https:\/\/metaltale.com\/lv\/?s={search_term_string}\"},\"query-input\":{\"@type\":\"PropertyValueSpecification\",\"valueRequired\":true,\"valueName\":\"search_term_string\"}}],\"inLanguage\":\"lv-LV\"}]}<\/script>\n<!-- \/ Yoast SEO plugin. -->","yoast_head_json":{"title":"Industri\u0101lais b\u0113ni\u0146u gr\u0101matu plaukts FACTORY PINE 3 - MetalTale.com","robots":{"index":"index","follow":"follow","max-snippet":"max-snippet:-1","max-image-preview":"max-image-preview:large","max-video-preview":"max-video-preview:-1"},"canonical":"https:\/\/metaltale.com\/lv\/produkts\/industrialais-beninu-gramatu-plaukts-factory-pine-3\/","og_locale":"lv_LV","og_type":"article","og_title":"Industri\u0101lais b\u0113ni\u0146u gr\u0101matu plaukts FACTORY PINE 3 - MetalTale.com","og_description":"Modelis ZA.FAC.G1 FACTORY PINE kolekcija EAN. 5905369914898 Materi\u0101ls Priede, t\u0113rauds Kop\u0113jais augstums (cm ) 200 Kop\u0113jais platums (cm ) 80","og_url":"https:\/\/metaltale.com\/lv\/produkts\/industrialais-beninu-gramatu-plaukts-factory-pine-3\/","og_site_name":"MetalTale.com","twitter_card":"summary_large_image","twitter_misc":{"Est. reading time":"2 minutes"},"schema":{"@context":"https:\/\/schema.org","@graph":[{"@type":"WebPage","@id":"https:\/\/metaltale.com\/lv\/produkts\/industrialais-beninu-gramatu-plaukts-factory-pine-3\/","url":"https:\/\/metaltale.com\/lv\/produkts\/industrialais-beninu-gramatu-plaukts-factory-pine-3\/","name":"Industri\u0101lais b\u0113ni\u0146u gr\u0101matu plaukts FACTORY PINE 3 - MetalTale.com","isPartOf":{"@id":"https:\/\/metaltale.com\/lv\/#website"},"primaryImageOfPage":{"@id":"https:\/\/metaltale.com\/lv\/produkts\/industrialais-beninu-gramatu-plaukts-factory-pine-3\/#primaryimage"},"image":{"@id":"https:\/\/metaltale.com\/lv\/produkts\/industrialais-beninu-gramatu-plaukts-factory-pine-3\/#primaryimage"},"thumbnailUrl":"https:\/\/metaltale.com\/wp-content\/uploads\/2023\/12\/pramonine-knygu-lentyna.jpg","datePublished":"2024-02-13T13:23:05+00:00","breadcrumb":{"@id":"https:\/\/metaltale.com\/lv\/produkts\/industrialais-beninu-gramatu-plaukts-factory-pine-3\/#breadcrumb"},"inLanguage":"lv-LV","potentialAction":[{"@type":"ReadAction","target":["https:\/\/metaltale.com\/lv\/produkts\/industrialais-beninu-gramatu-plaukts-factory-pine-3\/"]}]},{"@type":"ImageObject","inLanguage":"lv-LV","@id":"https:\/\/metaltale.com\/lv\/produkts\/industrialais-beninu-gramatu-plaukts-factory-pine-3\/#primaryimage","url":"https:\/\/metaltale.com\/wp-content\/uploads\/2023\/12\/pramonine-knygu-lentyna.jpg","contentUrl":"https:\/\/metaltale.com\/wp-content\/uploads\/2023\/12\/pramonine-knygu-lentyna.jpg","width":800,"height":800,"caption":"r\u016bpnieciskais gr\u0101matu plaukts"},{"@type":"BreadcrumbList","@id":"https:\/\/metaltale.com\/lv\/produkts\/industrialais-beninu-gramatu-plaukts-factory-pine-3\/#breadcrumb","itemListElement":[{"@type":"ListItem","position":1,"name":"Home","item":"https:\/\/metaltale.com\/lv\/majas\/"},{"@type":"ListItem","position":2,"name":"Veikals","item":"https:\/\/metaltale.com\/lv\/shop\/"},{"@type":"ListItem","position":3,"name":"Industri\u0101lais b\u0113ni\u0146u gr\u0101matu plaukts FACTORY PINE 3"}]},{"@type":"WebSite","@id":"https:\/\/metaltale.com\/lv\/#website","url":"https:\/\/metaltale.com\/lv\/","name":"Metaltale.com","description":"","potentialAction":[{"@type":"SearchAction","target":{"@type":"EntryPoint","urlTemplate":"https:\/\/metaltale.com\/lv\/?s={search_term_string}"},"query-input":{"@type":"PropertyValueSpecification","valueRequired":true,"valueName":"search_term_string"}}],"inLanguage":"lv-LV"}]}},"_links":{"self":[{"href":"https:\/\/metaltale.com\/lv\/wp-json\/wp\/v2\/product\/133391","targetHints":{"allow":["GET"]}}],"collection":[{"href":"https:\/\/metaltale.com\/lv\/wp-json\/wp\/v2\/product"}],"about":[{"href":"https:\/\/metaltale.com\/lv\/wp-json\/wp\/v2\/types\/product"}],"replies":[{"embeddable":true,"href":"https:\/\/metaltale.com\/lv\/wp-json\/wp\/v2\/comments?post=133391"}],"version-history":[{"count":0,"href":"https:\/\/metaltale.com\/lv\/wp-json\/wp\/v2\/product\/133391\/revisions"}],"wp:featuredmedia":[{"embeddable":true,"href":"https:\/\/metaltale.com\/lv\/wp-json\/wp\/v2\/media\/119801"}],"wp:attachment":[{"href":"https:\/\/metaltale.com\/lv\/wp-json\/wp\/v2\/media?parent=133391"}],"wp:term":[{"taxonomy":"product_brand","embeddable":true,"href":"https:\/\/metaltale.com\/lv\/wp-json\/wp\/v2\/product_brand?post=133391"},{"taxonomy":"product_cat","embeddable":true,"href":"https:\/\/metaltale.com\/lv\/wp-json\/wp\/v2\/product_cat?post=133391"},{"taxonomy":"product_tag","embeddable":true,"href":"https:\/\/metaltale.com\/lv\/wp-json\/wp\/v2\/product_tag?post=133391"}],"curies":[{"name":"wp","href":"https:\/\/api.w.org\/{rel}","templated":true}]}}