{"id":133390,"date":"2024-02-13T15:23:05","date_gmt":"2024-02-13T13:23:05","guid":{"rendered":"https:\/\/metaltale.com\/produktas\/durvju-pieklauvejs-georgian\/"},"modified":"2024-02-13T15:23:05","modified_gmt":"2024-02-13T13:23:05","slug":"durvju-pieklauvejs-georgian","status":"publish","type":"product","link":"https:\/\/metaltale.com\/lv\/produkts\/durvju-pieklauvejs-georgian\/","title":{"rendered":"Durvju pieklauv\u0113js GEORGIAN"},"content":{"rendered":"<div class=\"prod_data\">\n<h2>M\u0113be\u013cu piederumi &#8211; <span class=\"TextRun SCXW86461160 BCX8\" lang=\"LT-LT\" data-contrast=\"auto\"><br \/>\n  <span class=\"NormalTextRun SCXW86461160 BCX8\">\u0122EOR\u0122I\u0100\u0145U DURVJU PIEKLAUV\u0112JS<\/span><br \/>\n<\/span><span class=\"EOP SCXW86461160 BCX8\" data-ccp-props=\"{\"201341983\":0,\"335559739\":160,\"335559740\":259}\"> <\/span><\/h2>\n<p><strong>Modelis:<\/strong> 01.357G.AI.170<br \/>\n<strong>EAN:<\/strong> 5905369918933<br \/>\n<strong>Materi\u0101ls:<\/strong> \u010duguns<br \/>\n<strong>Kop\u0113jais augstums (cm<\/strong> ): 17<br \/>\n<strong>Kop\u0113jais platums (cm<\/strong> ): 7<br \/>\n<strong>Kop\u0113j\u0101 projekcija (cm<\/strong> ): 3,5<br \/>\n<strong>Kr\u0101sa:<\/strong> t\u0113rauda<\/p>\n<p>Stil\u012bgais retro stila durvju klauv\u0113jamais meh\u0101nisms ir ekskluz\u012bvs izstr\u0101d\u0101jums, kas izgatavots no augstas kvalit\u0101tes \u010duguna tradicion\u0101l\u0101 t\u0113rauda kr\u0101s\u0101. Durvju pieklauv\u0113js ir lieliska alternat\u012bva tradicion\u0101lajam durvju zvanam.<\/p>\n<p>Jostai ir dekorat\u012bva pamatne, un rokturis atg\u0101dina p\u012btu virvi. Josta ir izgatavota no \u010duguna, kas nodro\u0161ina izstr\u0101d\u0101juma iztur\u012bbu un ilgm\u016b\u017e\u012bbu. Dabisk\u0101 kr\u0101sa un fakt\u016br\u0113t\u0101 virsma v\u0113l vair\u0101k izce\u013c retro izskatu un pie\u0161\u0137ir j\u016bsu m\u0101jai neatk\u0101rtojamu \u0161armu.<\/p>\n<\/div>\n","protected":false},"excerpt":{"rendered":"<p>M\u0113be\u013cu piederumi &#8211; \u0122EOR\u0122I\u0100\u0145U DURVJU PIEKLAUV\u0112JS Modelis: 01.357G.AI.170 EAN: 5905369918933 Materi\u0101ls: \u010duguns Kop\u0113jais augstums (cm ): 17 Kop\u0113jais platums (cm<\/p>\n","protected":false},"featured_media":117278,"comment_status":"open","ping_status":"closed","template":"","meta":{"_acf_changed":false,"pmpro_default_level":""},"product_brand":[],"product_cat":[23851,23837],"product_tag":[],"class_list":{"0":"post-133390","1":"product","2":"type-product","3":"status-publish","4":"has-post-thumbnail","6":"product_cat-durvju-klauveji","7":"product_cat-mebeles-piederumi","8":"pmpro-has-access","10":"first","11":"instock","12":"shipping-taxable","13":"purchasable","14":"product-type-simple"},"acf":[],"yoast_head":"<!-- This site is optimized with the Yoast SEO plugin v24.9 - https:\/\/yoast.com\/wordpress\/plugins\/seo\/ -->\n<title>Durvju pieklauv\u0113js GEORGIAN - MetalTale.com<\/title>\n<meta name=\"robots\" content=\"index, follow, max-snippet:-1, max-image-preview:large, max-video-preview:-1\" \/>\n<link rel=\"canonical\" href=\"https:\/\/metaltale.com\/lv\/produkts\/durvju-pieklauvejs-georgian\/\" \/>\n<meta property=\"og:locale\" content=\"lv_LV\" \/>\n<meta property=\"og:type\" content=\"article\" \/>\n<meta property=\"og:title\" content=\"Durvju pieklauv\u0113js GEORGIAN - MetalTale.com\" \/>\n<meta property=\"og:description\" content=\"M\u0113be\u013cu piederumi &#8211; \u0122EOR\u0122I\u0100\u0145U DURVJU PIEKLAUV\u0112JS Modelis: 01.357G.AI.170 EAN: 5905369918933 Materi\u0101ls: \u010duguns Kop\u0113jais augstums (cm ): 17 Kop\u0113jais platums (cm\" \/>\n<meta property=\"og:url\" content=\"https:\/\/metaltale.com\/lv\/produkts\/durvju-pieklauvejs-georgian\/\" \/>\n<meta property=\"og:site_name\" content=\"MetalTale.com\" \/>\n<meta name=\"twitter:card\" content=\"summary_large_image\" \/>\n<meta name=\"twitter:label1\" content=\"Est. reading time\" \/>\n\t<meta name=\"twitter:data1\" content=\"1 minute\" \/>\n<script type=\"application\/ld+json\" class=\"yoast-schema-graph\">{\"@context\":\"https:\/\/schema.org\",\"@graph\":[{\"@type\":\"WebPage\",\"@id\":\"https:\/\/metaltale.com\/lv\/produkts\/durvju-pieklauvejs-georgian\/\",\"url\":\"https:\/\/metaltale.com\/lv\/produkts\/durvju-pieklauvejs-georgian\/\",\"name\":\"Durvju pieklauv\u0113js GEORGIAN - MetalTale.com\",\"isPartOf\":{\"@id\":\"https:\/\/metaltale.com\/lv\/#website\"},\"primaryImageOfPage\":{\"@id\":\"https:\/\/metaltale.com\/lv\/produkts\/durvju-pieklauvejs-georgian\/#primaryimage\"},\"image\":{\"@id\":\"https:\/\/metaltale.com\/lv\/produkts\/durvju-pieklauvejs-georgian\/#primaryimage\"},\"thumbnailUrl\":\"https:\/\/metaltale.com\/wp-content\/uploads\/2023\/12\/Durx173-stakta-GEORGIAN.jpg\",\"datePublished\":\"2024-02-13T13:23:05+00:00\",\"breadcrumb\":{\"@id\":\"https:\/\/metaltale.com\/lv\/produkts\/durvju-pieklauvejs-georgian\/#breadcrumb\"},\"inLanguage\":\"lv-LV\",\"potentialAction\":[{\"@type\":\"ReadAction\",\"target\":[\"https:\/\/metaltale.com\/lv\/produkts\/durvju-pieklauvejs-georgian\/\"]}]},{\"@type\":\"ImageObject\",\"inLanguage\":\"lv-LV\",\"@id\":\"https:\/\/metaltale.com\/lv\/produkts\/durvju-pieklauvejs-georgian\/#primaryimage\",\"url\":\"https:\/\/metaltale.com\/wp-content\/uploads\/2023\/12\/Durx173-stakta-GEORGIAN.jpg\",\"contentUrl\":\"https:\/\/metaltale.com\/wp-content\/uploads\/2023\/12\/Durx173-stakta-GEORGIAN.jpg\",\"width\":800,\"height\":800,\"caption\":\"M\u0113be\u013cu aksesu\u0101rs - DOOR GLASS GEORGIAN\"},{\"@type\":\"BreadcrumbList\",\"@id\":\"https:\/\/metaltale.com\/lv\/produkts\/durvju-pieklauvejs-georgian\/#breadcrumb\",\"itemListElement\":[{\"@type\":\"ListItem\",\"position\":1,\"name\":\"Home\",\"item\":\"https:\/\/metaltale.com\/lv\/majas\/\"},{\"@type\":\"ListItem\",\"position\":2,\"name\":\"Veikals\",\"item\":\"https:\/\/metaltale.com\/lv\/shop\/\"},{\"@type\":\"ListItem\",\"position\":3,\"name\":\"Durvju pieklauv\u0113js GEORGIAN\"}]},{\"@type\":\"WebSite\",\"@id\":\"https:\/\/metaltale.com\/lv\/#website\",\"url\":\"https:\/\/metaltale.com\/lv\/\",\"name\":\"Metaltale.com\",\"description\":\"\",\"potentialAction\":[{\"@type\":\"SearchAction\",\"target\":{\"@type\":\"EntryPoint\",\"urlTemplate\":\"https:\/\/metaltale.com\/lv\/?s={search_term_string}\"},\"query-input\":{\"@type\":\"PropertyValueSpecification\",\"valueRequired\":true,\"valueName\":\"search_term_string\"}}],\"inLanguage\":\"lv-LV\"}]}<\/script>\n<!-- \/ Yoast SEO plugin. -->","yoast_head_json":{"title":"Durvju pieklauv\u0113js GEORGIAN - MetalTale.com","robots":{"index":"index","follow":"follow","max-snippet":"max-snippet:-1","max-image-preview":"max-image-preview:large","max-video-preview":"max-video-preview:-1"},"canonical":"https:\/\/metaltale.com\/lv\/produkts\/durvju-pieklauvejs-georgian\/","og_locale":"lv_LV","og_type":"article","og_title":"Durvju pieklauv\u0113js GEORGIAN - MetalTale.com","og_description":"M\u0113be\u013cu piederumi &#8211; \u0122EOR\u0122I\u0100\u0145U DURVJU PIEKLAUV\u0112JS Modelis: 01.357G.AI.170 EAN: 5905369918933 Materi\u0101ls: \u010duguns Kop\u0113jais augstums (cm ): 17 Kop\u0113jais platums (cm","og_url":"https:\/\/metaltale.com\/lv\/produkts\/durvju-pieklauvejs-georgian\/","og_site_name":"MetalTale.com","twitter_card":"summary_large_image","twitter_misc":{"Est. reading time":"1 minute"},"schema":{"@context":"https:\/\/schema.org","@graph":[{"@type":"WebPage","@id":"https:\/\/metaltale.com\/lv\/produkts\/durvju-pieklauvejs-georgian\/","url":"https:\/\/metaltale.com\/lv\/produkts\/durvju-pieklauvejs-georgian\/","name":"Durvju pieklauv\u0113js GEORGIAN - MetalTale.com","isPartOf":{"@id":"https:\/\/metaltale.com\/lv\/#website"},"primaryImageOfPage":{"@id":"https:\/\/metaltale.com\/lv\/produkts\/durvju-pieklauvejs-georgian\/#primaryimage"},"image":{"@id":"https:\/\/metaltale.com\/lv\/produkts\/durvju-pieklauvejs-georgian\/#primaryimage"},"thumbnailUrl":"https:\/\/metaltale.com\/wp-content\/uploads\/2023\/12\/Durx173-stakta-GEORGIAN.jpg","datePublished":"2024-02-13T13:23:05+00:00","breadcrumb":{"@id":"https:\/\/metaltale.com\/lv\/produkts\/durvju-pieklauvejs-georgian\/#breadcrumb"},"inLanguage":"lv-LV","potentialAction":[{"@type":"ReadAction","target":["https:\/\/metaltale.com\/lv\/produkts\/durvju-pieklauvejs-georgian\/"]}]},{"@type":"ImageObject","inLanguage":"lv-LV","@id":"https:\/\/metaltale.com\/lv\/produkts\/durvju-pieklauvejs-georgian\/#primaryimage","url":"https:\/\/metaltale.com\/wp-content\/uploads\/2023\/12\/Durx173-stakta-GEORGIAN.jpg","contentUrl":"https:\/\/metaltale.com\/wp-content\/uploads\/2023\/12\/Durx173-stakta-GEORGIAN.jpg","width":800,"height":800,"caption":"M\u0113be\u013cu aksesu\u0101rs - DOOR GLASS GEORGIAN"},{"@type":"BreadcrumbList","@id":"https:\/\/metaltale.com\/lv\/produkts\/durvju-pieklauvejs-georgian\/#breadcrumb","itemListElement":[{"@type":"ListItem","position":1,"name":"Home","item":"https:\/\/metaltale.com\/lv\/majas\/"},{"@type":"ListItem","position":2,"name":"Veikals","item":"https:\/\/metaltale.com\/lv\/shop\/"},{"@type":"ListItem","position":3,"name":"Durvju pieklauv\u0113js GEORGIAN"}]},{"@type":"WebSite","@id":"https:\/\/metaltale.com\/lv\/#website","url":"https:\/\/metaltale.com\/lv\/","name":"Metaltale.com","description":"","potentialAction":[{"@type":"SearchAction","target":{"@type":"EntryPoint","urlTemplate":"https:\/\/metaltale.com\/lv\/?s={search_term_string}"},"query-input":{"@type":"PropertyValueSpecification","valueRequired":true,"valueName":"search_term_string"}}],"inLanguage":"lv-LV"}]}},"_links":{"self":[{"href":"https:\/\/metaltale.com\/lv\/wp-json\/wp\/v2\/product\/133390","targetHints":{"allow":["GET"]}}],"collection":[{"href":"https:\/\/metaltale.com\/lv\/wp-json\/wp\/v2\/product"}],"about":[{"href":"https:\/\/metaltale.com\/lv\/wp-json\/wp\/v2\/types\/product"}],"replies":[{"embeddable":true,"href":"https:\/\/metaltale.com\/lv\/wp-json\/wp\/v2\/comments?post=133390"}],"version-history":[{"count":0,"href":"https:\/\/metaltale.com\/lv\/wp-json\/wp\/v2\/product\/133390\/revisions"}],"wp:featuredmedia":[{"embeddable":true,"href":"https:\/\/metaltale.com\/lv\/wp-json\/wp\/v2\/media\/117278"}],"wp:attachment":[{"href":"https:\/\/metaltale.com\/lv\/wp-json\/wp\/v2\/media?parent=133390"}],"wp:term":[{"taxonomy":"product_brand","embeddable":true,"href":"https:\/\/metaltale.com\/lv\/wp-json\/wp\/v2\/product_brand?post=133390"},{"taxonomy":"product_cat","embeddable":true,"href":"https:\/\/metaltale.com\/lv\/wp-json\/wp\/v2\/product_cat?post=133390"},{"taxonomy":"product_tag","embeddable":true,"href":"https:\/\/metaltale.com\/lv\/wp-json\/wp\/v2\/product_tag?post=133390"}],"curies":[{"name":"wp","href":"https:\/\/api.w.org\/{rel}","templated":true}]}}