{"id":133382,"date":"2024-02-13T15:31:04","date_gmt":"2024-02-13T13:31:04","guid":{"rendered":"https:\/\/metaltale.com\/produktas\/mebelu-rokturis-infinity-t-bar\/"},"modified":"2024-02-13T15:31:04","modified_gmt":"2024-02-13T13:31:04","slug":"mebelu-rokturis-infinity-t-bar","status":"publish","type":"product","link":"https:\/\/metaltale.com\/lv\/produkts\/mebelu-rokturis-infinity-t-bar\/","title":{"rendered":"M\u0113be\u013cu rokturis INFINITY T-BAR"},"content":{"rendered":"<div class=\"prod_data\">\n<p><strong>Modelis<\/strong> CH.8711-D<br \/>\nMateri\u0101ls Ketus<br \/>\n<strong>Kop\u0113jais augstums (cm<\/strong> ) 2,5<br \/>\n<strong>Kop\u0113jais platums (cm<\/strong> ) 6<br \/>\n<strong>Kop\u0113j\u0101 projekcija (cm<\/strong> ) 3,7<br \/>\n<strong>Mont\u0101\u017eas skr\u016bves<\/strong> Skr\u016bve<br \/>\nT\u0113rauda <strong>kr\u0101sa<\/strong><br \/>\n<strong>Apdare<\/strong> Lakots<\/p>\n<p>izgatavots no augst\u0101k\u0101s kvalit\u0101tes \u010duguna, kas nodro\u0161ina iztur\u012bbu un iztur\u012bbu.<\/p>\n<p>Dekor\u0113t\u0101 virsma izce\u013c izstr\u0101d\u0101juma lauku raksturu.<\/p>\n<p>klasisk\u0101 forma padara to \u013coti funkcion\u0101lu<\/p>\n<p>izstr\u0101d\u0101jums ir apr\u012bkots ar skr\u016bvi \u0101trai un vienk\u0101r\u0161ai mont\u0101\u017eai.<\/p>\n<hr>\n<p>Rustik\u0101li rot\u0101jumi ir lielisks veids, k\u0101 interjeram pie\u0161\u0137irt unikalit\u0101ti. To dabiskie materi\u0101li, vienk\u0101r\u0161\u0101s formas un rustik\u0101l\u0101s deta\u013cas k\u013c\u016bs par neat\u0146emamiem m\u016bsu interjera dizaina elementiem.<\/p>\n<p>M\u0113be\u013cu rokturis ir izgatavots no augst\u0101k\u0101s kvalit\u0101tes \u010duguna, t\u0101p\u0113c tas ir iztur\u012bgs un kalpos daudzus gadus. Neapstr\u0101d\u0101t\u0101 \u010duguna kr\u0101sas un apdare ar redzam\u0101m sl\u012bp\u0113\u0161anas p\u0113d\u0101m pie\u0161\u0137ir tam lauku \u0161armu un v\u0113l vair\u0101k izce\u013c izstr\u0101d\u0101juma r\u016bpniecisko raksturu. Bezgal\u012bbas z\u012bmes formas \u010duguna m\u0113be\u013cu rokturis ir lieliska izv\u0113le tiem, kas mekl\u0113 neparastus un stil\u012bgus elementus sav\u0101m m\u0113bel\u0113m.<\/p>\n<\/div>\n","protected":false},"excerpt":{"rendered":"<p>Modelis CH.8711-D Materi\u0101ls Ketus Kop\u0113jais augstums (cm ) 2,5 Kop\u0113jais platums (cm ) 6 Kop\u0113j\u0101 projekcija (cm ) 3,7 Mont\u0101\u017eas<\/p>\n","protected":false},"featured_media":110426,"comment_status":"open","ping_status":"closed","template":"","meta":{"_acf_changed":false,"pmpro_default_level":""},"product_brand":[],"product_cat":[23864,23837,23875],"product_tag":[],"class_list":{"0":"post-133382","1":"product","2":"type-product","3":"status-publish","4":"has-post-thumbnail","6":"product_cat-baldu-rankeneles-lv","7":"product_cat-mebeles-piederumi","8":"product_cat-rankeneles-lv","9":"pmpro-has-access","11":"first","12":"instock","13":"shipping-taxable","14":"purchasable","15":"product-type-simple"},"acf":[],"yoast_head":"<!-- This site is optimized with the Yoast SEO plugin v24.9 - https:\/\/yoast.com\/wordpress\/plugins\/seo\/ -->\n<title>M\u0113be\u013cu rokturis INFINITY T-BAR - MetalTale.com<\/title>\n<meta name=\"robots\" content=\"index, follow, max-snippet:-1, max-image-preview:large, max-video-preview:-1\" \/>\n<link rel=\"canonical\" href=\"https:\/\/metaltale.com\/lv\/produkts\/mebelu-rokturis-infinity-t-bar\/\" \/>\n<meta property=\"og:locale\" content=\"lv_LV\" \/>\n<meta property=\"og:type\" content=\"article\" \/>\n<meta property=\"og:title\" content=\"M\u0113be\u013cu rokturis INFINITY T-BAR - MetalTale.com\" \/>\n<meta property=\"og:description\" content=\"Modelis CH.8711-D Materi\u0101ls Ketus Kop\u0113jais augstums (cm ) 2,5 Kop\u0113jais platums (cm ) 6 Kop\u0113j\u0101 projekcija (cm ) 3,7 Mont\u0101\u017eas\" \/>\n<meta property=\"og:url\" content=\"https:\/\/metaltale.com\/lv\/produkts\/mebelu-rokturis-infinity-t-bar\/\" \/>\n<meta property=\"og:site_name\" content=\"MetalTale.com\" \/>\n<meta property=\"og:image\" content=\"https:\/\/metaltale.com\/wp-content\/uploads\/2023\/11\/Rankenx117lx117s-17.jpg\" \/>\n\t<meta property=\"og:image:width\" content=\"800\" \/>\n\t<meta property=\"og:image:height\" content=\"800\" \/>\n\t<meta property=\"og:image:type\" content=\"image\/jpeg\" \/>\n<meta name=\"twitter:card\" content=\"summary_large_image\" \/>\n<meta name=\"twitter:label1\" content=\"Est. reading time\" \/>\n\t<meta name=\"twitter:data1\" content=\"1 minute\" \/>\n<script type=\"application\/ld+json\" class=\"yoast-schema-graph\">{\"@context\":\"https:\/\/schema.org\",\"@graph\":[{\"@type\":\"WebPage\",\"@id\":\"https:\/\/metaltale.com\/lv\/produkts\/mebelu-rokturis-infinity-t-bar\/\",\"url\":\"https:\/\/metaltale.com\/lv\/produkts\/mebelu-rokturis-infinity-t-bar\/\",\"name\":\"M\u0113be\u013cu rokturis INFINITY T-BAR - MetalTale.com\",\"isPartOf\":{\"@id\":\"https:\/\/metaltale.com\/lv\/#website\"},\"primaryImageOfPage\":{\"@id\":\"https:\/\/metaltale.com\/lv\/produkts\/mebelu-rokturis-infinity-t-bar\/#primaryimage\"},\"image\":{\"@id\":\"https:\/\/metaltale.com\/lv\/produkts\/mebelu-rokturis-infinity-t-bar\/#primaryimage\"},\"thumbnailUrl\":\"https:\/\/metaltale.com\/wp-content\/uploads\/2023\/11\/Rankenx117lx117s-17.jpg\",\"datePublished\":\"2024-02-13T13:31:04+00:00\",\"breadcrumb\":{\"@id\":\"https:\/\/metaltale.com\/lv\/produkts\/mebelu-rokturis-infinity-t-bar\/#breadcrumb\"},\"inLanguage\":\"lv-LV\",\"potentialAction\":[{\"@type\":\"ReadAction\",\"target\":[\"https:\/\/metaltale.com\/lv\/produkts\/mebelu-rokturis-infinity-t-bar\/\"]}]},{\"@type\":\"ImageObject\",\"inLanguage\":\"lv-LV\",\"@id\":\"https:\/\/metaltale.com\/lv\/produkts\/mebelu-rokturis-infinity-t-bar\/#primaryimage\",\"url\":\"https:\/\/metaltale.com\/wp-content\/uploads\/2023\/11\/Rankenx117lx117s-17.jpg\",\"contentUrl\":\"https:\/\/metaltale.com\/wp-content\/uploads\/2023\/11\/Rankenx117lx117s-17.jpg\",\"width\":800,\"height\":800,\"caption\":\"M\u0113be\u013cu rokturis INFINITY T-BAR\"},{\"@type\":\"BreadcrumbList\",\"@id\":\"https:\/\/metaltale.com\/lv\/produkts\/mebelu-rokturis-infinity-t-bar\/#breadcrumb\",\"itemListElement\":[{\"@type\":\"ListItem\",\"position\":1,\"name\":\"Home\",\"item\":\"https:\/\/metaltale.com\/lv\/majas\/\"},{\"@type\":\"ListItem\",\"position\":2,\"name\":\"Veikals\",\"item\":\"https:\/\/metaltale.com\/lv\/shop\/\"},{\"@type\":\"ListItem\",\"position\":3,\"name\":\"M\u0113be\u013cu rokturis INFINITY T-BAR\"}]},{\"@type\":\"WebSite\",\"@id\":\"https:\/\/metaltale.com\/lv\/#website\",\"url\":\"https:\/\/metaltale.com\/lv\/\",\"name\":\"Metaltale.com\",\"description\":\"\",\"potentialAction\":[{\"@type\":\"SearchAction\",\"target\":{\"@type\":\"EntryPoint\",\"urlTemplate\":\"https:\/\/metaltale.com\/lv\/?s={search_term_string}\"},\"query-input\":{\"@type\":\"PropertyValueSpecification\",\"valueRequired\":true,\"valueName\":\"search_term_string\"}}],\"inLanguage\":\"lv-LV\"}]}<\/script>\n<!-- \/ Yoast SEO plugin. -->","yoast_head_json":{"title":"M\u0113be\u013cu rokturis INFINITY T-BAR - MetalTale.com","robots":{"index":"index","follow":"follow","max-snippet":"max-snippet:-1","max-image-preview":"max-image-preview:large","max-video-preview":"max-video-preview:-1"},"canonical":"https:\/\/metaltale.com\/lv\/produkts\/mebelu-rokturis-infinity-t-bar\/","og_locale":"lv_LV","og_type":"article","og_title":"M\u0113be\u013cu rokturis INFINITY T-BAR - MetalTale.com","og_description":"Modelis CH.8711-D Materi\u0101ls Ketus Kop\u0113jais augstums (cm ) 2,5 Kop\u0113jais platums (cm ) 6 Kop\u0113j\u0101 projekcija (cm ) 3,7 Mont\u0101\u017eas","og_url":"https:\/\/metaltale.com\/lv\/produkts\/mebelu-rokturis-infinity-t-bar\/","og_site_name":"MetalTale.com","og_image":[{"width":800,"height":800,"url":"https:\/\/metaltale.com\/wp-content\/uploads\/2023\/11\/Rankenx117lx117s-17.jpg","type":"image\/jpeg"}],"twitter_card":"summary_large_image","twitter_misc":{"Est. reading time":"1 minute"},"schema":{"@context":"https:\/\/schema.org","@graph":[{"@type":"WebPage","@id":"https:\/\/metaltale.com\/lv\/produkts\/mebelu-rokturis-infinity-t-bar\/","url":"https:\/\/metaltale.com\/lv\/produkts\/mebelu-rokturis-infinity-t-bar\/","name":"M\u0113be\u013cu rokturis INFINITY T-BAR - MetalTale.com","isPartOf":{"@id":"https:\/\/metaltale.com\/lv\/#website"},"primaryImageOfPage":{"@id":"https:\/\/metaltale.com\/lv\/produkts\/mebelu-rokturis-infinity-t-bar\/#primaryimage"},"image":{"@id":"https:\/\/metaltale.com\/lv\/produkts\/mebelu-rokturis-infinity-t-bar\/#primaryimage"},"thumbnailUrl":"https:\/\/metaltale.com\/wp-content\/uploads\/2023\/11\/Rankenx117lx117s-17.jpg","datePublished":"2024-02-13T13:31:04+00:00","breadcrumb":{"@id":"https:\/\/metaltale.com\/lv\/produkts\/mebelu-rokturis-infinity-t-bar\/#breadcrumb"},"inLanguage":"lv-LV","potentialAction":[{"@type":"ReadAction","target":["https:\/\/metaltale.com\/lv\/produkts\/mebelu-rokturis-infinity-t-bar\/"]}]},{"@type":"ImageObject","inLanguage":"lv-LV","@id":"https:\/\/metaltale.com\/lv\/produkts\/mebelu-rokturis-infinity-t-bar\/#primaryimage","url":"https:\/\/metaltale.com\/wp-content\/uploads\/2023\/11\/Rankenx117lx117s-17.jpg","contentUrl":"https:\/\/metaltale.com\/wp-content\/uploads\/2023\/11\/Rankenx117lx117s-17.jpg","width":800,"height":800,"caption":"M\u0113be\u013cu rokturis INFINITY T-BAR"},{"@type":"BreadcrumbList","@id":"https:\/\/metaltale.com\/lv\/produkts\/mebelu-rokturis-infinity-t-bar\/#breadcrumb","itemListElement":[{"@type":"ListItem","position":1,"name":"Home","item":"https:\/\/metaltale.com\/lv\/majas\/"},{"@type":"ListItem","position":2,"name":"Veikals","item":"https:\/\/metaltale.com\/lv\/shop\/"},{"@type":"ListItem","position":3,"name":"M\u0113be\u013cu rokturis INFINITY T-BAR"}]},{"@type":"WebSite","@id":"https:\/\/metaltale.com\/lv\/#website","url":"https:\/\/metaltale.com\/lv\/","name":"Metaltale.com","description":"","potentialAction":[{"@type":"SearchAction","target":{"@type":"EntryPoint","urlTemplate":"https:\/\/metaltale.com\/lv\/?s={search_term_string}"},"query-input":{"@type":"PropertyValueSpecification","valueRequired":true,"valueName":"search_term_string"}}],"inLanguage":"lv-LV"}]}},"_links":{"self":[{"href":"https:\/\/metaltale.com\/lv\/wp-json\/wp\/v2\/product\/133382","targetHints":{"allow":["GET"]}}],"collection":[{"href":"https:\/\/metaltale.com\/lv\/wp-json\/wp\/v2\/product"}],"about":[{"href":"https:\/\/metaltale.com\/lv\/wp-json\/wp\/v2\/types\/product"}],"replies":[{"embeddable":true,"href":"https:\/\/metaltale.com\/lv\/wp-json\/wp\/v2\/comments?post=133382"}],"version-history":[{"count":0,"href":"https:\/\/metaltale.com\/lv\/wp-json\/wp\/v2\/product\/133382\/revisions"}],"wp:featuredmedia":[{"embeddable":true,"href":"https:\/\/metaltale.com\/lv\/wp-json\/wp\/v2\/media\/110426"}],"wp:attachment":[{"href":"https:\/\/metaltale.com\/lv\/wp-json\/wp\/v2\/media?parent=133382"}],"wp:term":[{"taxonomy":"product_brand","embeddable":true,"href":"https:\/\/metaltale.com\/lv\/wp-json\/wp\/v2\/product_brand?post=133382"},{"taxonomy":"product_cat","embeddable":true,"href":"https:\/\/metaltale.com\/lv\/wp-json\/wp\/v2\/product_cat?post=133382"},{"taxonomy":"product_tag","embeddable":true,"href":"https:\/\/metaltale.com\/lv\/wp-json\/wp\/v2\/product_tag?post=133382"}],"curies":[{"name":"wp","href":"https:\/\/api.w.org\/{rel}","templated":true}]}}