{"id":133379,"date":"2024-02-13T15:31:04","date_gmt":"2024-02-13T13:31:04","guid":{"rendered":"https:\/\/metaltale.com\/produktas\/thor-mebelu-rokturis\/"},"modified":"2024-02-13T15:31:04","modified_gmt":"2024-02-13T13:31:04","slug":"thor-mebelu-rokturis","status":"publish","type":"product","link":"https:\/\/metaltale.com\/lv\/produkts\/thor-mebelu-rokturis\/","title":{"rendered":"THOR m\u0113be\u013cu rokturis"},"content":{"rendered":"<div class=\"prod_data\">\n<p><strong>Modelis<\/strong> CH.8713-A<br \/>\nMateri\u0101ls Ketus<br \/>\n<strong>Kop\u0113jais augstums (cm<\/strong> ) 4<br \/>\n<strong>Kop\u0113jais platums (cm<\/strong> ) 4<br \/>\n<strong>Kop\u0113j\u0101 projekcija (cm<\/strong> ) 4<br \/>\n<strong>Mont\u0101\u017eas skr\u016bves<\/strong> Skr\u016bve<br \/>\nT\u0113rauda <strong>kr\u0101sa<\/strong><br \/>\n<strong>Apdare<\/strong> Lakots<\/p>\n<p>izgatavots no augst\u0101k\u0101s kvalit\u0101tes \u010duguna, kas nodro\u0161ina iztur\u012bbu un iztur\u012bbu.<\/p>\n<p>rokturis ir veidots t\u0101, lai to b\u016btu viegli satvert, un tas ir \u013coti funkcion\u0101ls.<\/p>\n<p>izstr\u0101d\u0101jumam ir skr\u016bve vieglai un \u0101trai mont\u0101\u017eai.<\/p>\n<hr>\n<p>Viens no svar\u012bg\u0101kajiem lauku stila dekorat\u012bvajiem elementiem ir m\u0113be\u013cu rokturi. Pogas ir ne tikai \u013coti praktisks elements, kas atvieglo atvilkt\u0146u un durvju atv\u0113r\u0161anu un aizv\u0113r\u0161anu, bet ar\u012b svar\u012bgs dekorat\u012bvs elements, kas m\u0113bel\u0113m pie\u0161\u0137ir unik\u0101lu izskatu.<\/p>\n<p>M\u0113be\u013cu rokturis, kas izgatavots no cieta \u010duguna, ir iztur\u012bgs un ilgm\u016b\u017e\u012bgs, nodro\u0161inot ilgsto\u0161u lieto\u0161anu. Neapstr\u0101d\u0101t\u0101 \u010duguna kr\u0101sa pie\u0161\u0137ir tam industri\u0101lu \u0161armu un iederas da\u017e\u0101dos dizaina stilos. Biez\u0101 k\u0101ja, uz kuras stiprin\u0101ts rokturis, nodro\u0161ina stabilit\u0101ti un dro\u0161\u012bbu. \u0160\u012b iztur\u012bg\u0101 kombin\u0101cija nodro\u0161ina \u0113rtu lieto\u0161anu, un rokturi ir viegli tur\u0113t un lietot.<\/p>\n<\/div>\n","protected":false},"excerpt":{"rendered":"<p>Modelis CH.8713-A Materi\u0101ls Ketus Kop\u0113jais augstums (cm ) 4 Kop\u0113jais platums (cm ) 4 Kop\u0113j\u0101 projekcija (cm ) 4 Mont\u0101\u017eas<\/p>\n","protected":false},"featured_media":110456,"comment_status":"open","ping_status":"closed","template":"","meta":{"_acf_changed":false,"pmpro_default_level":""},"product_brand":[],"product_cat":[23864,23837,23875],"product_tag":[],"class_list":{"0":"post-133379","1":"product","2":"type-product","3":"status-publish","4":"has-post-thumbnail","6":"product_cat-baldu-rankeneles-lv","7":"product_cat-mebeles-piederumi","8":"product_cat-rankeneles-lv","9":"pmpro-has-access","11":"first","12":"instock","13":"shipping-taxable","14":"purchasable","15":"product-type-simple"},"acf":[],"yoast_head":"<!-- This site is optimized with the Yoast SEO plugin v24.9 - https:\/\/yoast.com\/wordpress\/plugins\/seo\/ -->\n<title>THOR m\u0113be\u013cu rokturis - MetalTale.com<\/title>\n<meta name=\"robots\" content=\"index, follow, max-snippet:-1, max-image-preview:large, max-video-preview:-1\" \/>\n<link rel=\"canonical\" href=\"https:\/\/metaltale.com\/lv\/produkts\/thor-mebelu-rokturis\/\" \/>\n<meta property=\"og:locale\" content=\"lv_LV\" \/>\n<meta property=\"og:type\" content=\"article\" \/>\n<meta property=\"og:title\" content=\"THOR m\u0113be\u013cu rokturis - MetalTale.com\" \/>\n<meta property=\"og:description\" content=\"Modelis CH.8713-A Materi\u0101ls Ketus Kop\u0113jais augstums (cm ) 4 Kop\u0113jais platums (cm ) 4 Kop\u0113j\u0101 projekcija (cm ) 4 Mont\u0101\u017eas\" \/>\n<meta property=\"og:url\" content=\"https:\/\/metaltale.com\/lv\/produkts\/thor-mebelu-rokturis\/\" \/>\n<meta property=\"og:site_name\" content=\"MetalTale.com\" \/>\n<meta property=\"og:image\" content=\"https:\/\/metaltale.com\/wp-content\/uploads\/2023\/11\/Rankenx117lx117s-18.jpg\" \/>\n\t<meta property=\"og:image:width\" content=\"800\" \/>\n\t<meta property=\"og:image:height\" content=\"800\" \/>\n\t<meta property=\"og:image:type\" content=\"image\/jpeg\" \/>\n<meta name=\"twitter:card\" content=\"summary_large_image\" \/>\n<meta name=\"twitter:label1\" content=\"Est. reading time\" \/>\n\t<meta name=\"twitter:data1\" content=\"1 minute\" \/>\n<script type=\"application\/ld+json\" class=\"yoast-schema-graph\">{\"@context\":\"https:\/\/schema.org\",\"@graph\":[{\"@type\":\"WebPage\",\"@id\":\"https:\/\/metaltale.com\/lv\/produkts\/thor-mebelu-rokturis\/\",\"url\":\"https:\/\/metaltale.com\/lv\/produkts\/thor-mebelu-rokturis\/\",\"name\":\"THOR m\u0113be\u013cu rokturis - MetalTale.com\",\"isPartOf\":{\"@id\":\"https:\/\/metaltale.com\/lv\/#website\"},\"primaryImageOfPage\":{\"@id\":\"https:\/\/metaltale.com\/lv\/produkts\/thor-mebelu-rokturis\/#primaryimage\"},\"image\":{\"@id\":\"https:\/\/metaltale.com\/lv\/produkts\/thor-mebelu-rokturis\/#primaryimage\"},\"thumbnailUrl\":\"https:\/\/metaltale.com\/wp-content\/uploads\/2023\/11\/Rankenx117lx117s-18.jpg\",\"datePublished\":\"2024-02-13T13:31:04+00:00\",\"breadcrumb\":{\"@id\":\"https:\/\/metaltale.com\/lv\/produkts\/thor-mebelu-rokturis\/#breadcrumb\"},\"inLanguage\":\"lv-LV\",\"potentialAction\":[{\"@type\":\"ReadAction\",\"target\":[\"https:\/\/metaltale.com\/lv\/produkts\/thor-mebelu-rokturis\/\"]}]},{\"@type\":\"ImageObject\",\"inLanguage\":\"lv-LV\",\"@id\":\"https:\/\/metaltale.com\/lv\/produkts\/thor-mebelu-rokturis\/#primaryimage\",\"url\":\"https:\/\/metaltale.com\/wp-content\/uploads\/2023\/11\/Rankenx117lx117s-18.jpg\",\"contentUrl\":\"https:\/\/metaltale.com\/wp-content\/uploads\/2023\/11\/Rankenx117lx117s-18.jpg\",\"width\":800,\"height\":800,\"caption\":\"THOR m\u0113be\u013cu rokturis\"},{\"@type\":\"BreadcrumbList\",\"@id\":\"https:\/\/metaltale.com\/lv\/produkts\/thor-mebelu-rokturis\/#breadcrumb\",\"itemListElement\":[{\"@type\":\"ListItem\",\"position\":1,\"name\":\"Home\",\"item\":\"https:\/\/metaltale.com\/lv\/majas\/\"},{\"@type\":\"ListItem\",\"position\":2,\"name\":\"Veikals\",\"item\":\"https:\/\/metaltale.com\/lv\/shop\/\"},{\"@type\":\"ListItem\",\"position\":3,\"name\":\"THOR m\u0113be\u013cu rokturis\"}]},{\"@type\":\"WebSite\",\"@id\":\"https:\/\/metaltale.com\/lv\/#website\",\"url\":\"https:\/\/metaltale.com\/lv\/\",\"name\":\"Metaltale.com\",\"description\":\"\",\"potentialAction\":[{\"@type\":\"SearchAction\",\"target\":{\"@type\":\"EntryPoint\",\"urlTemplate\":\"https:\/\/metaltale.com\/lv\/?s={search_term_string}\"},\"query-input\":{\"@type\":\"PropertyValueSpecification\",\"valueRequired\":true,\"valueName\":\"search_term_string\"}}],\"inLanguage\":\"lv-LV\"}]}<\/script>\n<!-- \/ Yoast SEO plugin. -->","yoast_head_json":{"title":"THOR m\u0113be\u013cu rokturis - MetalTale.com","robots":{"index":"index","follow":"follow","max-snippet":"max-snippet:-1","max-image-preview":"max-image-preview:large","max-video-preview":"max-video-preview:-1"},"canonical":"https:\/\/metaltale.com\/lv\/produkts\/thor-mebelu-rokturis\/","og_locale":"lv_LV","og_type":"article","og_title":"THOR m\u0113be\u013cu rokturis - MetalTale.com","og_description":"Modelis CH.8713-A Materi\u0101ls Ketus Kop\u0113jais augstums (cm ) 4 Kop\u0113jais platums (cm ) 4 Kop\u0113j\u0101 projekcija (cm ) 4 Mont\u0101\u017eas","og_url":"https:\/\/metaltale.com\/lv\/produkts\/thor-mebelu-rokturis\/","og_site_name":"MetalTale.com","og_image":[{"width":800,"height":800,"url":"https:\/\/metaltale.com\/wp-content\/uploads\/2023\/11\/Rankenx117lx117s-18.jpg","type":"image\/jpeg"}],"twitter_card":"summary_large_image","twitter_misc":{"Est. reading time":"1 minute"},"schema":{"@context":"https:\/\/schema.org","@graph":[{"@type":"WebPage","@id":"https:\/\/metaltale.com\/lv\/produkts\/thor-mebelu-rokturis\/","url":"https:\/\/metaltale.com\/lv\/produkts\/thor-mebelu-rokturis\/","name":"THOR m\u0113be\u013cu rokturis - MetalTale.com","isPartOf":{"@id":"https:\/\/metaltale.com\/lv\/#website"},"primaryImageOfPage":{"@id":"https:\/\/metaltale.com\/lv\/produkts\/thor-mebelu-rokturis\/#primaryimage"},"image":{"@id":"https:\/\/metaltale.com\/lv\/produkts\/thor-mebelu-rokturis\/#primaryimage"},"thumbnailUrl":"https:\/\/metaltale.com\/wp-content\/uploads\/2023\/11\/Rankenx117lx117s-18.jpg","datePublished":"2024-02-13T13:31:04+00:00","breadcrumb":{"@id":"https:\/\/metaltale.com\/lv\/produkts\/thor-mebelu-rokturis\/#breadcrumb"},"inLanguage":"lv-LV","potentialAction":[{"@type":"ReadAction","target":["https:\/\/metaltale.com\/lv\/produkts\/thor-mebelu-rokturis\/"]}]},{"@type":"ImageObject","inLanguage":"lv-LV","@id":"https:\/\/metaltale.com\/lv\/produkts\/thor-mebelu-rokturis\/#primaryimage","url":"https:\/\/metaltale.com\/wp-content\/uploads\/2023\/11\/Rankenx117lx117s-18.jpg","contentUrl":"https:\/\/metaltale.com\/wp-content\/uploads\/2023\/11\/Rankenx117lx117s-18.jpg","width":800,"height":800,"caption":"THOR m\u0113be\u013cu rokturis"},{"@type":"BreadcrumbList","@id":"https:\/\/metaltale.com\/lv\/produkts\/thor-mebelu-rokturis\/#breadcrumb","itemListElement":[{"@type":"ListItem","position":1,"name":"Home","item":"https:\/\/metaltale.com\/lv\/majas\/"},{"@type":"ListItem","position":2,"name":"Veikals","item":"https:\/\/metaltale.com\/lv\/shop\/"},{"@type":"ListItem","position":3,"name":"THOR m\u0113be\u013cu rokturis"}]},{"@type":"WebSite","@id":"https:\/\/metaltale.com\/lv\/#website","url":"https:\/\/metaltale.com\/lv\/","name":"Metaltale.com","description":"","potentialAction":[{"@type":"SearchAction","target":{"@type":"EntryPoint","urlTemplate":"https:\/\/metaltale.com\/lv\/?s={search_term_string}"},"query-input":{"@type":"PropertyValueSpecification","valueRequired":true,"valueName":"search_term_string"}}],"inLanguage":"lv-LV"}]}},"_links":{"self":[{"href":"https:\/\/metaltale.com\/lv\/wp-json\/wp\/v2\/product\/133379","targetHints":{"allow":["GET"]}}],"collection":[{"href":"https:\/\/metaltale.com\/lv\/wp-json\/wp\/v2\/product"}],"about":[{"href":"https:\/\/metaltale.com\/lv\/wp-json\/wp\/v2\/types\/product"}],"replies":[{"embeddable":true,"href":"https:\/\/metaltale.com\/lv\/wp-json\/wp\/v2\/comments?post=133379"}],"version-history":[{"count":0,"href":"https:\/\/metaltale.com\/lv\/wp-json\/wp\/v2\/product\/133379\/revisions"}],"wp:featuredmedia":[{"embeddable":true,"href":"https:\/\/metaltale.com\/lv\/wp-json\/wp\/v2\/media\/110456"}],"wp:attachment":[{"href":"https:\/\/metaltale.com\/lv\/wp-json\/wp\/v2\/media?parent=133379"}],"wp:term":[{"taxonomy":"product_brand","embeddable":true,"href":"https:\/\/metaltale.com\/lv\/wp-json\/wp\/v2\/product_brand?post=133379"},{"taxonomy":"product_cat","embeddable":true,"href":"https:\/\/metaltale.com\/lv\/wp-json\/wp\/v2\/product_cat?post=133379"},{"taxonomy":"product_tag","embeddable":true,"href":"https:\/\/metaltale.com\/lv\/wp-json\/wp\/v2\/product_tag?post=133379"}],"curies":[{"name":"wp","href":"https:\/\/api.w.org\/{rel}","templated":true}]}}