{"id":133365,"date":"2024-02-13T15:25:41","date_gmt":"2024-02-13T13:25:41","guid":{"rendered":"https:\/\/metaltale.com\/produktas\/stacionarais-izlietnes-krans-dorset-melns-2\/"},"modified":"2024-02-13T15:25:41","modified_gmt":"2024-02-13T13:25:41","slug":"stacionarais-izlietnes-krans-dorset-melns-2","status":"publish","type":"product","link":"https:\/\/metaltale.com\/lv\/produkts\/stacionarais-izlietnes-krans-dorset-melns-2\/","title":{"rendered":"Stacion\u0101rais izlietnes kr\u0101ns DORSET, melns"},"content":{"rendered":"<div class=\"prod_data\">\n<p><strong>Modelis<\/strong> QZ.MP-037.S-CZ<br \/>\nModern\u0101 <strong>kolekcija<\/strong><br \/>\n<strong>Augstums (cm<\/strong> ) 20,5<br \/>\n<strong>Pamatnes diametrs (cm)<\/strong> 5,3<br \/>\n<strong>Kop\u0113j\u0101 projekcija (cm<\/strong> ) 23<br \/>\n<strong>Izsmidzin\u0101t\u0101ja garums (cm<\/strong> ) 20<br \/>\n<strong>Augstums l\u012bdz izsmidzin\u0101t\u0101jam (cm<\/strong> ) 11<br \/>\n<strong>Materi\u0101ls<\/strong> Ner\u016bs\u0113jo\u0161ais t\u0113rauds<br \/>\nKr\u0101sa Melna<br \/>\nApdare mat\u0113ta<br \/>\n<strong>Rot\u0113jo\u0161s izsmidzin\u0101t\u0101js<\/strong> J\u0101<br \/>\n<strong>Perlators (aerators<\/strong> ) J\u0101<br \/>\n<strong>Mais\u012bt\u0101ja tips<\/strong> Br\u012bvi st\u0101vo\u0161s<\/p>\n<p>Sienas mais\u012bt\u0101js no ner\u016bs\u0113jo\u0161\u0101 t\u0113rauda<\/p>\n<p>360&#8242; rot\u0113jo\u0161ais izsmidzin\u0101t\u0101js<\/p>\n<p>regul\u0113jama \u016bdens pl\u016bsma ar groz\u0101mo izsmidzin\u0101t\u0101ju<\/p>\n<p>Aerators &#8211; \u016bdens pat\u0113ri\u0146a samazin\u0101\u0161anai<\/p>\n<p>keramikas galva &#8211; elements, kas nodro\u0161ina pareizu \u016bdens sadali.<\/p>\n<p>Komplekt\u0101 ir iek\u013cauti visi uzst\u0101d\u012b\u0161anai nepiecie\u0161amie elementi (\u0161\u013c\u016btene, galda skr\u016bve, skr\u016bvju bl\u012bves).<\/p>\n<hr>\n<p>Izlietnes mais\u012bt\u0101js ir \u013coti svar\u012bga vannas istabas dizaina sast\u0101vda\u013ca, k\u0101 ar\u012b svar\u012bgs ikdienas lieto\u0161anas elements, t\u0101p\u0113c ir svar\u012bgi, lai tas b\u016btu funkcion\u0101ls un praktisks. Pateicoties trim groz\u0101majiem elementiem, kr\u0101nam ir moderns dizains un augsta funkcionalit\u0101te. Papildu kr\u0101na priek\u0161roc\u012bba ir iesp\u0113ja main\u012bt \u016bdens pl\u016bsmu no fiks\u0113tas uz du\u0161as pl\u016bsmu. Izstr\u0101d\u0101jumam ir saglab\u0101ta klasisk\u0101 meln\u0101 kr\u0101sa, t\u0101p\u0113c tas ir piem\u0113rots gan klasiskiem, gan modern\u0101kiem interjeriem.<\/p>\n<\/div>\n","protected":false},"excerpt":{"rendered":"<p>Modelis QZ.MP-037.S-CZ Modern\u0101 kolekcija Augstums (cm ) 20,5 Pamatnes diametrs (cm) 5,3 Kop\u0113j\u0101 projekcija (cm ) 23 Izsmidzin\u0101t\u0101ja garums (cm<\/p>\n","protected":false},"featured_media":115154,"comment_status":"open","ping_status":"closed","template":"","meta":{"_acf_changed":false,"pmpro_default_level":""},"product_brand":[],"product_cat":[24094,24073],"product_tag":[],"class_list":{"0":"post-133365","1":"product","2":"type-product","3":"status-publish","4":"has-post-thumbnail","6":"product_cat-izlietnes-maisitaji","7":"product_cat-vannas-istabas-krani","8":"pmpro-has-access","10":"first","11":"instock","12":"shipping-taxable","13":"purchasable","14":"product-type-simple"},"acf":[],"yoast_head":"<!-- This site is optimized with the Yoast SEO plugin v24.9 - https:\/\/yoast.com\/wordpress\/plugins\/seo\/ -->\n<title>Stacion\u0101rais izlietnes kr\u0101ns DORSET, melns - MetalTale.com<\/title>\n<meta name=\"robots\" content=\"index, follow, max-snippet:-1, max-image-preview:large, max-video-preview:-1\" \/>\n<link rel=\"canonical\" href=\"https:\/\/metaltale.com\/lv\/produkts\/stacionarais-izlietnes-krans-dorset-melns-2\/\" \/>\n<meta property=\"og:locale\" content=\"lv_LV\" \/>\n<meta property=\"og:type\" content=\"article\" \/>\n<meta property=\"og:title\" content=\"Stacion\u0101rais izlietnes kr\u0101ns DORSET, melns - MetalTale.com\" \/>\n<meta property=\"og:description\" content=\"Modelis QZ.MP-037.S-CZ Modern\u0101 kolekcija Augstums (cm ) 20,5 Pamatnes diametrs (cm) 5,3 Kop\u0113j\u0101 projekcija (cm ) 23 Izsmidzin\u0101t\u0101ja garums (cm\" \/>\n<meta property=\"og:url\" content=\"https:\/\/metaltale.com\/lv\/produkts\/stacionarais-izlietnes-krans-dorset-melns-2\/\" \/>\n<meta property=\"og:site_name\" content=\"MetalTale.com\" \/>\n<meta property=\"og:image\" content=\"https:\/\/metaltale.com\/wp-content\/uploads\/2023\/11\/Stacionarus-praustuvo-x10Diaupas-juodas-DORSET-x17Eemas.jpg\" \/>\n\t<meta property=\"og:image:width\" content=\"800\" \/>\n\t<meta property=\"og:image:height\" content=\"800\" \/>\n\t<meta property=\"og:image:type\" content=\"image\/jpeg\" \/>\n<meta name=\"twitter:card\" content=\"summary_large_image\" \/>\n<meta name=\"twitter:label1\" content=\"Est. reading time\" \/>\n\t<meta name=\"twitter:data1\" content=\"1 minute\" \/>\n<script type=\"application\/ld+json\" class=\"yoast-schema-graph\">{\"@context\":\"https:\/\/schema.org\",\"@graph\":[{\"@type\":\"WebPage\",\"@id\":\"https:\/\/metaltale.com\/lv\/produkts\/stacionarais-izlietnes-krans-dorset-melns-2\/\",\"url\":\"https:\/\/metaltale.com\/lv\/produkts\/stacionarais-izlietnes-krans-dorset-melns-2\/\",\"name\":\"Stacion\u0101rais izlietnes kr\u0101ns DORSET, melns - MetalTale.com\",\"isPartOf\":{\"@id\":\"https:\/\/metaltale.com\/lv\/#website\"},\"primaryImageOfPage\":{\"@id\":\"https:\/\/metaltale.com\/lv\/produkts\/stacionarais-izlietnes-krans-dorset-melns-2\/#primaryimage\"},\"image\":{\"@id\":\"https:\/\/metaltale.com\/lv\/produkts\/stacionarais-izlietnes-krans-dorset-melns-2\/#primaryimage\"},\"thumbnailUrl\":\"https:\/\/metaltale.com\/wp-content\/uploads\/2023\/11\/Stacionarus-praustuvo-x10Diaupas-juodas-DORSET-x17Eemas.jpg\",\"datePublished\":\"2024-02-13T13:25:41+00:00\",\"breadcrumb\":{\"@id\":\"https:\/\/metaltale.com\/lv\/produkts\/stacionarais-izlietnes-krans-dorset-melns-2\/#breadcrumb\"},\"inLanguage\":\"lv-LV\",\"potentialAction\":[{\"@type\":\"ReadAction\",\"target\":[\"https:\/\/metaltale.com\/lv\/produkts\/stacionarais-izlietnes-krans-dorset-melns-2\/\"]}]},{\"@type\":\"ImageObject\",\"inLanguage\":\"lv-LV\",\"@id\":\"https:\/\/metaltale.com\/lv\/produkts\/stacionarais-izlietnes-krans-dorset-melns-2\/#primaryimage\",\"url\":\"https:\/\/metaltale.com\/wp-content\/uploads\/2023\/11\/Stacionarus-praustuvo-x10Diaupas-juodas-DORSET-x17Eemas.jpg\",\"contentUrl\":\"https:\/\/metaltale.com\/wp-content\/uploads\/2023\/11\/Stacionarus-praustuvo-x10Diaupas-juodas-DORSET-x17Eemas.jpg\",\"width\":800,\"height\":800,\"caption\":\"Stacion\u0101rais izlietnes kr\u0101ns DORSET, melns\"},{\"@type\":\"BreadcrumbList\",\"@id\":\"https:\/\/metaltale.com\/lv\/produkts\/stacionarais-izlietnes-krans-dorset-melns-2\/#breadcrumb\",\"itemListElement\":[{\"@type\":\"ListItem\",\"position\":1,\"name\":\"Home\",\"item\":\"https:\/\/metaltale.com\/lv\/majas\/\"},{\"@type\":\"ListItem\",\"position\":2,\"name\":\"Veikals\",\"item\":\"https:\/\/metaltale.com\/lv\/shop\/\"},{\"@type\":\"ListItem\",\"position\":3,\"name\":\"Stacion\u0101rais izlietnes kr\u0101ns DORSET, melns\"}]},{\"@type\":\"WebSite\",\"@id\":\"https:\/\/metaltale.com\/lv\/#website\",\"url\":\"https:\/\/metaltale.com\/lv\/\",\"name\":\"Metaltale.com\",\"description\":\"\",\"potentialAction\":[{\"@type\":\"SearchAction\",\"target\":{\"@type\":\"EntryPoint\",\"urlTemplate\":\"https:\/\/metaltale.com\/lv\/?s={search_term_string}\"},\"query-input\":{\"@type\":\"PropertyValueSpecification\",\"valueRequired\":true,\"valueName\":\"search_term_string\"}}],\"inLanguage\":\"lv-LV\"}]}<\/script>\n<!-- \/ Yoast SEO plugin. -->","yoast_head_json":{"title":"Stacion\u0101rais izlietnes kr\u0101ns DORSET, melns - MetalTale.com","robots":{"index":"index","follow":"follow","max-snippet":"max-snippet:-1","max-image-preview":"max-image-preview:large","max-video-preview":"max-video-preview:-1"},"canonical":"https:\/\/metaltale.com\/lv\/produkts\/stacionarais-izlietnes-krans-dorset-melns-2\/","og_locale":"lv_LV","og_type":"article","og_title":"Stacion\u0101rais izlietnes kr\u0101ns DORSET, melns - MetalTale.com","og_description":"Modelis QZ.MP-037.S-CZ Modern\u0101 kolekcija Augstums (cm ) 20,5 Pamatnes diametrs (cm) 5,3 Kop\u0113j\u0101 projekcija (cm ) 23 Izsmidzin\u0101t\u0101ja garums (cm","og_url":"https:\/\/metaltale.com\/lv\/produkts\/stacionarais-izlietnes-krans-dorset-melns-2\/","og_site_name":"MetalTale.com","og_image":[{"width":800,"height":800,"url":"https:\/\/metaltale.com\/wp-content\/uploads\/2023\/11\/Stacionarus-praustuvo-x10Diaupas-juodas-DORSET-x17Eemas.jpg","type":"image\/jpeg"}],"twitter_card":"summary_large_image","twitter_misc":{"Est. reading time":"1 minute"},"schema":{"@context":"https:\/\/schema.org","@graph":[{"@type":"WebPage","@id":"https:\/\/metaltale.com\/lv\/produkts\/stacionarais-izlietnes-krans-dorset-melns-2\/","url":"https:\/\/metaltale.com\/lv\/produkts\/stacionarais-izlietnes-krans-dorset-melns-2\/","name":"Stacion\u0101rais izlietnes kr\u0101ns DORSET, melns - MetalTale.com","isPartOf":{"@id":"https:\/\/metaltale.com\/lv\/#website"},"primaryImageOfPage":{"@id":"https:\/\/metaltale.com\/lv\/produkts\/stacionarais-izlietnes-krans-dorset-melns-2\/#primaryimage"},"image":{"@id":"https:\/\/metaltale.com\/lv\/produkts\/stacionarais-izlietnes-krans-dorset-melns-2\/#primaryimage"},"thumbnailUrl":"https:\/\/metaltale.com\/wp-content\/uploads\/2023\/11\/Stacionarus-praustuvo-x10Diaupas-juodas-DORSET-x17Eemas.jpg","datePublished":"2024-02-13T13:25:41+00:00","breadcrumb":{"@id":"https:\/\/metaltale.com\/lv\/produkts\/stacionarais-izlietnes-krans-dorset-melns-2\/#breadcrumb"},"inLanguage":"lv-LV","potentialAction":[{"@type":"ReadAction","target":["https:\/\/metaltale.com\/lv\/produkts\/stacionarais-izlietnes-krans-dorset-melns-2\/"]}]},{"@type":"ImageObject","inLanguage":"lv-LV","@id":"https:\/\/metaltale.com\/lv\/produkts\/stacionarais-izlietnes-krans-dorset-melns-2\/#primaryimage","url":"https:\/\/metaltale.com\/wp-content\/uploads\/2023\/11\/Stacionarus-praustuvo-x10Diaupas-juodas-DORSET-x17Eemas.jpg","contentUrl":"https:\/\/metaltale.com\/wp-content\/uploads\/2023\/11\/Stacionarus-praustuvo-x10Diaupas-juodas-DORSET-x17Eemas.jpg","width":800,"height":800,"caption":"Stacion\u0101rais izlietnes kr\u0101ns DORSET, melns"},{"@type":"BreadcrumbList","@id":"https:\/\/metaltale.com\/lv\/produkts\/stacionarais-izlietnes-krans-dorset-melns-2\/#breadcrumb","itemListElement":[{"@type":"ListItem","position":1,"name":"Home","item":"https:\/\/metaltale.com\/lv\/majas\/"},{"@type":"ListItem","position":2,"name":"Veikals","item":"https:\/\/metaltale.com\/lv\/shop\/"},{"@type":"ListItem","position":3,"name":"Stacion\u0101rais izlietnes kr\u0101ns DORSET, melns"}]},{"@type":"WebSite","@id":"https:\/\/metaltale.com\/lv\/#website","url":"https:\/\/metaltale.com\/lv\/","name":"Metaltale.com","description":"","potentialAction":[{"@type":"SearchAction","target":{"@type":"EntryPoint","urlTemplate":"https:\/\/metaltale.com\/lv\/?s={search_term_string}"},"query-input":{"@type":"PropertyValueSpecification","valueRequired":true,"valueName":"search_term_string"}}],"inLanguage":"lv-LV"}]}},"_links":{"self":[{"href":"https:\/\/metaltale.com\/lv\/wp-json\/wp\/v2\/product\/133365","targetHints":{"allow":["GET"]}}],"collection":[{"href":"https:\/\/metaltale.com\/lv\/wp-json\/wp\/v2\/product"}],"about":[{"href":"https:\/\/metaltale.com\/lv\/wp-json\/wp\/v2\/types\/product"}],"replies":[{"embeddable":true,"href":"https:\/\/metaltale.com\/lv\/wp-json\/wp\/v2\/comments?post=133365"}],"version-history":[{"count":0,"href":"https:\/\/metaltale.com\/lv\/wp-json\/wp\/v2\/product\/133365\/revisions"}],"wp:featuredmedia":[{"embeddable":true,"href":"https:\/\/metaltale.com\/lv\/wp-json\/wp\/v2\/media\/115154"}],"wp:attachment":[{"href":"https:\/\/metaltale.com\/lv\/wp-json\/wp\/v2\/media?parent=133365"}],"wp:term":[{"taxonomy":"product_brand","embeddable":true,"href":"https:\/\/metaltale.com\/lv\/wp-json\/wp\/v2\/product_brand?post=133365"},{"taxonomy":"product_cat","embeddable":true,"href":"https:\/\/metaltale.com\/lv\/wp-json\/wp\/v2\/product_cat?post=133365"},{"taxonomy":"product_tag","embeddable":true,"href":"https:\/\/metaltale.com\/lv\/wp-json\/wp\/v2\/product_tag?post=133365"}],"curies":[{"name":"wp","href":"https:\/\/api.w.org\/{rel}","templated":true}]}}