{"id":133352,"date":"2024-02-13T15:25:41","date_gmt":"2024-02-13T13:25:41","guid":{"rendered":"https:\/\/metaltale.com\/produktas\/brivi-stavoss-virtuves-krans-brand-melns\/"},"modified":"2024-02-13T15:25:41","modified_gmt":"2024-02-13T13:25:41","slug":"brivi-stavoss-virtuves-krans-brand-melns","status":"publish","type":"product","link":"https:\/\/metaltale.com\/lv\/produkts\/brivi-stavoss-virtuves-krans-brand-melns\/","title":{"rendered":"Br\u012bvi st\u0101vo\u0161s virtuves kr\u0101ns BRAND, melns"},"content":{"rendered":"<div class=\"prod_data\">\n<p><strong>Modelis<\/strong> QZ.CF-015-CZ<br \/>\nModern\u0101 <strong>kolekcija<\/strong><br \/>\nAugstums (cm ) 52<br \/>\n<strong>Pamatnes diametrs (cm)<\/strong> 4,4<br \/>\n<strong>Izsmidzin\u0101t\u0101ja garums (cm<\/strong> ) 20\/16,5<br \/>\n<strong>Augstums l\u012bdz iztekas augstumam (cm<\/strong> ) 5\/19<br \/>\n<strong>Materi\u0101ls<\/strong> Misi\u0146\u0161<br \/>\nKr\u0101sa Melna<br \/>\nApdare mat\u0113ta<br \/>\n<strong>Rot\u0113jo\u0161s izsmidzin\u0101t\u0101js<\/strong> J\u0101<br \/>\n<strong>Perlators (aerators<\/strong> ) J\u0101<\/p>\n<p>misi\u0146a past\u0101v\u012bgais mais\u012bt\u0101js<\/p>\n<p>360&#8242; rot\u0113jo\u0161ais izsmidzin\u0101t\u0101js<\/p>\n<p>izvelkams smidzin\u0101\u0161anas uzgalis \u0113rtai trauku mazg\u0101\u0161anai trauku mazg\u0101jam\u0101 ma\u0161\u012bn\u0101<\/p>\n<p>keramikas galva &#8211; elements, kas nodro\u0161ina pareizu \u016bdens sadali.<\/p>\n<p>aerators \u016bdens pat\u0113ri\u0146a samazin\u0101\u0161anai<\/p>\n<p>\u016bdens pl\u016bsmas regul\u0113\u0161ana ar spiedpogu, ar iesp\u0113ju izv\u0113l\u0113ties no div\u0101m iesp\u0113j\u0101m.<\/p>\n<p>Komplekt\u0101 ir iek\u013cauti visi uzst\u0101d\u012b\u0161anai nepiecie\u0161amie elementi (\u0161\u013c\u016btene, galda skr\u016bve, skr\u016bvju bl\u012bves).<\/p>\n<hr>\n<p>Moderns un praktisks BRAND virtuves kr\u0101ns ir patiess prieks m\u016bsdienu stila cien\u012bt\u0101jiem. \u0160is kr\u0101ns ar diviem izpl\u016bdes sprausl\u0101m lieliski apvieno modi un funkcionalit\u0101ti. Viens no izsmidzin\u0101t\u0101jiem nodro\u0161ina vienm\u0113r\u012bgu \u016bdens pl\u016bsmu, bet otrs, ievelkamais izsmidzin\u0101t\u0101js, nodro\u0161ina prec\u012bzu, du\u0161ai l\u012bdz\u012bgu \u016bdens pl\u016bsmu, t\u0101d\u0113j\u0101di atvieglojot gan izlietnes, gan trauku efekt\u012bvu mazg\u0101\u0161anu. Divu izsmidzin\u0101t\u0101ju lielums un da\u017e\u0101d\u012bba padara \u0161o mais\u012bt\u0101ju par lielisku izv\u0113li, \u012bpa\u0161i liel\u0101k\u0101m izlietn\u0113m. Savuk\u0101rt atkl\u0101t\u0101s telp\u0101s ar industri\u0101lu raksturu \u0161is kr\u0101ns lieliski papildin\u0101s interjeru, pie\u0161\u0137irot tam m\u016bsdien\u012bgumu un stilu.<\/p>\n<\/div>\n","protected":false},"excerpt":{"rendered":"<p>Modelis QZ.CF-015-CZ Modern\u0101 kolekcija Augstums (cm ) 52 Pamatnes diametrs (cm) 4,4 Izsmidzin\u0101t\u0101ja garums (cm ) 20\/16,5 Augstums l\u012bdz iztekas<\/p>\n","protected":false},"featured_media":143041,"comment_status":"open","ping_status":"closed","template":"","meta":{"_acf_changed":false,"pmpro_default_level":""},"product_brand":[],"product_cat":[24097,24096],"product_tag":[],"class_list":{"0":"post-133352","1":"product","2":"type-product","3":"status-publish","4":"has-post-thumbnail","6":"product_cat-brivi-stavosi-virtuves-maisitaji","7":"product_cat-virtuves-maisitaji","8":"pmpro-has-access","10":"first","11":"instock","12":"shipping-taxable","13":"purchasable","14":"product-type-simple"},"acf":[],"yoast_head":"<!-- This site is optimized with the Yoast SEO plugin v24.9 - https:\/\/yoast.com\/wordpress\/plugins\/seo\/ -->\n<title>Br\u012bvi st\u0101vo\u0161s virtuves kr\u0101ns BRAND, melns - MetalTale.com<\/title>\n<meta name=\"robots\" content=\"index, follow, max-snippet:-1, max-image-preview:large, max-video-preview:-1\" \/>\n<link rel=\"canonical\" href=\"https:\/\/metaltale.com\/lv\/produkts\/brivi-stavoss-virtuves-krans-brand-melns\/\" \/>\n<meta property=\"og:locale\" content=\"lv_LV\" \/>\n<meta property=\"og:type\" content=\"article\" \/>\n<meta property=\"og:title\" content=\"Br\u012bvi st\u0101vo\u0161s virtuves kr\u0101ns BRAND, melns - MetalTale.com\" \/>\n<meta property=\"og:description\" content=\"Modelis QZ.CF-015-CZ Modern\u0101 kolekcija Augstums (cm ) 52 Pamatnes diametrs (cm) 4,4 Izsmidzin\u0101t\u0101ja garums (cm ) 20\/16,5 Augstums l\u012bdz iztekas\" \/>\n<meta property=\"og:url\" content=\"https:\/\/metaltale.com\/lv\/produkts\/brivi-stavoss-virtuves-krans-brand-melns\/\" \/>\n<meta property=\"og:site_name\" content=\"MetalTale.com\" \/>\n<meta property=\"og:image\" content=\"http:\/\/metaltale.com\/wp-content\/uploads\/2024\/02\/bateria-kuchenna-stojaca-z-wyciagana-wylewka-czarna-loft-5244.jpg\" \/>\n\t<meta property=\"og:image:width\" content=\"800\" \/>\n\t<meta property=\"og:image:height\" content=\"800\" \/>\n\t<meta property=\"og:image:type\" content=\"image\/jpeg\" \/>\n<meta name=\"twitter:card\" content=\"summary_large_image\" \/>\n<meta name=\"twitter:label1\" content=\"Est. reading time\" \/>\n\t<meta name=\"twitter:data1\" content=\"1 minute\" \/>\n<script type=\"application\/ld+json\" class=\"yoast-schema-graph\">{\"@context\":\"https:\/\/schema.org\",\"@graph\":[{\"@type\":\"WebPage\",\"@id\":\"https:\/\/metaltale.com\/lv\/produkts\/brivi-stavoss-virtuves-krans-brand-melns\/\",\"url\":\"https:\/\/metaltale.com\/lv\/produkts\/brivi-stavoss-virtuves-krans-brand-melns\/\",\"name\":\"Br\u012bvi st\u0101vo\u0161s virtuves kr\u0101ns BRAND, melns - MetalTale.com\",\"isPartOf\":{\"@id\":\"https:\/\/metaltale.com\/lv\/#website\"},\"primaryImageOfPage\":{\"@id\":\"https:\/\/metaltale.com\/lv\/produkts\/brivi-stavoss-virtuves-krans-brand-melns\/#primaryimage\"},\"image\":{\"@id\":\"https:\/\/metaltale.com\/lv\/produkts\/brivi-stavoss-virtuves-krans-brand-melns\/#primaryimage\"},\"thumbnailUrl\":\"https:\/\/metaltale.com\/wp-content\/uploads\/2024\/02\/bateria-kuchenna-stojaca-z-wyciagana-wylewka-czarna-loft-5244.jpg\",\"datePublished\":\"2024-02-13T13:25:41+00:00\",\"breadcrumb\":{\"@id\":\"https:\/\/metaltale.com\/lv\/produkts\/brivi-stavoss-virtuves-krans-brand-melns\/#breadcrumb\"},\"inLanguage\":\"lv-LV\",\"potentialAction\":[{\"@type\":\"ReadAction\",\"target\":[\"https:\/\/metaltale.com\/lv\/produkts\/brivi-stavoss-virtuves-krans-brand-melns\/\"]}]},{\"@type\":\"ImageObject\",\"inLanguage\":\"lv-LV\",\"@id\":\"https:\/\/metaltale.com\/lv\/produkts\/brivi-stavoss-virtuves-krans-brand-melns\/#primaryimage\",\"url\":\"https:\/\/metaltale.com\/wp-content\/uploads\/2024\/02\/bateria-kuchenna-stojaca-z-wyciagana-wylewka-czarna-loft-5244.jpg\",\"contentUrl\":\"https:\/\/metaltale.com\/wp-content\/uploads\/2024\/02\/bateria-kuchenna-stojaca-z-wyciagana-wylewka-czarna-loft-5244.jpg\",\"width\":800,\"height\":800,\"caption\":\"Laisvai pastatomas virtuv\u0117s mai\u0161ytuvas BRAND, juodas\"},{\"@type\":\"BreadcrumbList\",\"@id\":\"https:\/\/metaltale.com\/lv\/produkts\/brivi-stavoss-virtuves-krans-brand-melns\/#breadcrumb\",\"itemListElement\":[{\"@type\":\"ListItem\",\"position\":1,\"name\":\"Home\",\"item\":\"https:\/\/metaltale.com\/lv\/majas\/\"},{\"@type\":\"ListItem\",\"position\":2,\"name\":\"Veikals\",\"item\":\"https:\/\/metaltale.com\/lv\/shop\/\"},{\"@type\":\"ListItem\",\"position\":3,\"name\":\"Br\u012bvi st\u0101vo\u0161s virtuves kr\u0101ns BRAND, melns\"}]},{\"@type\":\"WebSite\",\"@id\":\"https:\/\/metaltale.com\/lv\/#website\",\"url\":\"https:\/\/metaltale.com\/lv\/\",\"name\":\"Metaltale.com\",\"description\":\"\",\"potentialAction\":[{\"@type\":\"SearchAction\",\"target\":{\"@type\":\"EntryPoint\",\"urlTemplate\":\"https:\/\/metaltale.com\/lv\/?s={search_term_string}\"},\"query-input\":{\"@type\":\"PropertyValueSpecification\",\"valueRequired\":true,\"valueName\":\"search_term_string\"}}],\"inLanguage\":\"lv-LV\"}]}<\/script>\n<!-- \/ Yoast SEO plugin. -->","yoast_head_json":{"title":"Br\u012bvi st\u0101vo\u0161s virtuves kr\u0101ns BRAND, melns - MetalTale.com","robots":{"index":"index","follow":"follow","max-snippet":"max-snippet:-1","max-image-preview":"max-image-preview:large","max-video-preview":"max-video-preview:-1"},"canonical":"https:\/\/metaltale.com\/lv\/produkts\/brivi-stavoss-virtuves-krans-brand-melns\/","og_locale":"lv_LV","og_type":"article","og_title":"Br\u012bvi st\u0101vo\u0161s virtuves kr\u0101ns BRAND, melns - MetalTale.com","og_description":"Modelis QZ.CF-015-CZ Modern\u0101 kolekcija Augstums (cm ) 52 Pamatnes diametrs (cm) 4,4 Izsmidzin\u0101t\u0101ja garums (cm ) 20\/16,5 Augstums l\u012bdz iztekas","og_url":"https:\/\/metaltale.com\/lv\/produkts\/brivi-stavoss-virtuves-krans-brand-melns\/","og_site_name":"MetalTale.com","og_image":[{"width":800,"height":800,"url":"http:\/\/metaltale.com\/wp-content\/uploads\/2024\/02\/bateria-kuchenna-stojaca-z-wyciagana-wylewka-czarna-loft-5244.jpg","type":"image\/jpeg"}],"twitter_card":"summary_large_image","twitter_misc":{"Est. reading time":"1 minute"},"schema":{"@context":"https:\/\/schema.org","@graph":[{"@type":"WebPage","@id":"https:\/\/metaltale.com\/lv\/produkts\/brivi-stavoss-virtuves-krans-brand-melns\/","url":"https:\/\/metaltale.com\/lv\/produkts\/brivi-stavoss-virtuves-krans-brand-melns\/","name":"Br\u012bvi st\u0101vo\u0161s virtuves kr\u0101ns BRAND, melns - MetalTale.com","isPartOf":{"@id":"https:\/\/metaltale.com\/lv\/#website"},"primaryImageOfPage":{"@id":"https:\/\/metaltale.com\/lv\/produkts\/brivi-stavoss-virtuves-krans-brand-melns\/#primaryimage"},"image":{"@id":"https:\/\/metaltale.com\/lv\/produkts\/brivi-stavoss-virtuves-krans-brand-melns\/#primaryimage"},"thumbnailUrl":"https:\/\/metaltale.com\/wp-content\/uploads\/2024\/02\/bateria-kuchenna-stojaca-z-wyciagana-wylewka-czarna-loft-5244.jpg","datePublished":"2024-02-13T13:25:41+00:00","breadcrumb":{"@id":"https:\/\/metaltale.com\/lv\/produkts\/brivi-stavoss-virtuves-krans-brand-melns\/#breadcrumb"},"inLanguage":"lv-LV","potentialAction":[{"@type":"ReadAction","target":["https:\/\/metaltale.com\/lv\/produkts\/brivi-stavoss-virtuves-krans-brand-melns\/"]}]},{"@type":"ImageObject","inLanguage":"lv-LV","@id":"https:\/\/metaltale.com\/lv\/produkts\/brivi-stavoss-virtuves-krans-brand-melns\/#primaryimage","url":"https:\/\/metaltale.com\/wp-content\/uploads\/2024\/02\/bateria-kuchenna-stojaca-z-wyciagana-wylewka-czarna-loft-5244.jpg","contentUrl":"https:\/\/metaltale.com\/wp-content\/uploads\/2024\/02\/bateria-kuchenna-stojaca-z-wyciagana-wylewka-czarna-loft-5244.jpg","width":800,"height":800,"caption":"Laisvai pastatomas virtuv\u0117s mai\u0161ytuvas BRAND, juodas"},{"@type":"BreadcrumbList","@id":"https:\/\/metaltale.com\/lv\/produkts\/brivi-stavoss-virtuves-krans-brand-melns\/#breadcrumb","itemListElement":[{"@type":"ListItem","position":1,"name":"Home","item":"https:\/\/metaltale.com\/lv\/majas\/"},{"@type":"ListItem","position":2,"name":"Veikals","item":"https:\/\/metaltale.com\/lv\/shop\/"},{"@type":"ListItem","position":3,"name":"Br\u012bvi st\u0101vo\u0161s virtuves kr\u0101ns BRAND, melns"}]},{"@type":"WebSite","@id":"https:\/\/metaltale.com\/lv\/#website","url":"https:\/\/metaltale.com\/lv\/","name":"Metaltale.com","description":"","potentialAction":[{"@type":"SearchAction","target":{"@type":"EntryPoint","urlTemplate":"https:\/\/metaltale.com\/lv\/?s={search_term_string}"},"query-input":{"@type":"PropertyValueSpecification","valueRequired":true,"valueName":"search_term_string"}}],"inLanguage":"lv-LV"}]}},"_links":{"self":[{"href":"https:\/\/metaltale.com\/lv\/wp-json\/wp\/v2\/product\/133352","targetHints":{"allow":["GET"]}}],"collection":[{"href":"https:\/\/metaltale.com\/lv\/wp-json\/wp\/v2\/product"}],"about":[{"href":"https:\/\/metaltale.com\/lv\/wp-json\/wp\/v2\/types\/product"}],"replies":[{"embeddable":true,"href":"https:\/\/metaltale.com\/lv\/wp-json\/wp\/v2\/comments?post=133352"}],"version-history":[{"count":0,"href":"https:\/\/metaltale.com\/lv\/wp-json\/wp\/v2\/product\/133352\/revisions"}],"wp:featuredmedia":[{"embeddable":true,"href":"https:\/\/metaltale.com\/lv\/wp-json\/wp\/v2\/media\/143041"}],"wp:attachment":[{"href":"https:\/\/metaltale.com\/lv\/wp-json\/wp\/v2\/media?parent=133352"}],"wp:term":[{"taxonomy":"product_brand","embeddable":true,"href":"https:\/\/metaltale.com\/lv\/wp-json\/wp\/v2\/product_brand?post=133352"},{"taxonomy":"product_cat","embeddable":true,"href":"https:\/\/metaltale.com\/lv\/wp-json\/wp\/v2\/product_cat?post=133352"},{"taxonomy":"product_tag","embeddable":true,"href":"https:\/\/metaltale.com\/lv\/wp-json\/wp\/v2\/product_tag?post=133352"}],"curies":[{"name":"wp","href":"https:\/\/api.w.org\/{rel}","templated":true}]}}